{"id":1000,"date":"2021-05-26T10:47:11","date_gmt":"2021-05-26T09:47:11","guid":{"rendered":"https:\/\/www.monteescalier.net\/france\/?page_id=1000"},"modified":"2021-11-10T12:06:07","modified_gmt":"2021-11-10T11:06:07","slug":"monte-escalier-montauban","status":"publish","type":"page","link":"https:\/\/www.monteescalier.net\/france\/monte-escalier-montauban\/","title":{"rendered":"Monte escalier Montauban"},"content":{"rendered":"<h1>Acheter son <a href=\"https:\/\/www.monteescalier.net\">monte escalier<\/a> \u00e0 Montauban<\/h1>\n<div class=\"boite_texte\">\n<div style=\"text-align: justify;\">Vous voulez faire installer un monte escalier \u00e0 Montauban pour faciliter votre acc\u00e8s \u00e0 l&rsquo;\u00e9tage, \u00a0monteescalier.net va vous permettre de\u00a0comparer efficacement les prestations et les prix pratiqu\u00e9s par les prestataires installant des monte escalier dans le Tarn et Garonne.<\/div>\n<p>&nbsp;<\/p>\n<div style=\"text-align: justify;\">Notre but est\u00a0de faciliter l&rsquo;achat de votre monte escalier en vous permettant de mettre en relation directement avec les revendeurs de monte escalier sur Montauban, car avec plusieurs propositions vous\u00a0serez en mesure de comparer et de choisir le plus int\u00e9ressant parmi les installateurs de monte escalier dans le sud ouest.<\/div>\n<p>&nbsp;<\/p>\n<div style=\"text-align: justify;\">Pour choisir votre revendeur de monte escalier \u00e0 Montauban, le plus facile est de pouvoir disposer de plusieurs devis \u00e9manant de diff\u00e9rentes soci\u00e9t\u00e9s qui travaillent dans la r\u00e9gion. C&rsquo;est justement ce que nous vous proposons. Remplissez une demande de devis et nos partenaires vous feront chacun leur meilleure offre pour votre monte escalier \u00e0 Montauban.<\/div>\n<p>&nbsp;<\/p>\n<div style=\"text-align: justify;\">Vous avez des questions sur l&rsquo;installation d&rsquo;un monte escalier, sur les prix des monte escalier, sur les diff\u00e9rents mod\u00e8les, utilisez notre formulaire de demande de rappel et les professionnels du monte escalier vous rappelleront dans les d\u00e9lais les plus\u00a0courts.<\/div>\n<p>&nbsp;<\/p>\n<div style=\"text-align: justify;\">Vous \u00eates perdus dans la multitude des marques et des mod\u00e8les de monte escalier, utilisez notre formulaire de documentation pour obtenir un maximum d&rsquo;informations sur les mod\u00e8les vendus par nos partenaires vendeurs de monte escalier. Pour \u00eatre s\u00fbr que votre demande soit prise en compte, pensez \u00e0 compl\u00e9ter avec toutes vos coordonn\u00e9es et vous les recevrez par email au format \u00e9lectronique dans les tous prochains jours.<\/div>\n<p>&nbsp;<\/p>\n<div style=\"text-align: justify;\">Pour rappel tous nos services sont totalement gratuits pour les acqu\u00e9reurs potentiels de monte escalier. N&rsquo;h\u00e9sitez pas \u00e0 remplir un formulaire, c&rsquo;est \u00e9galement sans engagement.<\/div>\n<\/div>\n<p>&nbsp;<\/p>\n<div class=\"titre_liens\">Vous habitez une autre ville dans le d\u00e9partement ? Regardez les liens suivants<\/div>\n<p>&nbsp;<\/p>\n<div class=\"boite_liens\"><a href=\"https:\/\/www.monteescalier.net\/france\/monte-escalier-castelsarrasin\">Monte escalier Castelsarrasin<\/a><br \/>\n<a href=\"https:\/\/www.monteescalier.net\/france\/monte-escalier-moissac\">Monte escalier Moissac<\/a><br \/>\n<a href=\"https:\/\/www.monteescalier.net\/france\/monte-escalier-caussade\">Monte escalier Caussade<\/a><br \/>\n<a href=\"https:\/\/www.monteescalier.net\/france\/monte-escalier-montech\">Monte escalier Montech<\/a><br \/>\n<a href=\"https:\/\/www.monteescalier.net\/france\/monte-escalier-valence-82\">Monte escalier Valence<\/a><\/div>\n","protected":false},"excerpt":{"rendered":"<p>Acheter son monte escalier \u00e0 Montauban Vous voulez faire installer un monte escalier \u00e0 Montauban pour faciliter votre acc\u00e8s \u00e0 l&rsquo;\u00e9tage, \u00a0monteescalier.net va vous permettre de\u00a0comparer efficacement les prestations et les prix pratiqu\u00e9s par les prestataires installant des monte escalier dans le Tarn et Garonne. &nbsp; Notre but est\u00a0de faciliter l&rsquo;achat de votre monte escalier [&hellip;]<\/p>\n","protected":false},"author":1,"featured_media":0,"parent":0,"menu_order":0,"comment_status":"closed","ping_status":"open","template":"template_ville_18.php","meta":{"_monsterinsights_skip_tracking":false,"_monsterinsights_sitenote_active":false,"_monsterinsights_sitenote_note":"","_monsterinsights_sitenote_category":0,"footnotes":""},"class_list":["post-1000","page","type-page","status-publish","hentry"],"yoast_head":"<!-- This site is optimized with the Yoast SEO plugin v26.3 - https:\/\/yoast.com\/wordpress\/plugins\/seo\/ -->\n<title>Monte escalier Montauban - Monte escalier<\/title>\n<meta name=\"description\" content=\"Monte escalier \u00e0 Montauban : Trouvez un professionnel en quelques clics facilement avec nos partenaires installeurs\" \/>\n<meta name=\"robots\" content=\"index, follow, max-snippet:-1, max-image-preview:large, max-video-preview:-1\" \/>\n<link rel=\"canonical\" href=\"https:\/\/www.monteescalier.net\/france\/monte-escalier-montauban\/\" \/>\n<meta property=\"og:locale\" content=\"fr_FR\" \/>\n<meta property=\"og:type\" content=\"article\" \/>\n<meta property=\"og:title\" content=\"Monte escalier Montauban - Monte escalier\" \/>\n<meta property=\"og:description\" content=\"Monte escalier \u00e0 Montauban : Trouvez un professionnel en quelques clics facilement avec nos partenaires installeurs\" \/>\n<meta property=\"og:url\" content=\"https:\/\/www.monteescalier.net\/france\/monte-escalier-montauban\/\" \/>\n<meta property=\"og:site_name\" content=\"Monte escalier\" \/>\n<meta property=\"article:modified_time\" content=\"2021-11-10T11:06:07+00:00\" \/>\n<meta name=\"twitter:card\" content=\"summary_large_image\" \/>\n<meta name=\"twitter:label1\" content=\"Dur\u00e9e de lecture estim\u00e9e\" \/>\n\t<meta name=\"twitter:data1\" content=\"2 minutes\" \/>\n<script type=\"application\/ld+json\" class=\"yoast-schema-graph\">{\"@context\":\"https:\/\/schema.org\",\"@graph\":[{\"@type\":\"WebPage\",\"@id\":\"https:\/\/www.monteescalier.net\/france\/monte-escalier-montauban\/\",\"url\":\"https:\/\/www.monteescalier.net\/france\/monte-escalier-montauban\/\",\"name\":\"Monte escalier Montauban - Monte escalier\",\"isPartOf\":{\"@id\":\"https:\/\/www.monteescalier.net\/france\/#website\"},\"datePublished\":\"2021-05-26T09:47:11+00:00\",\"dateModified\":\"2021-11-10T11:06:07+00:00\",\"description\":\"Monte escalier \u00e0 Montauban : Trouvez un professionnel en quelques clics facilement avec nos partenaires installeurs\",\"breadcrumb\":{\"@id\":\"https:\/\/www.monteescalier.net\/france\/monte-escalier-montauban\/#breadcrumb\"},\"inLanguage\":\"fr-FR\",\"potentialAction\":[{\"@type\":\"ReadAction\",\"target\":[\"https:\/\/www.monteescalier.net\/france\/monte-escalier-montauban\/\"]}]},{\"@type\":\"BreadcrumbList\",\"@id\":\"https:\/\/www.monteescalier.net\/france\/monte-escalier-montauban\/#breadcrumb\",\"itemListElement\":[{\"@type\":\"ListItem\",\"position\":1,\"name\":\"Accueil\",\"item\":\"https:\/\/www.monteescalier.net\/france\/\"},{\"@type\":\"ListItem\",\"position\":2,\"name\":\"Monte escalier Montauban\"}]},{\"@type\":\"WebSite\",\"@id\":\"https:\/\/www.monteescalier.net\/france\/#website\",\"url\":\"https:\/\/www.monteescalier.net\/france\/\",\"name\":\"Monte escalier\",\"description\":\"\",\"publisher\":{\"@id\":\"https:\/\/www.monteescalier.net\/france\/#organization\"},\"potentialAction\":[{\"@type\":\"SearchAction\",\"target\":{\"@type\":\"EntryPoint\",\"urlTemplate\":\"https:\/\/www.monteescalier.net\/france\/?s={search_term_string}\"},\"query-input\":{\"@type\":\"PropertyValueSpecification\",\"valueRequired\":true,\"valueName\":\"search_term_string\"}}],\"inLanguage\":\"fr-FR\"},{\"@type\":\"Organization\",\"@id\":\"https:\/\/www.monteescalier.net\/france\/#organization\",\"name\":\"monte-escalier.net\",\"url\":\"https:\/\/www.monteescalier.net\/france\/\",\"logo\":{\"@type\":\"ImageObject\",\"inLanguage\":\"fr-FR\",\"@id\":\"https:\/\/www.monteescalier.net\/france\/#\/schema\/logo\/image\/\",\"url\":\"https:\/\/www.monteescalier.net\/france\/wp-content\/uploads\/2016\/10\/4devis-mont-escalier-500-500.gif\",\"contentUrl\":\"https:\/\/www.monteescalier.net\/france\/wp-content\/uploads\/2016\/10\/4devis-mont-escalier-500-500.gif\",\"width\":500,\"height\":500,\"caption\":\"monte-escalier.net\"},\"image\":{\"@id\":\"https:\/\/www.monteescalier.net\/france\/#\/schema\/logo\/image\/\"}}]}<\/script>\n<!-- \/ Yoast SEO plugin. -->","yoast_head_json":{"title":"Monte escalier Montauban - Monte escalier","description":"Monte escalier \u00e0 Montauban : Trouvez un professionnel en quelques clics facilement avec nos partenaires installeurs","robots":{"index":"index","follow":"follow","max-snippet":"max-snippet:-1","max-image-preview":"max-image-preview:large","max-video-preview":"max-video-preview:-1"},"canonical":"https:\/\/www.monteescalier.net\/france\/monte-escalier-montauban\/","og_locale":"fr_FR","og_type":"article","og_title":"Monte escalier Montauban - Monte escalier","og_description":"Monte escalier \u00e0 Montauban : Trouvez un professionnel en quelques clics facilement avec nos partenaires installeurs","og_url":"https:\/\/www.monteescalier.net\/france\/monte-escalier-montauban\/","og_site_name":"Monte escalier","article_modified_time":"2021-11-10T11:06:07+00:00","twitter_card":"summary_large_image","twitter_misc":{"Dur\u00e9e de lecture estim\u00e9e":"2 minutes"},"schema":{"@context":"https:\/\/schema.org","@graph":[{"@type":"WebPage","@id":"https:\/\/www.monteescalier.net\/france\/monte-escalier-montauban\/","url":"https:\/\/www.monteescalier.net\/france\/monte-escalier-montauban\/","name":"Monte escalier Montauban - Monte escalier","isPartOf":{"@id":"https:\/\/www.monteescalier.net\/france\/#website"},"datePublished":"2021-05-26T09:47:11+00:00","dateModified":"2021-11-10T11:06:07+00:00","description":"Monte escalier \u00e0 Montauban : Trouvez un professionnel en quelques clics facilement avec nos partenaires installeurs","breadcrumb":{"@id":"https:\/\/www.monteescalier.net\/france\/monte-escalier-montauban\/#breadcrumb"},"inLanguage":"fr-FR","potentialAction":[{"@type":"ReadAction","target":["https:\/\/www.monteescalier.net\/france\/monte-escalier-montauban\/"]}]},{"@type":"BreadcrumbList","@id":"https:\/\/www.monteescalier.net\/france\/monte-escalier-montauban\/#breadcrumb","itemListElement":[{"@type":"ListItem","position":1,"name":"Accueil","item":"https:\/\/www.monteescalier.net\/france\/"},{"@type":"ListItem","position":2,"name":"Monte escalier Montauban"}]},{"@type":"WebSite","@id":"https:\/\/www.monteescalier.net\/france\/#website","url":"https:\/\/www.monteescalier.net\/france\/","name":"Monte escalier","description":"","publisher":{"@id":"https:\/\/www.monteescalier.net\/france\/#organization"},"potentialAction":[{"@type":"SearchAction","target":{"@type":"EntryPoint","urlTemplate":"https:\/\/www.monteescalier.net\/france\/?s={search_term_string}"},"query-input":{"@type":"PropertyValueSpecification","valueRequired":true,"valueName":"search_term_string"}}],"inLanguage":"fr-FR"},{"@type":"Organization","@id":"https:\/\/www.monteescalier.net\/france\/#organization","name":"monte-escalier.net","url":"https:\/\/www.monteescalier.net\/france\/","logo":{"@type":"ImageObject","inLanguage":"fr-FR","@id":"https:\/\/www.monteescalier.net\/france\/#\/schema\/logo\/image\/","url":"https:\/\/www.monteescalier.net\/france\/wp-content\/uploads\/2016\/10\/4devis-mont-escalier-500-500.gif","contentUrl":"https:\/\/www.monteescalier.net\/france\/wp-content\/uploads\/2016\/10\/4devis-mont-escalier-500-500.gif","width":500,"height":500,"caption":"monte-escalier.net"},"image":{"@id":"https:\/\/www.monteescalier.net\/france\/#\/schema\/logo\/image\/"}}]}},"_links":{"self":[{"href":"https:\/\/www.monteescalier.net\/france\/wp-json\/wp\/v2\/pages\/1000","targetHints":{"allow":["GET"]}}],"collection":[{"href":"https:\/\/www.monteescalier.net\/france\/wp-json\/wp\/v2\/pages"}],"about":[{"href":"https:\/\/www.monteescalier.net\/france\/wp-json\/wp\/v2\/types\/page"}],"author":[{"embeddable":true,"href":"https:\/\/www.monteescalier.net\/france\/wp-json\/wp\/v2\/users\/1"}],"replies":[{"embeddable":true,"href":"https:\/\/www.monteescalier.net\/france\/wp-json\/wp\/v2\/comments?post=1000"}],"version-history":[{"count":3,"href":"https:\/\/www.monteescalier.net\/france\/wp-json\/wp\/v2\/pages\/1000\/revisions"}],"predecessor-version":[{"id":7640,"href":"https:\/\/www.monteescalier.net\/france\/wp-json\/wp\/v2\/pages\/1000\/revisions\/7640"}],"wp:attachment":[{"href":"https:\/\/www.monteescalier.net\/france\/wp-json\/wp\/v2\/media?parent=1000"}],"curies":[{"name":"wp","href":"https:\/\/api.w.org\/{rel}","templated":true}]}}