{"id":1001,"date":"2019-02-26T10:47:11","date_gmt":"2019-02-26T09:47:11","guid":{"rendered":"https:\/\/www.monteescalier.net\/france\/?page_id=1001"},"modified":"2020-01-16T15:05:21","modified_gmt":"2020-01-16T14:05:21","slug":"monte-escalier-hyeres","status":"publish","type":"page","link":"https:\/\/www.monteescalier.net\/france\/monte-escalier-hyeres\/","title":{"rendered":"Monte escalier Hy\u00e8res"},"content":{"rendered":"<h1>Qui contacter pour installer un monte escalier \u00e0 Hy\u00e8res<\/h1>\n<div class=\"boite_texte\">\n<div style=\"text-align: justify;\">Vous souhaitez faire poser sur votre escalier un monte escalier \u00e0 Hy\u00e8res, il vous faut trouver un prestataire&#8230;Ou plut\u00f4t, il vous faut trouver des prestataires : \u00a0gr\u00e2ce \u00e0 monteescalier.net en remplissant une seule demande de devis, vous en recevrez 4 ou 5 !<\/div>\n<p>&nbsp;<\/p>\n<div style=\"text-align: justify;\">Notre site est\u00a0consacr\u00e9 enti\u00e8rement au monte escalier et son unique but est de faciliter l&rsquo;achat de votre monte escalier en vous permettant d&rsquo;\u00eatre mis en relation directement avec les revendeurs de monte escalier sur Hy\u00e8res, Toulon et bien s\u00fbr tout le Var : avec \u00a0plusieurs propositions vous allez pouvoir mieux choisir, mieux comparer et obtenir sans doute un meilleur prix, vous ne croyez pas?<\/div>\n<p>&nbsp;<\/p>\n<div style=\"text-align: justify;\">Pour choisir votre revendeur de monte escalier \u00e0 Hy\u00e8res, le plus pratique est ainsi de pouvoir disposer de plusieurs devis \u00e9manant de diff\u00e9rentes soci\u00e9t\u00e9s qui travaillent dans le Var . C&rsquo;est justement ce que nous nous proposons de faire pour vous, sans que vous vous d\u00e9placiez, ni m\u00eame que vous d\u00e9pensiez le moindre euro. Remplissez une demande de devis (formulaire en haut de cet article) et nos partenaires vous feront chacun leur meilleure offre pour votre monte escalier\u00a0dans le Var et \u00e0 Hy\u00e8res en particulier.<\/div>\n<p>&nbsp;<\/p>\n<div style=\"text-align: justify;\">Votre d\u00e9cision d&rsquo;achat n&rsquo;est pas prise, vous pr\u00e9f\u00e9rez traiter au pr\u00e9alable avec des professionnels du monte escalier dans le Var . Une seule demande de rappel sur notre site et ils vous rappelleront gratuitement pour r\u00e9pondre \u00e0 toutes vos questions. Qu&rsquo;elles soient financi\u00e8res, techniques ou commerciales.<\/div>\n<p>&nbsp;<\/p>\n<div style=\"text-align: justify;\">Consulter des brochures de pr\u00e9sentation produits peut vous aider \u00e0 effectuer un choix de mod\u00e8les de monte escalier. Nos partenaires peuvent mettre \u00e0 votre disposition des brochures \u00a0\u00e9lectroniques rapidement . Le formulaire de demande de documentation sur ce site vous permettra d&rsquo;acc\u00e9der gratuitement \u00e0 ce service. Remplissez bien les demandes, vous augmenterez vos chances d&rsquo;obtenir des r\u00e9ponses.<\/div>\n<p>&nbsp;<\/p>\n<div style=\"text-align: justify;\">Combien vont vous co\u00fbter nos services de mise en relation ? R\u00e9ponse, absolument rien,&#8230; alors o\u00f9 est le pi\u00e8ge ? Il n&rsquo;y en a aucun, notre offre est totalement sans engagement. Si les propositions de nos partenaires ne vous conviennent pas, vous restez totalement libre d&rsquo;aller voir ailleurs ! Mais nous sommes pr\u00eats \u00e0 parier le contraire : nous connaissons les prestataires que nous vous recommandons&#8230;ils ne figurent pas dans notre s\u00e9lection pour rien.<\/div>\n<\/div>\n<p>&nbsp;<\/p>\n<div class=\"titre_liens\">Vous pourriez \u00e9galement \u00eatre int\u00e9ress\u00e9s par nos services dans les villes voisines de Hyeres<\/div>\n<p>&nbsp;<\/p>\n<div class=\"boite_liens\"><a href=\"https:\/\/www.monteescalier.net\/france\/monte-escalier-frejus\">Monte escalier Fr\u00e9jus<\/a><br \/>\n<a href=\"https:\/\/www.monteescalier.net\/france\/monte-escalier-draguignan\">Monte escalier Draguignan<\/a><br \/>\n<a href=\"https:\/\/www.monteescalier.net\/france\/monte-escalier-six-fours-les-plages\">Monte escalier Six-Fours-les-Plages<\/a><br \/>\n<a href=\"https:\/\/www.monteescalier.net\/france\/monte-escalier-saint-raphael\">Monte escalier Saint-Rapha\u00ebl<\/a><br \/>\n<a href=\"https:\/\/www.monteescalier.net\/france\/monte-escalier-la-garde\">Monte escalier Garde<\/a><\/div>\n","protected":false},"excerpt":{"rendered":"<p>Qui contacter pour installer un monte escalier \u00e0 Hy\u00e8res Vous souhaitez faire poser sur votre escalier un monte escalier \u00e0 Hy\u00e8res, il vous faut trouver un prestataire&#8230;Ou plut\u00f4t, il vous faut trouver des prestataires : \u00a0gr\u00e2ce \u00e0 monteescalier.net en remplissant une seule demande de devis, vous en recevrez 4 ou 5 ! &nbsp; Notre site [&hellip;]<\/p>\n","protected":false},"author":1,"featured_media":0,"parent":0,"menu_order":0,"comment_status":"closed","ping_status":"open","template":"","meta":{"_monsterinsights_skip_tracking":false,"_monsterinsights_sitenote_active":false,"_monsterinsights_sitenote_note":"","_monsterinsights_sitenote_category":0,"footnotes":""},"class_list":["post-1001","page","type-page","status-publish","hentry"],"yoast_head":"<!-- This site is optimized with the Yoast SEO plugin v26.3 - https:\/\/yoast.com\/wordpress\/plugins\/seo\/ -->\n<title>Monte escalier Hy\u00e8res - Monte escalier<\/title>\n<meta name=\"robots\" content=\"index, follow, max-snippet:-1, max-image-preview:large, max-video-preview:-1\" \/>\n<link rel=\"canonical\" href=\"https:\/\/www.monteescalier.net\/france\/monte-escalier-hyeres\/\" \/>\n<meta property=\"og:locale\" content=\"fr_FR\" \/>\n<meta property=\"og:type\" content=\"article\" \/>\n<meta property=\"og:title\" content=\"Monte escalier Hy\u00e8res - Monte escalier\" \/>\n<meta property=\"og:description\" content=\"Qui contacter pour installer un monte escalier \u00e0 Hy\u00e8res Vous souhaitez faire poser sur votre escalier un monte escalier \u00e0 Hy\u00e8res, il vous faut trouver un prestataire&#8230;Ou plut\u00f4t, il vous faut trouver des prestataires : \u00a0gr\u00e2ce \u00e0 monteescalier.net en remplissant une seule demande de devis, vous en recevrez 4 ou 5 ! &nbsp; Notre site [&hellip;]\" \/>\n<meta property=\"og:url\" content=\"https:\/\/www.monteescalier.net\/france\/monte-escalier-hyeres\/\" \/>\n<meta property=\"og:site_name\" content=\"Monte escalier\" \/>\n<meta property=\"article:modified_time\" content=\"2020-01-16T14:05:21+00:00\" \/>\n<meta name=\"twitter:card\" content=\"summary_large_image\" \/>\n<meta name=\"twitter:label1\" content=\"Dur\u00e9e de lecture estim\u00e9e\" \/>\n\t<meta name=\"twitter:data1\" content=\"2 minutes\" \/>\n<script type=\"application\/ld+json\" class=\"yoast-schema-graph\">{\"@context\":\"https:\/\/schema.org\",\"@graph\":[{\"@type\":\"WebPage\",\"@id\":\"https:\/\/www.monteescalier.net\/france\/monte-escalier-hyeres\/\",\"url\":\"https:\/\/www.monteescalier.net\/france\/monte-escalier-hyeres\/\",\"name\":\"Monte escalier Hy\u00e8res - Monte escalier\",\"isPartOf\":{\"@id\":\"https:\/\/www.monteescalier.net\/france\/#website\"},\"datePublished\":\"2019-02-26T09:47:11+00:00\",\"dateModified\":\"2020-01-16T14:05:21+00:00\",\"breadcrumb\":{\"@id\":\"https:\/\/www.monteescalier.net\/france\/monte-escalier-hyeres\/#breadcrumb\"},\"inLanguage\":\"fr-FR\",\"potentialAction\":[{\"@type\":\"ReadAction\",\"target\":[\"https:\/\/www.monteescalier.net\/france\/monte-escalier-hyeres\/\"]}]},{\"@type\":\"BreadcrumbList\",\"@id\":\"https:\/\/www.monteescalier.net\/france\/monte-escalier-hyeres\/#breadcrumb\",\"itemListElement\":[{\"@type\":\"ListItem\",\"position\":1,\"name\":\"Accueil\",\"item\":\"https:\/\/www.monteescalier.net\/france\/\"},{\"@type\":\"ListItem\",\"position\":2,\"name\":\"Monte escalier Hy\u00e8res\"}]},{\"@type\":\"WebSite\",\"@id\":\"https:\/\/www.monteescalier.net\/france\/#website\",\"url\":\"https:\/\/www.monteescalier.net\/france\/\",\"name\":\"Monte escalier\",\"description\":\"\",\"publisher\":{\"@id\":\"https:\/\/www.monteescalier.net\/france\/#organization\"},\"potentialAction\":[{\"@type\":\"SearchAction\",\"target\":{\"@type\":\"EntryPoint\",\"urlTemplate\":\"https:\/\/www.monteescalier.net\/france\/?s={search_term_string}\"},\"query-input\":{\"@type\":\"PropertyValueSpecification\",\"valueRequired\":true,\"valueName\":\"search_term_string\"}}],\"inLanguage\":\"fr-FR\"},{\"@type\":\"Organization\",\"@id\":\"https:\/\/www.monteescalier.net\/france\/#organization\",\"name\":\"monte-escalier.net\",\"url\":\"https:\/\/www.monteescalier.net\/france\/\",\"logo\":{\"@type\":\"ImageObject\",\"inLanguage\":\"fr-FR\",\"@id\":\"https:\/\/www.monteescalier.net\/france\/#\/schema\/logo\/image\/\",\"url\":\"https:\/\/www.monteescalier.net\/france\/wp-content\/uploads\/2016\/10\/4devis-mont-escalier-500-500.gif\",\"contentUrl\":\"https:\/\/www.monteescalier.net\/france\/wp-content\/uploads\/2016\/10\/4devis-mont-escalier-500-500.gif\",\"width\":500,\"height\":500,\"caption\":\"monte-escalier.net\"},\"image\":{\"@id\":\"https:\/\/www.monteescalier.net\/france\/#\/schema\/logo\/image\/\"}}]}<\/script>\n<!-- \/ Yoast SEO plugin. -->","yoast_head_json":{"title":"Monte escalier Hy\u00e8res - Monte escalier","robots":{"index":"index","follow":"follow","max-snippet":"max-snippet:-1","max-image-preview":"max-image-preview:large","max-video-preview":"max-video-preview:-1"},"canonical":"https:\/\/www.monteescalier.net\/france\/monte-escalier-hyeres\/","og_locale":"fr_FR","og_type":"article","og_title":"Monte escalier Hy\u00e8res - Monte escalier","og_description":"Qui contacter pour installer un monte escalier \u00e0 Hy\u00e8res Vous souhaitez faire poser sur votre escalier un monte escalier \u00e0 Hy\u00e8res, il vous faut trouver un prestataire&#8230;Ou plut\u00f4t, il vous faut trouver des prestataires : \u00a0gr\u00e2ce \u00e0 monteescalier.net en remplissant une seule demande de devis, vous en recevrez 4 ou 5 ! &nbsp; Notre site [&hellip;]","og_url":"https:\/\/www.monteescalier.net\/france\/monte-escalier-hyeres\/","og_site_name":"Monte escalier","article_modified_time":"2020-01-16T14:05:21+00:00","twitter_card":"summary_large_image","twitter_misc":{"Dur\u00e9e de lecture estim\u00e9e":"2 minutes"},"schema":{"@context":"https:\/\/schema.org","@graph":[{"@type":"WebPage","@id":"https:\/\/www.monteescalier.net\/france\/monte-escalier-hyeres\/","url":"https:\/\/www.monteescalier.net\/france\/monte-escalier-hyeres\/","name":"Monte escalier Hy\u00e8res - Monte escalier","isPartOf":{"@id":"https:\/\/www.monteescalier.net\/france\/#website"},"datePublished":"2019-02-26T09:47:11+00:00","dateModified":"2020-01-16T14:05:21+00:00","breadcrumb":{"@id":"https:\/\/www.monteescalier.net\/france\/monte-escalier-hyeres\/#breadcrumb"},"inLanguage":"fr-FR","potentialAction":[{"@type":"ReadAction","target":["https:\/\/www.monteescalier.net\/france\/monte-escalier-hyeres\/"]}]},{"@type":"BreadcrumbList","@id":"https:\/\/www.monteescalier.net\/france\/monte-escalier-hyeres\/#breadcrumb","itemListElement":[{"@type":"ListItem","position":1,"name":"Accueil","item":"https:\/\/www.monteescalier.net\/france\/"},{"@type":"ListItem","position":2,"name":"Monte escalier Hy\u00e8res"}]},{"@type":"WebSite","@id":"https:\/\/www.monteescalier.net\/france\/#website","url":"https:\/\/www.monteescalier.net\/france\/","name":"Monte escalier","description":"","publisher":{"@id":"https:\/\/www.monteescalier.net\/france\/#organization"},"potentialAction":[{"@type":"SearchAction","target":{"@type":"EntryPoint","urlTemplate":"https:\/\/www.monteescalier.net\/france\/?s={search_term_string}"},"query-input":{"@type":"PropertyValueSpecification","valueRequired":true,"valueName":"search_term_string"}}],"inLanguage":"fr-FR"},{"@type":"Organization","@id":"https:\/\/www.monteescalier.net\/france\/#organization","name":"monte-escalier.net","url":"https:\/\/www.monteescalier.net\/france\/","logo":{"@type":"ImageObject","inLanguage":"fr-FR","@id":"https:\/\/www.monteescalier.net\/france\/#\/schema\/logo\/image\/","url":"https:\/\/www.monteescalier.net\/france\/wp-content\/uploads\/2016\/10\/4devis-mont-escalier-500-500.gif","contentUrl":"https:\/\/www.monteescalier.net\/france\/wp-content\/uploads\/2016\/10\/4devis-mont-escalier-500-500.gif","width":500,"height":500,"caption":"monte-escalier.net"},"image":{"@id":"https:\/\/www.monteescalier.net\/france\/#\/schema\/logo\/image\/"}}]}},"_links":{"self":[{"href":"https:\/\/www.monteescalier.net\/france\/wp-json\/wp\/v2\/pages\/1001","targetHints":{"allow":["GET"]}}],"collection":[{"href":"https:\/\/www.monteescalier.net\/france\/wp-json\/wp\/v2\/pages"}],"about":[{"href":"https:\/\/www.monteescalier.net\/france\/wp-json\/wp\/v2\/types\/page"}],"author":[{"embeddable":true,"href":"https:\/\/www.monteescalier.net\/france\/wp-json\/wp\/v2\/users\/1"}],"replies":[{"embeddable":true,"href":"https:\/\/www.monteescalier.net\/france\/wp-json\/wp\/v2\/comments?post=1001"}],"version-history":[{"count":4,"href":"https:\/\/www.monteescalier.net\/france\/wp-json\/wp\/v2\/pages\/1001\/revisions"}],"predecessor-version":[{"id":8517,"href":"https:\/\/www.monteescalier.net\/france\/wp-json\/wp\/v2\/pages\/1001\/revisions\/8517"}],"wp:attachment":[{"href":"https:\/\/www.monteescalier.net\/france\/wp-json\/wp\/v2\/media?parent=1001"}],"curies":[{"name":"wp","href":"https:\/\/api.w.org\/{rel}","templated":true}]}}