{"id":1002,"date":"2021-09-26T10:47:11","date_gmt":"2021-09-26T09:47:11","guid":{"rendered":"https:\/\/www.monteescalier.net\/france\/?page_id=1002"},"modified":"2021-11-10T12:15:19","modified_gmt":"2021-11-10T11:15:19","slug":"monte-escalier-beauvais","status":"publish","type":"page","link":"https:\/\/www.monteescalier.net\/france\/monte-escalier-beauvais\/","title":{"rendered":"Monte escalier Beauvais"},"content":{"rendered":"<h1>Choisir un vendeur de <a href=\"https:\/\/www.monteescalier.net\">monte escalier<\/a> \u00e0 Beauvais<\/h1>\n<div class=\"boite_texte\">\n<div style=\"text-align: justify;\">Vous d\u00e9sirez faire poser un monte escalier \u00e0 Beauvais, rien de plus simple gr\u00e2ce \u00e0 monteescalier.net vous allez pouvoir recevoir des devis des prestataires que nous avons choisis dans votre d\u00e9partement&#8230;et tout ceci gratuitement !<\/div>\n<p>&nbsp;<\/p>\n<div style=\"text-align: justify;\">La vocation de ce site de conseils est de faciliter l&rsquo;achat de votre monte escalier en vous mettant en contact directement avec les revendeurs de monte escalier sur Beauvais, car avoir plusieurs propositions vous permettra de choisir la meilleure.<\/div>\n<p>&nbsp;<\/p>\n<div style=\"text-align: justify;\">Pour choisir votre revendeur de monte escalier \u00e0 Beauvais, le plus simple est de pouvoir disposer de plusieurs devis \u00e9manant de diff\u00e9rentes soci\u00e9t\u00e9. C&rsquo;est justement ce que nous vous proposons. Remplissez une demande de devis et nos partenaires vous feront chacun leur meilleure offre pour votre monte escalier \u00e0 Beauvais.<\/div>\n<p>&nbsp;<\/p>\n<div style=\"text-align: justify;\">Avant de passer commande d&rsquo;un monte escalier, vous souhaitez traiter au t\u00e9l\u00e9phone avec plusieurs experts. Dans ce cas, utilisez notre demande de rappel, et nos partenaires experts du monte escalier vous rappelleront dans les plus brefs d\u00e9lais pour discuter de votre projet.<\/div>\n<p>&nbsp;<\/p>\n<div style=\"text-align: justify;\">La plupart de nos partenaires installateurs disposent de documentation sur les mod\u00e8les de monte escalier qu&rsquo;ils commercialisent. Ils peuvent vous les faire parvenir par courrier ou par email selon votre pr\u00e9f\u00e9rence. Pour les recevoir remplissez vite une demande de documentation sur notre site.<\/div>\n<p>&nbsp;<\/p>\n<div style=\"text-align: justify;\">Avec notre site, pas de co\u00fbt et pas d&rsquo;engagements ! que vous contractiez ou non avec un de nos partenaires, nous ne vous facturerons rien pour notre service de mise en relation. Si vous trouvez votre prestataire gr\u00e2ce \u00e0 nous tant mieux pour vous, alors testez nous !<\/div>\n<p>&nbsp;<\/p>\n<\/div>\n<div class=\"titre_liens\">A voir aussi \u00e0 proximit\u00e9 de Beauvais<\/div>\n<p>&nbsp;<\/p>\n<div class=\"boite_liens\"><a href=\"https:\/\/www.monteescalier.net\/france\/monte-escalier-compiegne\">Monte escalier Compi\u00e8gne<\/a><br \/>\n<a href=\"https:\/\/www.monteescalier.net\/france\/monte-escalier-creil\">Monte escalier Creil<\/a><br \/>\n<a href=\"https:\/\/www.monteescalier.net\/france\/monte-escalier-nogent-sur-oise\">Monte escalier Nogent-sur-Oise<\/a><br \/>\n<a href=\"https:\/\/www.monteescalier.net\/france\/monte-escalier-senlis\">Monte escalier Senlis<\/a><br \/>\n<a href=\"https:\/\/www.monteescalier.net\/france\/monte-escalier-noyon\">Monte escalier Noyon<\/a><\/div>\n","protected":false},"excerpt":{"rendered":"<p>Choisir un vendeur de monte escalier \u00e0 Beauvais Vous d\u00e9sirez faire poser un monte escalier \u00e0 Beauvais, rien de plus simple gr\u00e2ce \u00e0 monteescalier.net vous allez pouvoir recevoir des devis des prestataires que nous avons choisis dans votre d\u00e9partement&#8230;et tout ceci gratuitement ! &nbsp; La vocation de ce site de conseils est de faciliter l&rsquo;achat [&hellip;]<\/p>\n","protected":false},"author":1,"featured_media":0,"parent":0,"menu_order":0,"comment_status":"closed","ping_status":"open","template":"template_ville_12.php","meta":{"_monsterinsights_skip_tracking":false,"_monsterinsights_sitenote_active":false,"_monsterinsights_sitenote_note":"","_monsterinsights_sitenote_category":0,"footnotes":""},"class_list":["post-1002","page","type-page","status-publish","hentry"],"yoast_head":"<!-- This site is optimized with the Yoast SEO plugin v26.3 - https:\/\/yoast.com\/wordpress\/plugins\/seo\/ -->\n<title>Monte escalier Beauvais - Monte escalier<\/title>\n<meta name=\"description\" content=\"Faire Installer un monte escalier dans l&#039;Oise. Des professionnels reconnus \u00e0 proximit\u00e9 : Monte escalier vers Beauvais.\" \/>\n<meta name=\"robots\" content=\"index, follow, max-snippet:-1, max-image-preview:large, max-video-preview:-1\" \/>\n<link rel=\"canonical\" href=\"https:\/\/www.monteescalier.net\/france\/monte-escalier-beauvais\/\" \/>\n<meta property=\"og:locale\" content=\"fr_FR\" \/>\n<meta property=\"og:type\" content=\"article\" \/>\n<meta property=\"og:title\" content=\"Monte escalier Beauvais - Monte escalier\" \/>\n<meta property=\"og:description\" content=\"Faire Installer un monte escalier dans l&#039;Oise. Des professionnels reconnus \u00e0 proximit\u00e9 : Monte escalier vers Beauvais.\" \/>\n<meta property=\"og:url\" content=\"https:\/\/www.monteescalier.net\/france\/monte-escalier-beauvais\/\" \/>\n<meta property=\"og:site_name\" content=\"Monte escalier\" \/>\n<meta property=\"article:modified_time\" content=\"2021-11-10T11:15:19+00:00\" \/>\n<meta name=\"twitter:card\" content=\"summary_large_image\" \/>\n<meta name=\"twitter:label1\" content=\"Dur\u00e9e de lecture estim\u00e9e\" \/>\n\t<meta name=\"twitter:data1\" content=\"2 minutes\" \/>\n<script type=\"application\/ld+json\" class=\"yoast-schema-graph\">{\"@context\":\"https:\/\/schema.org\",\"@graph\":[{\"@type\":\"WebPage\",\"@id\":\"https:\/\/www.monteescalier.net\/france\/monte-escalier-beauvais\/\",\"url\":\"https:\/\/www.monteescalier.net\/france\/monte-escalier-beauvais\/\",\"name\":\"Monte escalier Beauvais - Monte escalier\",\"isPartOf\":{\"@id\":\"https:\/\/www.monteescalier.net\/france\/#website\"},\"datePublished\":\"2021-09-26T09:47:11+00:00\",\"dateModified\":\"2021-11-10T11:15:19+00:00\",\"description\":\"Faire Installer un monte escalier dans l'Oise. Des professionnels reconnus \u00e0 proximit\u00e9 : Monte escalier vers Beauvais.\",\"breadcrumb\":{\"@id\":\"https:\/\/www.monteescalier.net\/france\/monte-escalier-beauvais\/#breadcrumb\"},\"inLanguage\":\"fr-FR\",\"potentialAction\":[{\"@type\":\"ReadAction\",\"target\":[\"https:\/\/www.monteescalier.net\/france\/monte-escalier-beauvais\/\"]}]},{\"@type\":\"BreadcrumbList\",\"@id\":\"https:\/\/www.monteescalier.net\/france\/monte-escalier-beauvais\/#breadcrumb\",\"itemListElement\":[{\"@type\":\"ListItem\",\"position\":1,\"name\":\"Accueil\",\"item\":\"https:\/\/www.monteescalier.net\/france\/\"},{\"@type\":\"ListItem\",\"position\":2,\"name\":\"Monte escalier Beauvais\"}]},{\"@type\":\"WebSite\",\"@id\":\"https:\/\/www.monteescalier.net\/france\/#website\",\"url\":\"https:\/\/www.monteescalier.net\/france\/\",\"name\":\"Monte escalier\",\"description\":\"\",\"publisher\":{\"@id\":\"https:\/\/www.monteescalier.net\/france\/#organization\"},\"potentialAction\":[{\"@type\":\"SearchAction\",\"target\":{\"@type\":\"EntryPoint\",\"urlTemplate\":\"https:\/\/www.monteescalier.net\/france\/?s={search_term_string}\"},\"query-input\":{\"@type\":\"PropertyValueSpecification\",\"valueRequired\":true,\"valueName\":\"search_term_string\"}}],\"inLanguage\":\"fr-FR\"},{\"@type\":\"Organization\",\"@id\":\"https:\/\/www.monteescalier.net\/france\/#organization\",\"name\":\"monte-escalier.net\",\"url\":\"https:\/\/www.monteescalier.net\/france\/\",\"logo\":{\"@type\":\"ImageObject\",\"inLanguage\":\"fr-FR\",\"@id\":\"https:\/\/www.monteescalier.net\/france\/#\/schema\/logo\/image\/\",\"url\":\"https:\/\/www.monteescalier.net\/france\/wp-content\/uploads\/2016\/10\/4devis-mont-escalier-500-500.gif\",\"contentUrl\":\"https:\/\/www.monteescalier.net\/france\/wp-content\/uploads\/2016\/10\/4devis-mont-escalier-500-500.gif\",\"width\":500,\"height\":500,\"caption\":\"monte-escalier.net\"},\"image\":{\"@id\":\"https:\/\/www.monteescalier.net\/france\/#\/schema\/logo\/image\/\"}}]}<\/script>\n<!-- \/ Yoast SEO plugin. -->","yoast_head_json":{"title":"Monte escalier Beauvais - Monte escalier","description":"Faire Installer un monte escalier dans l'Oise. Des professionnels reconnus \u00e0 proximit\u00e9 : Monte escalier vers Beauvais.","robots":{"index":"index","follow":"follow","max-snippet":"max-snippet:-1","max-image-preview":"max-image-preview:large","max-video-preview":"max-video-preview:-1"},"canonical":"https:\/\/www.monteescalier.net\/france\/monte-escalier-beauvais\/","og_locale":"fr_FR","og_type":"article","og_title":"Monte escalier Beauvais - Monte escalier","og_description":"Faire Installer un monte escalier dans l'Oise. Des professionnels reconnus \u00e0 proximit\u00e9 : Monte escalier vers Beauvais.","og_url":"https:\/\/www.monteescalier.net\/france\/monte-escalier-beauvais\/","og_site_name":"Monte escalier","article_modified_time":"2021-11-10T11:15:19+00:00","twitter_card":"summary_large_image","twitter_misc":{"Dur\u00e9e de lecture estim\u00e9e":"2 minutes"},"schema":{"@context":"https:\/\/schema.org","@graph":[{"@type":"WebPage","@id":"https:\/\/www.monteescalier.net\/france\/monte-escalier-beauvais\/","url":"https:\/\/www.monteescalier.net\/france\/monte-escalier-beauvais\/","name":"Monte escalier Beauvais - Monte escalier","isPartOf":{"@id":"https:\/\/www.monteescalier.net\/france\/#website"},"datePublished":"2021-09-26T09:47:11+00:00","dateModified":"2021-11-10T11:15:19+00:00","description":"Faire Installer un monte escalier dans l'Oise. Des professionnels reconnus \u00e0 proximit\u00e9 : Monte escalier vers Beauvais.","breadcrumb":{"@id":"https:\/\/www.monteescalier.net\/france\/monte-escalier-beauvais\/#breadcrumb"},"inLanguage":"fr-FR","potentialAction":[{"@type":"ReadAction","target":["https:\/\/www.monteescalier.net\/france\/monte-escalier-beauvais\/"]}]},{"@type":"BreadcrumbList","@id":"https:\/\/www.monteescalier.net\/france\/monte-escalier-beauvais\/#breadcrumb","itemListElement":[{"@type":"ListItem","position":1,"name":"Accueil","item":"https:\/\/www.monteescalier.net\/france\/"},{"@type":"ListItem","position":2,"name":"Monte escalier Beauvais"}]},{"@type":"WebSite","@id":"https:\/\/www.monteescalier.net\/france\/#website","url":"https:\/\/www.monteescalier.net\/france\/","name":"Monte escalier","description":"","publisher":{"@id":"https:\/\/www.monteescalier.net\/france\/#organization"},"potentialAction":[{"@type":"SearchAction","target":{"@type":"EntryPoint","urlTemplate":"https:\/\/www.monteescalier.net\/france\/?s={search_term_string}"},"query-input":{"@type":"PropertyValueSpecification","valueRequired":true,"valueName":"search_term_string"}}],"inLanguage":"fr-FR"},{"@type":"Organization","@id":"https:\/\/www.monteescalier.net\/france\/#organization","name":"monte-escalier.net","url":"https:\/\/www.monteescalier.net\/france\/","logo":{"@type":"ImageObject","inLanguage":"fr-FR","@id":"https:\/\/www.monteescalier.net\/france\/#\/schema\/logo\/image\/","url":"https:\/\/www.monteescalier.net\/france\/wp-content\/uploads\/2016\/10\/4devis-mont-escalier-500-500.gif","contentUrl":"https:\/\/www.monteescalier.net\/france\/wp-content\/uploads\/2016\/10\/4devis-mont-escalier-500-500.gif","width":500,"height":500,"caption":"monte-escalier.net"},"image":{"@id":"https:\/\/www.monteescalier.net\/france\/#\/schema\/logo\/image\/"}}]}},"_links":{"self":[{"href":"https:\/\/www.monteescalier.net\/france\/wp-json\/wp\/v2\/pages\/1002","targetHints":{"allow":["GET"]}}],"collection":[{"href":"https:\/\/www.monteescalier.net\/france\/wp-json\/wp\/v2\/pages"}],"about":[{"href":"https:\/\/www.monteescalier.net\/france\/wp-json\/wp\/v2\/types\/page"}],"author":[{"embeddable":true,"href":"https:\/\/www.monteescalier.net\/france\/wp-json\/wp\/v2\/users\/1"}],"replies":[{"embeddable":true,"href":"https:\/\/www.monteescalier.net\/france\/wp-json\/wp\/v2\/comments?post=1002"}],"version-history":[{"count":4,"href":"https:\/\/www.monteescalier.net\/france\/wp-json\/wp\/v2\/pages\/1002\/revisions"}],"predecessor-version":[{"id":7632,"href":"https:\/\/www.monteescalier.net\/france\/wp-json\/wp\/v2\/pages\/1002\/revisions\/7632"}],"wp:attachment":[{"href":"https:\/\/www.monteescalier.net\/france\/wp-json\/wp\/v2\/media?parent=1002"}],"curies":[{"name":"wp","href":"https:\/\/api.w.org\/{rel}","templated":true}]}}