{"id":1004,"date":"2019-03-26T10:47:12","date_gmt":"2019-03-26T09:47:12","guid":{"rendered":"https:\/\/www.monteescalier.net\/france\/?page_id=1004"},"modified":"2020-01-16T17:21:03","modified_gmt":"2020-01-16T16:21:03","slug":"monte-escalier-bondy","status":"publish","type":"page","link":"https:\/\/www.monteescalier.net\/france\/monte-escalier-bondy\/","title":{"rendered":"Monte escalier Bondy"},"content":{"rendered":"<h1>Comparer les offres de monte escalier \u00e0 Bondy<\/h1>\n<div class=\"boite_texte\">\n<div style=\"text-align: justify;\">Vous souhaitez faire installer un monte escalier \u00e0 Bondy, rien de plus facile gr\u00e2ce \u00e0 monteescalier.net, le site qui vous propose gratuitement 4 ou 5 devis de prestataires travaillant en \u00cele de France<\/div>\n<p>&nbsp;<\/p>\n<div style=\"text-align: justify;\">La vocation de ce site consacr\u00e9 enti\u00e8rement au monte escalier est de faciliter l&rsquo;achat de votre monte escalier en vous mettant en rapport directement avec les revendeurs de monte escalier sur Bondy, car avoir plusieurs propositions vous permettra de choisir la meilleure.<\/div>\n<p>&nbsp;<\/p>\n<div style=\"text-align: justify;\">Pour choisir votre revendeur de monte escalier \u00e0 Bondy, le plus simple est de pouvoir disposer de plusieurs devis \u00e9manant de diff\u00e9rentes soci\u00e9t\u00e9. C&rsquo;est justement ce que nous vous proposons. Remplissez une demande de devis et nos partenaires vous feront chacun leur meilleure offre pour votre monte escalier \u00e0 Bondy.<\/div>\n<p>&nbsp;<\/p>\n<div style=\"text-align: justify;\">Avoir des sp\u00e9cialistes du monte escalier au bout du fil pour discuter de votre projet, voici ce que vous permettra notre site si vous remplissez une demande de rappel. Vous serez tr\u00e8s rapidement recontact\u00e9s par nos partenaires experts qui pourront r\u00e9pondre \u00e0 toutes vos questions relatives aux particularit\u00e9s de l&rsquo;installation de votre monte escalier.<\/div>\n<p>&nbsp;<\/p>\n<div style=\"text-align: justify;\">Vous voulez choisir son mod\u00e8le de monte escalier directement de chez vous ? C&rsquo;est possible avec monteescalier.net. Remplissez directement un formulaire de demande de documentation sur notre site et vous recevrez toute la documentation n\u00e9cessaire sur les mod\u00e8les de monte escalier commercialis\u00e9s par nos professionnels partenaires.<\/div>\n<p>&nbsp;<\/p>\n<div style=\"text-align: justify;\">Tous les services propos\u00e9s par ce site sont enti\u00e8rement gratuits et sans obligation d&rsquo;achat. Nous sommes un service de mise en relation. Vous serez mis en contact directement avec nos partenaires vendeurs de monte escalier et vous n\u00e9gocierez directement avec eux. Vous \u00eates totalement libres de n\u00e9gocier et de signer ou pas avec un des prestataires avec lequel nous vous avons mis en relation.<\/div>\n<p>&nbsp;<\/p>\n<\/div>\n<div class=\"titre_liens\">Autres liens int\u00e9ressants vers nos offres dans les villes proches de Bondy<\/div>\n<p>&nbsp;<\/p>\n<div class=\"boite_liens\"><a href=\"https:\/\/www.monteescalier.net\/france\/monte-escalier-pantin\">Monte escalier Pantin<\/a><br \/>\n<a href=\"https:\/\/www.monteescalier.net\/france\/monte-escalier-epinay-sur-seine\">Monte escalier \u00c9pinay-sur-Seine<\/a><br \/>\n<a href=\"https:\/\/www.monteescalier.net\/france\/monte-escalier-sevran\">Monte escalier Sevran<\/a><br \/>\n<a href=\"https:\/\/www.monteescalier.net\/france\/monte-escalier-le-blanc-mesnil\">Monte escalier Blanc-Mesnil<\/a><br \/>\n<a href=\"https:\/\/www.monteescalier.net\/france\/monte-escalier-bobigny\">Monte escalier Bobigny<\/a><\/div>\n","protected":false},"excerpt":{"rendered":"<p>Comparer les offres de monte escalier \u00e0 Bondy Vous souhaitez faire installer un monte escalier \u00e0 Bondy, rien de plus facile gr\u00e2ce \u00e0 monteescalier.net, le site qui vous propose gratuitement 4 ou 5 devis de prestataires travaillant en \u00cele de France &nbsp; La vocation de ce site consacr\u00e9 enti\u00e8rement au monte escalier est de faciliter [&hellip;]<\/p>\n","protected":false},"author":1,"featured_media":0,"parent":0,"menu_order":0,"comment_status":"closed","ping_status":"open","template":"template_ville_1.php","meta":{"_monsterinsights_skip_tracking":false,"_monsterinsights_sitenote_active":false,"_monsterinsights_sitenote_note":"","_monsterinsights_sitenote_category":0,"footnotes":""},"class_list":["post-1004","page","type-page","status-publish","hentry"],"yoast_head":"<!-- This site is optimized with the Yoast SEO plugin v26.3 - https:\/\/yoast.com\/wordpress\/plugins\/seo\/ -->\n<title>Monte escalier Bondy - Monte escalier<\/title>\n<meta name=\"robots\" content=\"index, follow, max-snippet:-1, max-image-preview:large, max-video-preview:-1\" \/>\n<link rel=\"canonical\" href=\"https:\/\/www.monteescalier.net\/france\/monte-escalier-bondy\/\" \/>\n<meta property=\"og:locale\" content=\"fr_FR\" \/>\n<meta property=\"og:type\" content=\"article\" \/>\n<meta property=\"og:title\" content=\"Monte escalier Bondy - Monte escalier\" \/>\n<meta property=\"og:description\" content=\"Comparer les offres de monte escalier \u00e0 Bondy Vous souhaitez faire installer un monte escalier \u00e0 Bondy, rien de plus facile gr\u00e2ce \u00e0 monteescalier.net, le site qui vous propose gratuitement 4 ou 5 devis de prestataires travaillant en \u00cele de France &nbsp; La vocation de ce site consacr\u00e9 enti\u00e8rement au monte escalier est de faciliter [&hellip;]\" \/>\n<meta property=\"og:url\" content=\"https:\/\/www.monteescalier.net\/france\/monte-escalier-bondy\/\" \/>\n<meta property=\"og:site_name\" content=\"Monte escalier\" \/>\n<meta property=\"article:modified_time\" content=\"2020-01-16T16:21:03+00:00\" \/>\n<meta name=\"twitter:card\" content=\"summary_large_image\" \/>\n<meta name=\"twitter:label1\" content=\"Dur\u00e9e de lecture estim\u00e9e\" \/>\n\t<meta name=\"twitter:data1\" content=\"2 minutes\" \/>\n<script type=\"application\/ld+json\" class=\"yoast-schema-graph\">{\"@context\":\"https:\/\/schema.org\",\"@graph\":[{\"@type\":\"WebPage\",\"@id\":\"https:\/\/www.monteescalier.net\/france\/monte-escalier-bondy\/\",\"url\":\"https:\/\/www.monteescalier.net\/france\/monte-escalier-bondy\/\",\"name\":\"Monte escalier Bondy - Monte escalier\",\"isPartOf\":{\"@id\":\"https:\/\/www.monteescalier.net\/france\/#website\"},\"datePublished\":\"2019-03-26T09:47:12+00:00\",\"dateModified\":\"2020-01-16T16:21:03+00:00\",\"breadcrumb\":{\"@id\":\"https:\/\/www.monteescalier.net\/france\/monte-escalier-bondy\/#breadcrumb\"},\"inLanguage\":\"fr-FR\",\"potentialAction\":[{\"@type\":\"ReadAction\",\"target\":[\"https:\/\/www.monteescalier.net\/france\/monte-escalier-bondy\/\"]}]},{\"@type\":\"BreadcrumbList\",\"@id\":\"https:\/\/www.monteescalier.net\/france\/monte-escalier-bondy\/#breadcrumb\",\"itemListElement\":[{\"@type\":\"ListItem\",\"position\":1,\"name\":\"Accueil\",\"item\":\"https:\/\/www.monteescalier.net\/france\/\"},{\"@type\":\"ListItem\",\"position\":2,\"name\":\"Monte escalier Bondy\"}]},{\"@type\":\"WebSite\",\"@id\":\"https:\/\/www.monteescalier.net\/france\/#website\",\"url\":\"https:\/\/www.monteescalier.net\/france\/\",\"name\":\"Monte escalier\",\"description\":\"\",\"publisher\":{\"@id\":\"https:\/\/www.monteescalier.net\/france\/#organization\"},\"potentialAction\":[{\"@type\":\"SearchAction\",\"target\":{\"@type\":\"EntryPoint\",\"urlTemplate\":\"https:\/\/www.monteescalier.net\/france\/?s={search_term_string}\"},\"query-input\":{\"@type\":\"PropertyValueSpecification\",\"valueRequired\":true,\"valueName\":\"search_term_string\"}}],\"inLanguage\":\"fr-FR\"},{\"@type\":\"Organization\",\"@id\":\"https:\/\/www.monteescalier.net\/france\/#organization\",\"name\":\"monte-escalier.net\",\"url\":\"https:\/\/www.monteescalier.net\/france\/\",\"logo\":{\"@type\":\"ImageObject\",\"inLanguage\":\"fr-FR\",\"@id\":\"https:\/\/www.monteescalier.net\/france\/#\/schema\/logo\/image\/\",\"url\":\"https:\/\/www.monteescalier.net\/france\/wp-content\/uploads\/2016\/10\/4devis-mont-escalier-500-500.gif\",\"contentUrl\":\"https:\/\/www.monteescalier.net\/france\/wp-content\/uploads\/2016\/10\/4devis-mont-escalier-500-500.gif\",\"width\":500,\"height\":500,\"caption\":\"monte-escalier.net\"},\"image\":{\"@id\":\"https:\/\/www.monteescalier.net\/france\/#\/schema\/logo\/image\/\"}}]}<\/script>\n<!-- \/ Yoast SEO plugin. -->","yoast_head_json":{"title":"Monte escalier Bondy - Monte escalier","robots":{"index":"index","follow":"follow","max-snippet":"max-snippet:-1","max-image-preview":"max-image-preview:large","max-video-preview":"max-video-preview:-1"},"canonical":"https:\/\/www.monteescalier.net\/france\/monte-escalier-bondy\/","og_locale":"fr_FR","og_type":"article","og_title":"Monte escalier Bondy - Monte escalier","og_description":"Comparer les offres de monte escalier \u00e0 Bondy Vous souhaitez faire installer un monte escalier \u00e0 Bondy, rien de plus facile gr\u00e2ce \u00e0 monteescalier.net, le site qui vous propose gratuitement 4 ou 5 devis de prestataires travaillant en \u00cele de France &nbsp; La vocation de ce site consacr\u00e9 enti\u00e8rement au monte escalier est de faciliter [&hellip;]","og_url":"https:\/\/www.monteescalier.net\/france\/monte-escalier-bondy\/","og_site_name":"Monte escalier","article_modified_time":"2020-01-16T16:21:03+00:00","twitter_card":"summary_large_image","twitter_misc":{"Dur\u00e9e de lecture estim\u00e9e":"2 minutes"},"schema":{"@context":"https:\/\/schema.org","@graph":[{"@type":"WebPage","@id":"https:\/\/www.monteescalier.net\/france\/monte-escalier-bondy\/","url":"https:\/\/www.monteescalier.net\/france\/monte-escalier-bondy\/","name":"Monte escalier Bondy - Monte escalier","isPartOf":{"@id":"https:\/\/www.monteescalier.net\/france\/#website"},"datePublished":"2019-03-26T09:47:12+00:00","dateModified":"2020-01-16T16:21:03+00:00","breadcrumb":{"@id":"https:\/\/www.monteescalier.net\/france\/monte-escalier-bondy\/#breadcrumb"},"inLanguage":"fr-FR","potentialAction":[{"@type":"ReadAction","target":["https:\/\/www.monteescalier.net\/france\/monte-escalier-bondy\/"]}]},{"@type":"BreadcrumbList","@id":"https:\/\/www.monteescalier.net\/france\/monte-escalier-bondy\/#breadcrumb","itemListElement":[{"@type":"ListItem","position":1,"name":"Accueil","item":"https:\/\/www.monteescalier.net\/france\/"},{"@type":"ListItem","position":2,"name":"Monte escalier Bondy"}]},{"@type":"WebSite","@id":"https:\/\/www.monteescalier.net\/france\/#website","url":"https:\/\/www.monteescalier.net\/france\/","name":"Monte escalier","description":"","publisher":{"@id":"https:\/\/www.monteescalier.net\/france\/#organization"},"potentialAction":[{"@type":"SearchAction","target":{"@type":"EntryPoint","urlTemplate":"https:\/\/www.monteescalier.net\/france\/?s={search_term_string}"},"query-input":{"@type":"PropertyValueSpecification","valueRequired":true,"valueName":"search_term_string"}}],"inLanguage":"fr-FR"},{"@type":"Organization","@id":"https:\/\/www.monteescalier.net\/france\/#organization","name":"monte-escalier.net","url":"https:\/\/www.monteescalier.net\/france\/","logo":{"@type":"ImageObject","inLanguage":"fr-FR","@id":"https:\/\/www.monteescalier.net\/france\/#\/schema\/logo\/image\/","url":"https:\/\/www.monteescalier.net\/france\/wp-content\/uploads\/2016\/10\/4devis-mont-escalier-500-500.gif","contentUrl":"https:\/\/www.monteescalier.net\/france\/wp-content\/uploads\/2016\/10\/4devis-mont-escalier-500-500.gif","width":500,"height":500,"caption":"monte-escalier.net"},"image":{"@id":"https:\/\/www.monteescalier.net\/france\/#\/schema\/logo\/image\/"}}]}},"_links":{"self":[{"href":"https:\/\/www.monteescalier.net\/france\/wp-json\/wp\/v2\/pages\/1004","targetHints":{"allow":["GET"]}}],"collection":[{"href":"https:\/\/www.monteescalier.net\/france\/wp-json\/wp\/v2\/pages"}],"about":[{"href":"https:\/\/www.monteescalier.net\/france\/wp-json\/wp\/v2\/types\/page"}],"author":[{"embeddable":true,"href":"https:\/\/www.monteescalier.net\/france\/wp-json\/wp\/v2\/users\/1"}],"replies":[{"embeddable":true,"href":"https:\/\/www.monteescalier.net\/france\/wp-json\/wp\/v2\/comments?post=1004"}],"version-history":[{"count":3,"href":"https:\/\/www.monteescalier.net\/france\/wp-json\/wp\/v2\/pages\/1004\/revisions"}],"predecessor-version":[{"id":8586,"href":"https:\/\/www.monteescalier.net\/france\/wp-json\/wp\/v2\/pages\/1004\/revisions\/8586"}],"wp:attachment":[{"href":"https:\/\/www.monteescalier.net\/france\/wp-json\/wp\/v2\/media?parent=1004"}],"curies":[{"name":"wp","href":"https:\/\/api.w.org\/{rel}","templated":true}]}}