{"id":1007,"date":"2019-09-24T10:47:12","date_gmt":"2019-09-24T09:47:12","guid":{"rendered":"https:\/\/www.monteescalier.net\/france\/?page_id=1007"},"modified":"2020-01-16T17:57:48","modified_gmt":"2020-01-16T16:57:48","slug":"monte-escalier-maisons-alfort","status":"publish","type":"page","link":"https:\/\/www.monteescalier.net\/france\/monte-escalier-maisons-alfort\/","title":{"rendered":"Monte escalier Maisons-Alfort"},"content":{"rendered":"<h1>Vers qui se tourner pour un monte escalier \u00e0 Maisons-Alfort ?<\/h1>\n<div class=\"boite_texte\">\n<div style=\"text-align: justify;\">Vous vous posez certainement cette questions si vous avez envisag\u00e9 l&rsquo;achat d&rsquo;un monte escalier \u00e0 Maisons-Alfort, Quid des marques connues, des installateurs en Ile de France, les diff\u00e9rences de prix, la qualit\u00e9 de service? Nous pouvons vous aider \u00e0 y voir plus clair en vous permettant d&rsquo;obtenir des devis et des conseils gratuits.<\/div>\n<div style=\"text-align: justify;\">\n<p>Ce que nous avons voulu faire avec ce\u00a0\u00a0site internet, c&rsquo;est vous aider \u00e0 prendre les bonnes d\u00e9cisions concernant votre\u00a0monte escalier en vous mettant en relation directement avec les revendeurs de monte escalier du Val de Marne et de la r\u00e9gion parisienne en g\u00e9n\u00e9ral, car avoir plusieurs avis et devis\u00a0vous permettra de choisir\u00a0la soci\u00e9t\u00e9 qui vous offrira le meilleur service avec les meilleures garanties pour votre monte escalier. Et la meilleure proposition pour vous, n&rsquo;est pas forc\u00e9ment celle de votre voisin, car nous avons chacun\u00a0nos propres crit\u00e8res. D&rsquo;o\u00f9 l&rsquo;int\u00e9r\u00eat de comparer des propositions adapt\u00e9es \u00e0 votre installation de monte escalier.<\/p>\n<\/div>\n<div style=\"text-align: justify;\">Pour choisir votre revendeur de monte escalier \u00e0 Maisons-Alfort, le plus simple est de pouvoir disposer de plusieurs devis \u00e9manant de diff\u00e9rentes soci\u00e9t\u00e9s. C&rsquo;est justement ce que nous vous proposons. Remplissez une demande de devis et nos partenaires vous feront chacun leur meilleure offre pour votre monte escalier \u00e0 Maisons-Alfort.<\/div>\n<p>&nbsp;<\/p>\n<div style=\"text-align: justify;\">Le monte escalier c&rsquo;est presque toujours du sur mesure, chaque foyer est diff\u00e9rente et a ses propres sp\u00e9cificit\u00e9s. Dans la tr\u00e8s grande majorit\u00e9 des cas l&rsquo;installation du monte escalier est possible chez vous. Pour vous en assurer remplissez une demande de rappel (en notant au pr\u00e9alable les dimensions de votre escalier). Plusieurs installateurs vous rappelleront sans d\u00e9lai, pour discuter avec vous du type de monte escalier qui s&rsquo;adaptera le mieux \u00e0 votre foyer \u00e0 Maisons-Alfort.<\/div>\n<p>&nbsp;<\/p>\n<div style=\"text-align: justify;\">Pour vous familiariser avec les mod\u00e8les de monte escalier n&rsquo;h\u00e9sitez pas \u00e0 faire une demande de documentation, via notre formulaire de de demande de documentation, vous recevrez ainsi par courrier \u00e9lectronique des renseignements pr\u00e9cis sur les diff\u00e9rents mod\u00e8les de monte escalier disponibles \u00e0 la vente dans les soci\u00e9t\u00e9s de monte escalier que nous recommandons.<\/div>\n<p>&nbsp;<\/p>\n<div>Ne faites plus la chasse aux prestataires, laissez notre service de mise en relation faire le travail pour vous. C&rsquo;est int\u00e9gralement gratuit et cela vous permettra d&rsquo;\u00eatre mis tr\u00e8s rapidement en relation avec notre liste de professionnels du monte escalier de Maisons-Alfort et sa r\u00e9gion, sans efforts, ni contraintes&#8230; difficile de vous proposer mieux non? Je ne pense pas.<\/div>\n<\/div>\n<p>&nbsp;<\/p>\n<div class=\"titre_liens\">Pr\u00e8s de chez vous, nous vous proposons \u00e9galement :<\/div>\n<p>&nbsp;<\/p>\n<div class=\"boite_liens\"><a href=\"https:\/\/www.monteescalier.net\/france\/monte-escalier-fontenay-sous-bois\">Monte escalier Fontenay-sous-Bois<\/a><br \/>\n<a href=\"https:\/\/www.monteescalier.net\/france\/monte-escalier-vincennes\">Monte escalier Vincennes<\/a><br \/>\n<a href=\"https:\/\/www.monteescalier.net\/france\/monte-escalier-alfortville\">Monte escalier Alfortville<\/a><br \/>\n<a href=\"https:\/\/www.monteescalier.net\/france\/monte-escalier-choisy-le-roi\">Monte escalier Choisy-le-Roi<\/a><br \/>\n<a href=\"https:\/\/www.monteescalier.net\/france\/monte-escalier-le-perreux-sur-marne\">Monte escalier Perreux-sur-Marne<\/a><\/div>\n<div>MAJ: 24\/09\/18<\/div>\n","protected":false},"excerpt":{"rendered":"<p>Vers qui se tourner pour un monte escalier \u00e0 Maisons-Alfort ? Vous vous posez certainement cette questions si vous avez envisag\u00e9 l&rsquo;achat d&rsquo;un monte escalier \u00e0 Maisons-Alfort, Quid des marques connues, des installateurs en Ile de France, les diff\u00e9rences de prix, la qualit\u00e9 de service? Nous pouvons vous aider \u00e0 y voir plus clair en [&hellip;]<\/p>\n","protected":false},"author":1,"featured_media":0,"parent":0,"menu_order":0,"comment_status":"closed","ping_status":"closed","template":"template_ville_20.php","meta":{"_monsterinsights_skip_tracking":false,"_monsterinsights_sitenote_active":false,"_monsterinsights_sitenote_note":"","_monsterinsights_sitenote_category":0,"footnotes":""},"class_list":["post-1007","page","type-page","status-publish","hentry"],"yoast_head":"<!-- This site is optimized with the Yoast SEO plugin v26.3 - https:\/\/yoast.com\/wordpress\/plugins\/seo\/ -->\n<title>Monte escalier Maisons-Alfort - Monte escalier<\/title>\n<meta name=\"robots\" content=\"index, follow, max-snippet:-1, max-image-preview:large, max-video-preview:-1\" \/>\n<link rel=\"canonical\" href=\"https:\/\/www.monteescalier.net\/france\/monte-escalier-maisons-alfort\/\" \/>\n<meta property=\"og:locale\" content=\"fr_FR\" \/>\n<meta property=\"og:type\" content=\"article\" \/>\n<meta property=\"og:title\" content=\"Monte escalier Maisons-Alfort - Monte escalier\" \/>\n<meta property=\"og:description\" content=\"Vers qui se tourner pour un monte escalier \u00e0 Maisons-Alfort ? Vous vous posez certainement cette questions si vous avez envisag\u00e9 l&rsquo;achat d&rsquo;un monte escalier \u00e0 Maisons-Alfort, Quid des marques connues, des installateurs en Ile de France, les diff\u00e9rences de prix, la qualit\u00e9 de service? Nous pouvons vous aider \u00e0 y voir plus clair en [&hellip;]\" \/>\n<meta property=\"og:url\" content=\"https:\/\/www.monteescalier.net\/france\/monte-escalier-maisons-alfort\/\" \/>\n<meta property=\"og:site_name\" content=\"Monte escalier\" \/>\n<meta property=\"article:modified_time\" content=\"2020-01-16T16:57:48+00:00\" \/>\n<meta name=\"twitter:card\" content=\"summary_large_image\" \/>\n<meta name=\"twitter:label1\" content=\"Dur\u00e9e de lecture estim\u00e9e\" \/>\n\t<meta name=\"twitter:data1\" content=\"2 minutes\" \/>\n<script type=\"application\/ld+json\" class=\"yoast-schema-graph\">{\"@context\":\"https:\/\/schema.org\",\"@graph\":[{\"@type\":\"WebPage\",\"@id\":\"https:\/\/www.monteescalier.net\/france\/monte-escalier-maisons-alfort\/\",\"url\":\"https:\/\/www.monteescalier.net\/france\/monte-escalier-maisons-alfort\/\",\"name\":\"Monte escalier Maisons-Alfort - Monte escalier\",\"isPartOf\":{\"@id\":\"https:\/\/www.monteescalier.net\/france\/#website\"},\"datePublished\":\"2019-09-24T09:47:12+00:00\",\"dateModified\":\"2020-01-16T16:57:48+00:00\",\"breadcrumb\":{\"@id\":\"https:\/\/www.monteescalier.net\/france\/monte-escalier-maisons-alfort\/#breadcrumb\"},\"inLanguage\":\"fr-FR\",\"potentialAction\":[{\"@type\":\"ReadAction\",\"target\":[\"https:\/\/www.monteescalier.net\/france\/monte-escalier-maisons-alfort\/\"]}]},{\"@type\":\"BreadcrumbList\",\"@id\":\"https:\/\/www.monteescalier.net\/france\/monte-escalier-maisons-alfort\/#breadcrumb\",\"itemListElement\":[{\"@type\":\"ListItem\",\"position\":1,\"name\":\"Accueil\",\"item\":\"https:\/\/www.monteescalier.net\/france\/\"},{\"@type\":\"ListItem\",\"position\":2,\"name\":\"Monte escalier Maisons-Alfort\"}]},{\"@type\":\"WebSite\",\"@id\":\"https:\/\/www.monteescalier.net\/france\/#website\",\"url\":\"https:\/\/www.monteescalier.net\/france\/\",\"name\":\"Monte escalier\",\"description\":\"\",\"publisher\":{\"@id\":\"https:\/\/www.monteescalier.net\/france\/#organization\"},\"potentialAction\":[{\"@type\":\"SearchAction\",\"target\":{\"@type\":\"EntryPoint\",\"urlTemplate\":\"https:\/\/www.monteescalier.net\/france\/?s={search_term_string}\"},\"query-input\":{\"@type\":\"PropertyValueSpecification\",\"valueRequired\":true,\"valueName\":\"search_term_string\"}}],\"inLanguage\":\"fr-FR\"},{\"@type\":\"Organization\",\"@id\":\"https:\/\/www.monteescalier.net\/france\/#organization\",\"name\":\"monte-escalier.net\",\"url\":\"https:\/\/www.monteescalier.net\/france\/\",\"logo\":{\"@type\":\"ImageObject\",\"inLanguage\":\"fr-FR\",\"@id\":\"https:\/\/www.monteescalier.net\/france\/#\/schema\/logo\/image\/\",\"url\":\"https:\/\/www.monteescalier.net\/france\/wp-content\/uploads\/2016\/10\/4devis-mont-escalier-500-500.gif\",\"contentUrl\":\"https:\/\/www.monteescalier.net\/france\/wp-content\/uploads\/2016\/10\/4devis-mont-escalier-500-500.gif\",\"width\":500,\"height\":500,\"caption\":\"monte-escalier.net\"},\"image\":{\"@id\":\"https:\/\/www.monteescalier.net\/france\/#\/schema\/logo\/image\/\"}}]}<\/script>\n<!-- \/ Yoast SEO plugin. -->","yoast_head_json":{"title":"Monte escalier Maisons-Alfort - Monte escalier","robots":{"index":"index","follow":"follow","max-snippet":"max-snippet:-1","max-image-preview":"max-image-preview:large","max-video-preview":"max-video-preview:-1"},"canonical":"https:\/\/www.monteescalier.net\/france\/monte-escalier-maisons-alfort\/","og_locale":"fr_FR","og_type":"article","og_title":"Monte escalier Maisons-Alfort - Monte escalier","og_description":"Vers qui se tourner pour un monte escalier \u00e0 Maisons-Alfort ? Vous vous posez certainement cette questions si vous avez envisag\u00e9 l&rsquo;achat d&rsquo;un monte escalier \u00e0 Maisons-Alfort, Quid des marques connues, des installateurs en Ile de France, les diff\u00e9rences de prix, la qualit\u00e9 de service? Nous pouvons vous aider \u00e0 y voir plus clair en [&hellip;]","og_url":"https:\/\/www.monteescalier.net\/france\/monte-escalier-maisons-alfort\/","og_site_name":"Monte escalier","article_modified_time":"2020-01-16T16:57:48+00:00","twitter_card":"summary_large_image","twitter_misc":{"Dur\u00e9e de lecture estim\u00e9e":"2 minutes"},"schema":{"@context":"https:\/\/schema.org","@graph":[{"@type":"WebPage","@id":"https:\/\/www.monteescalier.net\/france\/monte-escalier-maisons-alfort\/","url":"https:\/\/www.monteescalier.net\/france\/monte-escalier-maisons-alfort\/","name":"Monte escalier Maisons-Alfort - Monte escalier","isPartOf":{"@id":"https:\/\/www.monteescalier.net\/france\/#website"},"datePublished":"2019-09-24T09:47:12+00:00","dateModified":"2020-01-16T16:57:48+00:00","breadcrumb":{"@id":"https:\/\/www.monteescalier.net\/france\/monte-escalier-maisons-alfort\/#breadcrumb"},"inLanguage":"fr-FR","potentialAction":[{"@type":"ReadAction","target":["https:\/\/www.monteescalier.net\/france\/monte-escalier-maisons-alfort\/"]}]},{"@type":"BreadcrumbList","@id":"https:\/\/www.monteescalier.net\/france\/monte-escalier-maisons-alfort\/#breadcrumb","itemListElement":[{"@type":"ListItem","position":1,"name":"Accueil","item":"https:\/\/www.monteescalier.net\/france\/"},{"@type":"ListItem","position":2,"name":"Monte escalier Maisons-Alfort"}]},{"@type":"WebSite","@id":"https:\/\/www.monteescalier.net\/france\/#website","url":"https:\/\/www.monteescalier.net\/france\/","name":"Monte escalier","description":"","publisher":{"@id":"https:\/\/www.monteescalier.net\/france\/#organization"},"potentialAction":[{"@type":"SearchAction","target":{"@type":"EntryPoint","urlTemplate":"https:\/\/www.monteescalier.net\/france\/?s={search_term_string}"},"query-input":{"@type":"PropertyValueSpecification","valueRequired":true,"valueName":"search_term_string"}}],"inLanguage":"fr-FR"},{"@type":"Organization","@id":"https:\/\/www.monteescalier.net\/france\/#organization","name":"monte-escalier.net","url":"https:\/\/www.monteescalier.net\/france\/","logo":{"@type":"ImageObject","inLanguage":"fr-FR","@id":"https:\/\/www.monteescalier.net\/france\/#\/schema\/logo\/image\/","url":"https:\/\/www.monteescalier.net\/france\/wp-content\/uploads\/2016\/10\/4devis-mont-escalier-500-500.gif","contentUrl":"https:\/\/www.monteescalier.net\/france\/wp-content\/uploads\/2016\/10\/4devis-mont-escalier-500-500.gif","width":500,"height":500,"caption":"monte-escalier.net"},"image":{"@id":"https:\/\/www.monteescalier.net\/france\/#\/schema\/logo\/image\/"}}]}},"_links":{"self":[{"href":"https:\/\/www.monteescalier.net\/france\/wp-json\/wp\/v2\/pages\/1007","targetHints":{"allow":["GET"]}}],"collection":[{"href":"https:\/\/www.monteescalier.net\/france\/wp-json\/wp\/v2\/pages"}],"about":[{"href":"https:\/\/www.monteescalier.net\/france\/wp-json\/wp\/v2\/types\/page"}],"author":[{"embeddable":true,"href":"https:\/\/www.monteescalier.net\/france\/wp-json\/wp\/v2\/users\/1"}],"replies":[{"embeddable":true,"href":"https:\/\/www.monteescalier.net\/france\/wp-json\/wp\/v2\/comments?post=1007"}],"version-history":[{"count":5,"href":"https:\/\/www.monteescalier.net\/france\/wp-json\/wp\/v2\/pages\/1007\/revisions"}],"predecessor-version":[{"id":8101,"href":"https:\/\/www.monteescalier.net\/france\/wp-json\/wp\/v2\/pages\/1007\/revisions\/8101"}],"wp:attachment":[{"href":"https:\/\/www.monteescalier.net\/france\/wp-json\/wp\/v2\/media?parent=1007"}],"curies":[{"name":"wp","href":"https:\/\/api.w.org\/{rel}","templated":true}]}}