{"id":1012,"date":"2019-09-27T09:47:12","date_gmt":"2019-09-27T08:47:12","guid":{"rendered":"https:\/\/www.monteescalier.net\/france\/?page_id=1012"},"modified":"2020-01-16T17:22:50","modified_gmt":"2020-01-16T16:22:50","slug":"monte-escalier-epinay-sur-seine","status":"publish","type":"page","link":"https:\/\/www.monteescalier.net\/france\/monte-escalier-epinay-sur-seine\/","title":{"rendered":"Monte escalier \u00c9pinay-sur-Seine"},"content":{"rendered":"<h1>Faire poser un monte escalier \u00e0 \u00c9pinay-sur-Seine<\/h1>\n<div class=\"boite_texte\">\n<div style=\"text-align: justify; margin-bottom: 10px;\">Vous voulez faire poser un monte escalier \u00e0 \u00c9pinay-sur-Seine, faites nous confiance pour vous d\u00e9nicher les installateurs de monte escalier qui pourront vous proposer les prix les plus int\u00e9ressants en \u00cele de France.<\/div>\n<div style=\"text-align: justify; margin-bottom: 10px;\">La vocation de ce site web est de faciliter l&rsquo;achat de votre monte escalier en vous mettant en contact directement avec les revendeurs de monte escalier sur \u00c9pinay-sur-Seine, car avoir plusieurs propositions vous permettra de choisir la meilleure.<\/div>\n<div style=\"text-align: justify; margin-bottom: 10px;\">Inutile de chercher et d&rsquo;appeler tous les revendeurs de monte escalier d&rsquo;\u00c9pinay-sur-Seine. En compl\u00e9tant une demande de devis sur notre site, vous recevrez gratuitement plusieurs propositions des professionnels de votre region, sans vous d\u00e9placer. Vous n&rsquo;aurez plus qu&rsquo;\u00e0 choisir la meilleure offre.<\/div>\n<div style=\"text-align: justify; margin-bottom: 10px;\">Avoir des sp\u00e9cialistes du monte escalier \u00e0 l&rsquo;autre bout de la ligne pour discuter de votre projet, voici ce que vous permettra notre site si vous remplissez une demande de rappel. Vous serez tr\u00e8s rapidement recontact\u00e9s par nos partenaires experts qui pourront r\u00e9pondre \u00e0 toutes vos questions relatives \u00e0 la sp\u00e9cificit\u00e9 de l&rsquo;installation de votre monte escalier.<\/div>\n<div style=\"text-align: justify; margin-bottom: 10px;\">Compulser de la documentation sur les monte escalier directement depuis chez vous sans vous d\u00e9placer c&rsquo;est possible et m\u00eame gratuit. Remplissez simplement un formulaire de demande de documentation et vous recevrez par la poste ou par email, toutes les documentations sur les types de produits commercialis\u00e9s par nos partenaires vendeurs de monte escalier.<\/div>\n<div style=\"text-align: justify; margin-bottom: 10px;\">Pourquoi aller chercher ailleurs alors que tous nos services sont enti\u00e8rement gratuits. Nous avons fait le travail de pr\u00e9selection de votre prestataire monte escalier \u00e0 \u00c9pinay-sur-Seine. Utilisez nos services ne vous co\u00fbtera rien et ne vous engagera \u00e0 rien&#8230; alors pourquoi ne pas essayer ! Laissez nous vos coordonn\u00e9es et testez nos services sans engagement.<\/div>\n<\/div>\n<div class=\"titre_liens\">Vous serez peut \u00eatre int\u00e9ress\u00e9s aussi par nos autres offres en Seine Saint Denis (93)<\/div>\n<div class=\"boite_liens\"><a href=\"https:\/\/www.monteescalier.net\/france\/monte-escalier-sevran\">Monte escalier Sevran<\/a><br \/>\n<a href=\"https:\/\/www.monteescalier.net\/france\/monte-escalier-le-blanc-mesnil\">Monte escalier Blanc-Mesnil<\/a><br \/>\n<a href=\"https:\/\/www.monteescalier.net\/france\/monte-escalier-bobigny\">Monte escalier Bobigny<\/a><br \/>\n<a href=\"https:\/\/www.monteescalier.net\/france\/monte-escalier-saint-ouen\">Monte escalier Saint-Ouen<\/a><br \/>\n<a href=\"https:\/\/www.monteescalier.net\/france\/monte-escalier-livry-gargan\">Monte escalier Livry-Gargan<\/a><\/div>\n<div>MAJ: 27\/09\/18<\/div>\n","protected":false},"excerpt":{"rendered":"<p>Faire poser un monte escalier \u00e0 \u00c9pinay-sur-Seine Vous voulez faire poser un monte escalier \u00e0 \u00c9pinay-sur-Seine, faites nous confiance pour vous d\u00e9nicher les installateurs de monte escalier qui pourront vous proposer les prix les plus int\u00e9ressants en \u00cele de France. La vocation de ce site web est de faciliter l&rsquo;achat de votre monte escalier en [&hellip;]<\/p>\n","protected":false},"author":1,"featured_media":0,"parent":0,"menu_order":0,"comment_status":"closed","ping_status":"open","template":"template_ville_1.php","meta":{"_monsterinsights_skip_tracking":false,"_monsterinsights_sitenote_active":false,"_monsterinsights_sitenote_note":"","_monsterinsights_sitenote_category":0,"footnotes":""},"class_list":["post-1012","page","type-page","status-publish","hentry"],"yoast_head":"<!-- This site is optimized with the Yoast SEO plugin v26.3 - https:\/\/yoast.com\/wordpress\/plugins\/seo\/ -->\n<title>Monte escalier \u00c9pinay-sur-Seine - Monte escalier<\/title>\n<meta name=\"robots\" content=\"index, follow, max-snippet:-1, max-image-preview:large, max-video-preview:-1\" \/>\n<link rel=\"canonical\" href=\"https:\/\/www.monteescalier.net\/france\/monte-escalier-epinay-sur-seine\/\" \/>\n<meta property=\"og:locale\" content=\"fr_FR\" \/>\n<meta property=\"og:type\" content=\"article\" \/>\n<meta property=\"og:title\" content=\"Monte escalier \u00c9pinay-sur-Seine - Monte escalier\" \/>\n<meta property=\"og:description\" content=\"Faire poser un monte escalier \u00e0 \u00c9pinay-sur-Seine Vous voulez faire poser un monte escalier \u00e0 \u00c9pinay-sur-Seine, faites nous confiance pour vous d\u00e9nicher les installateurs de monte escalier qui pourront vous proposer les prix les plus int\u00e9ressants en \u00cele de France. La vocation de ce site web est de faciliter l&rsquo;achat de votre monte escalier en [&hellip;]\" \/>\n<meta property=\"og:url\" content=\"https:\/\/www.monteescalier.net\/france\/monte-escalier-epinay-sur-seine\/\" \/>\n<meta property=\"og:site_name\" content=\"Monte escalier\" \/>\n<meta property=\"article:modified_time\" content=\"2020-01-16T16:22:50+00:00\" \/>\n<meta name=\"twitter:card\" content=\"summary_large_image\" \/>\n<meta name=\"twitter:label1\" content=\"Dur\u00e9e de lecture estim\u00e9e\" \/>\n\t<meta name=\"twitter:data1\" content=\"2 minutes\" \/>\n<script type=\"application\/ld+json\" class=\"yoast-schema-graph\">{\"@context\":\"https:\/\/schema.org\",\"@graph\":[{\"@type\":\"WebPage\",\"@id\":\"https:\/\/www.monteescalier.net\/france\/monte-escalier-epinay-sur-seine\/\",\"url\":\"https:\/\/www.monteescalier.net\/france\/monte-escalier-epinay-sur-seine\/\",\"name\":\"Monte escalier \u00c9pinay-sur-Seine - Monte escalier\",\"isPartOf\":{\"@id\":\"https:\/\/www.monteescalier.net\/france\/#website\"},\"datePublished\":\"2019-09-27T08:47:12+00:00\",\"dateModified\":\"2020-01-16T16:22:50+00:00\",\"breadcrumb\":{\"@id\":\"https:\/\/www.monteescalier.net\/france\/monte-escalier-epinay-sur-seine\/#breadcrumb\"},\"inLanguage\":\"fr-FR\",\"potentialAction\":[{\"@type\":\"ReadAction\",\"target\":[\"https:\/\/www.monteescalier.net\/france\/monte-escalier-epinay-sur-seine\/\"]}]},{\"@type\":\"BreadcrumbList\",\"@id\":\"https:\/\/www.monteescalier.net\/france\/monte-escalier-epinay-sur-seine\/#breadcrumb\",\"itemListElement\":[{\"@type\":\"ListItem\",\"position\":1,\"name\":\"Accueil\",\"item\":\"https:\/\/www.monteescalier.net\/france\/\"},{\"@type\":\"ListItem\",\"position\":2,\"name\":\"Monte escalier \u00c9pinay-sur-Seine\"}]},{\"@type\":\"WebSite\",\"@id\":\"https:\/\/www.monteescalier.net\/france\/#website\",\"url\":\"https:\/\/www.monteescalier.net\/france\/\",\"name\":\"Monte escalier\",\"description\":\"\",\"publisher\":{\"@id\":\"https:\/\/www.monteescalier.net\/france\/#organization\"},\"potentialAction\":[{\"@type\":\"SearchAction\",\"target\":{\"@type\":\"EntryPoint\",\"urlTemplate\":\"https:\/\/www.monteescalier.net\/france\/?s={search_term_string}\"},\"query-input\":{\"@type\":\"PropertyValueSpecification\",\"valueRequired\":true,\"valueName\":\"search_term_string\"}}],\"inLanguage\":\"fr-FR\"},{\"@type\":\"Organization\",\"@id\":\"https:\/\/www.monteescalier.net\/france\/#organization\",\"name\":\"monte-escalier.net\",\"url\":\"https:\/\/www.monteescalier.net\/france\/\",\"logo\":{\"@type\":\"ImageObject\",\"inLanguage\":\"fr-FR\",\"@id\":\"https:\/\/www.monteescalier.net\/france\/#\/schema\/logo\/image\/\",\"url\":\"https:\/\/www.monteescalier.net\/france\/wp-content\/uploads\/2016\/10\/4devis-mont-escalier-500-500.gif\",\"contentUrl\":\"https:\/\/www.monteescalier.net\/france\/wp-content\/uploads\/2016\/10\/4devis-mont-escalier-500-500.gif\",\"width\":500,\"height\":500,\"caption\":\"monte-escalier.net\"},\"image\":{\"@id\":\"https:\/\/www.monteescalier.net\/france\/#\/schema\/logo\/image\/\"}}]}<\/script>\n<!-- \/ Yoast SEO plugin. -->","yoast_head_json":{"title":"Monte escalier \u00c9pinay-sur-Seine - Monte escalier","robots":{"index":"index","follow":"follow","max-snippet":"max-snippet:-1","max-image-preview":"max-image-preview:large","max-video-preview":"max-video-preview:-1"},"canonical":"https:\/\/www.monteescalier.net\/france\/monte-escalier-epinay-sur-seine\/","og_locale":"fr_FR","og_type":"article","og_title":"Monte escalier \u00c9pinay-sur-Seine - Monte escalier","og_description":"Faire poser un monte escalier \u00e0 \u00c9pinay-sur-Seine Vous voulez faire poser un monte escalier \u00e0 \u00c9pinay-sur-Seine, faites nous confiance pour vous d\u00e9nicher les installateurs de monte escalier qui pourront vous proposer les prix les plus int\u00e9ressants en \u00cele de France. La vocation de ce site web est de faciliter l&rsquo;achat de votre monte escalier en [&hellip;]","og_url":"https:\/\/www.monteescalier.net\/france\/monte-escalier-epinay-sur-seine\/","og_site_name":"Monte escalier","article_modified_time":"2020-01-16T16:22:50+00:00","twitter_card":"summary_large_image","twitter_misc":{"Dur\u00e9e de lecture estim\u00e9e":"2 minutes"},"schema":{"@context":"https:\/\/schema.org","@graph":[{"@type":"WebPage","@id":"https:\/\/www.monteescalier.net\/france\/monte-escalier-epinay-sur-seine\/","url":"https:\/\/www.monteescalier.net\/france\/monte-escalier-epinay-sur-seine\/","name":"Monte escalier \u00c9pinay-sur-Seine - Monte escalier","isPartOf":{"@id":"https:\/\/www.monteescalier.net\/france\/#website"},"datePublished":"2019-09-27T08:47:12+00:00","dateModified":"2020-01-16T16:22:50+00:00","breadcrumb":{"@id":"https:\/\/www.monteescalier.net\/france\/monte-escalier-epinay-sur-seine\/#breadcrumb"},"inLanguage":"fr-FR","potentialAction":[{"@type":"ReadAction","target":["https:\/\/www.monteescalier.net\/france\/monte-escalier-epinay-sur-seine\/"]}]},{"@type":"BreadcrumbList","@id":"https:\/\/www.monteescalier.net\/france\/monte-escalier-epinay-sur-seine\/#breadcrumb","itemListElement":[{"@type":"ListItem","position":1,"name":"Accueil","item":"https:\/\/www.monteescalier.net\/france\/"},{"@type":"ListItem","position":2,"name":"Monte escalier \u00c9pinay-sur-Seine"}]},{"@type":"WebSite","@id":"https:\/\/www.monteescalier.net\/france\/#website","url":"https:\/\/www.monteescalier.net\/france\/","name":"Monte escalier","description":"","publisher":{"@id":"https:\/\/www.monteescalier.net\/france\/#organization"},"potentialAction":[{"@type":"SearchAction","target":{"@type":"EntryPoint","urlTemplate":"https:\/\/www.monteescalier.net\/france\/?s={search_term_string}"},"query-input":{"@type":"PropertyValueSpecification","valueRequired":true,"valueName":"search_term_string"}}],"inLanguage":"fr-FR"},{"@type":"Organization","@id":"https:\/\/www.monteescalier.net\/france\/#organization","name":"monte-escalier.net","url":"https:\/\/www.monteescalier.net\/france\/","logo":{"@type":"ImageObject","inLanguage":"fr-FR","@id":"https:\/\/www.monteescalier.net\/france\/#\/schema\/logo\/image\/","url":"https:\/\/www.monteescalier.net\/france\/wp-content\/uploads\/2016\/10\/4devis-mont-escalier-500-500.gif","contentUrl":"https:\/\/www.monteescalier.net\/france\/wp-content\/uploads\/2016\/10\/4devis-mont-escalier-500-500.gif","width":500,"height":500,"caption":"monte-escalier.net"},"image":{"@id":"https:\/\/www.monteescalier.net\/france\/#\/schema\/logo\/image\/"}}]}},"_links":{"self":[{"href":"https:\/\/www.monteescalier.net\/france\/wp-json\/wp\/v2\/pages\/1012","targetHints":{"allow":["GET"]}}],"collection":[{"href":"https:\/\/www.monteescalier.net\/france\/wp-json\/wp\/v2\/pages"}],"about":[{"href":"https:\/\/www.monteescalier.net\/france\/wp-json\/wp\/v2\/types\/page"}],"author":[{"embeddable":true,"href":"https:\/\/www.monteescalier.net\/france\/wp-json\/wp\/v2\/users\/1"}],"replies":[{"embeddable":true,"href":"https:\/\/www.monteescalier.net\/france\/wp-json\/wp\/v2\/comments?post=1012"}],"version-history":[{"count":4,"href":"https:\/\/www.monteescalier.net\/france\/wp-json\/wp\/v2\/pages\/1012\/revisions"}],"predecessor-version":[{"id":8185,"href":"https:\/\/www.monteescalier.net\/france\/wp-json\/wp\/v2\/pages\/1012\/revisions\/8185"}],"wp:attachment":[{"href":"https:\/\/www.monteescalier.net\/france\/wp-json\/wp\/v2\/media?parent=1012"}],"curies":[{"name":"wp","href":"https:\/\/api.w.org\/{rel}","templated":true}]}}