{"id":1016,"date":"2013-09-26T10:47:12","date_gmt":"2013-09-26T10:47:12","guid":{"rendered":"https:\/\/www.monteescalier.net\/france\/?page_id=1016"},"modified":"2016-10-24T16:51:43","modified_gmt":"2016-10-24T15:51:43","slug":"monte-escalier-grasse","status":"publish","type":"page","link":"https:\/\/www.monteescalier.net\/france\/monte-escalier-grasse\/","title":{"rendered":"Monte escalier Grasse"},"content":{"rendered":"<h1>Faire installer un monte escalier \u00e0 Grasse<\/h1>\n<div class=\"boite_texte\">\n<div style=\"text-align: justify; margin-bottom: 10px;\">Vous souhaitez faire installer\u00a0un monte escalier \u00e0 Grasse, passez par monteescalier.net pour s\u00e9lectionner les prestataires que vous allez ensuite mettre en \u00a0concurrence.<\/div>\n<div style=\"text-align: justify; margin-bottom: 10px;\">Nous sommes l\u00e0 pour vous\u00a0faciliter l&rsquo;achat de votre monte escalier en vous mettant en rapport directement avec les revendeurs de monte escalier sur Grasse et dans le d\u00e9partement, car avoir plusieurs propositions entre vos mains vous permettra de choisir la meilleure offre : <strong>financi\u00e8rement et qualitativement<\/strong>.<\/div>\n<div style=\"text-align: justify; margin-bottom: 10px;\">Vous voulez recevoir plusieurs devis de monte escalier pour votre r\u00e9sidence \u00e0 Grasse, vous n&rsquo;avez qu&rsquo;une demande \u00e0 faire sur ce site et vous en recevrez tr\u00e8s rapidement entre 3 et 5 devis diff\u00e9rents. Nous contactons pour vous les professionnels de Grasse, et croyez-le ou non :\u00a0Pour vous c&rsquo;est gratuit !<\/div>\n<div style=\"text-align: justify; margin-bottom: 10px;\">Vous avez des questions sur l&rsquo;installation d&rsquo;un monte escalier, sur le co\u00fbt des monte escalier, sur les diff\u00e9rents mod\u00e8les, utilisez notre formulaire de demande de rappel et les professionnels du monte escalier vous rappelleront de suite pour vous donner tous les pr\u00e9cisions n\u00e9cessaires, et vous proposer une pr\u00e9\u00e9tude chiffr\u00e9e pour l&rsquo;installation de votre monte escalier par leurs soins.<\/div>\n<div style=\"text-align: justify; margin-bottom: 10px;\">Vous voulez choisir son mod\u00e8le de monte escalier directement depuis votre fauteuil ? C&rsquo;est possible avec monteescalier.net. Remplissez directement notre\u00a0formulaire de demande de documentation sur le site monteescalier.net\u00a0et vous recevrez toute la documentation n\u00e9cessaire sur les mod\u00e8les de monte escalier commercialis\u00e9s par nos professionnels partenaires.<\/div>\n<div style=\"text-align: justify; margin-bottom: 10px;\">Avec monteescalier.net, pas de mauvaise surprise en vue : nous ne facturons absolument rien et vous ne prenez aucun engagement en faisant une demande sur notre site: les devis, documentation et rappel sont gratuits ! Tous nos partenaires vendeurs de monte escalier de\u00a0Grasse et des alpes maritimes s&rsquo;y engagent. Testez-nous, vous ne le regretterez pas.<\/div>\n<\/div>\n<div class=\"titre_liens\">Retrouvez les services monteescalier.net dans d&rsquo;autres villes du d\u00e9partement des Alpes Maritimes<\/div>\n<div class=\"boite_liens\"><a href=\"https:\/\/www.monteescalier.net\/france\/monte-escalier-cagnes-sur-mer\">Monte escalier Cagnes-sur-Mer<\/a><br \/>\n<a href=\"https:\/\/www.monteescalier.net\/france\/monte-escalier-le-cannet\">Monte escalier Cannet<\/a><br \/>\n<a href=\"https:\/\/www.monteescalier.net\/france\/monte-escalier-saint-laurent-du-var\">Monte escalier Saint-Laurent-du-Var<\/a><br \/>\n<a href=\"https:\/\/www.monteescalier.net\/france\/monte-escalier-vallauris\">Monte escalier Vallauris<\/a><br \/>\n<a href=\"https:\/\/www.monteescalier.net\/france\/monte-escalier-menton\">Monte escalier Menton<\/a><\/div>\n","protected":false},"excerpt":{"rendered":"<p>Faire installer un monte escalier \u00e0 Grasse Vous souhaitez faire installer\u00a0un monte escalier \u00e0 Grasse, passez par monteescalier.net pour s\u00e9lectionner les prestataires que vous allez ensuite mettre en \u00a0concurrence. Nous sommes l\u00e0 pour vous\u00a0faciliter l&rsquo;achat de votre monte escalier en vous mettant en rapport directement avec les revendeurs de monte escalier sur Grasse et dans [&hellip;]<\/p>\n","protected":false},"author":1,"featured_media":0,"parent":0,"menu_order":0,"comment_status":"closed","ping_status":"open","template":"template_ville_20.php","meta":{"_monsterinsights_skip_tracking":false,"_monsterinsights_sitenote_active":false,"_monsterinsights_sitenote_note":"","_monsterinsights_sitenote_category":0,"footnotes":""},"class_list":["post-1016","page","type-page","status-publish","hentry"],"yoast_head":"<!-- This site is optimized with the Yoast SEO plugin v26.3 - https:\/\/yoast.com\/wordpress\/plugins\/seo\/ -->\n<title>Monte escalier Grasse - Monte escalier<\/title>\n<meta name=\"robots\" content=\"index, follow, max-snippet:-1, max-image-preview:large, max-video-preview:-1\" \/>\n<link rel=\"canonical\" href=\"https:\/\/www.monteescalier.net\/france\/monte-escalier-grasse\/\" \/>\n<meta property=\"og:locale\" content=\"fr_FR\" \/>\n<meta property=\"og:type\" content=\"article\" \/>\n<meta property=\"og:title\" content=\"Monte escalier Grasse - Monte escalier\" \/>\n<meta property=\"og:description\" content=\"Faire installer un monte escalier \u00e0 Grasse Vous souhaitez faire installer\u00a0un monte escalier \u00e0 Grasse, passez par monteescalier.net pour s\u00e9lectionner les prestataires que vous allez ensuite mettre en \u00a0concurrence. Nous sommes l\u00e0 pour vous\u00a0faciliter l&rsquo;achat de votre monte escalier en vous mettant en rapport directement avec les revendeurs de monte escalier sur Grasse et dans [&hellip;]\" \/>\n<meta property=\"og:url\" content=\"https:\/\/www.monteescalier.net\/france\/monte-escalier-grasse\/\" \/>\n<meta property=\"og:site_name\" content=\"Monte escalier\" \/>\n<meta property=\"article:modified_time\" content=\"2016-10-24T15:51:43+00:00\" \/>\n<meta name=\"twitter:card\" content=\"summary_large_image\" \/>\n<meta name=\"twitter:label1\" content=\"Dur\u00e9e de lecture estim\u00e9e\" \/>\n\t<meta name=\"twitter:data1\" content=\"2 minutes\" \/>\n<script type=\"application\/ld+json\" class=\"yoast-schema-graph\">{\"@context\":\"https:\/\/schema.org\",\"@graph\":[{\"@type\":\"WebPage\",\"@id\":\"https:\/\/www.monteescalier.net\/france\/monte-escalier-grasse\/\",\"url\":\"https:\/\/www.monteescalier.net\/france\/monte-escalier-grasse\/\",\"name\":\"Monte escalier Grasse - Monte escalier\",\"isPartOf\":{\"@id\":\"https:\/\/www.monteescalier.net\/france\/#website\"},\"datePublished\":\"2013-09-26T10:47:12+00:00\",\"dateModified\":\"2016-10-24T15:51:43+00:00\",\"breadcrumb\":{\"@id\":\"https:\/\/www.monteescalier.net\/france\/monte-escalier-grasse\/#breadcrumb\"},\"inLanguage\":\"fr-FR\",\"potentialAction\":[{\"@type\":\"ReadAction\",\"target\":[\"https:\/\/www.monteescalier.net\/france\/monte-escalier-grasse\/\"]}]},{\"@type\":\"BreadcrumbList\",\"@id\":\"https:\/\/www.monteescalier.net\/france\/monte-escalier-grasse\/#breadcrumb\",\"itemListElement\":[{\"@type\":\"ListItem\",\"position\":1,\"name\":\"Accueil\",\"item\":\"https:\/\/www.monteescalier.net\/france\/\"},{\"@type\":\"ListItem\",\"position\":2,\"name\":\"Monte escalier Grasse\"}]},{\"@type\":\"WebSite\",\"@id\":\"https:\/\/www.monteescalier.net\/france\/#website\",\"url\":\"https:\/\/www.monteescalier.net\/france\/\",\"name\":\"Monte escalier\",\"description\":\"\",\"publisher\":{\"@id\":\"https:\/\/www.monteescalier.net\/france\/#organization\"},\"potentialAction\":[{\"@type\":\"SearchAction\",\"target\":{\"@type\":\"EntryPoint\",\"urlTemplate\":\"https:\/\/www.monteescalier.net\/france\/?s={search_term_string}\"},\"query-input\":{\"@type\":\"PropertyValueSpecification\",\"valueRequired\":true,\"valueName\":\"search_term_string\"}}],\"inLanguage\":\"fr-FR\"},{\"@type\":\"Organization\",\"@id\":\"https:\/\/www.monteescalier.net\/france\/#organization\",\"name\":\"monte-escalier.net\",\"url\":\"https:\/\/www.monteescalier.net\/france\/\",\"logo\":{\"@type\":\"ImageObject\",\"inLanguage\":\"fr-FR\",\"@id\":\"https:\/\/www.monteescalier.net\/france\/#\/schema\/logo\/image\/\",\"url\":\"https:\/\/www.monteescalier.net\/france\/wp-content\/uploads\/2016\/10\/4devis-mont-escalier-500-500.gif\",\"contentUrl\":\"https:\/\/www.monteescalier.net\/france\/wp-content\/uploads\/2016\/10\/4devis-mont-escalier-500-500.gif\",\"width\":500,\"height\":500,\"caption\":\"monte-escalier.net\"},\"image\":{\"@id\":\"https:\/\/www.monteescalier.net\/france\/#\/schema\/logo\/image\/\"}}]}<\/script>\n<!-- \/ Yoast SEO plugin. -->","yoast_head_json":{"title":"Monte escalier Grasse - Monte escalier","robots":{"index":"index","follow":"follow","max-snippet":"max-snippet:-1","max-image-preview":"max-image-preview:large","max-video-preview":"max-video-preview:-1"},"canonical":"https:\/\/www.monteescalier.net\/france\/monte-escalier-grasse\/","og_locale":"fr_FR","og_type":"article","og_title":"Monte escalier Grasse - Monte escalier","og_description":"Faire installer un monte escalier \u00e0 Grasse Vous souhaitez faire installer\u00a0un monte escalier \u00e0 Grasse, passez par monteescalier.net pour s\u00e9lectionner les prestataires que vous allez ensuite mettre en \u00a0concurrence. Nous sommes l\u00e0 pour vous\u00a0faciliter l&rsquo;achat de votre monte escalier en vous mettant en rapport directement avec les revendeurs de monte escalier sur Grasse et dans [&hellip;]","og_url":"https:\/\/www.monteescalier.net\/france\/monte-escalier-grasse\/","og_site_name":"Monte escalier","article_modified_time":"2016-10-24T15:51:43+00:00","twitter_card":"summary_large_image","twitter_misc":{"Dur\u00e9e de lecture estim\u00e9e":"2 minutes"},"schema":{"@context":"https:\/\/schema.org","@graph":[{"@type":"WebPage","@id":"https:\/\/www.monteescalier.net\/france\/monte-escalier-grasse\/","url":"https:\/\/www.monteescalier.net\/france\/monte-escalier-grasse\/","name":"Monte escalier Grasse - Monte escalier","isPartOf":{"@id":"https:\/\/www.monteescalier.net\/france\/#website"},"datePublished":"2013-09-26T10:47:12+00:00","dateModified":"2016-10-24T15:51:43+00:00","breadcrumb":{"@id":"https:\/\/www.monteescalier.net\/france\/monte-escalier-grasse\/#breadcrumb"},"inLanguage":"fr-FR","potentialAction":[{"@type":"ReadAction","target":["https:\/\/www.monteescalier.net\/france\/monte-escalier-grasse\/"]}]},{"@type":"BreadcrumbList","@id":"https:\/\/www.monteescalier.net\/france\/monte-escalier-grasse\/#breadcrumb","itemListElement":[{"@type":"ListItem","position":1,"name":"Accueil","item":"https:\/\/www.monteescalier.net\/france\/"},{"@type":"ListItem","position":2,"name":"Monte escalier Grasse"}]},{"@type":"WebSite","@id":"https:\/\/www.monteescalier.net\/france\/#website","url":"https:\/\/www.monteescalier.net\/france\/","name":"Monte escalier","description":"","publisher":{"@id":"https:\/\/www.monteescalier.net\/france\/#organization"},"potentialAction":[{"@type":"SearchAction","target":{"@type":"EntryPoint","urlTemplate":"https:\/\/www.monteescalier.net\/france\/?s={search_term_string}"},"query-input":{"@type":"PropertyValueSpecification","valueRequired":true,"valueName":"search_term_string"}}],"inLanguage":"fr-FR"},{"@type":"Organization","@id":"https:\/\/www.monteescalier.net\/france\/#organization","name":"monte-escalier.net","url":"https:\/\/www.monteescalier.net\/france\/","logo":{"@type":"ImageObject","inLanguage":"fr-FR","@id":"https:\/\/www.monteescalier.net\/france\/#\/schema\/logo\/image\/","url":"https:\/\/www.monteescalier.net\/france\/wp-content\/uploads\/2016\/10\/4devis-mont-escalier-500-500.gif","contentUrl":"https:\/\/www.monteescalier.net\/france\/wp-content\/uploads\/2016\/10\/4devis-mont-escalier-500-500.gif","width":500,"height":500,"caption":"monte-escalier.net"},"image":{"@id":"https:\/\/www.monteescalier.net\/france\/#\/schema\/logo\/image\/"}}]}},"_links":{"self":[{"href":"https:\/\/www.monteescalier.net\/france\/wp-json\/wp\/v2\/pages\/1016","targetHints":{"allow":["GET"]}}],"collection":[{"href":"https:\/\/www.monteescalier.net\/france\/wp-json\/wp\/v2\/pages"}],"about":[{"href":"https:\/\/www.monteescalier.net\/france\/wp-json\/wp\/v2\/types\/page"}],"author":[{"embeddable":true,"href":"https:\/\/www.monteescalier.net\/france\/wp-json\/wp\/v2\/users\/1"}],"replies":[{"embeddable":true,"href":"https:\/\/www.monteescalier.net\/france\/wp-json\/wp\/v2\/comments?post=1016"}],"version-history":[{"count":3,"href":"https:\/\/www.monteescalier.net\/france\/wp-json\/wp\/v2\/pages\/1016\/revisions"}],"predecessor-version":[{"id":7243,"href":"https:\/\/www.monteescalier.net\/france\/wp-json\/wp\/v2\/pages\/1016\/revisions\/7243"}],"wp:attachment":[{"href":"https:\/\/www.monteescalier.net\/france\/wp-json\/wp\/v2\/media?parent=1016"}],"curies":[{"name":"wp","href":"https:\/\/api.w.org\/{rel}","templated":true}]}}