{"id":1021,"date":"2019-02-26T10:47:12","date_gmt":"2019-02-26T09:47:12","guid":{"rendered":"https:\/\/www.monteescalier.net\/france\/?page_id=1021"},"modified":"2020-01-15T16:40:36","modified_gmt":"2020-01-15T15:40:36","slug":"monte-escalier-laval","status":"publish","type":"page","link":"https:\/\/www.monteescalier.net\/france\/monte-escalier-laval\/","title":{"rendered":"Monte escalier Laval"},"content":{"rendered":"<h1>Un\u00a0monte escalier \u00e0 Laval ?<\/h1>\n<div class=\"boite_texte\">\n<div style=\"text-align: justify; margin-bottom: 10px;\">Vous avez besoin de faire monter sur votre escalier un monte escalier \u00e0 Laval ? gagnez du temps et de l&rsquo;argent avec monteescalier.net, vous verrez, la concurrence a du bon : nous pouvons vous permettre de mettre les installateurs mayennais en concurrence.<\/div>\n<div style=\"text-align: justify; margin-bottom: 10px;\">La vocation de ce site de conseils est de vous faciliter l&rsquo;achat pour\u00a0<a href=\"https:\/\/www.monteescalier.net\">votre monte escalier<\/a> en vous mettant en rapport directement, sans interm\u00e9diaire avec les revendeurs de monte escalier de la r\u00e9gion; en ayant plusieurs offres et devis en main, vous serez, vous verrez, plus \u00e0 l&rsquo;aise pour prendre une d\u00e9cision.<\/div>\n<div style=\"text-align: justify; margin-bottom: 10px;\">Vous voulez recevoir plusieurs devis de monte escalier pour l&rsquo;escalier de votre r\u00e9sidence \u00e0 Laval, vous n&rsquo;avez qu&rsquo;une demande \u00e0 faire sur ce site (en haut de cet article) et vous en recevrez tr\u00e8s rapidement entre 3 et 5 devis diff\u00e9rents. Nous contactons pour vous les professionnels de Laval que nous connaissons et surtout que nous recommandons, et devinez quoi ? Pour vous c&rsquo;est gratuit !<\/div>\n<div align=\"center\">\n<div id=\"attachment_6803\" style=\"width: 310px\" class=\"wp-caption aligncenter\"><a href=\"https:\/\/www.monteescalier.net\/france\/wp-content\/uploads\/2013\/09\/laval-lechateau.jpg\"><img loading=\"lazy\" decoding=\"async\" aria-describedby=\"caption-attachment-6803\" class=\"size-medium wp-image-6803\" src=\"https:\/\/www.monteescalier.net\/france\/wp-content\/uploads\/2013\/09\/laval-lechateau-300x209.jpg\" alt=\"Laval, vue du ch\u00e2teau. Photo Manfred Heyde\" width=\"300\" height=\"209\" srcset=\"https:\/\/www.monteescalier.net\/france\/wp-content\/uploads\/2013\/09\/laval-lechateau-300x209.jpg 300w, https:\/\/www.monteescalier.net\/france\/wp-content\/uploads\/2013\/09\/laval-lechateau.jpg 800w\" sizes=\"auto, (max-width: 300px) 100vw, 300px\" \/><\/a><p id=\"caption-attachment-6803\" class=\"wp-caption-text\">Laval, vue du ch\u00e2teau. Photo Wikipedia<a href=\"http:\/\/de.wikipedia.org\/wiki\/Datei:Laval_Town_2007_01.jpg\" target=\"_blank\" rel=\"noopener noreferrer\"> Manfred Heyde<\/a><\/p><\/div>\n<\/div>\n<div style=\"text-align: justify; margin-bottom: 10px;\">L&rsquo;installation d&rsquo;un monte escalier est une op\u00e9ration plut\u00f4t technique qui n\u00e9cessite une pr\u00e9paration minutieuse et ainsi garantir votre s\u00e9curit\u00e9 sur le fauteuil monte escalier. N&rsquo;enisagez pas de le poser vous-m\u00eames, pensez \u00e0 la s\u00e9curit\u00e9 de ceux qui seront amen\u00e9s \u00e0 l&rsquo;utiliser? Il est en cons\u00e9quence normal que vous vous posiez des questions sur cette installation. Pour lever vos doutes, nous vous proposons de <a href=\"https:\/\/www.monteescalier.net\/demande-de-rappel.php\">remplir une demande de rappel<\/a> afin que nos partenaires experts puissent vous rappeler et vous donner par t\u00e9l\u00e9phone leurs avis respectifs sur la mise en place de votre monte escalier.<\/div>\n<div style=\"text-align: justify; margin-bottom: 10px;\">Nos revendeurs partenaires peuvent \u00e9galement vous faire parvenir de la documentation sur les diff\u00e9rents mod\u00e8les de monte escalier qu&rsquo;ils commercialisent, qu&rsquo;ils peuvent vous faire parvenir par email, \u00e0 condition que vous entriez vos coordonn\u00e9es compl\u00e8tes car les prestataires r\u00e9pondent rarement aux demandes anonymes ou incompl\u00e8tes..<\/div>\n<div style=\"text-align: justify; margin-bottom: 10px;\">Tous les services propos\u00e9s par ce site sont enti\u00e8rement gratuits et sans obligation d&rsquo;achat. Nous sommes un service de mise en relation. Vous serez mis en contact directement avec nos partenaires vendeurs de monte escalier et vous traiterez directement avec eux. Vous \u00eates totalement libres de n\u00e9gocier et de signer ou pas avec un des prestataires avec lequel nous vous avons mis en relation.<\/div>\n<\/div>\n<div class=\"titre_liens\">Retrouvez les services monteescalier.net dans d&rsquo;autres villes de \u00a0Mayenne<\/div>\n<div class=\"boite_liens\"><a href=\"https:\/\/www.monteescalier.net\/france\/monte-escalier-mayenne-53\">Monte escalier Mayenne<\/a><br \/>\n<a href=\"https:\/\/www.monteescalier.net\/france\/monte-escalier-chateau-gontier\">Monte escalier Ch\u00e2teau-Gontier<\/a><br \/>\n<a href=\"https:\/\/www.monteescalier.net\/france\/monte-escalier-evron\">Monte escalier \u00c9vron<\/a><br \/>\n<a href=\"https:\/\/www.monteescalier.net\/france\/monte-escalier-saint-berthevin\">Monte escalier Saint-Berthevin<\/a><br \/>\n<a href=\"https:\/\/www.monteescalier.net\/france\/monte-escalier-ernee\">Monte escalier Ern\u00e9e<\/a><\/div>\n","protected":false},"excerpt":{"rendered":"<p>Un\u00a0monte escalier \u00e0 Laval ? Vous avez besoin de faire monter sur votre escalier un monte escalier \u00e0 Laval ? gagnez du temps et de l&rsquo;argent avec monteescalier.net, vous verrez, la concurrence a du bon : nous pouvons vous permettre de mettre les installateurs mayennais en concurrence. La vocation de ce site de conseils est [&hellip;]<\/p>\n","protected":false},"author":1,"featured_media":0,"parent":0,"menu_order":0,"comment_status":"closed","ping_status":"open","template":"template_ville_4.php","meta":{"_monsterinsights_skip_tracking":false,"_monsterinsights_sitenote_active":false,"_monsterinsights_sitenote_note":"","_monsterinsights_sitenote_category":0,"footnotes":""},"class_list":["post-1021","page","type-page","status-publish","hentry"],"yoast_head":"<!-- This site is optimized with the Yoast SEO plugin v26.3 - https:\/\/yoast.com\/wordpress\/plugins\/seo\/ -->\n<title>Monte escalier Laval - Monte escalier<\/title>\n<meta name=\"robots\" content=\"index, follow, max-snippet:-1, max-image-preview:large, max-video-preview:-1\" \/>\n<link rel=\"canonical\" href=\"https:\/\/www.monteescalier.net\/france\/monte-escalier-laval\/\" \/>\n<meta property=\"og:locale\" content=\"fr_FR\" \/>\n<meta property=\"og:type\" content=\"article\" \/>\n<meta property=\"og:title\" content=\"Monte escalier Laval - Monte escalier\" \/>\n<meta property=\"og:description\" content=\"Un\u00a0monte escalier \u00e0 Laval ? Vous avez besoin de faire monter sur votre escalier un monte escalier \u00e0 Laval ? gagnez du temps et de l&rsquo;argent avec monteescalier.net, vous verrez, la concurrence a du bon : nous pouvons vous permettre de mettre les installateurs mayennais en concurrence. La vocation de ce site de conseils est [&hellip;]\" \/>\n<meta property=\"og:url\" content=\"https:\/\/www.monteescalier.net\/france\/monte-escalier-laval\/\" \/>\n<meta property=\"og:site_name\" content=\"Monte escalier\" \/>\n<meta property=\"article:modified_time\" content=\"2020-01-15T15:40:36+00:00\" \/>\n<meta property=\"og:image\" content=\"https:\/\/www.monteescalier.net\/france\/wp-content\/uploads\/2013\/09\/laval-lechateau-300x209.jpg\" \/>\n<meta name=\"twitter:card\" content=\"summary_large_image\" \/>\n<meta name=\"twitter:label1\" content=\"Dur\u00e9e de lecture estim\u00e9e\" \/>\n\t<meta name=\"twitter:data1\" content=\"2 minutes\" \/>\n<script type=\"application\/ld+json\" class=\"yoast-schema-graph\">{\"@context\":\"https:\/\/schema.org\",\"@graph\":[{\"@type\":\"WebPage\",\"@id\":\"https:\/\/www.monteescalier.net\/france\/monte-escalier-laval\/\",\"url\":\"https:\/\/www.monteescalier.net\/france\/monte-escalier-laval\/\",\"name\":\"Monte escalier Laval - Monte escalier\",\"isPartOf\":{\"@id\":\"https:\/\/www.monteescalier.net\/france\/#website\"},\"primaryImageOfPage\":{\"@id\":\"https:\/\/www.monteescalier.net\/france\/monte-escalier-laval\/#primaryimage\"},\"image\":{\"@id\":\"https:\/\/www.monteescalier.net\/france\/monte-escalier-laval\/#primaryimage\"},\"thumbnailUrl\":\"https:\/\/www.monteescalier.net\/france\/wp-content\/uploads\/2013\/09\/laval-lechateau-300x209.jpg\",\"datePublished\":\"2019-02-26T09:47:12+00:00\",\"dateModified\":\"2020-01-15T15:40:36+00:00\",\"breadcrumb\":{\"@id\":\"https:\/\/www.monteescalier.net\/france\/monte-escalier-laval\/#breadcrumb\"},\"inLanguage\":\"fr-FR\",\"potentialAction\":[{\"@type\":\"ReadAction\",\"target\":[\"https:\/\/www.monteescalier.net\/france\/monte-escalier-laval\/\"]}]},{\"@type\":\"ImageObject\",\"inLanguage\":\"fr-FR\",\"@id\":\"https:\/\/www.monteescalier.net\/france\/monte-escalier-laval\/#primaryimage\",\"url\":\"https:\/\/www.monteescalier.net\/france\/wp-content\/uploads\/2013\/09\/laval-lechateau.jpg\",\"contentUrl\":\"https:\/\/www.monteescalier.net\/france\/wp-content\/uploads\/2013\/09\/laval-lechateau.jpg\",\"width\":800,\"height\":559,\"caption\":\"Laval, vue du ch\u00e2teau. Photo Manfred Heyde\"},{\"@type\":\"BreadcrumbList\",\"@id\":\"https:\/\/www.monteescalier.net\/france\/monte-escalier-laval\/#breadcrumb\",\"itemListElement\":[{\"@type\":\"ListItem\",\"position\":1,\"name\":\"Accueil\",\"item\":\"https:\/\/www.monteescalier.net\/france\/\"},{\"@type\":\"ListItem\",\"position\":2,\"name\":\"Monte escalier Laval\"}]},{\"@type\":\"WebSite\",\"@id\":\"https:\/\/www.monteescalier.net\/france\/#website\",\"url\":\"https:\/\/www.monteescalier.net\/france\/\",\"name\":\"Monte escalier\",\"description\":\"\",\"publisher\":{\"@id\":\"https:\/\/www.monteescalier.net\/france\/#organization\"},\"potentialAction\":[{\"@type\":\"SearchAction\",\"target\":{\"@type\":\"EntryPoint\",\"urlTemplate\":\"https:\/\/www.monteescalier.net\/france\/?s={search_term_string}\"},\"query-input\":{\"@type\":\"PropertyValueSpecification\",\"valueRequired\":true,\"valueName\":\"search_term_string\"}}],\"inLanguage\":\"fr-FR\"},{\"@type\":\"Organization\",\"@id\":\"https:\/\/www.monteescalier.net\/france\/#organization\",\"name\":\"monte-escalier.net\",\"url\":\"https:\/\/www.monteescalier.net\/france\/\",\"logo\":{\"@type\":\"ImageObject\",\"inLanguage\":\"fr-FR\",\"@id\":\"https:\/\/www.monteescalier.net\/france\/#\/schema\/logo\/image\/\",\"url\":\"https:\/\/www.monteescalier.net\/france\/wp-content\/uploads\/2016\/10\/4devis-mont-escalier-500-500.gif\",\"contentUrl\":\"https:\/\/www.monteescalier.net\/france\/wp-content\/uploads\/2016\/10\/4devis-mont-escalier-500-500.gif\",\"width\":500,\"height\":500,\"caption\":\"monte-escalier.net\"},\"image\":{\"@id\":\"https:\/\/www.monteescalier.net\/france\/#\/schema\/logo\/image\/\"}}]}<\/script>\n<!-- \/ Yoast SEO plugin. -->","yoast_head_json":{"title":"Monte escalier Laval - Monte escalier","robots":{"index":"index","follow":"follow","max-snippet":"max-snippet:-1","max-image-preview":"max-image-preview:large","max-video-preview":"max-video-preview:-1"},"canonical":"https:\/\/www.monteescalier.net\/france\/monte-escalier-laval\/","og_locale":"fr_FR","og_type":"article","og_title":"Monte escalier Laval - Monte escalier","og_description":"Un\u00a0monte escalier \u00e0 Laval ? Vous avez besoin de faire monter sur votre escalier un monte escalier \u00e0 Laval ? gagnez du temps et de l&rsquo;argent avec monteescalier.net, vous verrez, la concurrence a du bon : nous pouvons vous permettre de mettre les installateurs mayennais en concurrence. La vocation de ce site de conseils est [&hellip;]","og_url":"https:\/\/www.monteescalier.net\/france\/monte-escalier-laval\/","og_site_name":"Monte escalier","article_modified_time":"2020-01-15T15:40:36+00:00","og_image":[{"url":"https:\/\/www.monteescalier.net\/france\/wp-content\/uploads\/2013\/09\/laval-lechateau-300x209.jpg","type":"","width":"","height":""}],"twitter_card":"summary_large_image","twitter_misc":{"Dur\u00e9e de lecture estim\u00e9e":"2 minutes"},"schema":{"@context":"https:\/\/schema.org","@graph":[{"@type":"WebPage","@id":"https:\/\/www.monteescalier.net\/france\/monte-escalier-laval\/","url":"https:\/\/www.monteescalier.net\/france\/monte-escalier-laval\/","name":"Monte escalier Laval - Monte escalier","isPartOf":{"@id":"https:\/\/www.monteescalier.net\/france\/#website"},"primaryImageOfPage":{"@id":"https:\/\/www.monteescalier.net\/france\/monte-escalier-laval\/#primaryimage"},"image":{"@id":"https:\/\/www.monteescalier.net\/france\/monte-escalier-laval\/#primaryimage"},"thumbnailUrl":"https:\/\/www.monteescalier.net\/france\/wp-content\/uploads\/2013\/09\/laval-lechateau-300x209.jpg","datePublished":"2019-02-26T09:47:12+00:00","dateModified":"2020-01-15T15:40:36+00:00","breadcrumb":{"@id":"https:\/\/www.monteescalier.net\/france\/monte-escalier-laval\/#breadcrumb"},"inLanguage":"fr-FR","potentialAction":[{"@type":"ReadAction","target":["https:\/\/www.monteescalier.net\/france\/monte-escalier-laval\/"]}]},{"@type":"ImageObject","inLanguage":"fr-FR","@id":"https:\/\/www.monteescalier.net\/france\/monte-escalier-laval\/#primaryimage","url":"https:\/\/www.monteescalier.net\/france\/wp-content\/uploads\/2013\/09\/laval-lechateau.jpg","contentUrl":"https:\/\/www.monteescalier.net\/france\/wp-content\/uploads\/2013\/09\/laval-lechateau.jpg","width":800,"height":559,"caption":"Laval, vue du ch\u00e2teau. Photo Manfred Heyde"},{"@type":"BreadcrumbList","@id":"https:\/\/www.monteescalier.net\/france\/monte-escalier-laval\/#breadcrumb","itemListElement":[{"@type":"ListItem","position":1,"name":"Accueil","item":"https:\/\/www.monteescalier.net\/france\/"},{"@type":"ListItem","position":2,"name":"Monte escalier Laval"}]},{"@type":"WebSite","@id":"https:\/\/www.monteescalier.net\/france\/#website","url":"https:\/\/www.monteescalier.net\/france\/","name":"Monte escalier","description":"","publisher":{"@id":"https:\/\/www.monteescalier.net\/france\/#organization"},"potentialAction":[{"@type":"SearchAction","target":{"@type":"EntryPoint","urlTemplate":"https:\/\/www.monteescalier.net\/france\/?s={search_term_string}"},"query-input":{"@type":"PropertyValueSpecification","valueRequired":true,"valueName":"search_term_string"}}],"inLanguage":"fr-FR"},{"@type":"Organization","@id":"https:\/\/www.monteescalier.net\/france\/#organization","name":"monte-escalier.net","url":"https:\/\/www.monteescalier.net\/france\/","logo":{"@type":"ImageObject","inLanguage":"fr-FR","@id":"https:\/\/www.monteescalier.net\/france\/#\/schema\/logo\/image\/","url":"https:\/\/www.monteescalier.net\/france\/wp-content\/uploads\/2016\/10\/4devis-mont-escalier-500-500.gif","contentUrl":"https:\/\/www.monteescalier.net\/france\/wp-content\/uploads\/2016\/10\/4devis-mont-escalier-500-500.gif","width":500,"height":500,"caption":"monte-escalier.net"},"image":{"@id":"https:\/\/www.monteescalier.net\/france\/#\/schema\/logo\/image\/"}}]}},"_links":{"self":[{"href":"https:\/\/www.monteescalier.net\/france\/wp-json\/wp\/v2\/pages\/1021","targetHints":{"allow":["GET"]}}],"collection":[{"href":"https:\/\/www.monteescalier.net\/france\/wp-json\/wp\/v2\/pages"}],"about":[{"href":"https:\/\/www.monteescalier.net\/france\/wp-json\/wp\/v2\/types\/page"}],"author":[{"embeddable":true,"href":"https:\/\/www.monteescalier.net\/france\/wp-json\/wp\/v2\/users\/1"}],"replies":[{"embeddable":true,"href":"https:\/\/www.monteescalier.net\/france\/wp-json\/wp\/v2\/comments?post=1021"}],"version-history":[{"count":6,"href":"https:\/\/www.monteescalier.net\/france\/wp-json\/wp\/v2\/pages\/1021\/revisions"}],"predecessor-version":[{"id":8383,"href":"https:\/\/www.monteescalier.net\/france\/wp-json\/wp\/v2\/pages\/1021\/revisions\/8383"}],"wp:attachment":[{"href":"https:\/\/www.monteescalier.net\/france\/wp-json\/wp\/v2\/media?parent=1021"}],"curies":[{"name":"wp","href":"https:\/\/api.w.org\/{rel}","templated":true}]}}