{"id":1022,"date":"2019-03-15T10:47:12","date_gmt":"2019-03-15T09:47:12","guid":{"rendered":"https:\/\/www.monteescalier.net\/france\/?page_id=1022"},"modified":"2020-01-14T16:52:28","modified_gmt":"2020-01-14T15:52:28","slug":"monte-escalier-evreux","status":"publish","type":"page","link":"https:\/\/www.monteescalier.net\/france\/monte-escalier-evreux\/","title":{"rendered":"Monte escalier \u00c9vreux"},"content":{"rendered":"<h1>Vous envisagez de faire installer un monte escalier \u00e0 \u00c9vreux ?<\/h1>\n<div class=\"boite_texte\">\n<div style=\"text-align: justify; margin-bottom: 10px;\">Vous envisagez d&rsquo;\u00e9quiper votre maison d&rsquo;un monte escalier \u00e0 \u00c9vreux, vous avez frapp\u00e9 \u00e0 la bonne porte car nous pouvons en quelques clics vous mettre en relation avec 4 voire 5 installateurs de monte escaliers travaillant dans la r\u00e9gion Haute Normandie et ainsi vous permettre de comparer plus facilement et plus rapidement les prestations et les prix des installateurs de monte escalier dans la r\u00e9gion.<\/div>\n<div style=\"text-align: justify; margin-bottom: 10px;\">Nous avons pour objectif\u00a0de vous \u00a0faciliter l&rsquo;achat de votre monte escalier en vous permettant une mise\u00a0en relation directement avec les revendeurs de monte escalier sur \u00c9vreux, car avoir plusieurs propositions vous permettra bien entendu de choisir celle qui est \u00e0 vos yeux la plus avantageuse. Cela se fera en toute ind\u00e9pendance car nous ne d\u00e9pendons d&rsquo;aucune marque ou fabricant et parce que notre r\u00f4le se limite \u00e0 vous mettre en relation : en aucun cas nous n&rsquo;influons dans votre processus de d\u00e9cision, ou de non-d\u00e9cision d&rsquo;ailleurs.<\/div>\n<div style=\"text-align: justify; margin-bottom: 10px;\">Avoir acc\u00e8s \u00e0 plusieurs propositions, c&rsquo;est mieux pour prendre la bonne d\u00e9cision. C&rsquo;est pourquoi, en entrant simplement vos coordonn\u00e9es sur ce site dans le formulaire situ\u00e9 en haut de cette pafe, nous vous proposerons gratuitement 3, 4, voire 5 devis pour l&rsquo;installation de votre monte escalier \u00e0 \u00c9vreux.<\/div>\n<div align=\"center\">\n<div id=\"attachment_6784\" style=\"width: 310px\" class=\"wp-caption aligncenter\"><a href=\"https:\/\/www.monteescalier.net\/france\/wp-content\/uploads\/2013\/09\/evreux-palaisdejustice.jpg\"><img loading=\"lazy\" decoding=\"async\" aria-describedby=\"caption-attachment-6784\" class=\"size-medium wp-image-6784\" src=\"https:\/\/www.monteescalier.net\/france\/wp-content\/uploads\/2013\/09\/evreux-palaisdejustice-300x230.jpg\" alt=\"Evreux - Le palais de justice. Photo Stanze\" width=\"300\" height=\"230\" srcset=\"https:\/\/www.monteescalier.net\/france\/wp-content\/uploads\/2013\/09\/evreux-palaisdejustice-300x230.jpg 300w, https:\/\/www.monteescalier.net\/france\/wp-content\/uploads\/2013\/09\/evreux-palaisdejustice.jpg 640w\" sizes=\"auto, (max-width: 300px) 100vw, 300px\" \/><\/a><p id=\"caption-attachment-6784\" class=\"wp-caption-text\">Evreux &#8211; Le palais de justice. Photo <a href=\"https:\/\/www.flickr.com\/photos\/stanzebla\/\" target=\"_blank\" rel=\"noopener noreferrer\">Stanze<\/a><\/p><\/div>\n<\/div>\n<div style=\"text-align: justify; margin-bottom: 10px;\">Vous avez des questions sur l&rsquo;installation d&rsquo;un monte escalier, sur les tarifs des monte escalier, sur les diff\u00e9rents mod\u00e8les, sur les proc\u00e9d\u00e9s techniques comme le simple rail, le double rail, le syst\u00e8me de pivotement automatique sur les paliers ? Utilisez notre <a href=\"https:\/\/www.monteescalier.net\/demande-de-rappel.php\">formulaire de demande de rappel<\/a> et les professionnels du monte escalier vous rappelleront de suite.<\/div>\n<div style=\"text-align: justify; margin-bottom: 10px;\">Pour faire votre choix, vous pouvez aussi vouloir comparer les caract\u00e9ristiques d\u00e9taill\u00e9es des fauteuils <a href=\"https:\/\/www.monteescalier.net\">monte escalier<\/a> des diff\u00e9rentes marques disponibles \u00e0 la vente.la meilleure option dans cas est de vous servir de notre formulaire de demande de documentation que vous trouverez sur notre site. Par courriel, tr\u00e8s rapidement, vous recevrez gratuitement toutes les infos n\u00e9cessaires qui vous permettront de comparer \u00e0 t\u00eate repos\u00e9e les diff\u00e9rents mod\u00e8les de monte escalier.<\/div>\n<div style=\"text-align: justify; margin-bottom: 10px;\">Centralisez vos demandes sur les monte escalier gr\u00e2ce \u00e0 notre site enti\u00e8rement gratuit : un formulaire rempli = des contacts multiples avec les prestataires revendeurs de monte escalier \u00e0 \u00c9vreux et sa p\u00e9riph\u00e9rie. Si toutefois, les prestataires que nous avons pr\u00e9sent\u00e9s ne vous font pas de proposition int\u00e9ressante, libre \u00e0 vous d&rsquo;aller voir ailleurs. Une demande sur monteescalier.net ne vous engage absolument pas.<\/div>\n<\/div>\n<div class=\"titre_liens\">A voir aussi \u00e0 proximit\u00e9 d&rsquo;Evreux<\/div>\n<p>&nbsp;<\/p>\n<div class=\"boite_liens\"><a href=\"https:\/\/www.monteescalier.net\/france\/monte-escalier-vernon\">Monte escalier Vernon<\/a><br \/>\n<a href=\"https:\/\/www.monteescalier.net\/france\/monte-escalier-louviers\">Monte escalier Louviers<\/a><br \/>\n<a href=\"https:\/\/www.monteescalier.net\/france\/monte-escalier-val-de-reuil\">Monte escalier Val-de-Reuil<\/a><br \/>\n<a href=\"https:\/\/www.monteescalier.net\/france\/monte-escalier-gisors\">Monte escalier Gisors<\/a><br \/>\n<a href=\"https:\/\/www.monteescalier.net\/france\/monte-escalier-bernay\">Monte escalier Bernay<\/a><\/div>\n","protected":false},"excerpt":{"rendered":"<p>Vous envisagez de faire installer un monte escalier \u00e0 \u00c9vreux ? Vous envisagez d&rsquo;\u00e9quiper votre maison d&rsquo;un monte escalier \u00e0 \u00c9vreux, vous avez frapp\u00e9 \u00e0 la bonne porte car nous pouvons en quelques clics vous mettre en relation avec 4 voire 5 installateurs de monte escaliers travaillant dans la r\u00e9gion Haute Normandie et ainsi vous [&hellip;]<\/p>\n","protected":false},"author":1,"featured_media":0,"parent":0,"menu_order":0,"comment_status":"closed","ping_status":"open","template":"template_ville_1.php","meta":{"_monsterinsights_skip_tracking":false,"_monsterinsights_sitenote_active":false,"_monsterinsights_sitenote_note":"","_monsterinsights_sitenote_category":0,"footnotes":""},"class_list":["post-1022","page","type-page","status-publish","hentry"],"yoast_head":"<!-- This site is optimized with the Yoast SEO plugin v26.3 - https:\/\/yoast.com\/wordpress\/plugins\/seo\/ -->\n<title>Monte escalier \u00c9vreux - Monte escalier<\/title>\n<meta name=\"robots\" content=\"index, follow, max-snippet:-1, max-image-preview:large, max-video-preview:-1\" \/>\n<link rel=\"canonical\" href=\"https:\/\/www.monteescalier.net\/france\/monte-escalier-evreux\/\" \/>\n<meta property=\"og:locale\" content=\"fr_FR\" \/>\n<meta property=\"og:type\" content=\"article\" \/>\n<meta property=\"og:title\" content=\"Monte escalier \u00c9vreux - Monte escalier\" \/>\n<meta property=\"og:description\" content=\"Vous envisagez de faire installer un monte escalier \u00e0 \u00c9vreux ? Vous envisagez d&rsquo;\u00e9quiper votre maison d&rsquo;un monte escalier \u00e0 \u00c9vreux, vous avez frapp\u00e9 \u00e0 la bonne porte car nous pouvons en quelques clics vous mettre en relation avec 4 voire 5 installateurs de monte escaliers travaillant dans la r\u00e9gion Haute Normandie et ainsi vous [&hellip;]\" \/>\n<meta property=\"og:url\" content=\"https:\/\/www.monteescalier.net\/france\/monte-escalier-evreux\/\" \/>\n<meta property=\"og:site_name\" content=\"Monte escalier\" \/>\n<meta property=\"article:modified_time\" content=\"2020-01-14T15:52:28+00:00\" \/>\n<meta property=\"og:image\" content=\"https:\/\/www.monteescalier.net\/france\/wp-content\/uploads\/2013\/09\/evreux-palaisdejustice-300x230.jpg\" \/>\n<meta name=\"twitter:card\" content=\"summary_large_image\" \/>\n<meta name=\"twitter:label1\" content=\"Dur\u00e9e de lecture estim\u00e9e\" \/>\n\t<meta name=\"twitter:data1\" content=\"2 minutes\" \/>\n<script type=\"application\/ld+json\" class=\"yoast-schema-graph\">{\"@context\":\"https:\/\/schema.org\",\"@graph\":[{\"@type\":\"WebPage\",\"@id\":\"https:\/\/www.monteescalier.net\/france\/monte-escalier-evreux\/\",\"url\":\"https:\/\/www.monteescalier.net\/france\/monte-escalier-evreux\/\",\"name\":\"Monte escalier \u00c9vreux - Monte escalier\",\"isPartOf\":{\"@id\":\"https:\/\/www.monteescalier.net\/france\/#website\"},\"primaryImageOfPage\":{\"@id\":\"https:\/\/www.monteescalier.net\/france\/monte-escalier-evreux\/#primaryimage\"},\"image\":{\"@id\":\"https:\/\/www.monteescalier.net\/france\/monte-escalier-evreux\/#primaryimage\"},\"thumbnailUrl\":\"https:\/\/www.monteescalier.net\/france\/wp-content\/uploads\/2013\/09\/evreux-palaisdejustice-300x230.jpg\",\"datePublished\":\"2019-03-15T09:47:12+00:00\",\"dateModified\":\"2020-01-14T15:52:28+00:00\",\"breadcrumb\":{\"@id\":\"https:\/\/www.monteescalier.net\/france\/monte-escalier-evreux\/#breadcrumb\"},\"inLanguage\":\"fr-FR\",\"potentialAction\":[{\"@type\":\"ReadAction\",\"target\":[\"https:\/\/www.monteescalier.net\/france\/monte-escalier-evreux\/\"]}]},{\"@type\":\"ImageObject\",\"inLanguage\":\"fr-FR\",\"@id\":\"https:\/\/www.monteescalier.net\/france\/monte-escalier-evreux\/#primaryimage\",\"url\":\"https:\/\/www.monteescalier.net\/france\/wp-content\/uploads\/2013\/09\/evreux-palaisdejustice.jpg\",\"contentUrl\":\"https:\/\/www.monteescalier.net\/france\/wp-content\/uploads\/2013\/09\/evreux-palaisdejustice.jpg\",\"width\":640,\"height\":492,\"caption\":\"Evreux - Le palais de justice. Photo Stanze\"},{\"@type\":\"BreadcrumbList\",\"@id\":\"https:\/\/www.monteescalier.net\/france\/monte-escalier-evreux\/#breadcrumb\",\"itemListElement\":[{\"@type\":\"ListItem\",\"position\":1,\"name\":\"Accueil\",\"item\":\"https:\/\/www.monteescalier.net\/france\/\"},{\"@type\":\"ListItem\",\"position\":2,\"name\":\"Monte escalier \u00c9vreux\"}]},{\"@type\":\"WebSite\",\"@id\":\"https:\/\/www.monteescalier.net\/france\/#website\",\"url\":\"https:\/\/www.monteescalier.net\/france\/\",\"name\":\"Monte escalier\",\"description\":\"\",\"publisher\":{\"@id\":\"https:\/\/www.monteescalier.net\/france\/#organization\"},\"potentialAction\":[{\"@type\":\"SearchAction\",\"target\":{\"@type\":\"EntryPoint\",\"urlTemplate\":\"https:\/\/www.monteescalier.net\/france\/?s={search_term_string}\"},\"query-input\":{\"@type\":\"PropertyValueSpecification\",\"valueRequired\":true,\"valueName\":\"search_term_string\"}}],\"inLanguage\":\"fr-FR\"},{\"@type\":\"Organization\",\"@id\":\"https:\/\/www.monteescalier.net\/france\/#organization\",\"name\":\"monte-escalier.net\",\"url\":\"https:\/\/www.monteescalier.net\/france\/\",\"logo\":{\"@type\":\"ImageObject\",\"inLanguage\":\"fr-FR\",\"@id\":\"https:\/\/www.monteescalier.net\/france\/#\/schema\/logo\/image\/\",\"url\":\"https:\/\/www.monteescalier.net\/france\/wp-content\/uploads\/2016\/10\/4devis-mont-escalier-500-500.gif\",\"contentUrl\":\"https:\/\/www.monteescalier.net\/france\/wp-content\/uploads\/2016\/10\/4devis-mont-escalier-500-500.gif\",\"width\":500,\"height\":500,\"caption\":\"monte-escalier.net\"},\"image\":{\"@id\":\"https:\/\/www.monteescalier.net\/france\/#\/schema\/logo\/image\/\"}}]}<\/script>\n<!-- \/ Yoast SEO plugin. -->","yoast_head_json":{"title":"Monte escalier \u00c9vreux - Monte escalier","robots":{"index":"index","follow":"follow","max-snippet":"max-snippet:-1","max-image-preview":"max-image-preview:large","max-video-preview":"max-video-preview:-1"},"canonical":"https:\/\/www.monteescalier.net\/france\/monte-escalier-evreux\/","og_locale":"fr_FR","og_type":"article","og_title":"Monte escalier \u00c9vreux - Monte escalier","og_description":"Vous envisagez de faire installer un monte escalier \u00e0 \u00c9vreux ? Vous envisagez d&rsquo;\u00e9quiper votre maison d&rsquo;un monte escalier \u00e0 \u00c9vreux, vous avez frapp\u00e9 \u00e0 la bonne porte car nous pouvons en quelques clics vous mettre en relation avec 4 voire 5 installateurs de monte escaliers travaillant dans la r\u00e9gion Haute Normandie et ainsi vous [&hellip;]","og_url":"https:\/\/www.monteescalier.net\/france\/monte-escalier-evreux\/","og_site_name":"Monte escalier","article_modified_time":"2020-01-14T15:52:28+00:00","og_image":[{"url":"https:\/\/www.monteescalier.net\/france\/wp-content\/uploads\/2013\/09\/evreux-palaisdejustice-300x230.jpg","type":"","width":"","height":""}],"twitter_card":"summary_large_image","twitter_misc":{"Dur\u00e9e de lecture estim\u00e9e":"2 minutes"},"schema":{"@context":"https:\/\/schema.org","@graph":[{"@type":"WebPage","@id":"https:\/\/www.monteescalier.net\/france\/monte-escalier-evreux\/","url":"https:\/\/www.monteescalier.net\/france\/monte-escalier-evreux\/","name":"Monte escalier \u00c9vreux - Monte escalier","isPartOf":{"@id":"https:\/\/www.monteescalier.net\/france\/#website"},"primaryImageOfPage":{"@id":"https:\/\/www.monteescalier.net\/france\/monte-escalier-evreux\/#primaryimage"},"image":{"@id":"https:\/\/www.monteescalier.net\/france\/monte-escalier-evreux\/#primaryimage"},"thumbnailUrl":"https:\/\/www.monteescalier.net\/france\/wp-content\/uploads\/2013\/09\/evreux-palaisdejustice-300x230.jpg","datePublished":"2019-03-15T09:47:12+00:00","dateModified":"2020-01-14T15:52:28+00:00","breadcrumb":{"@id":"https:\/\/www.monteescalier.net\/france\/monte-escalier-evreux\/#breadcrumb"},"inLanguage":"fr-FR","potentialAction":[{"@type":"ReadAction","target":["https:\/\/www.monteescalier.net\/france\/monte-escalier-evreux\/"]}]},{"@type":"ImageObject","inLanguage":"fr-FR","@id":"https:\/\/www.monteescalier.net\/france\/monte-escalier-evreux\/#primaryimage","url":"https:\/\/www.monteescalier.net\/france\/wp-content\/uploads\/2013\/09\/evreux-palaisdejustice.jpg","contentUrl":"https:\/\/www.monteescalier.net\/france\/wp-content\/uploads\/2013\/09\/evreux-palaisdejustice.jpg","width":640,"height":492,"caption":"Evreux - Le palais de justice. Photo Stanze"},{"@type":"BreadcrumbList","@id":"https:\/\/www.monteescalier.net\/france\/monte-escalier-evreux\/#breadcrumb","itemListElement":[{"@type":"ListItem","position":1,"name":"Accueil","item":"https:\/\/www.monteescalier.net\/france\/"},{"@type":"ListItem","position":2,"name":"Monte escalier \u00c9vreux"}]},{"@type":"WebSite","@id":"https:\/\/www.monteescalier.net\/france\/#website","url":"https:\/\/www.monteescalier.net\/france\/","name":"Monte escalier","description":"","publisher":{"@id":"https:\/\/www.monteescalier.net\/france\/#organization"},"potentialAction":[{"@type":"SearchAction","target":{"@type":"EntryPoint","urlTemplate":"https:\/\/www.monteescalier.net\/france\/?s={search_term_string}"},"query-input":{"@type":"PropertyValueSpecification","valueRequired":true,"valueName":"search_term_string"}}],"inLanguage":"fr-FR"},{"@type":"Organization","@id":"https:\/\/www.monteescalier.net\/france\/#organization","name":"monte-escalier.net","url":"https:\/\/www.monteescalier.net\/france\/","logo":{"@type":"ImageObject","inLanguage":"fr-FR","@id":"https:\/\/www.monteescalier.net\/france\/#\/schema\/logo\/image\/","url":"https:\/\/www.monteescalier.net\/france\/wp-content\/uploads\/2016\/10\/4devis-mont-escalier-500-500.gif","contentUrl":"https:\/\/www.monteescalier.net\/france\/wp-content\/uploads\/2016\/10\/4devis-mont-escalier-500-500.gif","width":500,"height":500,"caption":"monte-escalier.net"},"image":{"@id":"https:\/\/www.monteescalier.net\/france\/#\/schema\/logo\/image\/"}}]}},"_links":{"self":[{"href":"https:\/\/www.monteescalier.net\/france\/wp-json\/wp\/v2\/pages\/1022","targetHints":{"allow":["GET"]}}],"collection":[{"href":"https:\/\/www.monteescalier.net\/france\/wp-json\/wp\/v2\/pages"}],"about":[{"href":"https:\/\/www.monteescalier.net\/france\/wp-json\/wp\/v2\/types\/page"}],"author":[{"embeddable":true,"href":"https:\/\/www.monteescalier.net\/france\/wp-json\/wp\/v2\/users\/1"}],"replies":[{"embeddable":true,"href":"https:\/\/www.monteescalier.net\/france\/wp-json\/wp\/v2\/comments?post=1022"}],"version-history":[{"count":7,"href":"https:\/\/www.monteescalier.net\/france\/wp-json\/wp\/v2\/pages\/1022\/revisions"}],"predecessor-version":[{"id":8294,"href":"https:\/\/www.monteescalier.net\/france\/wp-json\/wp\/v2\/pages\/1022\/revisions\/8294"}],"wp:attachment":[{"href":"https:\/\/www.monteescalier.net\/france\/wp-json\/wp\/v2\/media?parent=1022"}],"curies":[{"name":"wp","href":"https:\/\/api.w.org\/{rel}","templated":true}]}}