{"id":1028,"date":"2013-09-26T10:47:12","date_gmt":"2013-09-26T10:47:12","guid":{"rendered":"https:\/\/www.monteescalier.net\/france\/?page_id=1028"},"modified":"2014-10-30T14:30:09","modified_gmt":"2014-10-30T13:30:09","slug":"monte-escalier-cagnes-sur-mer","status":"publish","type":"page","link":"https:\/\/www.monteescalier.net\/france\/monte-escalier-cagnes-sur-mer\/","title":{"rendered":"Monte escalier Cagnes-sur-Mer"},"content":{"rendered":"<h1>Acheter son monte escalier \u00e0 Cagnes-sur-Mer<\/h1>\n<div class=\"boite_texte\">\n<div style=\"text-align:justify; margin-bottom:10px\">Il vous faut un monte escalier \u00e0 Cagnes-sur-Mer, Monteescalier.net est l\u00e0 pour vous aider en vous faisant faire 4 devis par les installateurs de votre r\u00e9gion, et tout ceci gratuitement bien-s\u00fbr !<\/div>\n<div style=\"text-align:justify; margin-bottom:10px\">La vocation de ce site internet est de faciliter l&rsquo;achat de votre monte escalier en vous permettant de mettre en relation directement avec les revendeurs de monte escalier sur Cagnes-sur-Mer, car avoir plusieurs propositions vous permettra de choisir la meilleure.<\/div>\n<div style=\"text-align:justify; margin-bottom:10px\">Le premier service que nous vous proposons gratuitement est la demande de devis gratuit. Et ce n&rsquo;est pas un devis que vous recevrez en remplissant un formulaire sur notre site mais 4 ou 5 propositions fermes \u00e9manant de professionnels du monte escalier de Cagnes-sur-Mer.<\/div>\n<div style=\"text-align:justify; margin-bottom:10px\">Vous avez des questions sur l&rsquo;installation d&rsquo;un monte escalier, sur le co\u00fbt des monte escalier, sur les diff\u00e9rents mod\u00e8les, utilisez notre formulaire de demande de rappel et les professionnels du monte escalier vous rappelleront rapidement.<\/div>\n<div style=\"text-align:justify; margin-bottom:10px\">Quel mod\u00e8le de monte escalier choisir ? Pour vous aider \u00e0 r\u00e9pondre \u00e0 cette question, aidez vous avec de la documentation gratuite sur les monte escaliers. Nos partenaires revendeurs peuvent, en effet, vous faire parvenir de la documentation sur les mod\u00e8les qu&rsquo;ils proposent \u00e0 la vente et qui vous permettront sans doute d&rsquo;\u00e9tablir une pr\u00e9selection entre les diff\u00e9rents mod\u00e8les que vous pourriez mettre en place chez vous.<\/div>\n<div style=\"text-align:justify; margin-bottom:10px\">Pourquoi aller chercher ailleurs alors que tous nos services sont enti\u00e8rement gratuits. Nous avons fait le travail de pr\u00e9selection de votre prestataire monte escalier \u00e0 Cagnes-sur-Mer. Utilisez nos services ne vous co\u00fbtera rien et ne vous engagera \u00e0 rien&#8230; alors pourquoi passer \u00e0 c\u00f4t\u00e9 ! Laissez nous vos coordonn\u00e9es et testez nos services sans engagement.<\/div>\n<\/div>\n<div class=\"titre_liens\">A voir \u00e9galement pr\u00e8s de chez vous<\/div>\n<p><\/p>\n<div class=\"boite_liens\"><a href=\"https:\/\/www.monteescalier.net\/france\/monte-escalier-le-cannet\">Monte escalier Cannet<\/a><br \/>\n<a href=\"https:\/\/www.monteescalier.net\/france\/monte-escalier-saint-laurent-du-var\">Monte escalier Saint-Laurent-du-Var<\/a><br \/>\n<a href=\"https:\/\/www.monteescalier.net\/france\/monte-escalier-vallauris\">Monte escalier Vallauris<\/a><br \/>\n<a href=\"https:\/\/www.monteescalier.net\/france\/monte-escalier-menton\">Monte escalier Menton<\/a><br \/>\n<a href=\"https:\/\/www.monteescalier.net\/france\/monte-escalier-mandelieu-la-napoule\">Monte escalier Mandelieu-la-Napoule<\/a>\n<\/div>\n","protected":false},"excerpt":{"rendered":"<p>Acheter son monte escalier \u00e0 Cagnes-sur-Mer Il vous faut un monte escalier \u00e0 Cagnes-sur-Mer, Monteescalier.net est l\u00e0 pour vous aider en vous faisant faire 4 devis par les installateurs de votre r\u00e9gion, et tout ceci gratuitement bien-s\u00fbr ! La vocation de ce site internet est de faciliter l&rsquo;achat de votre monte escalier en vous permettant [&hellip;]<\/p>\n","protected":false},"author":1,"featured_media":0,"parent":0,"menu_order":0,"comment_status":"closed","ping_status":"open","template":"template_ville_9.php","meta":{"_monsterinsights_skip_tracking":false,"_monsterinsights_sitenote_active":false,"_monsterinsights_sitenote_note":"","_monsterinsights_sitenote_category":0,"footnotes":""},"class_list":["post-1028","page","type-page","status-publish","hentry"],"yoast_head":"<!-- This site is optimized with the Yoast SEO plugin v26.3 - https:\/\/yoast.com\/wordpress\/plugins\/seo\/ -->\n<title>Monte escalier Cagnes-sur-Mer - Monte escalier<\/title>\n<meta name=\"robots\" content=\"index, follow, max-snippet:-1, max-image-preview:large, max-video-preview:-1\" \/>\n<link rel=\"canonical\" href=\"https:\/\/www.monteescalier.net\/france\/monte-escalier-cagnes-sur-mer\/\" \/>\n<meta property=\"og:locale\" content=\"fr_FR\" \/>\n<meta property=\"og:type\" content=\"article\" \/>\n<meta property=\"og:title\" content=\"Monte escalier Cagnes-sur-Mer - Monte escalier\" \/>\n<meta property=\"og:description\" content=\"Acheter son monte escalier \u00e0 Cagnes-sur-Mer Il vous faut un monte escalier \u00e0 Cagnes-sur-Mer, Monteescalier.net est l\u00e0 pour vous aider en vous faisant faire 4 devis par les installateurs de votre r\u00e9gion, et tout ceci gratuitement bien-s\u00fbr ! La vocation de ce site internet est de faciliter l&rsquo;achat de votre monte escalier en vous permettant [&hellip;]\" \/>\n<meta property=\"og:url\" content=\"https:\/\/www.monteescalier.net\/france\/monte-escalier-cagnes-sur-mer\/\" \/>\n<meta property=\"og:site_name\" content=\"Monte escalier\" \/>\n<meta property=\"article:modified_time\" content=\"2014-10-30T13:30:09+00:00\" \/>\n<meta name=\"twitter:card\" content=\"summary_large_image\" \/>\n<meta name=\"twitter:label1\" content=\"Dur\u00e9e de lecture estim\u00e9e\" \/>\n\t<meta name=\"twitter:data1\" content=\"2 minutes\" \/>\n<script type=\"application\/ld+json\" class=\"yoast-schema-graph\">{\"@context\":\"https:\/\/schema.org\",\"@graph\":[{\"@type\":\"WebPage\",\"@id\":\"https:\/\/www.monteescalier.net\/france\/monte-escalier-cagnes-sur-mer\/\",\"url\":\"https:\/\/www.monteescalier.net\/france\/monte-escalier-cagnes-sur-mer\/\",\"name\":\"Monte escalier Cagnes-sur-Mer - Monte escalier\",\"isPartOf\":{\"@id\":\"https:\/\/www.monteescalier.net\/france\/#website\"},\"datePublished\":\"2013-09-26T10:47:12+00:00\",\"dateModified\":\"2014-10-30T13:30:09+00:00\",\"breadcrumb\":{\"@id\":\"https:\/\/www.monteescalier.net\/france\/monte-escalier-cagnes-sur-mer\/#breadcrumb\"},\"inLanguage\":\"fr-FR\",\"potentialAction\":[{\"@type\":\"ReadAction\",\"target\":[\"https:\/\/www.monteescalier.net\/france\/monte-escalier-cagnes-sur-mer\/\"]}]},{\"@type\":\"BreadcrumbList\",\"@id\":\"https:\/\/www.monteescalier.net\/france\/monte-escalier-cagnes-sur-mer\/#breadcrumb\",\"itemListElement\":[{\"@type\":\"ListItem\",\"position\":1,\"name\":\"Accueil\",\"item\":\"https:\/\/www.monteescalier.net\/france\/\"},{\"@type\":\"ListItem\",\"position\":2,\"name\":\"Monte escalier Cagnes-sur-Mer\"}]},{\"@type\":\"WebSite\",\"@id\":\"https:\/\/www.monteescalier.net\/france\/#website\",\"url\":\"https:\/\/www.monteescalier.net\/france\/\",\"name\":\"Monte escalier\",\"description\":\"\",\"publisher\":{\"@id\":\"https:\/\/www.monteescalier.net\/france\/#organization\"},\"potentialAction\":[{\"@type\":\"SearchAction\",\"target\":{\"@type\":\"EntryPoint\",\"urlTemplate\":\"https:\/\/www.monteescalier.net\/france\/?s={search_term_string}\"},\"query-input\":{\"@type\":\"PropertyValueSpecification\",\"valueRequired\":true,\"valueName\":\"search_term_string\"}}],\"inLanguage\":\"fr-FR\"},{\"@type\":\"Organization\",\"@id\":\"https:\/\/www.monteescalier.net\/france\/#organization\",\"name\":\"monte-escalier.net\",\"url\":\"https:\/\/www.monteescalier.net\/france\/\",\"logo\":{\"@type\":\"ImageObject\",\"inLanguage\":\"fr-FR\",\"@id\":\"https:\/\/www.monteescalier.net\/france\/#\/schema\/logo\/image\/\",\"url\":\"https:\/\/www.monteescalier.net\/france\/wp-content\/uploads\/2016\/10\/4devis-mont-escalier-500-500.gif\",\"contentUrl\":\"https:\/\/www.monteescalier.net\/france\/wp-content\/uploads\/2016\/10\/4devis-mont-escalier-500-500.gif\",\"width\":500,\"height\":500,\"caption\":\"monte-escalier.net\"},\"image\":{\"@id\":\"https:\/\/www.monteescalier.net\/france\/#\/schema\/logo\/image\/\"}}]}<\/script>\n<!-- \/ Yoast SEO plugin. -->","yoast_head_json":{"title":"Monte escalier Cagnes-sur-Mer - Monte escalier","robots":{"index":"index","follow":"follow","max-snippet":"max-snippet:-1","max-image-preview":"max-image-preview:large","max-video-preview":"max-video-preview:-1"},"canonical":"https:\/\/www.monteescalier.net\/france\/monte-escalier-cagnes-sur-mer\/","og_locale":"fr_FR","og_type":"article","og_title":"Monte escalier Cagnes-sur-Mer - Monte escalier","og_description":"Acheter son monte escalier \u00e0 Cagnes-sur-Mer Il vous faut un monte escalier \u00e0 Cagnes-sur-Mer, Monteescalier.net est l\u00e0 pour vous aider en vous faisant faire 4 devis par les installateurs de votre r\u00e9gion, et tout ceci gratuitement bien-s\u00fbr ! La vocation de ce site internet est de faciliter l&rsquo;achat de votre monte escalier en vous permettant [&hellip;]","og_url":"https:\/\/www.monteescalier.net\/france\/monte-escalier-cagnes-sur-mer\/","og_site_name":"Monte escalier","article_modified_time":"2014-10-30T13:30:09+00:00","twitter_card":"summary_large_image","twitter_misc":{"Dur\u00e9e de lecture estim\u00e9e":"2 minutes"},"schema":{"@context":"https:\/\/schema.org","@graph":[{"@type":"WebPage","@id":"https:\/\/www.monteescalier.net\/france\/monte-escalier-cagnes-sur-mer\/","url":"https:\/\/www.monteescalier.net\/france\/monte-escalier-cagnes-sur-mer\/","name":"Monte escalier Cagnes-sur-Mer - Monte escalier","isPartOf":{"@id":"https:\/\/www.monteescalier.net\/france\/#website"},"datePublished":"2013-09-26T10:47:12+00:00","dateModified":"2014-10-30T13:30:09+00:00","breadcrumb":{"@id":"https:\/\/www.monteescalier.net\/france\/monte-escalier-cagnes-sur-mer\/#breadcrumb"},"inLanguage":"fr-FR","potentialAction":[{"@type":"ReadAction","target":["https:\/\/www.monteescalier.net\/france\/monte-escalier-cagnes-sur-mer\/"]}]},{"@type":"BreadcrumbList","@id":"https:\/\/www.monteescalier.net\/france\/monte-escalier-cagnes-sur-mer\/#breadcrumb","itemListElement":[{"@type":"ListItem","position":1,"name":"Accueil","item":"https:\/\/www.monteescalier.net\/france\/"},{"@type":"ListItem","position":2,"name":"Monte escalier Cagnes-sur-Mer"}]},{"@type":"WebSite","@id":"https:\/\/www.monteescalier.net\/france\/#website","url":"https:\/\/www.monteescalier.net\/france\/","name":"Monte escalier","description":"","publisher":{"@id":"https:\/\/www.monteescalier.net\/france\/#organization"},"potentialAction":[{"@type":"SearchAction","target":{"@type":"EntryPoint","urlTemplate":"https:\/\/www.monteescalier.net\/france\/?s={search_term_string}"},"query-input":{"@type":"PropertyValueSpecification","valueRequired":true,"valueName":"search_term_string"}}],"inLanguage":"fr-FR"},{"@type":"Organization","@id":"https:\/\/www.monteescalier.net\/france\/#organization","name":"monte-escalier.net","url":"https:\/\/www.monteescalier.net\/france\/","logo":{"@type":"ImageObject","inLanguage":"fr-FR","@id":"https:\/\/www.monteescalier.net\/france\/#\/schema\/logo\/image\/","url":"https:\/\/www.monteescalier.net\/france\/wp-content\/uploads\/2016\/10\/4devis-mont-escalier-500-500.gif","contentUrl":"https:\/\/www.monteescalier.net\/france\/wp-content\/uploads\/2016\/10\/4devis-mont-escalier-500-500.gif","width":500,"height":500,"caption":"monte-escalier.net"},"image":{"@id":"https:\/\/www.monteescalier.net\/france\/#\/schema\/logo\/image\/"}}]}},"_links":{"self":[{"href":"https:\/\/www.monteescalier.net\/france\/wp-json\/wp\/v2\/pages\/1028","targetHints":{"allow":["GET"]}}],"collection":[{"href":"https:\/\/www.monteescalier.net\/france\/wp-json\/wp\/v2\/pages"}],"about":[{"href":"https:\/\/www.monteescalier.net\/france\/wp-json\/wp\/v2\/types\/page"}],"author":[{"embeddable":true,"href":"https:\/\/www.monteescalier.net\/france\/wp-json\/wp\/v2\/users\/1"}],"replies":[{"embeddable":true,"href":"https:\/\/www.monteescalier.net\/france\/wp-json\/wp\/v2\/comments?post=1028"}],"version-history":[{"count":2,"href":"https:\/\/www.monteescalier.net\/france\/wp-json\/wp\/v2\/pages\/1028\/revisions"}],"predecessor-version":[{"id":6528,"href":"https:\/\/www.monteescalier.net\/france\/wp-json\/wp\/v2\/pages\/1028\/revisions\/6528"}],"wp:attachment":[{"href":"https:\/\/www.monteescalier.net\/france\/wp-json\/wp\/v2\/media?parent=1028"}],"curies":[{"name":"wp","href":"https:\/\/api.w.org\/{rel}","templated":true}]}}