{"id":1039,"date":"2024-03-10T10:47:12","date_gmt":"2024-03-10T09:47:12","guid":{"rendered":"https:\/\/www.monteescalier.net\/france\/?page_id=1039"},"modified":"2024-05-15T15:53:04","modified_gmt":"2024-05-15T14:53:04","slug":"monte-escalier-chalons-en-champagne","status":"publish","type":"page","link":"https:\/\/www.monteescalier.net\/france\/monte-escalier-chalons-en-champagne\/","title":{"rendered":"Monte escalier Ch\u00e2lons-en-Champagne"},"content":{"rendered":"<h1>Faire installer\u00a0un monte escalier \u00e0 Ch\u00e2lons en Champagne<\/h1>\n<div class=\"boite_texte\">\n<div style=\"text-align: justify; margin-bottom: 10px;\">Vous avez besoin de faire poser un monte escalier \u00e0 Ch\u00e2lons en Champagne dans votre maison, pour vous faciliter l&rsquo;acc\u00e8s \u00e0 l&rsquo;\u00e9tage (ou aux \u00e9tages) Pensez \u00e0 monteescalier.net : nous vous proposons sur simple demande de vous mettre en contact avec les principaux revendeurs de monte escalier en Champagne Ardennes afin que ceux-ci vous \u00e9tablissent des devis gratuits<\/div>\n<div style=\"text-align: justify; margin-bottom: 10px;\">Nous n&rsquo;avons qu&rsquo;un seul but (car nous ne sommes pas vendeurs de monte escalier) : vous\u00a0faciliter l&rsquo;achat de votre monte escalier en vous permettant de mettre en relation directement avec les revendeurs de monte escalier dans la Marne et plus g\u00e9n\u00e9ralement dans tout le nord-est, car avoir plusieurs propositions vous permettra de faire le tri entre les installateurs de monte escalier, ceux qui vous feront des propositions s\u00e9rieuses, et les autres&#8230;<\/div>\n<div style=\"text-align: justify; margin-bottom: 10px;\">Votre temps est trop pr\u00e9cieux pour rechercher tous les revendeurs de monte escalier de Ch\u00e2lons-en-Champagne pour choisir le meilleur, sachez que nous sommes en mesure de le faire pour vous. Remplissez simplement un formulaire de devis en ligne et nos professionnels partenaires seront tr\u00e8s heureux de pouvoir vous en proposer chacun un : car pour faire un choix, il faut avoir le choix !<\/div>\n<div align=\"center\">\n<div id=\"attachment_6786\" style=\"width: 310px\" class=\"wp-caption aligncenter\"><a href=\"https:\/\/www.monteescalier.net\/france\/wp-content\/uploads\/2013\/09\/ville-de-chalons-51.jpg\"><img loading=\"lazy\" decoding=\"async\" aria-describedby=\"caption-attachment-6786\" class=\"size-medium wp-image-6786\" src=\"https:\/\/www.monteescalier.net\/france\/wp-content\/uploads\/2013\/09\/ville-de-chalons-51-300x200.jpg\" alt=\"Centre ville de Chalons en Champagne. Photo net_efekt\" width=\"300\" height=\"200\" srcset=\"https:\/\/www.monteescalier.net\/france\/wp-content\/uploads\/2013\/09\/ville-de-chalons-51-300x200.jpg 300w, https:\/\/www.monteescalier.net\/france\/wp-content\/uploads\/2013\/09\/ville-de-chalons-51.jpg 640w\" sizes=\"auto, (max-width: 300px) 100vw, 300px\" \/><\/a><p id=\"caption-attachment-6786\" class=\"wp-caption-text\">Centre ville de Chalons en Champagne. Photo <a href=\"http:\/\/www.chalons-en-champagne-51000.com\/\" target=\"_blank\" rel=\"noopener noreferrer\">net_efekt<\/a><\/p><\/div>\n<\/div>\n<div style=\"text-align: justify; margin-bottom: 10px;\">L&rsquo;installation d&rsquo;un monte escalier est une op\u00e9ration tr\u00e8s technique qui n\u00e9cessite une pr\u00e9paration minutieuse et ainsi garantir votre s\u00e9curit\u00e9 sur le fauteuil monte escalier. Il est ainsi normal que vous vous posiez des questions sur cette installation. Pour lever vos interrogations, nous vous proposons de remplir une demande de rappel afin que nos partenaires experts puissent vous rappeler et vous donner par t\u00e9l\u00e9phone leurs avis respectifs sur la mise en place de votre monte escalier.<\/div>\n<div style=\"text-align: justify; margin-bottom: 10px;\">Vous \u00eates perdus dans la multitude des marques et des mod\u00e8les de monte escalier, utilisez notre formulaire de documentation pour obtenir un maximum d&rsquo;informations sur les mod\u00e8les commercialis\u00e9s par nos partenaires vendeurs de monte escalier. Pr\u00e9cisez dans votre demande toutes vos coordonn\u00e9e si vous voulez les recevoir par email au format \u00e9lectronique car en g\u00e9n\u00e9ral seules les demandes compl\u00e8tes sont trait\u00e9es par les installateurs (nous ne faisons que transmettre votre demande).<\/div>\n<div style=\"text-align: justify; margin-bottom: 10px;\">Ne faites plus la chasse aux prestataires, laissez notre service de mise en relation faire le job pour vous. C&rsquo;est int\u00e9gralement gratuit et cela vous permettra d&rsquo;\u00eatre mis tr\u00e8s rapidement en relation avec notre liste de professionnels du monte escalier de Ch\u00e2lons et sa r\u00e9gion, sans efforts, ni contraintes&#8230; difficile de vous proposer mieux non?<\/div>\n<\/div>\n<div class=\"titre_liens\">Nos offres monteescalier.net \u00e0 proximit\u00e9 de Chalons<\/div>\n<div class=\"boite_liens\"><a href=\"https:\/\/www.monteescalier.net\/france\/monte-escalier-epernay\">Monte escalier \u00c9pernay<\/a><br \/>\n<a href=\"https:\/\/www.monteescalier.net\/france\/monte-escalier-vitry-le-francois\">Monte escalier Vitry-le-Fran\u00e7ois<\/a><br \/>\n<a href=\"https:\/\/www.monteescalier.net\/france\/monte-escalier-tinqueux\">Monte escalier Tinqueux<\/a><br \/>\n<a href=\"https:\/\/www.monteescalier.net\/france\/monte-escalier-betheny\">Monte escalier B\u00e9theny<\/a><br \/>\n<a href=\"https:\/\/www.monteescalier.net\/france\/monte-escalier-cormontreuil\">Monte escalier Cormontreuil<\/a><\/div>\n","protected":false},"excerpt":{"rendered":"<p>Faire installer\u00a0un monte escalier \u00e0 Ch\u00e2lons en Champagne Vous avez besoin de faire poser un monte escalier \u00e0 Ch\u00e2lons en Champagne dans votre maison, pour vous faciliter l&rsquo;acc\u00e8s \u00e0 l&rsquo;\u00e9tage (ou aux \u00e9tages) Pensez \u00e0 monteescalier.net : nous vous proposons sur simple demande de vous mettre en contact avec les principaux revendeurs de monte escalier [&hellip;]<\/p>\n","protected":false},"author":1,"featured_media":0,"parent":0,"menu_order":0,"comment_status":"closed","ping_status":"closed","template":"template_ville_18.php","meta":{"_monsterinsights_skip_tracking":false,"_monsterinsights_sitenote_active":false,"_monsterinsights_sitenote_note":"","_monsterinsights_sitenote_category":0,"footnotes":""},"class_list":["post-1039","page","type-page","status-publish","hentry"],"yoast_head":"<!-- This site is optimized with the Yoast SEO plugin v26.3 - https:\/\/yoast.com\/wordpress\/plugins\/seo\/ -->\n<title>Monte escalier Ch\u00e2lons-en-Champagne - Monte escalier<\/title>\n<meta name=\"robots\" content=\"index, follow, max-snippet:-1, max-image-preview:large, max-video-preview:-1\" \/>\n<link rel=\"canonical\" href=\"https:\/\/www.monteescalier.net\/france\/monte-escalier-chalons-en-champagne\/\" \/>\n<meta property=\"og:locale\" content=\"fr_FR\" \/>\n<meta property=\"og:type\" content=\"article\" \/>\n<meta property=\"og:title\" content=\"Monte escalier Ch\u00e2lons-en-Champagne - Monte escalier\" \/>\n<meta property=\"og:description\" content=\"Faire installer\u00a0un monte escalier \u00e0 Ch\u00e2lons en Champagne Vous avez besoin de faire poser un monte escalier \u00e0 Ch\u00e2lons en Champagne dans votre maison, pour vous faciliter l&rsquo;acc\u00e8s \u00e0 l&rsquo;\u00e9tage (ou aux \u00e9tages) Pensez \u00e0 monteescalier.net : nous vous proposons sur simple demande de vous mettre en contact avec les principaux revendeurs de monte escalier [&hellip;]\" \/>\n<meta property=\"og:url\" content=\"https:\/\/www.monteescalier.net\/france\/monte-escalier-chalons-en-champagne\/\" \/>\n<meta property=\"og:site_name\" content=\"Monte escalier\" \/>\n<meta property=\"article:modified_time\" content=\"2024-05-15T14:53:04+00:00\" \/>\n<meta property=\"og:image\" content=\"https:\/\/www.monteescalier.net\/france\/wp-content\/uploads\/2013\/09\/ville-de-chalons-51-300x200.jpg\" \/>\n<meta name=\"twitter:card\" content=\"summary_large_image\" \/>\n<meta name=\"twitter:label1\" content=\"Dur\u00e9e de lecture estim\u00e9e\" \/>\n\t<meta name=\"twitter:data1\" content=\"2 minutes\" \/>\n<script type=\"application\/ld+json\" class=\"yoast-schema-graph\">{\"@context\":\"https:\/\/schema.org\",\"@graph\":[{\"@type\":\"WebPage\",\"@id\":\"https:\/\/www.monteescalier.net\/france\/monte-escalier-chalons-en-champagne\/\",\"url\":\"https:\/\/www.monteescalier.net\/france\/monte-escalier-chalons-en-champagne\/\",\"name\":\"Monte escalier Ch\u00e2lons-en-Champagne - Monte escalier\",\"isPartOf\":{\"@id\":\"https:\/\/www.monteescalier.net\/france\/#website\"},\"primaryImageOfPage\":{\"@id\":\"https:\/\/www.monteescalier.net\/france\/monte-escalier-chalons-en-champagne\/#primaryimage\"},\"image\":{\"@id\":\"https:\/\/www.monteescalier.net\/france\/monte-escalier-chalons-en-champagne\/#primaryimage\"},\"thumbnailUrl\":\"https:\/\/www.monteescalier.net\/france\/wp-content\/uploads\/2013\/09\/ville-de-chalons-51-300x200.jpg\",\"datePublished\":\"2024-03-10T09:47:12+00:00\",\"dateModified\":\"2024-05-15T14:53:04+00:00\",\"breadcrumb\":{\"@id\":\"https:\/\/www.monteescalier.net\/france\/monte-escalier-chalons-en-champagne\/#breadcrumb\"},\"inLanguage\":\"fr-FR\",\"potentialAction\":[{\"@type\":\"ReadAction\",\"target\":[\"https:\/\/www.monteescalier.net\/france\/monte-escalier-chalons-en-champagne\/\"]}]},{\"@type\":\"ImageObject\",\"inLanguage\":\"fr-FR\",\"@id\":\"https:\/\/www.monteescalier.net\/france\/monte-escalier-chalons-en-champagne\/#primaryimage\",\"url\":\"https:\/\/www.monteescalier.net\/france\/wp-content\/uploads\/2013\/09\/ville-de-chalons-51.jpg\",\"contentUrl\":\"https:\/\/www.monteescalier.net\/france\/wp-content\/uploads\/2013\/09\/ville-de-chalons-51.jpg\",\"width\":640,\"height\":427,\"caption\":\"Centre ville de Chalons en Champagne. Photo net_efekt\"},{\"@type\":\"BreadcrumbList\",\"@id\":\"https:\/\/www.monteescalier.net\/france\/monte-escalier-chalons-en-champagne\/#breadcrumb\",\"itemListElement\":[{\"@type\":\"ListItem\",\"position\":1,\"name\":\"Accueil\",\"item\":\"https:\/\/www.monteescalier.net\/france\/\"},{\"@type\":\"ListItem\",\"position\":2,\"name\":\"Monte escalier Ch\u00e2lons-en-Champagne\"}]},{\"@type\":\"WebSite\",\"@id\":\"https:\/\/www.monteescalier.net\/france\/#website\",\"url\":\"https:\/\/www.monteescalier.net\/france\/\",\"name\":\"Monte escalier\",\"description\":\"\",\"publisher\":{\"@id\":\"https:\/\/www.monteescalier.net\/france\/#organization\"},\"potentialAction\":[{\"@type\":\"SearchAction\",\"target\":{\"@type\":\"EntryPoint\",\"urlTemplate\":\"https:\/\/www.monteescalier.net\/france\/?s={search_term_string}\"},\"query-input\":{\"@type\":\"PropertyValueSpecification\",\"valueRequired\":true,\"valueName\":\"search_term_string\"}}],\"inLanguage\":\"fr-FR\"},{\"@type\":\"Organization\",\"@id\":\"https:\/\/www.monteescalier.net\/france\/#organization\",\"name\":\"monte-escalier.net\",\"url\":\"https:\/\/www.monteescalier.net\/france\/\",\"logo\":{\"@type\":\"ImageObject\",\"inLanguage\":\"fr-FR\",\"@id\":\"https:\/\/www.monteescalier.net\/france\/#\/schema\/logo\/image\/\",\"url\":\"https:\/\/www.monteescalier.net\/france\/wp-content\/uploads\/2016\/10\/4devis-mont-escalier-500-500.gif\",\"contentUrl\":\"https:\/\/www.monteescalier.net\/france\/wp-content\/uploads\/2016\/10\/4devis-mont-escalier-500-500.gif\",\"width\":500,\"height\":500,\"caption\":\"monte-escalier.net\"},\"image\":{\"@id\":\"https:\/\/www.monteescalier.net\/france\/#\/schema\/logo\/image\/\"}}]}<\/script>\n<!-- \/ Yoast SEO plugin. -->","yoast_head_json":{"title":"Monte escalier Ch\u00e2lons-en-Champagne - Monte escalier","robots":{"index":"index","follow":"follow","max-snippet":"max-snippet:-1","max-image-preview":"max-image-preview:large","max-video-preview":"max-video-preview:-1"},"canonical":"https:\/\/www.monteescalier.net\/france\/monte-escalier-chalons-en-champagne\/","og_locale":"fr_FR","og_type":"article","og_title":"Monte escalier Ch\u00e2lons-en-Champagne - Monte escalier","og_description":"Faire installer\u00a0un monte escalier \u00e0 Ch\u00e2lons en Champagne Vous avez besoin de faire poser un monte escalier \u00e0 Ch\u00e2lons en Champagne dans votre maison, pour vous faciliter l&rsquo;acc\u00e8s \u00e0 l&rsquo;\u00e9tage (ou aux \u00e9tages) Pensez \u00e0 monteescalier.net : nous vous proposons sur simple demande de vous mettre en contact avec les principaux revendeurs de monte escalier [&hellip;]","og_url":"https:\/\/www.monteescalier.net\/france\/monte-escalier-chalons-en-champagne\/","og_site_name":"Monte escalier","article_modified_time":"2024-05-15T14:53:04+00:00","og_image":[{"url":"https:\/\/www.monteescalier.net\/france\/wp-content\/uploads\/2013\/09\/ville-de-chalons-51-300x200.jpg","type":"","width":"","height":""}],"twitter_card":"summary_large_image","twitter_misc":{"Dur\u00e9e de lecture estim\u00e9e":"2 minutes"},"schema":{"@context":"https:\/\/schema.org","@graph":[{"@type":"WebPage","@id":"https:\/\/www.monteescalier.net\/france\/monte-escalier-chalons-en-champagne\/","url":"https:\/\/www.monteescalier.net\/france\/monte-escalier-chalons-en-champagne\/","name":"Monte escalier Ch\u00e2lons-en-Champagne - Monte escalier","isPartOf":{"@id":"https:\/\/www.monteescalier.net\/france\/#website"},"primaryImageOfPage":{"@id":"https:\/\/www.monteescalier.net\/france\/monte-escalier-chalons-en-champagne\/#primaryimage"},"image":{"@id":"https:\/\/www.monteescalier.net\/france\/monte-escalier-chalons-en-champagne\/#primaryimage"},"thumbnailUrl":"https:\/\/www.monteescalier.net\/france\/wp-content\/uploads\/2013\/09\/ville-de-chalons-51-300x200.jpg","datePublished":"2024-03-10T09:47:12+00:00","dateModified":"2024-05-15T14:53:04+00:00","breadcrumb":{"@id":"https:\/\/www.monteescalier.net\/france\/monte-escalier-chalons-en-champagne\/#breadcrumb"},"inLanguage":"fr-FR","potentialAction":[{"@type":"ReadAction","target":["https:\/\/www.monteescalier.net\/france\/monte-escalier-chalons-en-champagne\/"]}]},{"@type":"ImageObject","inLanguage":"fr-FR","@id":"https:\/\/www.monteescalier.net\/france\/monte-escalier-chalons-en-champagne\/#primaryimage","url":"https:\/\/www.monteescalier.net\/france\/wp-content\/uploads\/2013\/09\/ville-de-chalons-51.jpg","contentUrl":"https:\/\/www.monteescalier.net\/france\/wp-content\/uploads\/2013\/09\/ville-de-chalons-51.jpg","width":640,"height":427,"caption":"Centre ville de Chalons en Champagne. Photo net_efekt"},{"@type":"BreadcrumbList","@id":"https:\/\/www.monteescalier.net\/france\/monte-escalier-chalons-en-champagne\/#breadcrumb","itemListElement":[{"@type":"ListItem","position":1,"name":"Accueil","item":"https:\/\/www.monteescalier.net\/france\/"},{"@type":"ListItem","position":2,"name":"Monte escalier Ch\u00e2lons-en-Champagne"}]},{"@type":"WebSite","@id":"https:\/\/www.monteescalier.net\/france\/#website","url":"https:\/\/www.monteescalier.net\/france\/","name":"Monte escalier","description":"","publisher":{"@id":"https:\/\/www.monteescalier.net\/france\/#organization"},"potentialAction":[{"@type":"SearchAction","target":{"@type":"EntryPoint","urlTemplate":"https:\/\/www.monteescalier.net\/france\/?s={search_term_string}"},"query-input":{"@type":"PropertyValueSpecification","valueRequired":true,"valueName":"search_term_string"}}],"inLanguage":"fr-FR"},{"@type":"Organization","@id":"https:\/\/www.monteescalier.net\/france\/#organization","name":"monte-escalier.net","url":"https:\/\/www.monteescalier.net\/france\/","logo":{"@type":"ImageObject","inLanguage":"fr-FR","@id":"https:\/\/www.monteescalier.net\/france\/#\/schema\/logo\/image\/","url":"https:\/\/www.monteescalier.net\/france\/wp-content\/uploads\/2016\/10\/4devis-mont-escalier-500-500.gif","contentUrl":"https:\/\/www.monteescalier.net\/france\/wp-content\/uploads\/2016\/10\/4devis-mont-escalier-500-500.gif","width":500,"height":500,"caption":"monte-escalier.net"},"image":{"@id":"https:\/\/www.monteescalier.net\/france\/#\/schema\/logo\/image\/"}}]}},"_links":{"self":[{"href":"https:\/\/www.monteescalier.net\/france\/wp-json\/wp\/v2\/pages\/1039","targetHints":{"allow":["GET"]}}],"collection":[{"href":"https:\/\/www.monteescalier.net\/france\/wp-json\/wp\/v2\/pages"}],"about":[{"href":"https:\/\/www.monteescalier.net\/france\/wp-json\/wp\/v2\/types\/page"}],"author":[{"embeddable":true,"href":"https:\/\/www.monteescalier.net\/france\/wp-json\/wp\/v2\/users\/1"}],"replies":[{"embeddable":true,"href":"https:\/\/www.monteescalier.net\/france\/wp-json\/wp\/v2\/comments?post=1039"}],"version-history":[{"count":5,"href":"https:\/\/www.monteescalier.net\/france\/wp-json\/wp\/v2\/pages\/1039\/revisions"}],"predecessor-version":[{"id":8377,"href":"https:\/\/www.monteescalier.net\/france\/wp-json\/wp\/v2\/pages\/1039\/revisions\/8377"}],"wp:attachment":[{"href":"https:\/\/www.monteescalier.net\/france\/wp-json\/wp\/v2\/media?parent=1039"}],"curies":[{"name":"wp","href":"https:\/\/api.w.org\/{rel}","templated":true}]}}