{"id":1055,"date":"2019-04-16T10:47:12","date_gmt":"2019-04-16T09:47:12","guid":{"rendered":"https:\/\/www.monteescalier.net\/france\/?page_id=1055"},"modified":"2020-01-15T11:35:35","modified_gmt":"2020-01-15T10:35:35","slug":"monte-escalier-sete","status":"publish","type":"page","link":"https:\/\/www.monteescalier.net\/france\/monte-escalier-sete\/","title":{"rendered":"Monte escalier S\u00e8te"},"content":{"rendered":"<h1>Choisir un vendeur de monte escalier \u00e0 S\u00e8te<\/h1>\n<div class=\"boite_texte\">\n<div style=\"text-align: justify; margin-bottom: 10px;\">Pour faire installer un monte escalier \u00e0 S\u00e8te, vous devez trouver le meilleur installateur proposant le meilleur prix. Monteescalier.net peut vous assister dans cette mission en vous mettant en relation gratuite et sans engagement avec les prestataires installateurs que nous avons s\u00e9lectionn\u00e9s dans la r\u00e9gion Languedoc Roussillon<\/div>\n<div style=\"text-align: justify; margin-bottom: 10px;\">Nous sommes des interm\u00e9diaires entre vous et les revendeurs de monte escalier sur S\u00e8te. Nous pouvons en cons\u00e9quence vous mettre en relation tr\u00e8s rapidement et gratuitement avec les principaux vendeurs de monte escalier \u00e0 S\u00e8te.<\/div>\n<div style=\"text-align: justify; margin-bottom: 10px;\">Vous savez tr\u00e8s pr\u00e9cis\u00e9ment ce que voulez ? Vous avez besoin d&rsquo;un devis de monte escalier. Une seule demande de devis sur notre site vous permettra de recevoir entre 4 et 5 devis totalement gratuits.<\/div>\n<div style=\"text-align: justify; margin-bottom: 10px;\">Chaque installation de monte escalier \u00e9tant sp\u00e9cifique, vous pouvez \u00eatre amen\u00e9 \u00e0 vouloir traiter avec de v\u00e9ritables experts, professionnels de l&rsquo;installation de monte escalier \u00e0 S\u00e8te. Pour vous faciliter la t\u00e2che, utilisez notre service de demande de rappel, un formulaire avec vos coordonn\u00e9es \u00e0 remplir et vous serez tr\u00e8s vite rappel\u00e9s par nos partenaire dans votre d\u00e9partement.<\/div>\n<div style=\"text-align: justify; margin-bottom: 10px;\">Beaucoup de nos partenaires installateurs disposent de documentation sur les mod\u00e8les de monte escalier qu&rsquo;ils commercialisent. Ils peuvent vous les faire parvenir par courrier ou par email selon votre pr\u00e9f\u00e9rence. Pour les recevoir remplissez vite une demande de documentation sur notre site.<\/div>\n<div style=\"text-align: justify; margin-bottom: 10px;\">Avec notre site, pas de co\u00fbt et pas d&rsquo;engagements ! que vous trouviez un accord ou non avec un de nos partenaires, nous ne vous facturerons rien pour notre service de mise en relation. Si vous trouvez votre prestataire gr\u00e2ce \u00e0 nous tant mieux pour vous, alors testez nous !<\/div>\n<\/div>\n<div class=\"titre_liens\">Nos autres services de monte escalier dans le d\u00e9partement de l&rsquo;H\u00e9rault<\/div>\n<p>&nbsp;<\/p>\n<div class=\"boite_liens\"><a href=\"https:\/\/www.monteescalier.net\/france\/monte-escalier-lunel\">Monte escalier Lunel<\/a><br \/>\n<a href=\"https:\/\/www.monteescalier.net\/france\/monte-escalier-frontignan\">Monte escalier Frontignan<\/a><br \/>\n<a href=\"https:\/\/www.monteescalier.net\/france\/monte-escalier-agde\">Monte escalier Agde<\/a><br \/>\n<a href=\"https:\/\/www.monteescalier.net\/france\/monte-escalier-lattes\">Monte escalier Lattes<\/a><br \/>\n<a href=\"https:\/\/www.monteescalier.net\/france\/monte-escalier-mauguio\">Monte escalier Mauguio<\/a><\/div>\n","protected":false},"excerpt":{"rendered":"<p>Choisir un vendeur de monte escalier \u00e0 S\u00e8te Pour faire installer un monte escalier \u00e0 S\u00e8te, vous devez trouver le meilleur installateur proposant le meilleur prix. Monteescalier.net peut vous assister dans cette mission en vous mettant en relation gratuite et sans engagement avec les prestataires installateurs que nous avons s\u00e9lectionn\u00e9s dans la r\u00e9gion Languedoc Roussillon [&hellip;]<\/p>\n","protected":false},"author":1,"featured_media":0,"parent":0,"menu_order":0,"comment_status":"closed","ping_status":"open","template":"template_ville_13.php","meta":{"_monsterinsights_skip_tracking":false,"_monsterinsights_sitenote_active":false,"_monsterinsights_sitenote_note":"","_monsterinsights_sitenote_category":0,"footnotes":""},"class_list":["post-1055","page","type-page","status-publish","hentry"],"yoast_head":"<!-- This site is optimized with the Yoast SEO plugin v26.3 - https:\/\/yoast.com\/wordpress\/plugins\/seo\/ -->\n<title>Monte escalier S\u00e8te - Monte escalier<\/title>\n<meta name=\"robots\" content=\"index, follow, max-snippet:-1, max-image-preview:large, max-video-preview:-1\" \/>\n<link rel=\"canonical\" href=\"https:\/\/www.monteescalier.net\/france\/monte-escalier-sete\/\" \/>\n<meta property=\"og:locale\" content=\"fr_FR\" \/>\n<meta property=\"og:type\" content=\"article\" \/>\n<meta property=\"og:title\" content=\"Monte escalier S\u00e8te - Monte escalier\" \/>\n<meta property=\"og:description\" content=\"Choisir un vendeur de monte escalier \u00e0 S\u00e8te Pour faire installer un monte escalier \u00e0 S\u00e8te, vous devez trouver le meilleur installateur proposant le meilleur prix. Monteescalier.net peut vous assister dans cette mission en vous mettant en relation gratuite et sans engagement avec les prestataires installateurs que nous avons s\u00e9lectionn\u00e9s dans la r\u00e9gion Languedoc Roussillon [&hellip;]\" \/>\n<meta property=\"og:url\" content=\"https:\/\/www.monteescalier.net\/france\/monte-escalier-sete\/\" \/>\n<meta property=\"og:site_name\" content=\"Monte escalier\" \/>\n<meta property=\"article:modified_time\" content=\"2020-01-15T10:35:35+00:00\" \/>\n<meta name=\"twitter:card\" content=\"summary_large_image\" \/>\n<meta name=\"twitter:label1\" content=\"Dur\u00e9e de lecture estim\u00e9e\" \/>\n\t<meta name=\"twitter:data1\" content=\"2 minutes\" \/>\n<script type=\"application\/ld+json\" class=\"yoast-schema-graph\">{\"@context\":\"https:\/\/schema.org\",\"@graph\":[{\"@type\":\"WebPage\",\"@id\":\"https:\/\/www.monteescalier.net\/france\/monte-escalier-sete\/\",\"url\":\"https:\/\/www.monteescalier.net\/france\/monte-escalier-sete\/\",\"name\":\"Monte escalier S\u00e8te - Monte escalier\",\"isPartOf\":{\"@id\":\"https:\/\/www.monteescalier.net\/france\/#website\"},\"datePublished\":\"2019-04-16T09:47:12+00:00\",\"dateModified\":\"2020-01-15T10:35:35+00:00\",\"breadcrumb\":{\"@id\":\"https:\/\/www.monteescalier.net\/france\/monte-escalier-sete\/#breadcrumb\"},\"inLanguage\":\"fr-FR\",\"potentialAction\":[{\"@type\":\"ReadAction\",\"target\":[\"https:\/\/www.monteescalier.net\/france\/monte-escalier-sete\/\"]}]},{\"@type\":\"BreadcrumbList\",\"@id\":\"https:\/\/www.monteescalier.net\/france\/monte-escalier-sete\/#breadcrumb\",\"itemListElement\":[{\"@type\":\"ListItem\",\"position\":1,\"name\":\"Accueil\",\"item\":\"https:\/\/www.monteescalier.net\/france\/\"},{\"@type\":\"ListItem\",\"position\":2,\"name\":\"Monte escalier S\u00e8te\"}]},{\"@type\":\"WebSite\",\"@id\":\"https:\/\/www.monteescalier.net\/france\/#website\",\"url\":\"https:\/\/www.monteescalier.net\/france\/\",\"name\":\"Monte escalier\",\"description\":\"\",\"publisher\":{\"@id\":\"https:\/\/www.monteescalier.net\/france\/#organization\"},\"potentialAction\":[{\"@type\":\"SearchAction\",\"target\":{\"@type\":\"EntryPoint\",\"urlTemplate\":\"https:\/\/www.monteescalier.net\/france\/?s={search_term_string}\"},\"query-input\":{\"@type\":\"PropertyValueSpecification\",\"valueRequired\":true,\"valueName\":\"search_term_string\"}}],\"inLanguage\":\"fr-FR\"},{\"@type\":\"Organization\",\"@id\":\"https:\/\/www.monteescalier.net\/france\/#organization\",\"name\":\"monte-escalier.net\",\"url\":\"https:\/\/www.monteescalier.net\/france\/\",\"logo\":{\"@type\":\"ImageObject\",\"inLanguage\":\"fr-FR\",\"@id\":\"https:\/\/www.monteescalier.net\/france\/#\/schema\/logo\/image\/\",\"url\":\"https:\/\/www.monteescalier.net\/france\/wp-content\/uploads\/2016\/10\/4devis-mont-escalier-500-500.gif\",\"contentUrl\":\"https:\/\/www.monteescalier.net\/france\/wp-content\/uploads\/2016\/10\/4devis-mont-escalier-500-500.gif\",\"width\":500,\"height\":500,\"caption\":\"monte-escalier.net\"},\"image\":{\"@id\":\"https:\/\/www.monteescalier.net\/france\/#\/schema\/logo\/image\/\"}}]}<\/script>\n<!-- \/ Yoast SEO plugin. -->","yoast_head_json":{"title":"Monte escalier S\u00e8te - Monte escalier","robots":{"index":"index","follow":"follow","max-snippet":"max-snippet:-1","max-image-preview":"max-image-preview:large","max-video-preview":"max-video-preview:-1"},"canonical":"https:\/\/www.monteescalier.net\/france\/monte-escalier-sete\/","og_locale":"fr_FR","og_type":"article","og_title":"Monte escalier S\u00e8te - Monte escalier","og_description":"Choisir un vendeur de monte escalier \u00e0 S\u00e8te Pour faire installer un monte escalier \u00e0 S\u00e8te, vous devez trouver le meilleur installateur proposant le meilleur prix. Monteescalier.net peut vous assister dans cette mission en vous mettant en relation gratuite et sans engagement avec les prestataires installateurs que nous avons s\u00e9lectionn\u00e9s dans la r\u00e9gion Languedoc Roussillon [&hellip;]","og_url":"https:\/\/www.monteescalier.net\/france\/monte-escalier-sete\/","og_site_name":"Monte escalier","article_modified_time":"2020-01-15T10:35:35+00:00","twitter_card":"summary_large_image","twitter_misc":{"Dur\u00e9e de lecture estim\u00e9e":"2 minutes"},"schema":{"@context":"https:\/\/schema.org","@graph":[{"@type":"WebPage","@id":"https:\/\/www.monteescalier.net\/france\/monte-escalier-sete\/","url":"https:\/\/www.monteescalier.net\/france\/monte-escalier-sete\/","name":"Monte escalier S\u00e8te - Monte escalier","isPartOf":{"@id":"https:\/\/www.monteescalier.net\/france\/#website"},"datePublished":"2019-04-16T09:47:12+00:00","dateModified":"2020-01-15T10:35:35+00:00","breadcrumb":{"@id":"https:\/\/www.monteescalier.net\/france\/monte-escalier-sete\/#breadcrumb"},"inLanguage":"fr-FR","potentialAction":[{"@type":"ReadAction","target":["https:\/\/www.monteescalier.net\/france\/monte-escalier-sete\/"]}]},{"@type":"BreadcrumbList","@id":"https:\/\/www.monteescalier.net\/france\/monte-escalier-sete\/#breadcrumb","itemListElement":[{"@type":"ListItem","position":1,"name":"Accueil","item":"https:\/\/www.monteescalier.net\/france\/"},{"@type":"ListItem","position":2,"name":"Monte escalier S\u00e8te"}]},{"@type":"WebSite","@id":"https:\/\/www.monteescalier.net\/france\/#website","url":"https:\/\/www.monteescalier.net\/france\/","name":"Monte escalier","description":"","publisher":{"@id":"https:\/\/www.monteescalier.net\/france\/#organization"},"potentialAction":[{"@type":"SearchAction","target":{"@type":"EntryPoint","urlTemplate":"https:\/\/www.monteescalier.net\/france\/?s={search_term_string}"},"query-input":{"@type":"PropertyValueSpecification","valueRequired":true,"valueName":"search_term_string"}}],"inLanguage":"fr-FR"},{"@type":"Organization","@id":"https:\/\/www.monteescalier.net\/france\/#organization","name":"monte-escalier.net","url":"https:\/\/www.monteescalier.net\/france\/","logo":{"@type":"ImageObject","inLanguage":"fr-FR","@id":"https:\/\/www.monteescalier.net\/france\/#\/schema\/logo\/image\/","url":"https:\/\/www.monteescalier.net\/france\/wp-content\/uploads\/2016\/10\/4devis-mont-escalier-500-500.gif","contentUrl":"https:\/\/www.monteescalier.net\/france\/wp-content\/uploads\/2016\/10\/4devis-mont-escalier-500-500.gif","width":500,"height":500,"caption":"monte-escalier.net"},"image":{"@id":"https:\/\/www.monteescalier.net\/france\/#\/schema\/logo\/image\/"}}]}},"_links":{"self":[{"href":"https:\/\/www.monteescalier.net\/france\/wp-json\/wp\/v2\/pages\/1055","targetHints":{"allow":["GET"]}}],"collection":[{"href":"https:\/\/www.monteescalier.net\/france\/wp-json\/wp\/v2\/pages"}],"about":[{"href":"https:\/\/www.monteescalier.net\/france\/wp-json\/wp\/v2\/types\/page"}],"author":[{"embeddable":true,"href":"https:\/\/www.monteescalier.net\/france\/wp-json\/wp\/v2\/users\/1"}],"replies":[{"embeddable":true,"href":"https:\/\/www.monteescalier.net\/france\/wp-json\/wp\/v2\/comments?post=1055"}],"version-history":[{"count":3,"href":"https:\/\/www.monteescalier.net\/france\/wp-json\/wp\/v2\/pages\/1055\/revisions"}],"predecessor-version":[{"id":8326,"href":"https:\/\/www.monteescalier.net\/france\/wp-json\/wp\/v2\/pages\/1055\/revisions\/8326"}],"wp:attachment":[{"href":"https:\/\/www.monteescalier.net\/france\/wp-json\/wp\/v2\/media?parent=1055"}],"curies":[{"name":"wp","href":"https:\/\/api.w.org\/{rel}","templated":true}]}}