{"id":1090,"date":"2021-02-26T10:47:13","date_gmt":"2021-02-26T09:47:13","guid":{"rendered":"https:\/\/www.monteescalier.net\/france\/?page_id=1090"},"modified":"2021-11-22T14:48:43","modified_gmt":"2021-11-22T13:48:43","slug":"monte-escalier-anglet","status":"publish","type":"page","link":"https:\/\/www.monteescalier.net\/france\/monte-escalier-anglet\/","title":{"rendered":"Monte escalier Anglet"},"content":{"rendered":"<h1>Un monte escalier \u00e0 Anglet<\/h1>\n<div class=\"boite_texte\">\n<div style=\"text-align: justify; margin-bottom: 10px;\">Vous souhaitez faire installer un monte escalier \u00e0 Anglet, rien de plus facile gr\u00e2ce \u00e0 monteescalier.net vous allez pouvoir faire jouer la concurrence.<\/div>\n<div style=\"text-align: justify; margin-bottom: 10px;\">Nous sommes des interm\u00e9diaires entre vous et les revendeurs de monte escalier sur Anglet. Nous pouvons donc vous mettre en relation tr\u00e8s rapidement et gratuitement avec les principaux vendeurs de monte escalier \u00e0 Anglet.<\/div>\n<div style=\"text-align: justify; margin-bottom: 10px;\">Vous voulez recevoir plusieurs devis de monte escalier pour votre r\u00e9sidence \u00e0 Anglet, vous n&rsquo;avez qu&rsquo;une demande \u00e0 faire sur ce site et vous en recevrez tr\u00e8s rapidement entre 3 et 5 devis diff\u00e9rents. Nous contactons pour vous les professionnels de Anglet, et devinez quoi ? Pour vous c&rsquo;est gratuit !<\/div>\n<div style=\"text-align: justify; margin-bottom: 10px;\">Votre demeure peut elle accueillir un monte escalier? Votre escalier est il assez large? Vous faut il un monte escalier droit ou un monte escalier tournant? Quelle marque, quel fauteuil choisir? Pour obtenir diff\u00e9rents avis sur ces questions, utilisez notre fomulaire de rappel. Nos professionnels partenaires du monte escalier vous recontacteront tr\u00e8s vite !<\/div>\n<div style=\"text-align: justify; margin-bottom: 10px;\">Consulter des brochures de pr\u00e9sentation produits peut vous aider \u00e0 effectuer un choix de mod\u00e8les de monte escalier. Nos partenaires peuvent mettre \u00e0 votre disposition des brochures papier ou \u00e9lectroniques. Le formulaire de demande de documentation sur ce site vous permettra d&rsquo;acc\u00e9der gratuitement \u00e0 ce service.<\/div>\n<div style=\"text-align: justify; margin-bottom: 10px;\">Tous les services propos\u00e9s par ce site sont enti\u00e8rement gratuits et sans obligation d&rsquo;achat. Nous sommes un service de mise en relation. Vous serez mis en contact directement avec nos partenaires vendeurs de monte escalier et vous traiterez sans interm\u00e9diaire avec eux. Vous \u00eates totalement libres de n\u00e9gocier et de signer ou pas avec un des prestataires avec lequel nous vous avons mis en relation.<\/div>\n<\/div>\n<div class=\"titre_liens\">Nos offres monte escalier \u00e0 proximit\u00e9<\/div>\n<div class=\"boite_liens\"><a href=\"https:\/\/www.monteescalier.net\/france\/monte-escalier-biarritz\">Monte escalier Biarritz<\/a><br \/>\n<a href=\"https:\/\/www.monteescalier.net\/france\/monte-escalier-hendaye\">Monte escalier Hendaye<\/a><br \/>\n<a href=\"https:\/\/www.monteescalier.net\/france\/monte-escalier-saint-jean-de-luz\">Monte escalier Saint-Jean-de-Luz<\/a><br \/>\n<a href=\"https:\/\/www.monteescalier.net\/france\/monte-escalier-billere\">Monte escalier Bill\u00e8re<\/a><br \/>\n<a href=\"https:\/\/www.monteescalier.net\/france\/monte-escalier-lons\">Monte escalier Lons<\/a><\/div>\n","protected":false},"excerpt":{"rendered":"<p>Un monte escalier \u00e0 Anglet Vous souhaitez faire installer un monte escalier \u00e0 Anglet, rien de plus facile gr\u00e2ce \u00e0 monteescalier.net vous allez pouvoir faire jouer la concurrence. Nous sommes des interm\u00e9diaires entre vous et les revendeurs de monte escalier sur Anglet. Nous pouvons donc vous mettre en relation tr\u00e8s rapidement et gratuitement avec les [&hellip;]<\/p>\n","protected":false},"author":1,"featured_media":0,"parent":0,"menu_order":0,"comment_status":"closed","ping_status":"open","template":"template_ville_3.php","meta":{"_monsterinsights_skip_tracking":false,"_monsterinsights_sitenote_active":false,"_monsterinsights_sitenote_note":"","_monsterinsights_sitenote_category":0,"footnotes":""},"class_list":["post-1090","page","type-page","status-publish","hentry"],"yoast_head":"<!-- This site is optimized with the Yoast SEO plugin v26.3 - https:\/\/yoast.com\/wordpress\/plugins\/seo\/ -->\n<title>Monte escalier Anglet - Monte escalier<\/title>\n<meta name=\"description\" content=\"Venez d\u00e9couvrir notre meilleur gamme de monte-escaliers \u00e0 Anglet disponible au pr\u00e8s de nos partenaires installeurs\" \/>\n<meta name=\"robots\" content=\"index, follow, max-snippet:-1, max-image-preview:large, max-video-preview:-1\" \/>\n<link rel=\"canonical\" href=\"https:\/\/www.monteescalier.net\/france\/monte-escalier-anglet\/\" \/>\n<meta property=\"og:locale\" content=\"fr_FR\" \/>\n<meta property=\"og:type\" content=\"article\" \/>\n<meta property=\"og:title\" content=\"Monte escalier Anglet - Monte escalier\" \/>\n<meta property=\"og:description\" content=\"Venez d\u00e9couvrir notre meilleur gamme de monte-escaliers \u00e0 Anglet disponible au pr\u00e8s de nos partenaires installeurs\" \/>\n<meta property=\"og:url\" content=\"https:\/\/www.monteescalier.net\/france\/monte-escalier-anglet\/\" \/>\n<meta property=\"og:site_name\" content=\"Monte escalier\" \/>\n<meta property=\"article:modified_time\" content=\"2021-11-22T13:48:43+00:00\" \/>\n<meta name=\"twitter:card\" content=\"summary_large_image\" \/>\n<meta name=\"twitter:label1\" content=\"Dur\u00e9e de lecture estim\u00e9e\" \/>\n\t<meta name=\"twitter:data1\" content=\"2 minutes\" \/>\n<script type=\"application\/ld+json\" class=\"yoast-schema-graph\">{\"@context\":\"https:\/\/schema.org\",\"@graph\":[{\"@type\":\"WebPage\",\"@id\":\"https:\/\/www.monteescalier.net\/france\/monte-escalier-anglet\/\",\"url\":\"https:\/\/www.monteescalier.net\/france\/monte-escalier-anglet\/\",\"name\":\"Monte escalier Anglet - Monte escalier\",\"isPartOf\":{\"@id\":\"https:\/\/www.monteescalier.net\/france\/#website\"},\"datePublished\":\"2021-02-26T09:47:13+00:00\",\"dateModified\":\"2021-11-22T13:48:43+00:00\",\"description\":\"Venez d\u00e9couvrir notre meilleur gamme de monte-escaliers \u00e0 Anglet disponible au pr\u00e8s de nos partenaires installeurs\",\"breadcrumb\":{\"@id\":\"https:\/\/www.monteescalier.net\/france\/monte-escalier-anglet\/#breadcrumb\"},\"inLanguage\":\"fr-FR\",\"potentialAction\":[{\"@type\":\"ReadAction\",\"target\":[\"https:\/\/www.monteescalier.net\/france\/monte-escalier-anglet\/\"]}]},{\"@type\":\"BreadcrumbList\",\"@id\":\"https:\/\/www.monteescalier.net\/france\/monte-escalier-anglet\/#breadcrumb\",\"itemListElement\":[{\"@type\":\"ListItem\",\"position\":1,\"name\":\"Accueil\",\"item\":\"https:\/\/www.monteescalier.net\/france\/\"},{\"@type\":\"ListItem\",\"position\":2,\"name\":\"Monte escalier Anglet\"}]},{\"@type\":\"WebSite\",\"@id\":\"https:\/\/www.monteescalier.net\/france\/#website\",\"url\":\"https:\/\/www.monteescalier.net\/france\/\",\"name\":\"Monte escalier\",\"description\":\"\",\"publisher\":{\"@id\":\"https:\/\/www.monteescalier.net\/france\/#organization\"},\"potentialAction\":[{\"@type\":\"SearchAction\",\"target\":{\"@type\":\"EntryPoint\",\"urlTemplate\":\"https:\/\/www.monteescalier.net\/france\/?s={search_term_string}\"},\"query-input\":{\"@type\":\"PropertyValueSpecification\",\"valueRequired\":true,\"valueName\":\"search_term_string\"}}],\"inLanguage\":\"fr-FR\"},{\"@type\":\"Organization\",\"@id\":\"https:\/\/www.monteescalier.net\/france\/#organization\",\"name\":\"monte-escalier.net\",\"url\":\"https:\/\/www.monteescalier.net\/france\/\",\"logo\":{\"@type\":\"ImageObject\",\"inLanguage\":\"fr-FR\",\"@id\":\"https:\/\/www.monteescalier.net\/france\/#\/schema\/logo\/image\/\",\"url\":\"https:\/\/www.monteescalier.net\/france\/wp-content\/uploads\/2016\/10\/4devis-mont-escalier-500-500.gif\",\"contentUrl\":\"https:\/\/www.monteescalier.net\/france\/wp-content\/uploads\/2016\/10\/4devis-mont-escalier-500-500.gif\",\"width\":500,\"height\":500,\"caption\":\"monte-escalier.net\"},\"image\":{\"@id\":\"https:\/\/www.monteescalier.net\/france\/#\/schema\/logo\/image\/\"}}]}<\/script>\n<!-- \/ Yoast SEO plugin. -->","yoast_head_json":{"title":"Monte escalier Anglet - Monte escalier","description":"Venez d\u00e9couvrir notre meilleur gamme de monte-escaliers \u00e0 Anglet disponible au pr\u00e8s de nos partenaires installeurs","robots":{"index":"index","follow":"follow","max-snippet":"max-snippet:-1","max-image-preview":"max-image-preview:large","max-video-preview":"max-video-preview:-1"},"canonical":"https:\/\/www.monteescalier.net\/france\/monte-escalier-anglet\/","og_locale":"fr_FR","og_type":"article","og_title":"Monte escalier Anglet - Monte escalier","og_description":"Venez d\u00e9couvrir notre meilleur gamme de monte-escaliers \u00e0 Anglet disponible au pr\u00e8s de nos partenaires installeurs","og_url":"https:\/\/www.monteescalier.net\/france\/monte-escalier-anglet\/","og_site_name":"Monte escalier","article_modified_time":"2021-11-22T13:48:43+00:00","twitter_card":"summary_large_image","twitter_misc":{"Dur\u00e9e de lecture estim\u00e9e":"2 minutes"},"schema":{"@context":"https:\/\/schema.org","@graph":[{"@type":"WebPage","@id":"https:\/\/www.monteescalier.net\/france\/monte-escalier-anglet\/","url":"https:\/\/www.monteescalier.net\/france\/monte-escalier-anglet\/","name":"Monte escalier Anglet - Monte escalier","isPartOf":{"@id":"https:\/\/www.monteescalier.net\/france\/#website"},"datePublished":"2021-02-26T09:47:13+00:00","dateModified":"2021-11-22T13:48:43+00:00","description":"Venez d\u00e9couvrir notre meilleur gamme de monte-escaliers \u00e0 Anglet disponible au pr\u00e8s de nos partenaires installeurs","breadcrumb":{"@id":"https:\/\/www.monteescalier.net\/france\/monte-escalier-anglet\/#breadcrumb"},"inLanguage":"fr-FR","potentialAction":[{"@type":"ReadAction","target":["https:\/\/www.monteescalier.net\/france\/monte-escalier-anglet\/"]}]},{"@type":"BreadcrumbList","@id":"https:\/\/www.monteescalier.net\/france\/monte-escalier-anglet\/#breadcrumb","itemListElement":[{"@type":"ListItem","position":1,"name":"Accueil","item":"https:\/\/www.monteescalier.net\/france\/"},{"@type":"ListItem","position":2,"name":"Monte escalier Anglet"}]},{"@type":"WebSite","@id":"https:\/\/www.monteescalier.net\/france\/#website","url":"https:\/\/www.monteescalier.net\/france\/","name":"Monte escalier","description":"","publisher":{"@id":"https:\/\/www.monteescalier.net\/france\/#organization"},"potentialAction":[{"@type":"SearchAction","target":{"@type":"EntryPoint","urlTemplate":"https:\/\/www.monteescalier.net\/france\/?s={search_term_string}"},"query-input":{"@type":"PropertyValueSpecification","valueRequired":true,"valueName":"search_term_string"}}],"inLanguage":"fr-FR"},{"@type":"Organization","@id":"https:\/\/www.monteescalier.net\/france\/#organization","name":"monte-escalier.net","url":"https:\/\/www.monteescalier.net\/france\/","logo":{"@type":"ImageObject","inLanguage":"fr-FR","@id":"https:\/\/www.monteescalier.net\/france\/#\/schema\/logo\/image\/","url":"https:\/\/www.monteescalier.net\/france\/wp-content\/uploads\/2016\/10\/4devis-mont-escalier-500-500.gif","contentUrl":"https:\/\/www.monteescalier.net\/france\/wp-content\/uploads\/2016\/10\/4devis-mont-escalier-500-500.gif","width":500,"height":500,"caption":"monte-escalier.net"},"image":{"@id":"https:\/\/www.monteescalier.net\/france\/#\/schema\/logo\/image\/"}}]}},"_links":{"self":[{"href":"https:\/\/www.monteescalier.net\/france\/wp-json\/wp\/v2\/pages\/1090","targetHints":{"allow":["GET"]}}],"collection":[{"href":"https:\/\/www.monteescalier.net\/france\/wp-json\/wp\/v2\/pages"}],"about":[{"href":"https:\/\/www.monteescalier.net\/france\/wp-json\/wp\/v2\/types\/page"}],"author":[{"embeddable":true,"href":"https:\/\/www.monteescalier.net\/france\/wp-json\/wp\/v2\/users\/1"}],"replies":[{"embeddable":true,"href":"https:\/\/www.monteescalier.net\/france\/wp-json\/wp\/v2\/comments?post=1090"}],"version-history":[{"count":1,"href":"https:\/\/www.monteescalier.net\/france\/wp-json\/wp\/v2\/pages\/1090\/revisions"}],"predecessor-version":[{"id":8432,"href":"https:\/\/www.monteescalier.net\/france\/wp-json\/wp\/v2\/pages\/1090\/revisions\/8432"}],"wp:attachment":[{"href":"https:\/\/www.monteescalier.net\/france\/wp-json\/wp\/v2\/media?parent=1090"}],"curies":[{"name":"wp","href":"https:\/\/api.w.org\/{rel}","templated":true}]}}