{"id":1115,"date":"2019-04-26T10:47:13","date_gmt":"2019-04-26T09:47:13","guid":{"rendered":"https:\/\/www.monteescalier.net\/france\/?page_id=1115"},"modified":"2020-01-16T11:46:17","modified_gmt":"2020-01-16T10:46:17","slug":"monte-escalier-villefranche-sur-saone","status":"publish","type":"page","link":"https:\/\/www.monteescalier.net\/france\/monte-escalier-villefranche-sur-saone\/","title":{"rendered":"Monte escalier Villefranche-sur-Sa\u00f4ne"},"content":{"rendered":"<h1>Des infos sur un monte escalier \u00e0 Villefranche-sur-Sa\u00f4ne<\/h1>\n<div class=\"boite_texte\">\n<div style=\"text-align: justify; margin-bottom: 10px;\">Vous souhaitez mettre en place un monte escalier \u00e0 Villefranche-sur-Sa\u00f4ne, rien de plus simple gr\u00e2ce \u00e0 monteescalier.net vous allez pouvoir faire jouer la concurrence.<\/div>\n<div style=\"text-align: justify; margin-bottom: 10px;\">Nous sommes des interm\u00e9diaires entre vous et les revendeurs de monte escalier sur Villefranche-sur-Sa\u00f4ne. Nous pouvons donc vous mettre en relation tr\u00e8s rapidement et gratuitement avec les principaux vendeurs de monte escalier \u00e0 Villefranche-sur-Sa\u00f4ne.<\/div>\n<div style=\"text-align: justify; margin-bottom: 10px;\">Obtenir 4 ou 5 devis pour votre monte escalier \u00e0 Villefranche-sur-Sa\u00f4ne, c&rsquo;est la premi\u00e8re prestation totalement gratuite que nous sommes en mesure de vous proposer. Pour profiter de ce service gratuit et sans obligation d&rsquo;achat, laissez nous vos coordonn\u00e9es dans notre formulaire de demande de devis et vous serez recontact\u00e9s tr\u00e8s prochainement par les professionnels du monte escalier sur Villefranche-sur-Sa\u00f4ne.<\/div>\n<div style=\"text-align: justify; margin-bottom: 10px;\">L&rsquo;installation d&rsquo;un monte escalier est une op\u00e9ration tr\u00e8s technique qui n\u00e9cessite une pr\u00e9paration minutieuse et ainsi garantir votre s\u00e9curit\u00e9 sur le fauteuil monte escalier. Il est donc normal que vous vous posiez des questions sur cette installation. Pour lever vos inqui\u00e9tudes, nous vous proposons de remplir une demande de rappel afin que nos partenaires experts puissent vous rappeler et vous donner par t\u00e9l\u00e9phone leurs avis respectifs sur la mise en place de votre monte escalier.<\/div>\n<div style=\"text-align: justify; margin-bottom: 10px;\">Vous voulez choisir son mod\u00e8le de monte escalier directement de chez vous ? C&rsquo;est possible avec monteescalier.net. Remplissez directement un formulaire de demande de documentation sur notre site et vous recevrez toute la documentation n\u00e9cessaire sur les mod\u00e8les de monte escalier commercialis\u00e9s par nos professionnels partenaires.<\/div>\n<div style=\"text-align: justify; margin-bottom: 10px;\">Avec notre site, pas de co\u00fbt et pas d&rsquo;engagements ! que vous contractiez ou non avec un de nos partenaires, nous ne vous facturerons rien pour notre service de mise en relation. Si vous trouvez votre prestataire gr\u00e2ce \u00e0 nous tant mieux pour vous, alors testez nous !<\/div>\n<\/div>\n<div class=\"titre_liens\">Nos services monte escalier sont \u00e9galement disponibles \u00e0 :<\/div>\n<div class=\"boite_liens\"><a href=\"https:\/\/www.monteescalier.net\/france\/monte-escalier-rillieux-la-pape\">Monte escalier Rillieux-la-Pape<\/a><br \/>\n<a href=\"https:\/\/www.monteescalier.net\/france\/monte-escalier-meyzieu\">Monte escalier Meyzieu<\/a><br \/>\n<a href=\"https:\/\/www.monteescalier.net\/france\/monte-escalier-oullins\">Monte escalier Oullins<\/a><br \/>\n<a href=\"https:\/\/www.monteescalier.net\/france\/monte-escalier-decines-charpieu\">Monte escalier D\u00e9cines-Charpieu<\/a><br \/>\n<a href=\"https:\/\/www.monteescalier.net\/france\/monte-escalier-sainte-foy-les-lyon\">Monte escalier Sainte-Foy-l\u00e8s-Lyon<\/a><\/div>\n","protected":false},"excerpt":{"rendered":"<p>Des infos sur un monte escalier \u00e0 Villefranche-sur-Sa\u00f4ne Vous souhaitez mettre en place un monte escalier \u00e0 Villefranche-sur-Sa\u00f4ne, rien de plus simple gr\u00e2ce \u00e0 monteescalier.net vous allez pouvoir faire jouer la concurrence. Nous sommes des interm\u00e9diaires entre vous et les revendeurs de monte escalier sur Villefranche-sur-Sa\u00f4ne. Nous pouvons donc vous mettre en relation tr\u00e8s rapidement [&hellip;]<\/p>\n","protected":false},"author":1,"featured_media":0,"parent":0,"menu_order":0,"comment_status":"closed","ping_status":"open","template":"","meta":{"_monsterinsights_skip_tracking":false,"_monsterinsights_sitenote_active":false,"_monsterinsights_sitenote_note":"","_monsterinsights_sitenote_category":0,"footnotes":""},"class_list":["post-1115","page","type-page","status-publish","hentry"],"yoast_head":"<!-- This site is optimized with the Yoast SEO plugin v26.3 - https:\/\/yoast.com\/wordpress\/plugins\/seo\/ -->\n<title>Monte escalier Villefranche-sur-Sa\u00f4ne - Monte escalier<\/title>\n<meta name=\"robots\" content=\"index, follow, max-snippet:-1, max-image-preview:large, max-video-preview:-1\" \/>\n<link rel=\"canonical\" href=\"https:\/\/www.monteescalier.net\/france\/monte-escalier-villefranche-sur-saone\/\" \/>\n<meta property=\"og:locale\" content=\"fr_FR\" \/>\n<meta property=\"og:type\" content=\"article\" \/>\n<meta property=\"og:title\" content=\"Monte escalier Villefranche-sur-Sa\u00f4ne - Monte escalier\" \/>\n<meta property=\"og:description\" content=\"Des infos sur un monte escalier \u00e0 Villefranche-sur-Sa\u00f4ne Vous souhaitez mettre en place un monte escalier \u00e0 Villefranche-sur-Sa\u00f4ne, rien de plus simple gr\u00e2ce \u00e0 monteescalier.net vous allez pouvoir faire jouer la concurrence. Nous sommes des interm\u00e9diaires entre vous et les revendeurs de monte escalier sur Villefranche-sur-Sa\u00f4ne. Nous pouvons donc vous mettre en relation tr\u00e8s rapidement [&hellip;]\" \/>\n<meta property=\"og:url\" content=\"https:\/\/www.monteescalier.net\/france\/monte-escalier-villefranche-sur-saone\/\" \/>\n<meta property=\"og:site_name\" content=\"Monte escalier\" \/>\n<meta property=\"article:modified_time\" content=\"2020-01-16T10:46:17+00:00\" \/>\n<meta name=\"twitter:card\" content=\"summary_large_image\" \/>\n<meta name=\"twitter:label1\" content=\"Dur\u00e9e de lecture estim\u00e9e\" \/>\n\t<meta name=\"twitter:data1\" content=\"2 minutes\" \/>\n<script type=\"application\/ld+json\" class=\"yoast-schema-graph\">{\"@context\":\"https:\/\/schema.org\",\"@graph\":[{\"@type\":\"WebPage\",\"@id\":\"https:\/\/www.monteescalier.net\/france\/monte-escalier-villefranche-sur-saone\/\",\"url\":\"https:\/\/www.monteescalier.net\/france\/monte-escalier-villefranche-sur-saone\/\",\"name\":\"Monte escalier Villefranche-sur-Sa\u00f4ne - Monte escalier\",\"isPartOf\":{\"@id\":\"https:\/\/www.monteescalier.net\/france\/#website\"},\"datePublished\":\"2019-04-26T09:47:13+00:00\",\"dateModified\":\"2020-01-16T10:46:17+00:00\",\"breadcrumb\":{\"@id\":\"https:\/\/www.monteescalier.net\/france\/monte-escalier-villefranche-sur-saone\/#breadcrumb\"},\"inLanguage\":\"fr-FR\",\"potentialAction\":[{\"@type\":\"ReadAction\",\"target\":[\"https:\/\/www.monteescalier.net\/france\/monte-escalier-villefranche-sur-saone\/\"]}]},{\"@type\":\"BreadcrumbList\",\"@id\":\"https:\/\/www.monteescalier.net\/france\/monte-escalier-villefranche-sur-saone\/#breadcrumb\",\"itemListElement\":[{\"@type\":\"ListItem\",\"position\":1,\"name\":\"Accueil\",\"item\":\"https:\/\/www.monteescalier.net\/france\/\"},{\"@type\":\"ListItem\",\"position\":2,\"name\":\"Monte escalier Villefranche-sur-Sa\u00f4ne\"}]},{\"@type\":\"WebSite\",\"@id\":\"https:\/\/www.monteescalier.net\/france\/#website\",\"url\":\"https:\/\/www.monteescalier.net\/france\/\",\"name\":\"Monte escalier\",\"description\":\"\",\"publisher\":{\"@id\":\"https:\/\/www.monteescalier.net\/france\/#organization\"},\"potentialAction\":[{\"@type\":\"SearchAction\",\"target\":{\"@type\":\"EntryPoint\",\"urlTemplate\":\"https:\/\/www.monteescalier.net\/france\/?s={search_term_string}\"},\"query-input\":{\"@type\":\"PropertyValueSpecification\",\"valueRequired\":true,\"valueName\":\"search_term_string\"}}],\"inLanguage\":\"fr-FR\"},{\"@type\":\"Organization\",\"@id\":\"https:\/\/www.monteescalier.net\/france\/#organization\",\"name\":\"monte-escalier.net\",\"url\":\"https:\/\/www.monteescalier.net\/france\/\",\"logo\":{\"@type\":\"ImageObject\",\"inLanguage\":\"fr-FR\",\"@id\":\"https:\/\/www.monteescalier.net\/france\/#\/schema\/logo\/image\/\",\"url\":\"https:\/\/www.monteescalier.net\/france\/wp-content\/uploads\/2016\/10\/4devis-mont-escalier-500-500.gif\",\"contentUrl\":\"https:\/\/www.monteescalier.net\/france\/wp-content\/uploads\/2016\/10\/4devis-mont-escalier-500-500.gif\",\"width\":500,\"height\":500,\"caption\":\"monte-escalier.net\"},\"image\":{\"@id\":\"https:\/\/www.monteescalier.net\/france\/#\/schema\/logo\/image\/\"}}]}<\/script>\n<!-- \/ Yoast SEO plugin. -->","yoast_head_json":{"title":"Monte escalier Villefranche-sur-Sa\u00f4ne - Monte escalier","robots":{"index":"index","follow":"follow","max-snippet":"max-snippet:-1","max-image-preview":"max-image-preview:large","max-video-preview":"max-video-preview:-1"},"canonical":"https:\/\/www.monteescalier.net\/france\/monte-escalier-villefranche-sur-saone\/","og_locale":"fr_FR","og_type":"article","og_title":"Monte escalier Villefranche-sur-Sa\u00f4ne - Monte escalier","og_description":"Des infos sur un monte escalier \u00e0 Villefranche-sur-Sa\u00f4ne Vous souhaitez mettre en place un monte escalier \u00e0 Villefranche-sur-Sa\u00f4ne, rien de plus simple gr\u00e2ce \u00e0 monteescalier.net vous allez pouvoir faire jouer la concurrence. Nous sommes des interm\u00e9diaires entre vous et les revendeurs de monte escalier sur Villefranche-sur-Sa\u00f4ne. Nous pouvons donc vous mettre en relation tr\u00e8s rapidement [&hellip;]","og_url":"https:\/\/www.monteescalier.net\/france\/monte-escalier-villefranche-sur-saone\/","og_site_name":"Monte escalier","article_modified_time":"2020-01-16T10:46:17+00:00","twitter_card":"summary_large_image","twitter_misc":{"Dur\u00e9e de lecture estim\u00e9e":"2 minutes"},"schema":{"@context":"https:\/\/schema.org","@graph":[{"@type":"WebPage","@id":"https:\/\/www.monteescalier.net\/france\/monte-escalier-villefranche-sur-saone\/","url":"https:\/\/www.monteescalier.net\/france\/monte-escalier-villefranche-sur-saone\/","name":"Monte escalier Villefranche-sur-Sa\u00f4ne - Monte escalier","isPartOf":{"@id":"https:\/\/www.monteescalier.net\/france\/#website"},"datePublished":"2019-04-26T09:47:13+00:00","dateModified":"2020-01-16T10:46:17+00:00","breadcrumb":{"@id":"https:\/\/www.monteescalier.net\/france\/monte-escalier-villefranche-sur-saone\/#breadcrumb"},"inLanguage":"fr-FR","potentialAction":[{"@type":"ReadAction","target":["https:\/\/www.monteescalier.net\/france\/monte-escalier-villefranche-sur-saone\/"]}]},{"@type":"BreadcrumbList","@id":"https:\/\/www.monteescalier.net\/france\/monte-escalier-villefranche-sur-saone\/#breadcrumb","itemListElement":[{"@type":"ListItem","position":1,"name":"Accueil","item":"https:\/\/www.monteescalier.net\/france\/"},{"@type":"ListItem","position":2,"name":"Monte escalier Villefranche-sur-Sa\u00f4ne"}]},{"@type":"WebSite","@id":"https:\/\/www.monteescalier.net\/france\/#website","url":"https:\/\/www.monteescalier.net\/france\/","name":"Monte escalier","description":"","publisher":{"@id":"https:\/\/www.monteescalier.net\/france\/#organization"},"potentialAction":[{"@type":"SearchAction","target":{"@type":"EntryPoint","urlTemplate":"https:\/\/www.monteescalier.net\/france\/?s={search_term_string}"},"query-input":{"@type":"PropertyValueSpecification","valueRequired":true,"valueName":"search_term_string"}}],"inLanguage":"fr-FR"},{"@type":"Organization","@id":"https:\/\/www.monteescalier.net\/france\/#organization","name":"monte-escalier.net","url":"https:\/\/www.monteescalier.net\/france\/","logo":{"@type":"ImageObject","inLanguage":"fr-FR","@id":"https:\/\/www.monteescalier.net\/france\/#\/schema\/logo\/image\/","url":"https:\/\/www.monteescalier.net\/france\/wp-content\/uploads\/2016\/10\/4devis-mont-escalier-500-500.gif","contentUrl":"https:\/\/www.monteescalier.net\/france\/wp-content\/uploads\/2016\/10\/4devis-mont-escalier-500-500.gif","width":500,"height":500,"caption":"monte-escalier.net"},"image":{"@id":"https:\/\/www.monteescalier.net\/france\/#\/schema\/logo\/image\/"}}]}},"_links":{"self":[{"href":"https:\/\/www.monteescalier.net\/france\/wp-json\/wp\/v2\/pages\/1115","targetHints":{"allow":["GET"]}}],"collection":[{"href":"https:\/\/www.monteescalier.net\/france\/wp-json\/wp\/v2\/pages"}],"about":[{"href":"https:\/\/www.monteescalier.net\/france\/wp-json\/wp\/v2\/types\/page"}],"author":[{"embeddable":true,"href":"https:\/\/www.monteescalier.net\/france\/wp-json\/wp\/v2\/users\/1"}],"replies":[{"embeddable":true,"href":"https:\/\/www.monteescalier.net\/france\/wp-json\/wp\/v2\/comments?post=1115"}],"version-history":[{"count":1,"href":"https:\/\/www.monteescalier.net\/france\/wp-json\/wp\/v2\/pages\/1115\/revisions"}],"predecessor-version":[{"id":8459,"href":"https:\/\/www.monteescalier.net\/france\/wp-json\/wp\/v2\/pages\/1115\/revisions\/8459"}],"wp:attachment":[{"href":"https:\/\/www.monteescalier.net\/france\/wp-json\/wp\/v2\/media?parent=1115"}],"curies":[{"name":"wp","href":"https:\/\/api.w.org\/{rel}","templated":true}]}}