{"id":1190,"date":"2019-04-26T10:47:14","date_gmt":"2019-04-26T09:47:14","guid":{"rendered":"https:\/\/www.monteescalier.net\/france\/?page_id=1190"},"modified":"2020-01-17T10:22:27","modified_gmt":"2020-01-17T09:22:27","slug":"monte-escalier-villiers-sur-marne","status":"publish","type":"page","link":"https:\/\/www.monteescalier.net\/france\/monte-escalier-villiers-sur-marne\/","title":{"rendered":"Monte escalier Villiers-sur-Marne"},"content":{"rendered":"<h1>Faire installer un monte escalier \u00e0 Villiers-sur-Marne<\/h1>\n<div class=\"boite_texte\">\n<div style=\"text-align: justify; margin-bottom: 10px;\">Vous voulez faire installer un monte escalier \u00e0 Villiers-sur-Marne, rien de plus facile gr\u00e2ce \u00e0 monteescalier.net vous allez pouvoir faire jouer la concurrence.<\/div>\n<div style=\"text-align: justify; margin-bottom: 10px;\">L&rsquo;\u00e9quipe de monteescalier.net vous propose de s\u00e9lectionner pour vous les installateurs de monte escalier les plus comp\u00e9titifs dans la r\u00e9gion de Villiers-sur-Marne. Notre s\u00e9lection est compos\u00e9e de professionnels reconnus du monte escalier parmi lesquels vous trouverez certainement votre prestataire.<\/div>\n<div style=\"text-align: justify; margin-bottom: 10px;\">A quoi bon multipliez les demandes \u00e0 droite et \u00e0 gauche, alors que nous vous proposons gratuitement de centraliser votre demande aupr\u00e8s des professionnels du monte escalier de Villiers-sur-Marne. Saisissez vite vos coordonn\u00e9es dans notre formulaire de demande de devis et vous recevrez leurs propositions directement dans votre boite mail (ou par courrier si vous pr\u00e9f\u00e9rez).<\/div>\n<div style=\"text-align: justify; margin-bottom: 10px;\">Votre logement peut elle accueillir un monte escalier? Votre escalier est il assez large? Vous faut il un monte escalier droit ou un monte escalier tournant? Quelle marque, quel fauteuil choisir? Pour obtenir diff\u00e9rents avis sur ces questions, utilisez notre fomulaire de rappel. Nos professionnels partenaires du monte escalier vous recontacteront tr\u00e8s vite !<\/div>\n<div style=\"text-align: justify; margin-bottom: 10px;\">Compulser de la documentation sur les monte escalier directement depuis chez vous sans vous d\u00e9placer c&rsquo;est possible et m\u00eame gratuit. Remplissez simplement un formulaire de demande de documentation et vous recevrez par la poste ou par email, toutes les documentations sur les produits vendus par nos partenaires vendeurs de monte escalier.<\/div>\n<div style=\"text-align: justify; margin-bottom: 10px;\">Avec notre site, pas de co\u00fbt et pas d&rsquo;engagements ! que vous signiez ou non avec un de nos partenaires, nous ne vous facturerons rien pour notre service de mise en relation. Si vous trouvez votre prestataire gr\u00e2ce \u00e0 nous tant mieux pour vous, alors testez nous !<\/div>\n<\/div>\n<div class=\"titre_liens\">Autres offres de services monte escalier dans votre d\u00e9partement<\/div>\n<div class=\"boite_liens\"><a href=\"https:\/\/www.monteescalier.net\/france\/monte-escalier-le-kremlin-bicetre\">Monte escalier Kremlin-Bic\u00eatre<\/a><br \/>\n<a href=\"https:\/\/www.monteescalier.net\/france\/monte-escalier-sucy-en-brie\">Monte escalier Sucy-en-Brie<\/a><br \/>\n<a href=\"https:\/\/www.monteescalier.net\/france\/monte-escalier-fresnes\">Monte escalier Fresnes<\/a><br \/>\n<a href=\"https:\/\/www.monteescalier.net\/france\/monte-escalier-saint-mande\">Monte escalier Saint-Mand\u00e9<\/a><br \/>\n<a href=\"https:\/\/www.monteescalier.net\/france\/monte-escalier-orly\">Monte escalier Orly<\/a><\/div>\n","protected":false},"excerpt":{"rendered":"<p>Faire installer un monte escalier \u00e0 Villiers-sur-Marne Vous voulez faire installer un monte escalier \u00e0 Villiers-sur-Marne, rien de plus facile gr\u00e2ce \u00e0 monteescalier.net vous allez pouvoir faire jouer la concurrence. L&rsquo;\u00e9quipe de monteescalier.net vous propose de s\u00e9lectionner pour vous les installateurs de monte escalier les plus comp\u00e9titifs dans la r\u00e9gion de Villiers-sur-Marne. Notre s\u00e9lection est [&hellip;]<\/p>\n","protected":false},"author":1,"featured_media":0,"parent":0,"menu_order":0,"comment_status":"closed","ping_status":"open","template":"","meta":{"_monsterinsights_skip_tracking":false,"_monsterinsights_sitenote_active":false,"_monsterinsights_sitenote_note":"","_monsterinsights_sitenote_category":0,"footnotes":""},"class_list":["post-1190","page","type-page","status-publish","hentry"],"yoast_head":"<!-- This site is optimized with the Yoast SEO plugin v26.3 - https:\/\/yoast.com\/wordpress\/plugins\/seo\/ -->\n<title>Monte escalier Villiers-sur-Marne - Monte escalier<\/title>\n<meta name=\"robots\" content=\"index, follow, max-snippet:-1, max-image-preview:large, max-video-preview:-1\" \/>\n<link rel=\"canonical\" href=\"https:\/\/www.monteescalier.net\/france\/monte-escalier-villiers-sur-marne\/\" \/>\n<meta property=\"og:locale\" content=\"fr_FR\" \/>\n<meta property=\"og:type\" content=\"article\" \/>\n<meta property=\"og:title\" content=\"Monte escalier Villiers-sur-Marne - Monte escalier\" \/>\n<meta property=\"og:description\" content=\"Faire installer un monte escalier \u00e0 Villiers-sur-Marne Vous voulez faire installer un monte escalier \u00e0 Villiers-sur-Marne, rien de plus facile gr\u00e2ce \u00e0 monteescalier.net vous allez pouvoir faire jouer la concurrence. L&rsquo;\u00e9quipe de monteescalier.net vous propose de s\u00e9lectionner pour vous les installateurs de monte escalier les plus comp\u00e9titifs dans la r\u00e9gion de Villiers-sur-Marne. Notre s\u00e9lection est [&hellip;]\" \/>\n<meta property=\"og:url\" content=\"https:\/\/www.monteescalier.net\/france\/monte-escalier-villiers-sur-marne\/\" \/>\n<meta property=\"og:site_name\" content=\"Monte escalier\" \/>\n<meta property=\"article:modified_time\" content=\"2020-01-17T09:22:27+00:00\" \/>\n<meta name=\"twitter:card\" content=\"summary_large_image\" \/>\n<meta name=\"twitter:label1\" content=\"Dur\u00e9e de lecture estim\u00e9e\" \/>\n\t<meta name=\"twitter:data1\" content=\"2 minutes\" \/>\n<script type=\"application\/ld+json\" class=\"yoast-schema-graph\">{\"@context\":\"https:\/\/schema.org\",\"@graph\":[{\"@type\":\"WebPage\",\"@id\":\"https:\/\/www.monteescalier.net\/france\/monte-escalier-villiers-sur-marne\/\",\"url\":\"https:\/\/www.monteescalier.net\/france\/monte-escalier-villiers-sur-marne\/\",\"name\":\"Monte escalier Villiers-sur-Marne - Monte escalier\",\"isPartOf\":{\"@id\":\"https:\/\/www.monteescalier.net\/france\/#website\"},\"datePublished\":\"2019-04-26T09:47:14+00:00\",\"dateModified\":\"2020-01-17T09:22:27+00:00\",\"breadcrumb\":{\"@id\":\"https:\/\/www.monteescalier.net\/france\/monte-escalier-villiers-sur-marne\/#breadcrumb\"},\"inLanguage\":\"fr-FR\",\"potentialAction\":[{\"@type\":\"ReadAction\",\"target\":[\"https:\/\/www.monteescalier.net\/france\/monte-escalier-villiers-sur-marne\/\"]}]},{\"@type\":\"BreadcrumbList\",\"@id\":\"https:\/\/www.monteescalier.net\/france\/monte-escalier-villiers-sur-marne\/#breadcrumb\",\"itemListElement\":[{\"@type\":\"ListItem\",\"position\":1,\"name\":\"Accueil\",\"item\":\"https:\/\/www.monteescalier.net\/france\/\"},{\"@type\":\"ListItem\",\"position\":2,\"name\":\"Monte escalier Villiers-sur-Marne\"}]},{\"@type\":\"WebSite\",\"@id\":\"https:\/\/www.monteescalier.net\/france\/#website\",\"url\":\"https:\/\/www.monteescalier.net\/france\/\",\"name\":\"Monte escalier\",\"description\":\"\",\"publisher\":{\"@id\":\"https:\/\/www.monteescalier.net\/france\/#organization\"},\"potentialAction\":[{\"@type\":\"SearchAction\",\"target\":{\"@type\":\"EntryPoint\",\"urlTemplate\":\"https:\/\/www.monteescalier.net\/france\/?s={search_term_string}\"},\"query-input\":{\"@type\":\"PropertyValueSpecification\",\"valueRequired\":true,\"valueName\":\"search_term_string\"}}],\"inLanguage\":\"fr-FR\"},{\"@type\":\"Organization\",\"@id\":\"https:\/\/www.monteescalier.net\/france\/#organization\",\"name\":\"monte-escalier.net\",\"url\":\"https:\/\/www.monteescalier.net\/france\/\",\"logo\":{\"@type\":\"ImageObject\",\"inLanguage\":\"fr-FR\",\"@id\":\"https:\/\/www.monteescalier.net\/france\/#\/schema\/logo\/image\/\",\"url\":\"https:\/\/www.monteescalier.net\/france\/wp-content\/uploads\/2016\/10\/4devis-mont-escalier-500-500.gif\",\"contentUrl\":\"https:\/\/www.monteescalier.net\/france\/wp-content\/uploads\/2016\/10\/4devis-mont-escalier-500-500.gif\",\"width\":500,\"height\":500,\"caption\":\"monte-escalier.net\"},\"image\":{\"@id\":\"https:\/\/www.monteescalier.net\/france\/#\/schema\/logo\/image\/\"}}]}<\/script>\n<!-- \/ Yoast SEO plugin. -->","yoast_head_json":{"title":"Monte escalier Villiers-sur-Marne - Monte escalier","robots":{"index":"index","follow":"follow","max-snippet":"max-snippet:-1","max-image-preview":"max-image-preview:large","max-video-preview":"max-video-preview:-1"},"canonical":"https:\/\/www.monteescalier.net\/france\/monte-escalier-villiers-sur-marne\/","og_locale":"fr_FR","og_type":"article","og_title":"Monte escalier Villiers-sur-Marne - Monte escalier","og_description":"Faire installer un monte escalier \u00e0 Villiers-sur-Marne Vous voulez faire installer un monte escalier \u00e0 Villiers-sur-Marne, rien de plus facile gr\u00e2ce \u00e0 monteescalier.net vous allez pouvoir faire jouer la concurrence. L&rsquo;\u00e9quipe de monteescalier.net vous propose de s\u00e9lectionner pour vous les installateurs de monte escalier les plus comp\u00e9titifs dans la r\u00e9gion de Villiers-sur-Marne. Notre s\u00e9lection est [&hellip;]","og_url":"https:\/\/www.monteescalier.net\/france\/monte-escalier-villiers-sur-marne\/","og_site_name":"Monte escalier","article_modified_time":"2020-01-17T09:22:27+00:00","twitter_card":"summary_large_image","twitter_misc":{"Dur\u00e9e de lecture estim\u00e9e":"2 minutes"},"schema":{"@context":"https:\/\/schema.org","@graph":[{"@type":"WebPage","@id":"https:\/\/www.monteescalier.net\/france\/monte-escalier-villiers-sur-marne\/","url":"https:\/\/www.monteescalier.net\/france\/monte-escalier-villiers-sur-marne\/","name":"Monte escalier Villiers-sur-Marne - Monte escalier","isPartOf":{"@id":"https:\/\/www.monteescalier.net\/france\/#website"},"datePublished":"2019-04-26T09:47:14+00:00","dateModified":"2020-01-17T09:22:27+00:00","breadcrumb":{"@id":"https:\/\/www.monteescalier.net\/france\/monte-escalier-villiers-sur-marne\/#breadcrumb"},"inLanguage":"fr-FR","potentialAction":[{"@type":"ReadAction","target":["https:\/\/www.monteescalier.net\/france\/monte-escalier-villiers-sur-marne\/"]}]},{"@type":"BreadcrumbList","@id":"https:\/\/www.monteescalier.net\/france\/monte-escalier-villiers-sur-marne\/#breadcrumb","itemListElement":[{"@type":"ListItem","position":1,"name":"Accueil","item":"https:\/\/www.monteescalier.net\/france\/"},{"@type":"ListItem","position":2,"name":"Monte escalier Villiers-sur-Marne"}]},{"@type":"WebSite","@id":"https:\/\/www.monteescalier.net\/france\/#website","url":"https:\/\/www.monteescalier.net\/france\/","name":"Monte escalier","description":"","publisher":{"@id":"https:\/\/www.monteescalier.net\/france\/#organization"},"potentialAction":[{"@type":"SearchAction","target":{"@type":"EntryPoint","urlTemplate":"https:\/\/www.monteescalier.net\/france\/?s={search_term_string}"},"query-input":{"@type":"PropertyValueSpecification","valueRequired":true,"valueName":"search_term_string"}}],"inLanguage":"fr-FR"},{"@type":"Organization","@id":"https:\/\/www.monteescalier.net\/france\/#organization","name":"monte-escalier.net","url":"https:\/\/www.monteescalier.net\/france\/","logo":{"@type":"ImageObject","inLanguage":"fr-FR","@id":"https:\/\/www.monteescalier.net\/france\/#\/schema\/logo\/image\/","url":"https:\/\/www.monteescalier.net\/france\/wp-content\/uploads\/2016\/10\/4devis-mont-escalier-500-500.gif","contentUrl":"https:\/\/www.monteescalier.net\/france\/wp-content\/uploads\/2016\/10\/4devis-mont-escalier-500-500.gif","width":500,"height":500,"caption":"monte-escalier.net"},"image":{"@id":"https:\/\/www.monteescalier.net\/france\/#\/schema\/logo\/image\/"}}]}},"_links":{"self":[{"href":"https:\/\/www.monteescalier.net\/france\/wp-json\/wp\/v2\/pages\/1190","targetHints":{"allow":["GET"]}}],"collection":[{"href":"https:\/\/www.monteescalier.net\/france\/wp-json\/wp\/v2\/pages"}],"about":[{"href":"https:\/\/www.monteescalier.net\/france\/wp-json\/wp\/v2\/types\/page"}],"author":[{"embeddable":true,"href":"https:\/\/www.monteescalier.net\/france\/wp-json\/wp\/v2\/users\/1"}],"replies":[{"embeddable":true,"href":"https:\/\/www.monteescalier.net\/france\/wp-json\/wp\/v2\/comments?post=1190"}],"version-history":[{"count":1,"href":"https:\/\/www.monteescalier.net\/france\/wp-json\/wp\/v2\/pages\/1190\/revisions"}],"predecessor-version":[{"id":8621,"href":"https:\/\/www.monteescalier.net\/france\/wp-json\/wp\/v2\/pages\/1190\/revisions\/8621"}],"wp:attachment":[{"href":"https:\/\/www.monteescalier.net\/france\/wp-json\/wp\/v2\/media?parent=1190"}],"curies":[{"name":"wp","href":"https:\/\/api.w.org\/{rel}","templated":true}]}}