{"id":1200,"date":"2019-08-12T10:47:14","date_gmt":"2019-08-12T09:47:14","guid":{"rendered":"https:\/\/www.monteescalier.net\/france\/?page_id=1200"},"modified":"2020-01-14T15:32:47","modified_gmt":"2020-01-14T14:32:47","slug":"monte-escalier-saintes","status":"publish","type":"page","link":"https:\/\/www.monteescalier.net\/france\/monte-escalier-saintes\/","title":{"rendered":"Monte escalier Saintes"},"content":{"rendered":"<h1>Devis gratuit pour un monte escalier \u00e0 Saintes<\/h1>\n<div class=\"boite_texte\">\n<div style=\"text-align: justify; margin-bottom: 10px;\">Vous souhaitez faire poser un monte escalier \u00e0 Saintes, rien de plus facile gr\u00e2ce \u00e0 monteescalier.net vous allez pouvoir faire jouer la concurrence.<\/div>\n<div style=\"text-align: justify; margin-bottom: 10px;\">Notre site est une passerelle entre les possibles acqu\u00e9reurs de monte escalier et les installateurs. En quelques clics vous serez mis en contact avec notre s\u00e9lection de vendeurs de monte escalier sur Saintes.<\/div>\n<div style=\"text-align: justify; margin-bottom: 10px;\">Pour choisir votre revendeur de monte escalier \u00e0 Saintes, le plus ais\u00e9 est de pouvoir disposer de plusieurs devis \u00e9manant de diff\u00e9rentes soci\u00e9t\u00e9. C&rsquo;est justement ce que nous vous proposons. Remplissez une demande de devis et nos partenaires vous feront chacun leur meilleure offre pour votre monte escalier \u00e0 Saintes.<\/div>\n<div style=\"text-align: justify; margin-bottom: 10px;\">Avoir des sp\u00e9cialistes du monte escalier au t\u00e9l\u00e9phone pour discuter de votre projet, voici ce que vous permettra notre site si vous remplissez une demande de rappel. Vous serez tr\u00e8s rapidement recontact\u00e9s par nos partenaires experts qui pourront r\u00e9pondre \u00e0 toutes vos questions relatives \u00e0 la sp\u00e9cificit\u00e9 de l&rsquo;installation de votre monte escalier.<\/div>\n<div style=\"text-align: justify; margin-bottom: 10px;\">Nos revendeurs partenaires peuvent \u00e9galement vous faire parvenir de la documentation sur les diff\u00e9rents mod\u00e8les de monte escalier qu&rsquo;ils commercialisent, que ce soit par courrier ou par email.<\/div>\n<div style=\"text-align: justify; margin-bottom: 10px;\">Avec monteescalier.net, pas de mauvaise surprise en vue : nous ne facturons absolument rien et vous ne prenez aucun engagement en faisant une demande sur notre site: les devis, documentation et rappel sont gratuits ! Tous nos partenaires vendeurs de monte escalier sur Saintes s&rsquo;y engagent. Testez-nous, vous ne le regretterez pas.<\/div>\n<\/div>\n<div class=\"titre_liens\">Autres liens int\u00e9ressants vers nos offres dans les villes voisines<\/div>\n<div class=\"boite_liens\"><a href=\"https:\/\/www.monteescalier.net\/france\/monte-escalier-rochefort\">Monte escalier Rochefort<\/a><br \/>\n<a href=\"https:\/\/www.monteescalier.net\/france\/monte-escalier-royan\">Monte escalier Royan<\/a><br \/>\n<a href=\"https:\/\/www.monteescalier.net\/france\/monte-escalier-aytre\">Monte escalier Aytr\u00e9<\/a><br \/>\n<a href=\"https:\/\/www.monteescalier.net\/france\/monte-escalier-tonnay-charente\">Monte escalier Tonnay-Charente<\/a><br \/>\n<a href=\"https:\/\/www.monteescalier.net\/france\/monte-escalier-saint-jean-d-angely\">Monte escalier Saint-Jean-d&rsquo;Ang\u00e9ly<\/a><\/div>\n","protected":false},"excerpt":{"rendered":"<p>Devis gratuit pour un monte escalier \u00e0 Saintes Vous souhaitez faire poser un monte escalier \u00e0 Saintes, rien de plus facile gr\u00e2ce \u00e0 monteescalier.net vous allez pouvoir faire jouer la concurrence. Notre site est une passerelle entre les possibles acqu\u00e9reurs de monte escalier et les installateurs. En quelques clics vous serez mis en contact avec [&hellip;]<\/p>\n","protected":false},"author":1,"featured_media":0,"parent":0,"menu_order":0,"comment_status":"closed","ping_status":"open","template":"","meta":{"_monsterinsights_skip_tracking":false,"_monsterinsights_sitenote_active":false,"_monsterinsights_sitenote_note":"","_monsterinsights_sitenote_category":0,"footnotes":""},"class_list":["post-1200","page","type-page","status-publish","hentry"],"yoast_head":"<!-- This site is optimized with the Yoast SEO plugin v26.3 - https:\/\/yoast.com\/wordpress\/plugins\/seo\/ -->\n<title>Monte escalier Saintes - Monte escalier<\/title>\n<meta name=\"robots\" content=\"index, follow, max-snippet:-1, max-image-preview:large, max-video-preview:-1\" \/>\n<link rel=\"canonical\" href=\"https:\/\/www.monteescalier.net\/france\/monte-escalier-saintes\/\" \/>\n<meta property=\"og:locale\" content=\"fr_FR\" \/>\n<meta property=\"og:type\" content=\"article\" \/>\n<meta property=\"og:title\" content=\"Monte escalier Saintes - Monte escalier\" \/>\n<meta property=\"og:description\" content=\"Devis gratuit pour un monte escalier \u00e0 Saintes Vous souhaitez faire poser un monte escalier \u00e0 Saintes, rien de plus facile gr\u00e2ce \u00e0 monteescalier.net vous allez pouvoir faire jouer la concurrence. Notre site est une passerelle entre les possibles acqu\u00e9reurs de monte escalier et les installateurs. En quelques clics vous serez mis en contact avec [&hellip;]\" \/>\n<meta property=\"og:url\" content=\"https:\/\/www.monteescalier.net\/france\/monte-escalier-saintes\/\" \/>\n<meta property=\"og:site_name\" content=\"Monte escalier\" \/>\n<meta property=\"article:modified_time\" content=\"2020-01-14T14:32:47+00:00\" \/>\n<meta name=\"twitter:card\" content=\"summary_large_image\" \/>\n<meta name=\"twitter:label1\" content=\"Dur\u00e9e de lecture estim\u00e9e\" \/>\n\t<meta name=\"twitter:data1\" content=\"1 minute\" \/>\n<script type=\"application\/ld+json\" class=\"yoast-schema-graph\">{\"@context\":\"https:\/\/schema.org\",\"@graph\":[{\"@type\":\"WebPage\",\"@id\":\"https:\/\/www.monteescalier.net\/france\/monte-escalier-saintes\/\",\"url\":\"https:\/\/www.monteescalier.net\/france\/monte-escalier-saintes\/\",\"name\":\"Monte escalier Saintes - Monte escalier\",\"isPartOf\":{\"@id\":\"https:\/\/www.monteescalier.net\/france\/#website\"},\"datePublished\":\"2019-08-12T09:47:14+00:00\",\"dateModified\":\"2020-01-14T14:32:47+00:00\",\"breadcrumb\":{\"@id\":\"https:\/\/www.monteescalier.net\/france\/monte-escalier-saintes\/#breadcrumb\"},\"inLanguage\":\"fr-FR\",\"potentialAction\":[{\"@type\":\"ReadAction\",\"target\":[\"https:\/\/www.monteescalier.net\/france\/monte-escalier-saintes\/\"]}]},{\"@type\":\"BreadcrumbList\",\"@id\":\"https:\/\/www.monteescalier.net\/france\/monte-escalier-saintes\/#breadcrumb\",\"itemListElement\":[{\"@type\":\"ListItem\",\"position\":1,\"name\":\"Accueil\",\"item\":\"https:\/\/www.monteescalier.net\/france\/\"},{\"@type\":\"ListItem\",\"position\":2,\"name\":\"Monte escalier Saintes\"}]},{\"@type\":\"WebSite\",\"@id\":\"https:\/\/www.monteescalier.net\/france\/#website\",\"url\":\"https:\/\/www.monteescalier.net\/france\/\",\"name\":\"Monte escalier\",\"description\":\"\",\"publisher\":{\"@id\":\"https:\/\/www.monteescalier.net\/france\/#organization\"},\"potentialAction\":[{\"@type\":\"SearchAction\",\"target\":{\"@type\":\"EntryPoint\",\"urlTemplate\":\"https:\/\/www.monteescalier.net\/france\/?s={search_term_string}\"},\"query-input\":{\"@type\":\"PropertyValueSpecification\",\"valueRequired\":true,\"valueName\":\"search_term_string\"}}],\"inLanguage\":\"fr-FR\"},{\"@type\":\"Organization\",\"@id\":\"https:\/\/www.monteescalier.net\/france\/#organization\",\"name\":\"monte-escalier.net\",\"url\":\"https:\/\/www.monteescalier.net\/france\/\",\"logo\":{\"@type\":\"ImageObject\",\"inLanguage\":\"fr-FR\",\"@id\":\"https:\/\/www.monteescalier.net\/france\/#\/schema\/logo\/image\/\",\"url\":\"https:\/\/www.monteescalier.net\/france\/wp-content\/uploads\/2016\/10\/4devis-mont-escalier-500-500.gif\",\"contentUrl\":\"https:\/\/www.monteescalier.net\/france\/wp-content\/uploads\/2016\/10\/4devis-mont-escalier-500-500.gif\",\"width\":500,\"height\":500,\"caption\":\"monte-escalier.net\"},\"image\":{\"@id\":\"https:\/\/www.monteescalier.net\/france\/#\/schema\/logo\/image\/\"}}]}<\/script>\n<!-- \/ Yoast SEO plugin. -->","yoast_head_json":{"title":"Monte escalier Saintes - Monte escalier","robots":{"index":"index","follow":"follow","max-snippet":"max-snippet:-1","max-image-preview":"max-image-preview:large","max-video-preview":"max-video-preview:-1"},"canonical":"https:\/\/www.monteescalier.net\/france\/monte-escalier-saintes\/","og_locale":"fr_FR","og_type":"article","og_title":"Monte escalier Saintes - Monte escalier","og_description":"Devis gratuit pour un monte escalier \u00e0 Saintes Vous souhaitez faire poser un monte escalier \u00e0 Saintes, rien de plus facile gr\u00e2ce \u00e0 monteescalier.net vous allez pouvoir faire jouer la concurrence. Notre site est une passerelle entre les possibles acqu\u00e9reurs de monte escalier et les installateurs. En quelques clics vous serez mis en contact avec [&hellip;]","og_url":"https:\/\/www.monteescalier.net\/france\/monte-escalier-saintes\/","og_site_name":"Monte escalier","article_modified_time":"2020-01-14T14:32:47+00:00","twitter_card":"summary_large_image","twitter_misc":{"Dur\u00e9e de lecture estim\u00e9e":"1 minute"},"schema":{"@context":"https:\/\/schema.org","@graph":[{"@type":"WebPage","@id":"https:\/\/www.monteescalier.net\/france\/monte-escalier-saintes\/","url":"https:\/\/www.monteescalier.net\/france\/monte-escalier-saintes\/","name":"Monte escalier Saintes - Monte escalier","isPartOf":{"@id":"https:\/\/www.monteescalier.net\/france\/#website"},"datePublished":"2019-08-12T09:47:14+00:00","dateModified":"2020-01-14T14:32:47+00:00","breadcrumb":{"@id":"https:\/\/www.monteescalier.net\/france\/monte-escalier-saintes\/#breadcrumb"},"inLanguage":"fr-FR","potentialAction":[{"@type":"ReadAction","target":["https:\/\/www.monteescalier.net\/france\/monte-escalier-saintes\/"]}]},{"@type":"BreadcrumbList","@id":"https:\/\/www.monteescalier.net\/france\/monte-escalier-saintes\/#breadcrumb","itemListElement":[{"@type":"ListItem","position":1,"name":"Accueil","item":"https:\/\/www.monteescalier.net\/france\/"},{"@type":"ListItem","position":2,"name":"Monte escalier Saintes"}]},{"@type":"WebSite","@id":"https:\/\/www.monteescalier.net\/france\/#website","url":"https:\/\/www.monteescalier.net\/france\/","name":"Monte escalier","description":"","publisher":{"@id":"https:\/\/www.monteescalier.net\/france\/#organization"},"potentialAction":[{"@type":"SearchAction","target":{"@type":"EntryPoint","urlTemplate":"https:\/\/www.monteescalier.net\/france\/?s={search_term_string}"},"query-input":{"@type":"PropertyValueSpecification","valueRequired":true,"valueName":"search_term_string"}}],"inLanguage":"fr-FR"},{"@type":"Organization","@id":"https:\/\/www.monteescalier.net\/france\/#organization","name":"monte-escalier.net","url":"https:\/\/www.monteescalier.net\/france\/","logo":{"@type":"ImageObject","inLanguage":"fr-FR","@id":"https:\/\/www.monteescalier.net\/france\/#\/schema\/logo\/image\/","url":"https:\/\/www.monteescalier.net\/france\/wp-content\/uploads\/2016\/10\/4devis-mont-escalier-500-500.gif","contentUrl":"https:\/\/www.monteescalier.net\/france\/wp-content\/uploads\/2016\/10\/4devis-mont-escalier-500-500.gif","width":500,"height":500,"caption":"monte-escalier.net"},"image":{"@id":"https:\/\/www.monteescalier.net\/france\/#\/schema\/logo\/image\/"}}]}},"_links":{"self":[{"href":"https:\/\/www.monteescalier.net\/france\/wp-json\/wp\/v2\/pages\/1200","targetHints":{"allow":["GET"]}}],"collection":[{"href":"https:\/\/www.monteescalier.net\/france\/wp-json\/wp\/v2\/pages"}],"about":[{"href":"https:\/\/www.monteescalier.net\/france\/wp-json\/wp\/v2\/types\/page"}],"author":[{"embeddable":true,"href":"https:\/\/www.monteescalier.net\/france\/wp-json\/wp\/v2\/users\/1"}],"replies":[{"embeddable":true,"href":"https:\/\/www.monteescalier.net\/france\/wp-json\/wp\/v2\/comments?post=1200"}],"version-history":[{"count":1,"href":"https:\/\/www.monteescalier.net\/france\/wp-json\/wp\/v2\/pages\/1200\/revisions"}],"predecessor-version":[{"id":8273,"href":"https:\/\/www.monteescalier.net\/france\/wp-json\/wp\/v2\/pages\/1200\/revisions\/8273"}],"wp:attachment":[{"href":"https:\/\/www.monteescalier.net\/france\/wp-json\/wp\/v2\/media?parent=1200"}],"curies":[{"name":"wp","href":"https:\/\/api.w.org\/{rel}","templated":true}]}}