{"id":1216,"date":"2019-03-14T10:47:14","date_gmt":"2019-03-14T09:47:14","guid":{"rendered":"https:\/\/www.monteescalier.net\/france\/?page_id=1216"},"modified":"2020-01-14T15:34:38","modified_gmt":"2020-01-14T14:34:38","slug":"monte-escalier-rochefort","status":"publish","type":"page","link":"https:\/\/www.monteescalier.net\/france\/monte-escalier-rochefort\/","title":{"rendered":"Monte escalier Rochefort"},"content":{"rendered":"<h1>Comparer les vendeurs de monte escalier \u00e0 Rochefort<\/h1>\n<div class=\"boite_texte\">\n<div style=\"text-align: justify; margin-bottom: 10px;\">Vous voulez faire poser un monte escalier \u00e0 Rochefort, rien de plus simple gr\u00e2ce \u00e0 monteescalier.net vous allez pouvoir faire jouer la concurrence.<\/div>\n<div style=\"text-align: justify; margin-bottom: 10px;\">Notre site est une passerelle entre les possibles acqu\u00e9reurs de monte escalier et les installateurs. En quelques clics vous serez mis en contact avec notre s\u00e9lection de vendeurs de monte escalier sur Rochefort.<\/div>\n<div style=\"text-align: justify; margin-bottom: 10px;\">Vous voulez recevoir plusieurs devis de monte escalier pour votre r\u00e9sidence \u00e0 Rochefort, vous n&rsquo;avez qu&rsquo;une demande \u00e0 faire sur ce site et vous en recevrez tr\u00e8s rapidement entre 3 et 5 devis diff\u00e9rents. Nous contactons pour vous les professionnels de Rochefort, et devinez quoi ? Pour vous c&rsquo;est gratuit !<\/div>\n<div style=\"text-align: justify; margin-bottom: 10px;\">Avoir des sp\u00e9cialistes du monte escalier \u00e0 l&rsquo;autre bout de la ligne pour discuter de votre projet, voici ce que vous permettra notre site si vous remplissez une demande de rappel. Vous serez tr\u00e8s rapidement recontact\u00e9s par nos partenaires experts qui pourront r\u00e9pondre \u00e0 toutes vos questions relatives au particularisme de l&rsquo;installation de votre monte escalier.<\/div>\n<div style=\"text-align: justify; margin-bottom: 10px;\">Pour vous familiariser avec les mod\u00e8les de monte escalier n&rsquo;h\u00e9sitez pas \u00e0 faire une demande de documentation, via notre formulaire de de demande de documentation, vous recevrez ainsi par la poste ou par courrier \u00e9lectronique des informations tr\u00e8s utiles sur les diff\u00e9rents mod\u00e8les de monte escalier diponibles \u00e0 la vente \u00e0 Rochefort.<\/div>\n<div style=\"text-align: justify; margin-bottom: 10px;\">Combien vont vous co\u00fbter nos services de mise en relation ? R\u00e9ponse, absolument rien,&#8230; alors o\u00f9 est le pi\u00e8ge ? Il n&rsquo;y en a aucun, notre offre est totalement sans engagement. Si les propositions de nos partenaires ne vous conviennent pas, vous restez totalement libre d&rsquo;aller voir ailleurs !<\/div>\n<\/div>\n<div class=\"titre_liens\">D\u00e9couvrez aussi nos services de proximit\u00e9 dans les villes ci-dessous :<\/div>\n<div class=\"boite_liens\"><a href=\"https:\/\/www.monteescalier.net\/france\/monte-escalier-royan\">Monte escalier Royan<\/a><br \/>\n<a href=\"https:\/\/www.monteescalier.net\/france\/monte-escalier-aytre\">Monte escalier Aytr\u00e9<\/a><br \/>\n<a href=\"https:\/\/www.monteescalier.net\/france\/monte-escalier-tonnay-charente\">Monte escalier Tonnay-Charente<\/a><br \/>\n<a href=\"https:\/\/www.monteescalier.net\/france\/monte-escalier-saint-jean-d-angely\">Monte escalier Saint-Jean-d&rsquo;Ang\u00e9ly<\/a><br \/>\n<a href=\"https:\/\/www.monteescalier.net\/france\/monte-escalier-lagord\">Monte escalier Lagord<\/a><\/div>\n","protected":false},"excerpt":{"rendered":"<p>Comparer les vendeurs de monte escalier \u00e0 Rochefort Vous voulez faire poser un monte escalier \u00e0 Rochefort, rien de plus simple gr\u00e2ce \u00e0 monteescalier.net vous allez pouvoir faire jouer la concurrence. Notre site est une passerelle entre les possibles acqu\u00e9reurs de monte escalier et les installateurs. En quelques clics vous serez mis en contact avec [&hellip;]<\/p>\n","protected":false},"author":1,"featured_media":0,"parent":0,"menu_order":0,"comment_status":"closed","ping_status":"open","template":"template_ville_1.php","meta":{"_monsterinsights_skip_tracking":false,"_monsterinsights_sitenote_active":false,"_monsterinsights_sitenote_note":"","_monsterinsights_sitenote_category":0,"footnotes":""},"class_list":["post-1216","page","type-page","status-publish","hentry"],"yoast_head":"<!-- This site is optimized with the Yoast SEO plugin v26.3 - https:\/\/yoast.com\/wordpress\/plugins\/seo\/ -->\n<title>Monte escalier Rochefort - Monte escalier<\/title>\n<meta name=\"robots\" content=\"index, follow, max-snippet:-1, max-image-preview:large, max-video-preview:-1\" \/>\n<link rel=\"canonical\" href=\"https:\/\/www.monteescalier.net\/france\/monte-escalier-rochefort\/\" \/>\n<meta property=\"og:locale\" content=\"fr_FR\" \/>\n<meta property=\"og:type\" content=\"article\" \/>\n<meta property=\"og:title\" content=\"Monte escalier Rochefort - Monte escalier\" \/>\n<meta property=\"og:description\" content=\"Comparer les vendeurs de monte escalier \u00e0 Rochefort Vous voulez faire poser un monte escalier \u00e0 Rochefort, rien de plus simple gr\u00e2ce \u00e0 monteescalier.net vous allez pouvoir faire jouer la concurrence. Notre site est une passerelle entre les possibles acqu\u00e9reurs de monte escalier et les installateurs. En quelques clics vous serez mis en contact avec [&hellip;]\" \/>\n<meta property=\"og:url\" content=\"https:\/\/www.monteescalier.net\/france\/monte-escalier-rochefort\/\" \/>\n<meta property=\"og:site_name\" content=\"Monte escalier\" \/>\n<meta property=\"article:modified_time\" content=\"2020-01-14T14:34:38+00:00\" \/>\n<meta name=\"twitter:card\" content=\"summary_large_image\" \/>\n<meta name=\"twitter:label1\" content=\"Dur\u00e9e de lecture estim\u00e9e\" \/>\n\t<meta name=\"twitter:data1\" content=\"2 minutes\" \/>\n<script type=\"application\/ld+json\" class=\"yoast-schema-graph\">{\"@context\":\"https:\/\/schema.org\",\"@graph\":[{\"@type\":\"WebPage\",\"@id\":\"https:\/\/www.monteescalier.net\/france\/monte-escalier-rochefort\/\",\"url\":\"https:\/\/www.monteescalier.net\/france\/monte-escalier-rochefort\/\",\"name\":\"Monte escalier Rochefort - Monte escalier\",\"isPartOf\":{\"@id\":\"https:\/\/www.monteescalier.net\/france\/#website\"},\"datePublished\":\"2019-03-14T09:47:14+00:00\",\"dateModified\":\"2020-01-14T14:34:38+00:00\",\"breadcrumb\":{\"@id\":\"https:\/\/www.monteescalier.net\/france\/monte-escalier-rochefort\/#breadcrumb\"},\"inLanguage\":\"fr-FR\",\"potentialAction\":[{\"@type\":\"ReadAction\",\"target\":[\"https:\/\/www.monteescalier.net\/france\/monte-escalier-rochefort\/\"]}]},{\"@type\":\"BreadcrumbList\",\"@id\":\"https:\/\/www.monteescalier.net\/france\/monte-escalier-rochefort\/#breadcrumb\",\"itemListElement\":[{\"@type\":\"ListItem\",\"position\":1,\"name\":\"Accueil\",\"item\":\"https:\/\/www.monteescalier.net\/france\/\"},{\"@type\":\"ListItem\",\"position\":2,\"name\":\"Monte escalier Rochefort\"}]},{\"@type\":\"WebSite\",\"@id\":\"https:\/\/www.monteescalier.net\/france\/#website\",\"url\":\"https:\/\/www.monteescalier.net\/france\/\",\"name\":\"Monte escalier\",\"description\":\"\",\"publisher\":{\"@id\":\"https:\/\/www.monteescalier.net\/france\/#organization\"},\"potentialAction\":[{\"@type\":\"SearchAction\",\"target\":{\"@type\":\"EntryPoint\",\"urlTemplate\":\"https:\/\/www.monteescalier.net\/france\/?s={search_term_string}\"},\"query-input\":{\"@type\":\"PropertyValueSpecification\",\"valueRequired\":true,\"valueName\":\"search_term_string\"}}],\"inLanguage\":\"fr-FR\"},{\"@type\":\"Organization\",\"@id\":\"https:\/\/www.monteescalier.net\/france\/#organization\",\"name\":\"monte-escalier.net\",\"url\":\"https:\/\/www.monteescalier.net\/france\/\",\"logo\":{\"@type\":\"ImageObject\",\"inLanguage\":\"fr-FR\",\"@id\":\"https:\/\/www.monteescalier.net\/france\/#\/schema\/logo\/image\/\",\"url\":\"https:\/\/www.monteescalier.net\/france\/wp-content\/uploads\/2016\/10\/4devis-mont-escalier-500-500.gif\",\"contentUrl\":\"https:\/\/www.monteescalier.net\/france\/wp-content\/uploads\/2016\/10\/4devis-mont-escalier-500-500.gif\",\"width\":500,\"height\":500,\"caption\":\"monte-escalier.net\"},\"image\":{\"@id\":\"https:\/\/www.monteescalier.net\/france\/#\/schema\/logo\/image\/\"}}]}<\/script>\n<!-- \/ Yoast SEO plugin. -->","yoast_head_json":{"title":"Monte escalier Rochefort - Monte escalier","robots":{"index":"index","follow":"follow","max-snippet":"max-snippet:-1","max-image-preview":"max-image-preview:large","max-video-preview":"max-video-preview:-1"},"canonical":"https:\/\/www.monteescalier.net\/france\/monte-escalier-rochefort\/","og_locale":"fr_FR","og_type":"article","og_title":"Monte escalier Rochefort - Monte escalier","og_description":"Comparer les vendeurs de monte escalier \u00e0 Rochefort Vous voulez faire poser un monte escalier \u00e0 Rochefort, rien de plus simple gr\u00e2ce \u00e0 monteescalier.net vous allez pouvoir faire jouer la concurrence. Notre site est une passerelle entre les possibles acqu\u00e9reurs de monte escalier et les installateurs. En quelques clics vous serez mis en contact avec [&hellip;]","og_url":"https:\/\/www.monteescalier.net\/france\/monte-escalier-rochefort\/","og_site_name":"Monte escalier","article_modified_time":"2020-01-14T14:34:38+00:00","twitter_card":"summary_large_image","twitter_misc":{"Dur\u00e9e de lecture estim\u00e9e":"2 minutes"},"schema":{"@context":"https:\/\/schema.org","@graph":[{"@type":"WebPage","@id":"https:\/\/www.monteescalier.net\/france\/monte-escalier-rochefort\/","url":"https:\/\/www.monteescalier.net\/france\/monte-escalier-rochefort\/","name":"Monte escalier Rochefort - Monte escalier","isPartOf":{"@id":"https:\/\/www.monteescalier.net\/france\/#website"},"datePublished":"2019-03-14T09:47:14+00:00","dateModified":"2020-01-14T14:34:38+00:00","breadcrumb":{"@id":"https:\/\/www.monteescalier.net\/france\/monte-escalier-rochefort\/#breadcrumb"},"inLanguage":"fr-FR","potentialAction":[{"@type":"ReadAction","target":["https:\/\/www.monteescalier.net\/france\/monte-escalier-rochefort\/"]}]},{"@type":"BreadcrumbList","@id":"https:\/\/www.monteescalier.net\/france\/monte-escalier-rochefort\/#breadcrumb","itemListElement":[{"@type":"ListItem","position":1,"name":"Accueil","item":"https:\/\/www.monteescalier.net\/france\/"},{"@type":"ListItem","position":2,"name":"Monte escalier Rochefort"}]},{"@type":"WebSite","@id":"https:\/\/www.monteescalier.net\/france\/#website","url":"https:\/\/www.monteescalier.net\/france\/","name":"Monte escalier","description":"","publisher":{"@id":"https:\/\/www.monteescalier.net\/france\/#organization"},"potentialAction":[{"@type":"SearchAction","target":{"@type":"EntryPoint","urlTemplate":"https:\/\/www.monteescalier.net\/france\/?s={search_term_string}"},"query-input":{"@type":"PropertyValueSpecification","valueRequired":true,"valueName":"search_term_string"}}],"inLanguage":"fr-FR"},{"@type":"Organization","@id":"https:\/\/www.monteescalier.net\/france\/#organization","name":"monte-escalier.net","url":"https:\/\/www.monteescalier.net\/france\/","logo":{"@type":"ImageObject","inLanguage":"fr-FR","@id":"https:\/\/www.monteescalier.net\/france\/#\/schema\/logo\/image\/","url":"https:\/\/www.monteescalier.net\/france\/wp-content\/uploads\/2016\/10\/4devis-mont-escalier-500-500.gif","contentUrl":"https:\/\/www.monteescalier.net\/france\/wp-content\/uploads\/2016\/10\/4devis-mont-escalier-500-500.gif","width":500,"height":500,"caption":"monte-escalier.net"},"image":{"@id":"https:\/\/www.monteescalier.net\/france\/#\/schema\/logo\/image\/"}}]}},"_links":{"self":[{"href":"https:\/\/www.monteescalier.net\/france\/wp-json\/wp\/v2\/pages\/1216","targetHints":{"allow":["GET"]}}],"collection":[{"href":"https:\/\/www.monteescalier.net\/france\/wp-json\/wp\/v2\/pages"}],"about":[{"href":"https:\/\/www.monteescalier.net\/france\/wp-json\/wp\/v2\/types\/page"}],"author":[{"embeddable":true,"href":"https:\/\/www.monteescalier.net\/france\/wp-json\/wp\/v2\/users\/1"}],"replies":[{"embeddable":true,"href":"https:\/\/www.monteescalier.net\/france\/wp-json\/wp\/v2\/comments?post=1216"}],"version-history":[{"count":1,"href":"https:\/\/www.monteescalier.net\/france\/wp-json\/wp\/v2\/pages\/1216\/revisions"}],"predecessor-version":[{"id":8274,"href":"https:\/\/www.monteescalier.net\/france\/wp-json\/wp\/v2\/pages\/1216\/revisions\/8274"}],"wp:attachment":[{"href":"https:\/\/www.monteescalier.net\/france\/wp-json\/wp\/v2\/media?parent=1216"}],"curies":[{"name":"wp","href":"https:\/\/api.w.org\/{rel}","templated":true}]}}