{"id":1219,"date":"2019-03-26T10:47:14","date_gmt":"2019-03-26T09:47:14","guid":{"rendered":"https:\/\/www.monteescalier.net\/france\/?page_id=1219"},"modified":"2020-01-16T10:22:54","modified_gmt":"2020-01-16T09:22:54","slug":"monte-escalier-henin-beaumont","status":"publish","type":"page","link":"https:\/\/www.monteescalier.net\/france\/monte-escalier-henin-beaumont\/","title":{"rendered":"Monte escalier H\u00e9nin-Beaumont"},"content":{"rendered":"<h1>Trouver les vendeurs de monte escalier \u00e0 H\u00e9nin-Beaumont<\/h1>\n<div class=\"boite_texte\">\n<div style=\"text-align: justify; margin-bottom: 10px;\">Vous voulez poser un monte escalier \u00e0 H\u00e9nin-Beaumont, rien de plus facile gr\u00e2ce \u00e0 monteescalier.net vous allez pouvoir faire jouer la concurrence.<\/div>\n<div style=\"text-align: justify; margin-bottom: 10px;\">Notre site est une passerelle entre les possibles acqu\u00e9reurs de monte escalier et les installateurs. En quelques clics vous serez mis en contact avec notre s\u00e9lection de vendeurs de monte escalier sur H\u00e9nin-Beaumont.<\/div>\n<div style=\"text-align: justify; margin-bottom: 10px;\">Vous voulez recevoir plusieurs devis de monte escalier pour votre r\u00e9sidence \u00e0 H\u00e9nin-Beaumont, vous n&rsquo;avez qu&rsquo;une demande \u00e0 faire sur ce site et vous en recevrez tr\u00e8s rapidement entre 3 et 5 devis diff\u00e9rents. Nous contactons pour vous les professionnels de H\u00e9nin-Beaumont, et devinez quoi ? Pour vous c&rsquo;est gratuit !<\/div>\n<div style=\"text-align: justify; margin-bottom: 10px;\">Le monte escalier c&rsquo;est presque toujours du sur mesure, chaque demeure est diff\u00e9rente et a ses propres sp\u00e9cificit\u00e9s. Dans la tr\u00e8s grande majorit\u00e9 des cas l&rsquo;installation du monte escalier est possible chez vous. Pour vous en assurer remplissez une demande de rappel (en notant au pr\u00e9alable les dimensions de votre escalier). Plusieurs installateurs vous rappelleront sans d\u00e9lai, pour discuter avec vous du type de monte escalier qui s&rsquo;adaptera le mieux \u00e0 votre demeure \u00e0 H\u00e9nin-Beaumont.<\/div>\n<div style=\"text-align: justify; margin-bottom: 10px;\">Vous voulez choisir son mod\u00e8le de monte escalier directement depuis votre fauteuil ? C&rsquo;est possible avec monteescalier.net. Remplissez directement un formulaire de demande de documentation sur notre site et vous recevrez toute la documentation n\u00e9cessaire sur les mod\u00e8les de monte escalier commercialis\u00e9s par nos professionnels partenaires.<\/div>\n<div style=\"text-align: justify; margin-bottom: 10px;\">Avec notre site, pas de co\u00fbt et pas d&rsquo;engagements ! que vous signiez un contrat ou non avec un de nos partenaires, nous ne vous facturerons rien pour notre service de mise en relation. Si vous trouvez votre prestataire gr\u00e2ce \u00e0 nous tant mieux pour vous, alors testez nous !<\/div>\n<\/div>\n<div class=\"titre_liens\">Liens utiles vers nos offres monte escalier dans les communes alentour<\/div>\n<div class=\"boite_liens\"><a href=\"https:\/\/www.monteescalier.net\/france\/monte-escalier-bruay-la-buissiere\">Monte escalier Bruay-la-Buissi\u00e8re<\/a><br \/>\n<a href=\"https:\/\/www.monteescalier.net\/france\/monte-escalier-avion\">Monte escalier Avion<\/a><br \/>\n<a href=\"https:\/\/www.monteescalier.net\/france\/monte-escalier-carvin\">Monte escalier Carvin<\/a><br \/>\n<a href=\"https:\/\/www.monteescalier.net\/france\/monte-escalier-berck\">Monte escalier Berck<\/a><br \/>\n<a href=\"https:\/\/www.monteescalier.net\/france\/monte-escalier-saint-omer\">Monte escalier Saint-Omer<\/a><\/div>\n","protected":false},"excerpt":{"rendered":"<p>Trouver les vendeurs de monte escalier \u00e0 H\u00e9nin-Beaumont Vous voulez poser un monte escalier \u00e0 H\u00e9nin-Beaumont, rien de plus facile gr\u00e2ce \u00e0 monteescalier.net vous allez pouvoir faire jouer la concurrence. Notre site est une passerelle entre les possibles acqu\u00e9reurs de monte escalier et les installateurs. En quelques clics vous serez mis en contact avec notre [&hellip;]<\/p>\n","protected":false},"author":1,"featured_media":0,"parent":0,"menu_order":0,"comment_status":"closed","ping_status":"open","template":"template_ville_7.php","meta":{"_monsterinsights_skip_tracking":false,"_monsterinsights_sitenote_active":false,"_monsterinsights_sitenote_note":"","_monsterinsights_sitenote_category":0,"footnotes":""},"class_list":["post-1219","page","type-page","status-publish","hentry"],"yoast_head":"<!-- This site is optimized with the Yoast SEO plugin v26.3 - https:\/\/yoast.com\/wordpress\/plugins\/seo\/ -->\n<title>Monte escalier H\u00e9nin-Beaumont - Monte escalier<\/title>\n<meta name=\"robots\" content=\"index, follow, max-snippet:-1, max-image-preview:large, max-video-preview:-1\" \/>\n<link rel=\"canonical\" href=\"https:\/\/www.monteescalier.net\/france\/monte-escalier-henin-beaumont\/\" \/>\n<meta property=\"og:locale\" content=\"fr_FR\" \/>\n<meta property=\"og:type\" content=\"article\" \/>\n<meta property=\"og:title\" content=\"Monte escalier H\u00e9nin-Beaumont - Monte escalier\" \/>\n<meta property=\"og:description\" content=\"Trouver les vendeurs de monte escalier \u00e0 H\u00e9nin-Beaumont Vous voulez poser un monte escalier \u00e0 H\u00e9nin-Beaumont, rien de plus facile gr\u00e2ce \u00e0 monteescalier.net vous allez pouvoir faire jouer la concurrence. Notre site est une passerelle entre les possibles acqu\u00e9reurs de monte escalier et les installateurs. En quelques clics vous serez mis en contact avec notre [&hellip;]\" \/>\n<meta property=\"og:url\" content=\"https:\/\/www.monteescalier.net\/france\/monte-escalier-henin-beaumont\/\" \/>\n<meta property=\"og:site_name\" content=\"Monte escalier\" \/>\n<meta property=\"article:modified_time\" content=\"2020-01-16T09:22:54+00:00\" \/>\n<meta name=\"twitter:card\" content=\"summary_large_image\" \/>\n<meta name=\"twitter:label1\" content=\"Dur\u00e9e de lecture estim\u00e9e\" \/>\n\t<meta name=\"twitter:data1\" content=\"2 minutes\" \/>\n<script type=\"application\/ld+json\" class=\"yoast-schema-graph\">{\"@context\":\"https:\/\/schema.org\",\"@graph\":[{\"@type\":\"WebPage\",\"@id\":\"https:\/\/www.monteescalier.net\/france\/monte-escalier-henin-beaumont\/\",\"url\":\"https:\/\/www.monteescalier.net\/france\/monte-escalier-henin-beaumont\/\",\"name\":\"Monte escalier H\u00e9nin-Beaumont - Monte escalier\",\"isPartOf\":{\"@id\":\"https:\/\/www.monteescalier.net\/france\/#website\"},\"datePublished\":\"2019-03-26T09:47:14+00:00\",\"dateModified\":\"2020-01-16T09:22:54+00:00\",\"breadcrumb\":{\"@id\":\"https:\/\/www.monteescalier.net\/france\/monte-escalier-henin-beaumont\/#breadcrumb\"},\"inLanguage\":\"fr-FR\",\"potentialAction\":[{\"@type\":\"ReadAction\",\"target\":[\"https:\/\/www.monteescalier.net\/france\/monte-escalier-henin-beaumont\/\"]}]},{\"@type\":\"BreadcrumbList\",\"@id\":\"https:\/\/www.monteescalier.net\/france\/monte-escalier-henin-beaumont\/#breadcrumb\",\"itemListElement\":[{\"@type\":\"ListItem\",\"position\":1,\"name\":\"Accueil\",\"item\":\"https:\/\/www.monteescalier.net\/france\/\"},{\"@type\":\"ListItem\",\"position\":2,\"name\":\"Monte escalier H\u00e9nin-Beaumont\"}]},{\"@type\":\"WebSite\",\"@id\":\"https:\/\/www.monteescalier.net\/france\/#website\",\"url\":\"https:\/\/www.monteescalier.net\/france\/\",\"name\":\"Monte escalier\",\"description\":\"\",\"publisher\":{\"@id\":\"https:\/\/www.monteescalier.net\/france\/#organization\"},\"potentialAction\":[{\"@type\":\"SearchAction\",\"target\":{\"@type\":\"EntryPoint\",\"urlTemplate\":\"https:\/\/www.monteescalier.net\/france\/?s={search_term_string}\"},\"query-input\":{\"@type\":\"PropertyValueSpecification\",\"valueRequired\":true,\"valueName\":\"search_term_string\"}}],\"inLanguage\":\"fr-FR\"},{\"@type\":\"Organization\",\"@id\":\"https:\/\/www.monteescalier.net\/france\/#organization\",\"name\":\"monte-escalier.net\",\"url\":\"https:\/\/www.monteescalier.net\/france\/\",\"logo\":{\"@type\":\"ImageObject\",\"inLanguage\":\"fr-FR\",\"@id\":\"https:\/\/www.monteescalier.net\/france\/#\/schema\/logo\/image\/\",\"url\":\"https:\/\/www.monteescalier.net\/france\/wp-content\/uploads\/2016\/10\/4devis-mont-escalier-500-500.gif\",\"contentUrl\":\"https:\/\/www.monteescalier.net\/france\/wp-content\/uploads\/2016\/10\/4devis-mont-escalier-500-500.gif\",\"width\":500,\"height\":500,\"caption\":\"monte-escalier.net\"},\"image\":{\"@id\":\"https:\/\/www.monteescalier.net\/france\/#\/schema\/logo\/image\/\"}}]}<\/script>\n<!-- \/ Yoast SEO plugin. -->","yoast_head_json":{"title":"Monte escalier H\u00e9nin-Beaumont - Monte escalier","robots":{"index":"index","follow":"follow","max-snippet":"max-snippet:-1","max-image-preview":"max-image-preview:large","max-video-preview":"max-video-preview:-1"},"canonical":"https:\/\/www.monteescalier.net\/france\/monte-escalier-henin-beaumont\/","og_locale":"fr_FR","og_type":"article","og_title":"Monte escalier H\u00e9nin-Beaumont - Monte escalier","og_description":"Trouver les vendeurs de monte escalier \u00e0 H\u00e9nin-Beaumont Vous voulez poser un monte escalier \u00e0 H\u00e9nin-Beaumont, rien de plus facile gr\u00e2ce \u00e0 monteescalier.net vous allez pouvoir faire jouer la concurrence. Notre site est une passerelle entre les possibles acqu\u00e9reurs de monte escalier et les installateurs. En quelques clics vous serez mis en contact avec notre [&hellip;]","og_url":"https:\/\/www.monteescalier.net\/france\/monte-escalier-henin-beaumont\/","og_site_name":"Monte escalier","article_modified_time":"2020-01-16T09:22:54+00:00","twitter_card":"summary_large_image","twitter_misc":{"Dur\u00e9e de lecture estim\u00e9e":"2 minutes"},"schema":{"@context":"https:\/\/schema.org","@graph":[{"@type":"WebPage","@id":"https:\/\/www.monteescalier.net\/france\/monte-escalier-henin-beaumont\/","url":"https:\/\/www.monteescalier.net\/france\/monte-escalier-henin-beaumont\/","name":"Monte escalier H\u00e9nin-Beaumont - Monte escalier","isPartOf":{"@id":"https:\/\/www.monteescalier.net\/france\/#website"},"datePublished":"2019-03-26T09:47:14+00:00","dateModified":"2020-01-16T09:22:54+00:00","breadcrumb":{"@id":"https:\/\/www.monteescalier.net\/france\/monte-escalier-henin-beaumont\/#breadcrumb"},"inLanguage":"fr-FR","potentialAction":[{"@type":"ReadAction","target":["https:\/\/www.monteescalier.net\/france\/monte-escalier-henin-beaumont\/"]}]},{"@type":"BreadcrumbList","@id":"https:\/\/www.monteescalier.net\/france\/monte-escalier-henin-beaumont\/#breadcrumb","itemListElement":[{"@type":"ListItem","position":1,"name":"Accueil","item":"https:\/\/www.monteescalier.net\/france\/"},{"@type":"ListItem","position":2,"name":"Monte escalier H\u00e9nin-Beaumont"}]},{"@type":"WebSite","@id":"https:\/\/www.monteescalier.net\/france\/#website","url":"https:\/\/www.monteescalier.net\/france\/","name":"Monte escalier","description":"","publisher":{"@id":"https:\/\/www.monteescalier.net\/france\/#organization"},"potentialAction":[{"@type":"SearchAction","target":{"@type":"EntryPoint","urlTemplate":"https:\/\/www.monteescalier.net\/france\/?s={search_term_string}"},"query-input":{"@type":"PropertyValueSpecification","valueRequired":true,"valueName":"search_term_string"}}],"inLanguage":"fr-FR"},{"@type":"Organization","@id":"https:\/\/www.monteescalier.net\/france\/#organization","name":"monte-escalier.net","url":"https:\/\/www.monteescalier.net\/france\/","logo":{"@type":"ImageObject","inLanguage":"fr-FR","@id":"https:\/\/www.monteescalier.net\/france\/#\/schema\/logo\/image\/","url":"https:\/\/www.monteescalier.net\/france\/wp-content\/uploads\/2016\/10\/4devis-mont-escalier-500-500.gif","contentUrl":"https:\/\/www.monteescalier.net\/france\/wp-content\/uploads\/2016\/10\/4devis-mont-escalier-500-500.gif","width":500,"height":500,"caption":"monte-escalier.net"},"image":{"@id":"https:\/\/www.monteescalier.net\/france\/#\/schema\/logo\/image\/"}}]}},"_links":{"self":[{"href":"https:\/\/www.monteescalier.net\/france\/wp-json\/wp\/v2\/pages\/1219","targetHints":{"allow":["GET"]}}],"collection":[{"href":"https:\/\/www.monteescalier.net\/france\/wp-json\/wp\/v2\/pages"}],"about":[{"href":"https:\/\/www.monteescalier.net\/france\/wp-json\/wp\/v2\/types\/page"}],"author":[{"embeddable":true,"href":"https:\/\/www.monteescalier.net\/france\/wp-json\/wp\/v2\/users\/1"}],"replies":[{"embeddable":true,"href":"https:\/\/www.monteescalier.net\/france\/wp-json\/wp\/v2\/comments?post=1219"}],"version-history":[{"count":1,"href":"https:\/\/www.monteescalier.net\/france\/wp-json\/wp\/v2\/pages\/1219\/revisions"}],"predecessor-version":[{"id":8425,"href":"https:\/\/www.monteescalier.net\/france\/wp-json\/wp\/v2\/pages\/1219\/revisions\/8425"}],"wp:attachment":[{"href":"https:\/\/www.monteescalier.net\/france\/wp-json\/wp\/v2\/media?parent=1219"}],"curies":[{"name":"wp","href":"https:\/\/api.w.org\/{rel}","templated":true}]}}