{"id":1257,"date":"2013-09-26T10:47:15","date_gmt":"2013-09-26T10:47:15","guid":{"rendered":"https:\/\/www.monteescalier.net\/france\/?page_id=1257"},"modified":"-0001-11-30T00:00:00","modified_gmt":"-0001-11-29T23:00:00","slug":"monte-escalier-le-creusot","status":"publish","type":"page","link":"https:\/\/www.monteescalier.net\/france\/monte-escalier-le-creusot\/","title":{"rendered":"Monte escalier Creusot"},"content":{"rendered":"<h1>Bien choisir son monte escalier \u00e0 Creusot<\/h1>\n<div class=\"boite_texte\">\n<div style=\"text-align:justify; margin-bottom:10px\">Vous voulez faire poser un monte escalier \u00e0 Creusot, rien de plus ais\u00e9 gr\u00e2ce \u00e0 monteescalier.net vous allez pouvoir faire jouer la concurrence.<\/div>\n<div style=\"text-align:justify; margin-bottom:10px\">Gr\u00e2ce \u00e0 ce site, vous allez pouvoir trouver facilement les vendeurs de monte escalier sur Creusot et sa r\u00e9gion. Nous allons, en effet, vous mettre en relation gratuitement avec notre pr\u00e9selection de vendeurs de monte escalier \u00e0 Creusot.<\/div>\n<div style=\"text-align:justify; margin-bottom:10px\">Comment mieux comparer qu&rsquo;en examinant des propositions concr\u00e8tes ? Une seule demande de devis sur notre site et vous obtiendrez plusieurs devis de diff\u00e9rents prestataires vous proposant diff\u00e9rents mod\u00e8les de monte escalier.<\/div>\n<div style=\"text-align:justify; margin-bottom:10px\">Le monte escalier c&rsquo;est presque toujours du sur mesure, chaque logement est diff\u00e9rente et a ses propres sp\u00e9cificit\u00e9s. Dans la tr\u00e8s grande majorit\u00e9 des cas l&rsquo;installation du monte escalier est possible chez vous. Pour vous en assurer remplissez une demande de rappel (en notant au pr\u00e9alable les dimensions de votre escalier). Plusieurs installateurs vous rappelleront sans d\u00e9lai, pour discuter avec vous du type de monte escalier qui s&rsquo;adaptera le mieux \u00e0 votre logement \u00e0 Creusot.<\/div>\n<div style=\"text-align:justify; margin-bottom:10px\">Utilisez notre site monteescalier.net pour obtenir de la documentation gr\u00e2ce \u00e0 notre formulaire de demande de documentation et nos partenaires, professionnels du monte escalier, qu&rsquo;ils soient fabricants, installateurs, ou revendeurs, vous feront parvenir des informations par mail ou par courrier sous forme de brochures d\u00e9crivant les mod\u00e8les disponibles avec leur caract\u00e9ristiques techniques d\u00e9taill\u00e9es.<\/div>\n<div style=\"text-align:justify; margin-bottom:10px\">Rappelez vous que tous nos services sont totalement gratuits pour les acqu\u00e9reurs potentiels de monte escalier. N&rsquo;h\u00e9sitez pas \u00e0 remplir un formulaire, c&rsquo;est \u00e9galement sans engagement.<\/div>\n<\/div>\n<div class=\"titre_liens\">D\u00e9couvrez aussi nos services monte escalier pr\u00e8s de chez vous<\/div>\n<div class=\"boite_liens\"><a href=\"https:\/\/www.monteescalier.net\/france\/monte-escalier-montceau-les-mines\">Monte escalier Montceau-les-Mines<\/a><br \/>\n<a href=\"https:\/\/www.monteescalier.net\/france\/monte-escalier-autun\">Monte escalier Autun<\/a><br \/>\n<a href=\"https:\/\/www.monteescalier.net\/france\/monte-escalier-paray-le-monial\">Monte escalier Paray-le-Monial<\/a><br \/>\n<a href=\"https:\/\/www.monteescalier.net\/france\/monte-escalier-saint-vallier\">Monte escalier Saint-Vallier<\/a><br \/>\n<a href=\"https:\/\/www.monteescalier.net\/france\/monte-escalier-digoin\">Monte escalier Digoin<\/a>\n<\/div>\n","protected":false},"excerpt":{"rendered":"<p>Bien choisir son monte escalier \u00e0 Creusot Vous voulez faire poser un monte escalier \u00e0 Creusot, rien de plus ais\u00e9 gr\u00e2ce \u00e0 monteescalier.net vous allez pouvoir faire jouer la concurrence. Gr\u00e2ce \u00e0 ce site, vous allez pouvoir trouver facilement les vendeurs de monte escalier sur Creusot et sa r\u00e9gion. Nous allons, en effet, vous mettre [&hellip;]<\/p>\n","protected":false},"author":1,"featured_media":0,"parent":0,"menu_order":0,"comment_status":"closed","ping_status":"open","template":"template_ville_5.php","meta":{"_monsterinsights_skip_tracking":false,"_monsterinsights_sitenote_active":false,"_monsterinsights_sitenote_note":"","_monsterinsights_sitenote_category":0,"footnotes":""},"class_list":["post-1257","page","type-page","status-publish","hentry"],"yoast_head":"<!-- This site is optimized with the Yoast SEO plugin v26.3 - https:\/\/yoast.com\/wordpress\/plugins\/seo\/ -->\n<title>Monte escalier Creusot - Monte escalier<\/title>\n<meta name=\"robots\" content=\"index, follow, max-snippet:-1, max-image-preview:large, max-video-preview:-1\" \/>\n<link rel=\"canonical\" href=\"https:\/\/www.monteescalier.net\/france\/monte-escalier-le-creusot\/\" \/>\n<meta property=\"og:locale\" content=\"fr_FR\" \/>\n<meta property=\"og:type\" content=\"article\" \/>\n<meta property=\"og:title\" content=\"Monte escalier Creusot - Monte escalier\" \/>\n<meta property=\"og:description\" content=\"Bien choisir son monte escalier \u00e0 Creusot Vous voulez faire poser un monte escalier \u00e0 Creusot, rien de plus ais\u00e9 gr\u00e2ce \u00e0 monteescalier.net vous allez pouvoir faire jouer la concurrence. Gr\u00e2ce \u00e0 ce site, vous allez pouvoir trouver facilement les vendeurs de monte escalier sur Creusot et sa r\u00e9gion. Nous allons, en effet, vous mettre [&hellip;]\" \/>\n<meta property=\"og:url\" content=\"https:\/\/www.monteescalier.net\/france\/monte-escalier-le-creusot\/\" \/>\n<meta property=\"og:site_name\" content=\"Monte escalier\" \/>\n<meta name=\"twitter:card\" content=\"summary_large_image\" \/>\n<meta name=\"twitter:label1\" content=\"Dur\u00e9e de lecture estim\u00e9e\" \/>\n\t<meta name=\"twitter:data1\" content=\"1 minute\" \/>\n<script type=\"application\/ld+json\" class=\"yoast-schema-graph\">{\"@context\":\"https:\/\/schema.org\",\"@graph\":[{\"@type\":\"WebPage\",\"@id\":\"https:\/\/www.monteescalier.net\/france\/monte-escalier-le-creusot\/\",\"url\":\"https:\/\/www.monteescalier.net\/france\/monte-escalier-le-creusot\/\",\"name\":\"Monte escalier Creusot - Monte escalier\",\"isPartOf\":{\"@id\":\"https:\/\/www.monteescalier.net\/france\/#website\"},\"datePublished\":\"2013-09-26T10:47:15+00:00\",\"breadcrumb\":{\"@id\":\"https:\/\/www.monteescalier.net\/france\/monte-escalier-le-creusot\/#breadcrumb\"},\"inLanguage\":\"fr-FR\",\"potentialAction\":[{\"@type\":\"ReadAction\",\"target\":[\"https:\/\/www.monteescalier.net\/france\/monte-escalier-le-creusot\/\"]}]},{\"@type\":\"BreadcrumbList\",\"@id\":\"https:\/\/www.monteescalier.net\/france\/monte-escalier-le-creusot\/#breadcrumb\",\"itemListElement\":[{\"@type\":\"ListItem\",\"position\":1,\"name\":\"Accueil\",\"item\":\"https:\/\/www.monteescalier.net\/france\/\"},{\"@type\":\"ListItem\",\"position\":2,\"name\":\"Monte escalier Creusot\"}]},{\"@type\":\"WebSite\",\"@id\":\"https:\/\/www.monteescalier.net\/france\/#website\",\"url\":\"https:\/\/www.monteescalier.net\/france\/\",\"name\":\"Monte escalier\",\"description\":\"\",\"publisher\":{\"@id\":\"https:\/\/www.monteescalier.net\/france\/#organization\"},\"potentialAction\":[{\"@type\":\"SearchAction\",\"target\":{\"@type\":\"EntryPoint\",\"urlTemplate\":\"https:\/\/www.monteescalier.net\/france\/?s={search_term_string}\"},\"query-input\":{\"@type\":\"PropertyValueSpecification\",\"valueRequired\":true,\"valueName\":\"search_term_string\"}}],\"inLanguage\":\"fr-FR\"},{\"@type\":\"Organization\",\"@id\":\"https:\/\/www.monteescalier.net\/france\/#organization\",\"name\":\"monte-escalier.net\",\"url\":\"https:\/\/www.monteescalier.net\/france\/\",\"logo\":{\"@type\":\"ImageObject\",\"inLanguage\":\"fr-FR\",\"@id\":\"https:\/\/www.monteescalier.net\/france\/#\/schema\/logo\/image\/\",\"url\":\"https:\/\/www.monteescalier.net\/france\/wp-content\/uploads\/2016\/10\/4devis-mont-escalier-500-500.gif\",\"contentUrl\":\"https:\/\/www.monteescalier.net\/france\/wp-content\/uploads\/2016\/10\/4devis-mont-escalier-500-500.gif\",\"width\":500,\"height\":500,\"caption\":\"monte-escalier.net\"},\"image\":{\"@id\":\"https:\/\/www.monteescalier.net\/france\/#\/schema\/logo\/image\/\"}}]}<\/script>\n<!-- \/ Yoast SEO plugin. -->","yoast_head_json":{"title":"Monte escalier Creusot - Monte escalier","robots":{"index":"index","follow":"follow","max-snippet":"max-snippet:-1","max-image-preview":"max-image-preview:large","max-video-preview":"max-video-preview:-1"},"canonical":"https:\/\/www.monteescalier.net\/france\/monte-escalier-le-creusot\/","og_locale":"fr_FR","og_type":"article","og_title":"Monte escalier Creusot - Monte escalier","og_description":"Bien choisir son monte escalier \u00e0 Creusot Vous voulez faire poser un monte escalier \u00e0 Creusot, rien de plus ais\u00e9 gr\u00e2ce \u00e0 monteescalier.net vous allez pouvoir faire jouer la concurrence. Gr\u00e2ce \u00e0 ce site, vous allez pouvoir trouver facilement les vendeurs de monte escalier sur Creusot et sa r\u00e9gion. Nous allons, en effet, vous mettre [&hellip;]","og_url":"https:\/\/www.monteescalier.net\/france\/monte-escalier-le-creusot\/","og_site_name":"Monte escalier","twitter_card":"summary_large_image","twitter_misc":{"Dur\u00e9e de lecture estim\u00e9e":"1 minute"},"schema":{"@context":"https:\/\/schema.org","@graph":[{"@type":"WebPage","@id":"https:\/\/www.monteescalier.net\/france\/monte-escalier-le-creusot\/","url":"https:\/\/www.monteescalier.net\/france\/monte-escalier-le-creusot\/","name":"Monte escalier Creusot - Monte escalier","isPartOf":{"@id":"https:\/\/www.monteescalier.net\/france\/#website"},"datePublished":"2013-09-26T10:47:15+00:00","breadcrumb":{"@id":"https:\/\/www.monteescalier.net\/france\/monte-escalier-le-creusot\/#breadcrumb"},"inLanguage":"fr-FR","potentialAction":[{"@type":"ReadAction","target":["https:\/\/www.monteescalier.net\/france\/monte-escalier-le-creusot\/"]}]},{"@type":"BreadcrumbList","@id":"https:\/\/www.monteescalier.net\/france\/monte-escalier-le-creusot\/#breadcrumb","itemListElement":[{"@type":"ListItem","position":1,"name":"Accueil","item":"https:\/\/www.monteescalier.net\/france\/"},{"@type":"ListItem","position":2,"name":"Monte escalier Creusot"}]},{"@type":"WebSite","@id":"https:\/\/www.monteescalier.net\/france\/#website","url":"https:\/\/www.monteescalier.net\/france\/","name":"Monte escalier","description":"","publisher":{"@id":"https:\/\/www.monteescalier.net\/france\/#organization"},"potentialAction":[{"@type":"SearchAction","target":{"@type":"EntryPoint","urlTemplate":"https:\/\/www.monteescalier.net\/france\/?s={search_term_string}"},"query-input":{"@type":"PropertyValueSpecification","valueRequired":true,"valueName":"search_term_string"}}],"inLanguage":"fr-FR"},{"@type":"Organization","@id":"https:\/\/www.monteescalier.net\/france\/#organization","name":"monte-escalier.net","url":"https:\/\/www.monteescalier.net\/france\/","logo":{"@type":"ImageObject","inLanguage":"fr-FR","@id":"https:\/\/www.monteescalier.net\/france\/#\/schema\/logo\/image\/","url":"https:\/\/www.monteescalier.net\/france\/wp-content\/uploads\/2016\/10\/4devis-mont-escalier-500-500.gif","contentUrl":"https:\/\/www.monteescalier.net\/france\/wp-content\/uploads\/2016\/10\/4devis-mont-escalier-500-500.gif","width":500,"height":500,"caption":"monte-escalier.net"},"image":{"@id":"https:\/\/www.monteescalier.net\/france\/#\/schema\/logo\/image\/"}}]}},"_links":{"self":[{"href":"https:\/\/www.monteescalier.net\/france\/wp-json\/wp\/v2\/pages\/1257","targetHints":{"allow":["GET"]}}],"collection":[{"href":"https:\/\/www.monteescalier.net\/france\/wp-json\/wp\/v2\/pages"}],"about":[{"href":"https:\/\/www.monteescalier.net\/france\/wp-json\/wp\/v2\/types\/page"}],"author":[{"embeddable":true,"href":"https:\/\/www.monteescalier.net\/france\/wp-json\/wp\/v2\/users\/1"}],"replies":[{"embeddable":true,"href":"https:\/\/www.monteescalier.net\/france\/wp-json\/wp\/v2\/comments?post=1257"}],"version-history":[{"count":0,"href":"https:\/\/www.monteescalier.net\/france\/wp-json\/wp\/v2\/pages\/1257\/revisions"}],"wp:attachment":[{"href":"https:\/\/www.monteescalier.net\/france\/wp-json\/wp\/v2\/media?parent=1257"}],"curies":[{"name":"wp","href":"https:\/\/api.w.org\/{rel}","templated":true}]}}