{"id":1270,"date":"2019-09-06T10:47:15","date_gmt":"2019-09-06T09:47:15","guid":{"rendered":"https:\/\/www.monteescalier.net\/france\/?page_id=1270"},"modified":"2020-01-14T11:57:03","modified_gmt":"2020-01-14T10:57:03","slug":"monte-escalier-manosque","status":"publish","type":"page","link":"https:\/\/www.monteescalier.net\/france\/monte-escalier-manosque\/","title":{"rendered":"Monte escalier Manosque"},"content":{"rendered":"<h1>Renseignements sur les monte escalier \u00e0 Manosque<\/h1>\n<div class=\"boite_texte\">\n<div style=\"text-align: justify; margin-bottom: 10px;\">Vous voulez mettre en place un monte escalier \u00e0 Manosque, rien de plus facile gr\u00e2ce \u00e0 monteescalier.net vous allez pouvoir faire jouer la concurrence.<\/div>\n<div style=\"text-align: justify; margin-bottom: 10px;\">Gr\u00e2ce \u00e0 ce site, vous allez pouvoir trouver facilement les vendeurs de monte escalier sur Manosque et sa r\u00e9gion. Nous allons, en effet, vous mettre en relation gratuitement avec notre pr\u00e9selection de vendeurs de monte escalier \u00e0 Manosque.<\/div>\n<div style=\"text-align: justify; margin-bottom: 10px;\">Vous voulez recevoir plusieurs devis de monte escalier pour votre r\u00e9sidence \u00e0 Manosque, vous n&rsquo;avez qu&rsquo;une demande \u00e0 faire sur ce site et vous en recevrez tr\u00e8s rapidement entre 3 et 5 devis diff\u00e9rents. Nous contactons pour vous les professionnels de Manosque, et devinez quoi ? Pour vous c&rsquo;est gratuit !<\/div>\n<div style=\"text-align: justify; margin-bottom: 10px;\">Avoir des sp\u00e9cialistes du monte escalier au t\u00e9l\u00e9phone pour discuter de votre projet, voici ce que vous permettra notre site si vous remplissez une demande de rappel. Vous serez tr\u00e8s rapidement recontact\u00e9s par nos partenaires experts qui pourront r\u00e9pondre \u00e0 toutes vos questions relatives au particularisme de l&rsquo;installation de votre monte escalier.<\/div>\n<div style=\"text-align: justify; margin-bottom: 10px;\">Pour faire votre choix, vous pouvez aussi vouloir comparer les caract\u00e9ristiques d\u00e9taill\u00e9es des fauteuils monte escalier des diff\u00e9rentes marques disponibles \u00e0 la vente.le service que nous recommandons dans ce cas est de vous servir de notre formulaire de demande de documentation que vous trouverez sur notre site. Par courriel ou par courrier traditionnel, vous recevrez gratuitement toutes les infos n\u00e9cessaires qui vous perme\u00e0 Manosquettront de comparer \u00e0 t\u00eate repos\u00e9e les diff\u00e9rents mod\u00e8les de monte escalier.<\/div>\n<div style=\"text-align: justify; margin-bottom: 10px;\">Avec notre site, pas de co\u00fbt et pas d&rsquo;engagements ! que vous signiez un contrat ou non avec un de nos partenaires, nous ne vous facturerons rien pour notre service de mise en relation. Si vous trouvez votre prestataire gr\u00e2ce \u00e0 nous tant mieux pour vous, alors testez nous !<\/div>\n<\/div>\n<div class=\"titre_liens\">Retrouvez nos offres dans les villes voisines :<\/div>\n<div class=\"boite_liens\"><a href=\"https:\/\/www.monteescalier.net\/france\/monte-escalier-digne-les-bains\">Monte escalier Digne-les-Bains<\/a><br \/>\n<a href=\"https:\/\/www.monteescalier.net\/france\/monte-escalier-sisteron\">Monte escalier Sisteron\u00e0 Manosque<\/a><br \/>\n<a href=\"https:\/\/www.monteescalier.net\/france\/monte-escalier-chateau-arnoux-saint-auban\">Monte escalier Ch\u00e2teau-Arnoux-Saint-Auban<\/a><br \/>\n<a href=\"https:\/\/www.monteescalier.net\/france\/monte-escalier-oraison\">Monte escalier Oraison<\/a><br \/>\n<a href=\"https:\/\/www.monteescalier.net\/france\/monte-escalier-forcalquier\">Monte escalier Forcalquier<\/a><\/div>\n","protected":false},"excerpt":{"rendered":"<p>Renseignements sur les monte escalier \u00e0 Manosque Vous voulez mettre en place un monte escalier \u00e0 Manosque, rien de plus facile gr\u00e2ce \u00e0 monteescalier.net vous allez pouvoir faire jouer la concurrence. Gr\u00e2ce \u00e0 ce site, vous allez pouvoir trouver facilement les vendeurs de monte escalier sur Manosque et sa r\u00e9gion. Nous allons, en effet, vous [&hellip;]<\/p>\n","protected":false},"author":1,"featured_media":0,"parent":0,"menu_order":0,"comment_status":"closed","ping_status":"open","template":"template_ville_1.php","meta":{"_monsterinsights_skip_tracking":false,"_monsterinsights_sitenote_active":false,"_monsterinsights_sitenote_note":"","_monsterinsights_sitenote_category":0,"footnotes":""},"class_list":["post-1270","page","type-page","status-publish","hentry"],"yoast_head":"<!-- This site is optimized with the Yoast SEO plugin v26.3 - https:\/\/yoast.com\/wordpress\/plugins\/seo\/ -->\n<title>Monte escalier Manosque - Monte escalier<\/title>\n<meta name=\"robots\" content=\"index, follow, max-snippet:-1, max-image-preview:large, max-video-preview:-1\" \/>\n<link rel=\"canonical\" href=\"https:\/\/www.monteescalier.net\/france\/monte-escalier-manosque\/\" \/>\n<meta property=\"og:locale\" content=\"fr_FR\" \/>\n<meta property=\"og:type\" content=\"article\" \/>\n<meta property=\"og:title\" content=\"Monte escalier Manosque - Monte escalier\" \/>\n<meta property=\"og:description\" content=\"Renseignements sur les monte escalier \u00e0 Manosque Vous voulez mettre en place un monte escalier \u00e0 Manosque, rien de plus facile gr\u00e2ce \u00e0 monteescalier.net vous allez pouvoir faire jouer la concurrence. Gr\u00e2ce \u00e0 ce site, vous allez pouvoir trouver facilement les vendeurs de monte escalier sur Manosque et sa r\u00e9gion. Nous allons, en effet, vous [&hellip;]\" \/>\n<meta property=\"og:url\" content=\"https:\/\/www.monteescalier.net\/france\/monte-escalier-manosque\/\" \/>\n<meta property=\"og:site_name\" content=\"Monte escalier\" \/>\n<meta property=\"article:modified_time\" content=\"2020-01-14T10:57:03+00:00\" \/>\n<meta name=\"twitter:card\" content=\"summary_large_image\" \/>\n<meta name=\"twitter:label1\" content=\"Dur\u00e9e de lecture estim\u00e9e\" \/>\n\t<meta name=\"twitter:data1\" content=\"2 minutes\" \/>\n<script type=\"application\/ld+json\" class=\"yoast-schema-graph\">{\"@context\":\"https:\/\/schema.org\",\"@graph\":[{\"@type\":\"WebPage\",\"@id\":\"https:\/\/www.monteescalier.net\/france\/monte-escalier-manosque\/\",\"url\":\"https:\/\/www.monteescalier.net\/france\/monte-escalier-manosque\/\",\"name\":\"Monte escalier Manosque - Monte escalier\",\"isPartOf\":{\"@id\":\"https:\/\/www.monteescalier.net\/france\/#website\"},\"datePublished\":\"2019-09-06T09:47:15+00:00\",\"dateModified\":\"2020-01-14T10:57:03+00:00\",\"breadcrumb\":{\"@id\":\"https:\/\/www.monteescalier.net\/france\/monte-escalier-manosque\/#breadcrumb\"},\"inLanguage\":\"fr-FR\",\"potentialAction\":[{\"@type\":\"ReadAction\",\"target\":[\"https:\/\/www.monteescalier.net\/france\/monte-escalier-manosque\/\"]}]},{\"@type\":\"BreadcrumbList\",\"@id\":\"https:\/\/www.monteescalier.net\/france\/monte-escalier-manosque\/#breadcrumb\",\"itemListElement\":[{\"@type\":\"ListItem\",\"position\":1,\"name\":\"Accueil\",\"item\":\"https:\/\/www.monteescalier.net\/france\/\"},{\"@type\":\"ListItem\",\"position\":2,\"name\":\"Monte escalier Manosque\"}]},{\"@type\":\"WebSite\",\"@id\":\"https:\/\/www.monteescalier.net\/france\/#website\",\"url\":\"https:\/\/www.monteescalier.net\/france\/\",\"name\":\"Monte escalier\",\"description\":\"\",\"publisher\":{\"@id\":\"https:\/\/www.monteescalier.net\/france\/#organization\"},\"potentialAction\":[{\"@type\":\"SearchAction\",\"target\":{\"@type\":\"EntryPoint\",\"urlTemplate\":\"https:\/\/www.monteescalier.net\/france\/?s={search_term_string}\"},\"query-input\":{\"@type\":\"PropertyValueSpecification\",\"valueRequired\":true,\"valueName\":\"search_term_string\"}}],\"inLanguage\":\"fr-FR\"},{\"@type\":\"Organization\",\"@id\":\"https:\/\/www.monteescalier.net\/france\/#organization\",\"name\":\"monte-escalier.net\",\"url\":\"https:\/\/www.monteescalier.net\/france\/\",\"logo\":{\"@type\":\"ImageObject\",\"inLanguage\":\"fr-FR\",\"@id\":\"https:\/\/www.monteescalier.net\/france\/#\/schema\/logo\/image\/\",\"url\":\"https:\/\/www.monteescalier.net\/france\/wp-content\/uploads\/2016\/10\/4devis-mont-escalier-500-500.gif\",\"contentUrl\":\"https:\/\/www.monteescalier.net\/france\/wp-content\/uploads\/2016\/10\/4devis-mont-escalier-500-500.gif\",\"width\":500,\"height\":500,\"caption\":\"monte-escalier.net\"},\"image\":{\"@id\":\"https:\/\/www.monteescalier.net\/france\/#\/schema\/logo\/image\/\"}}]}<\/script>\n<!-- \/ Yoast SEO plugin. -->","yoast_head_json":{"title":"Monte escalier Manosque - Monte escalier","robots":{"index":"index","follow":"follow","max-snippet":"max-snippet:-1","max-image-preview":"max-image-preview:large","max-video-preview":"max-video-preview:-1"},"canonical":"https:\/\/www.monteescalier.net\/france\/monte-escalier-manosque\/","og_locale":"fr_FR","og_type":"article","og_title":"Monte escalier Manosque - Monte escalier","og_description":"Renseignements sur les monte escalier \u00e0 Manosque Vous voulez mettre en place un monte escalier \u00e0 Manosque, rien de plus facile gr\u00e2ce \u00e0 monteescalier.net vous allez pouvoir faire jouer la concurrence. Gr\u00e2ce \u00e0 ce site, vous allez pouvoir trouver facilement les vendeurs de monte escalier sur Manosque et sa r\u00e9gion. Nous allons, en effet, vous [&hellip;]","og_url":"https:\/\/www.monteescalier.net\/france\/monte-escalier-manosque\/","og_site_name":"Monte escalier","article_modified_time":"2020-01-14T10:57:03+00:00","twitter_card":"summary_large_image","twitter_misc":{"Dur\u00e9e de lecture estim\u00e9e":"2 minutes"},"schema":{"@context":"https:\/\/schema.org","@graph":[{"@type":"WebPage","@id":"https:\/\/www.monteescalier.net\/france\/monte-escalier-manosque\/","url":"https:\/\/www.monteescalier.net\/france\/monte-escalier-manosque\/","name":"Monte escalier Manosque - Monte escalier","isPartOf":{"@id":"https:\/\/www.monteescalier.net\/france\/#website"},"datePublished":"2019-09-06T09:47:15+00:00","dateModified":"2020-01-14T10:57:03+00:00","breadcrumb":{"@id":"https:\/\/www.monteescalier.net\/france\/monte-escalier-manosque\/#breadcrumb"},"inLanguage":"fr-FR","potentialAction":[{"@type":"ReadAction","target":["https:\/\/www.monteescalier.net\/france\/monte-escalier-manosque\/"]}]},{"@type":"BreadcrumbList","@id":"https:\/\/www.monteescalier.net\/france\/monte-escalier-manosque\/#breadcrumb","itemListElement":[{"@type":"ListItem","position":1,"name":"Accueil","item":"https:\/\/www.monteescalier.net\/france\/"},{"@type":"ListItem","position":2,"name":"Monte escalier Manosque"}]},{"@type":"WebSite","@id":"https:\/\/www.monteescalier.net\/france\/#website","url":"https:\/\/www.monteescalier.net\/france\/","name":"Monte escalier","description":"","publisher":{"@id":"https:\/\/www.monteescalier.net\/france\/#organization"},"potentialAction":[{"@type":"SearchAction","target":{"@type":"EntryPoint","urlTemplate":"https:\/\/www.monteescalier.net\/france\/?s={search_term_string}"},"query-input":{"@type":"PropertyValueSpecification","valueRequired":true,"valueName":"search_term_string"}}],"inLanguage":"fr-FR"},{"@type":"Organization","@id":"https:\/\/www.monteescalier.net\/france\/#organization","name":"monte-escalier.net","url":"https:\/\/www.monteescalier.net\/france\/","logo":{"@type":"ImageObject","inLanguage":"fr-FR","@id":"https:\/\/www.monteescalier.net\/france\/#\/schema\/logo\/image\/","url":"https:\/\/www.monteescalier.net\/france\/wp-content\/uploads\/2016\/10\/4devis-mont-escalier-500-500.gif","contentUrl":"https:\/\/www.monteescalier.net\/france\/wp-content\/uploads\/2016\/10\/4devis-mont-escalier-500-500.gif","width":500,"height":500,"caption":"monte-escalier.net"},"image":{"@id":"https:\/\/www.monteescalier.net\/france\/#\/schema\/logo\/image\/"}}]}},"_links":{"self":[{"href":"https:\/\/www.monteescalier.net\/france\/wp-json\/wp\/v2\/pages\/1270","targetHints":{"allow":["GET"]}}],"collection":[{"href":"https:\/\/www.monteescalier.net\/france\/wp-json\/wp\/v2\/pages"}],"about":[{"href":"https:\/\/www.monteescalier.net\/france\/wp-json\/wp\/v2\/types\/page"}],"author":[{"embeddable":true,"href":"https:\/\/www.monteescalier.net\/france\/wp-json\/wp\/v2\/users\/1"}],"replies":[{"embeddable":true,"href":"https:\/\/www.monteescalier.net\/france\/wp-json\/wp\/v2\/comments?post=1270"}],"version-history":[{"count":1,"href":"https:\/\/www.monteescalier.net\/france\/wp-json\/wp\/v2\/pages\/1270\/revisions"}],"predecessor-version":[{"id":8221,"href":"https:\/\/www.monteescalier.net\/france\/wp-json\/wp\/v2\/pages\/1270\/revisions\/8221"}],"wp:attachment":[{"href":"https:\/\/www.monteescalier.net\/france\/wp-json\/wp\/v2\/media?parent=1270"}],"curies":[{"name":"wp","href":"https:\/\/api.w.org\/{rel}","templated":true}]}}