{"id":1338,"date":"2019-09-26T10:47:16","date_gmt":"2019-09-26T09:47:16","guid":{"rendered":"https:\/\/www.monteescalier.net\/france\/?page_id=1338"},"modified":"2020-01-16T17:06:06","modified_gmt":"2020-01-16T16:06:06","slug":"monte-escalier-sceaux","status":"publish","type":"page","link":"https:\/\/www.monteescalier.net\/france\/monte-escalier-sceaux\/","title":{"rendered":"Monte escalier Sceaux"},"content":{"rendered":"<h1>Quel installateur pour un monte escalier \u00e0 Sceaux<\/h1>\n<div class=\"boite_texte\">\n<div style=\"text-align: justify; margin-bottom: 10px;\">Vous souhaitez poser un monte escalier \u00e0 Sceaux, rien de plus facile gr\u00e2ce \u00e0 monteescalier.net vous allez pouvoir faire jouer la concurrence.<\/div>\n<div style=\"text-align: justify; margin-bottom: 10px;\">Monteescalier.net dispose de partenaires installateurs de monte escalier dans toute la France et vous permet d&rsquo;\u00eatre mis sans aucun frais en contact avec ceux pouvant intervenir chez vous pour poser un monte escalier \u00e0 Sceaux.<\/div>\n<div style=\"text-align: justify; margin-bottom: 10px;\">Obtenir 4 ou 5 devis pour votre monte escalier \u00e0 Sceaux, c&rsquo;est la premi\u00e8re prestation totalement gratuite que nous sommes en mesure de vous proposer. Pour profiter de ce service gratuit et sans obligation d&rsquo;achat, laissez nous vos coordonn\u00e9es dans notre formulaire de demande de devis et vous serez recontact\u00e9s tr\u00e8s prochainement par les professionnels du monte escalier sur Sceaux.<\/div>\n<div style=\"text-align: justify; margin-bottom: 10px;\">Vous avez des questions sur l&rsquo;installation d&rsquo;un monte escalier, sur les prix des monte escalier, sur les diff\u00e9rents mod\u00e8les, utilisez notre formulaire de demande de rappel et les professionnels du monte escalier vous rappelleront tr\u00e8s rapidement.<\/div>\n<div style=\"text-align: justify; margin-bottom: 10px;\">Nos revendeurs partenaires peuvent \u00e9galement vous faire parvenir de la documentation sur les diff\u00e9rents mod\u00e8les de monte escalier qu&rsquo;ils commercialisent, que ce soit par courrier ou par email.<\/div>\n<div style=\"text-align: justify; margin-bottom: 10px;\">Pourquoi aller chercher ailleurs alors que tous nos services sont enti\u00e8rement gratuits. Nous avons fait le travail de pr\u00e9selection de votre prestataire monte escalier \u00e0 Sceaux. Utilisez nos services ne vous co\u00fbtera rien et ne vous engagera \u00e0 rien&#8230; alors pourquoi ne pas essayer ! Laissez nous vos coordonn\u00e9es et testez nos services sans engagement.<\/div>\n<\/div>\n<div class=\"titre_liens\">Vous pourriez \u00e9galement \u00eatre int\u00e9ress\u00e9s par nos services dans les villes voisines<\/div>\n<div class=\"boite_liens\"><a href=\"https:\/\/www.monteescalier.net\/france\/monte-escalier-garches\">Monte escalier Garches<\/a><br \/>\n<a href=\"https:\/\/www.monteescalier.net\/france\/monte-escalier-chaville\">Monte escalier Chaville<\/a><br \/>\n<a href=\"https:\/\/www.monteescalier.net\/france\/monte-escalier-ville-d-avray\">Monte escalier Ville-d&rsquo;Avray<\/a><br \/>\n<a href=\"https:\/\/www.monteescalier.net\/france\/monte-escalier-vaucresson\">Monte escalier Vaucresson<\/a><br \/>\n<a href=\"https:\/\/www.monteescalier.net\/france\/monte-escalier-boulogne-billancourt\">Monte escalier Boulogne-Billancourt<\/a><\/div>\n","protected":false},"excerpt":{"rendered":"<p>Quel installateur pour un monte escalier \u00e0 Sceaux Vous souhaitez poser un monte escalier \u00e0 Sceaux, rien de plus facile gr\u00e2ce \u00e0 monteescalier.net vous allez pouvoir faire jouer la concurrence. Monteescalier.net dispose de partenaires installateurs de monte escalier dans toute la France et vous permet d&rsquo;\u00eatre mis sans aucun frais en contact avec ceux pouvant [&hellip;]<\/p>\n","protected":false},"author":1,"featured_media":0,"parent":0,"menu_order":0,"comment_status":"closed","ping_status":"open","template":"template_ville_7.php","meta":{"_monsterinsights_skip_tracking":false,"_monsterinsights_sitenote_active":false,"_monsterinsights_sitenote_note":"","_monsterinsights_sitenote_category":0,"footnotes":""},"class_list":["post-1338","page","type-page","status-publish","hentry"],"yoast_head":"<!-- This site is optimized with the Yoast SEO plugin v26.3 - https:\/\/yoast.com\/wordpress\/plugins\/seo\/ -->\n<title>Monte escalier Sceaux - Monte escalier<\/title>\n<meta name=\"robots\" content=\"index, follow, max-snippet:-1, max-image-preview:large, max-video-preview:-1\" \/>\n<link rel=\"canonical\" href=\"https:\/\/www.monteescalier.net\/france\/monte-escalier-sceaux\/\" \/>\n<meta property=\"og:locale\" content=\"fr_FR\" \/>\n<meta property=\"og:type\" content=\"article\" \/>\n<meta property=\"og:title\" content=\"Monte escalier Sceaux - Monte escalier\" \/>\n<meta property=\"og:description\" content=\"Quel installateur pour un monte escalier \u00e0 Sceaux Vous souhaitez poser un monte escalier \u00e0 Sceaux, rien de plus facile gr\u00e2ce \u00e0 monteescalier.net vous allez pouvoir faire jouer la concurrence. Monteescalier.net dispose de partenaires installateurs de monte escalier dans toute la France et vous permet d&rsquo;\u00eatre mis sans aucun frais en contact avec ceux pouvant [&hellip;]\" \/>\n<meta property=\"og:url\" content=\"https:\/\/www.monteescalier.net\/france\/monte-escalier-sceaux\/\" \/>\n<meta property=\"og:site_name\" content=\"Monte escalier\" \/>\n<meta property=\"article:modified_time\" content=\"2020-01-16T16:06:06+00:00\" \/>\n<meta name=\"twitter:card\" content=\"summary_large_image\" \/>\n<meta name=\"twitter:label1\" content=\"Dur\u00e9e de lecture estim\u00e9e\" \/>\n\t<meta name=\"twitter:data1\" content=\"1 minute\" \/>\n<script type=\"application\/ld+json\" class=\"yoast-schema-graph\">{\"@context\":\"https:\/\/schema.org\",\"@graph\":[{\"@type\":\"WebPage\",\"@id\":\"https:\/\/www.monteescalier.net\/france\/monte-escalier-sceaux\/\",\"url\":\"https:\/\/www.monteescalier.net\/france\/monte-escalier-sceaux\/\",\"name\":\"Monte escalier Sceaux - Monte escalier\",\"isPartOf\":{\"@id\":\"https:\/\/www.monteescalier.net\/france\/#website\"},\"datePublished\":\"2019-09-26T09:47:16+00:00\",\"dateModified\":\"2020-01-16T16:06:06+00:00\",\"breadcrumb\":{\"@id\":\"https:\/\/www.monteescalier.net\/france\/monte-escalier-sceaux\/#breadcrumb\"},\"inLanguage\":\"fr-FR\",\"potentialAction\":[{\"@type\":\"ReadAction\",\"target\":[\"https:\/\/www.monteescalier.net\/france\/monte-escalier-sceaux\/\"]}]},{\"@type\":\"BreadcrumbList\",\"@id\":\"https:\/\/www.monteescalier.net\/france\/monte-escalier-sceaux\/#breadcrumb\",\"itemListElement\":[{\"@type\":\"ListItem\",\"position\":1,\"name\":\"Accueil\",\"item\":\"https:\/\/www.monteescalier.net\/france\/\"},{\"@type\":\"ListItem\",\"position\":2,\"name\":\"Monte escalier Sceaux\"}]},{\"@type\":\"WebSite\",\"@id\":\"https:\/\/www.monteescalier.net\/france\/#website\",\"url\":\"https:\/\/www.monteescalier.net\/france\/\",\"name\":\"Monte escalier\",\"description\":\"\",\"publisher\":{\"@id\":\"https:\/\/www.monteescalier.net\/france\/#organization\"},\"potentialAction\":[{\"@type\":\"SearchAction\",\"target\":{\"@type\":\"EntryPoint\",\"urlTemplate\":\"https:\/\/www.monteescalier.net\/france\/?s={search_term_string}\"},\"query-input\":{\"@type\":\"PropertyValueSpecification\",\"valueRequired\":true,\"valueName\":\"search_term_string\"}}],\"inLanguage\":\"fr-FR\"},{\"@type\":\"Organization\",\"@id\":\"https:\/\/www.monteescalier.net\/france\/#organization\",\"name\":\"monte-escalier.net\",\"url\":\"https:\/\/www.monteescalier.net\/france\/\",\"logo\":{\"@type\":\"ImageObject\",\"inLanguage\":\"fr-FR\",\"@id\":\"https:\/\/www.monteescalier.net\/france\/#\/schema\/logo\/image\/\",\"url\":\"https:\/\/www.monteescalier.net\/france\/wp-content\/uploads\/2016\/10\/4devis-mont-escalier-500-500.gif\",\"contentUrl\":\"https:\/\/www.monteescalier.net\/france\/wp-content\/uploads\/2016\/10\/4devis-mont-escalier-500-500.gif\",\"width\":500,\"height\":500,\"caption\":\"monte-escalier.net\"},\"image\":{\"@id\":\"https:\/\/www.monteescalier.net\/france\/#\/schema\/logo\/image\/\"}}]}<\/script>\n<!-- \/ Yoast SEO plugin. -->","yoast_head_json":{"title":"Monte escalier Sceaux - Monte escalier","robots":{"index":"index","follow":"follow","max-snippet":"max-snippet:-1","max-image-preview":"max-image-preview:large","max-video-preview":"max-video-preview:-1"},"canonical":"https:\/\/www.monteescalier.net\/france\/monte-escalier-sceaux\/","og_locale":"fr_FR","og_type":"article","og_title":"Monte escalier Sceaux - Monte escalier","og_description":"Quel installateur pour un monte escalier \u00e0 Sceaux Vous souhaitez poser un monte escalier \u00e0 Sceaux, rien de plus facile gr\u00e2ce \u00e0 monteescalier.net vous allez pouvoir faire jouer la concurrence. Monteescalier.net dispose de partenaires installateurs de monte escalier dans toute la France et vous permet d&rsquo;\u00eatre mis sans aucun frais en contact avec ceux pouvant [&hellip;]","og_url":"https:\/\/www.monteescalier.net\/france\/monte-escalier-sceaux\/","og_site_name":"Monte escalier","article_modified_time":"2020-01-16T16:06:06+00:00","twitter_card":"summary_large_image","twitter_misc":{"Dur\u00e9e de lecture estim\u00e9e":"1 minute"},"schema":{"@context":"https:\/\/schema.org","@graph":[{"@type":"WebPage","@id":"https:\/\/www.monteescalier.net\/france\/monte-escalier-sceaux\/","url":"https:\/\/www.monteescalier.net\/france\/monte-escalier-sceaux\/","name":"Monte escalier Sceaux - Monte escalier","isPartOf":{"@id":"https:\/\/www.monteescalier.net\/france\/#website"},"datePublished":"2019-09-26T09:47:16+00:00","dateModified":"2020-01-16T16:06:06+00:00","breadcrumb":{"@id":"https:\/\/www.monteescalier.net\/france\/monte-escalier-sceaux\/#breadcrumb"},"inLanguage":"fr-FR","potentialAction":[{"@type":"ReadAction","target":["https:\/\/www.monteescalier.net\/france\/monte-escalier-sceaux\/"]}]},{"@type":"BreadcrumbList","@id":"https:\/\/www.monteescalier.net\/france\/monte-escalier-sceaux\/#breadcrumb","itemListElement":[{"@type":"ListItem","position":1,"name":"Accueil","item":"https:\/\/www.monteescalier.net\/france\/"},{"@type":"ListItem","position":2,"name":"Monte escalier Sceaux"}]},{"@type":"WebSite","@id":"https:\/\/www.monteescalier.net\/france\/#website","url":"https:\/\/www.monteescalier.net\/france\/","name":"Monte escalier","description":"","publisher":{"@id":"https:\/\/www.monteescalier.net\/france\/#organization"},"potentialAction":[{"@type":"SearchAction","target":{"@type":"EntryPoint","urlTemplate":"https:\/\/www.monteescalier.net\/france\/?s={search_term_string}"},"query-input":{"@type":"PropertyValueSpecification","valueRequired":true,"valueName":"search_term_string"}}],"inLanguage":"fr-FR"},{"@type":"Organization","@id":"https:\/\/www.monteescalier.net\/france\/#organization","name":"monte-escalier.net","url":"https:\/\/www.monteescalier.net\/france\/","logo":{"@type":"ImageObject","inLanguage":"fr-FR","@id":"https:\/\/www.monteescalier.net\/france\/#\/schema\/logo\/image\/","url":"https:\/\/www.monteescalier.net\/france\/wp-content\/uploads\/2016\/10\/4devis-mont-escalier-500-500.gif","contentUrl":"https:\/\/www.monteescalier.net\/france\/wp-content\/uploads\/2016\/10\/4devis-mont-escalier-500-500.gif","width":500,"height":500,"caption":"monte-escalier.net"},"image":{"@id":"https:\/\/www.monteescalier.net\/france\/#\/schema\/logo\/image\/"}}]}},"_links":{"self":[{"href":"https:\/\/www.monteescalier.net\/france\/wp-json\/wp\/v2\/pages\/1338","targetHints":{"allow":["GET"]}}],"collection":[{"href":"https:\/\/www.monteescalier.net\/france\/wp-json\/wp\/v2\/pages"}],"about":[{"href":"https:\/\/www.monteescalier.net\/france\/wp-json\/wp\/v2\/types\/page"}],"author":[{"embeddable":true,"href":"https:\/\/www.monteescalier.net\/france\/wp-json\/wp\/v2\/users\/1"}],"replies":[{"embeddable":true,"href":"https:\/\/www.monteescalier.net\/france\/wp-json\/wp\/v2\/comments?post=1338"}],"version-history":[{"count":1,"href":"https:\/\/www.monteescalier.net\/france\/wp-json\/wp\/v2\/pages\/1338\/revisions"}],"predecessor-version":[{"id":8580,"href":"https:\/\/www.monteescalier.net\/france\/wp-json\/wp\/v2\/pages\/1338\/revisions\/8580"}],"wp:attachment":[{"href":"https:\/\/www.monteescalier.net\/france\/wp-json\/wp\/v2\/media?parent=1338"}],"curies":[{"name":"wp","href":"https:\/\/api.w.org\/{rel}","templated":true}]}}