{"id":1356,"date":"2019-02-25T10:47:16","date_gmt":"2019-02-25T09:47:16","guid":{"rendered":"https:\/\/www.monteescalier.net\/france\/?page_id=1356"},"modified":"2020-01-15T14:39:38","modified_gmt":"2020-01-15T13:39:38","slug":"monte-escalier-le-puy-en-velay","status":"publish","type":"page","link":"https:\/\/www.monteescalier.net\/france\/monte-escalier-le-puy-en-velay\/","title":{"rendered":"Monte escalier Puy-en-Velay"},"content":{"rendered":"<h1>Qui contacter pour un monte escalier \u00e0 Puy-en-Velay<\/h1>\n<div class=\"boite_texte\">\n<div style=\"text-align: justify; margin-bottom: 10px;\">Vous voulez faire installer un monte escalier \u00e0 Puy-en-Velay, rien de plus ais\u00e9 gr\u00e2ce \u00e0 monteescalier.net vous allez pouvoir faire jouer la concurrence.<\/div>\n<div style=\"text-align: justify; margin-bottom: 10px;\">Qui sommes nous ? Nous sommes des interm\u00e9diaires entre vous et les soci\u00e9t\u00e9s vendeuses de monte escalier, mais attention ! Contrairement \u00e0 beaucoup d&rsquo;autres interm\u00e9diaires, nous ne vous facturerons jamais pour nos services de mise en contact. Remplissez un formulaire sur notre site et laissez nous faire, vous allez \u00eatre mis tr\u00e8s vite en contact avec les revendeurs de monte escalier de Puy-en-Velay.<\/div>\n<div style=\"text-align: justify; margin-bottom: 10px;\">Pour choisir votre revendeur de monte escalier \u00e0 Puy-en-Velay, le plus simple est de pouvoir disposer de plusieurs devis \u00e9manant de diff\u00e9rentes soci\u00e9t\u00e9. C&rsquo;est justement ce que nous vous proposons. Remplissez une demande de devis et nos partenaires vous feront chacun leur meilleure offre pour votre monte escalier \u00e0 Puy-en-Velay.<\/div>\n<div style=\"text-align: justify; margin-bottom: 10px;\">Votre r\u00e9sidence peut elle accueillir un monte escalier? Votre escalier est il assez large? Vous faut il un monte escalier droit ou un monte escalier tournant? Quelle marque, quel fauteuil choisir? Pour obtenir diff\u00e9rents avis sur ces questions, utilisez notre fomulaire de rappel. Nos professionnels partenaires du monte escalier vous recontacteront tr\u00e8s vite !<\/div>\n<div style=\"text-align: justify; margin-bottom: 10px;\">Utilisez notre site monteescalier.net pour obtenir de la documentation gr\u00e2ce \u00e0 notre formulaire de demande de documentation et nos partenaires, professionnels du monte escalier, qu&rsquo;ils soient fabricants, installateurs, ou revendeurs, vous feront parvenir des informations par mail ou par courrier sous forme de brochures d\u00e9crivant les mod\u00e8les disponibles avec leur caract\u00e9ristiques techniques d\u00e9taill\u00e9es.<\/div>\n<div style=\"text-align: justify; margin-bottom: 10px;\">Tous les services propos\u00e9s par ce site sont enti\u00e8rement gratuits et sans obligation d&rsquo;achat. Nous sommes un service de mise en relation. Vous serez mis en contact directement avec nos partenaires vendeurs de monte escalier et vous discuterez en direct avec eux. Vous \u00eates totalement libres de n\u00e9gocier et de signer ou pas avec un des prestataires avec lequel nous vous avons mis en relation.<\/div>\n<\/div>\n<div class=\"titre_liens\">Vous serez peut \u00eatre int\u00e9ress\u00e9s aussi par nos autres offres dans le d\u00e9partement<\/div>\n<div class=\"boite_liens\"><a href=\"https:\/\/www.monteescalier.net\/france\/monte-escalier-monistrol-sur-loire\">Monte escalier Monistrol-sur-Loire<\/a><br \/>\n<a href=\"https:\/\/www.monteescalier.net\/france\/monte-escalier-yssingeaux\">Monte escalier Yssingeaux<\/a><br \/>\n<a href=\"https:\/\/www.monteescalier.net\/france\/monte-escalier-brioude\">Monte escalier Brioude<\/a><br \/>\n<a href=\"https:\/\/www.monteescalier.net\/france\/monte-escalier-sainte-sigolene\">Monte escalier Sainte-Sigol\u00e8ne<\/a><br \/>\n<a href=\"https:\/\/www.monteescalier.net\/france\/monte-escalier-aurec-sur-loire\">Monte escalier Aurec-sur-Loire<\/a><\/div>\n","protected":false},"excerpt":{"rendered":"<p>Qui contacter pour un monte escalier \u00e0 Puy-en-Velay Vous voulez faire installer un monte escalier \u00e0 Puy-en-Velay, rien de plus ais\u00e9 gr\u00e2ce \u00e0 monteescalier.net vous allez pouvoir faire jouer la concurrence. Qui sommes nous ? Nous sommes des interm\u00e9diaires entre vous et les soci\u00e9t\u00e9s vendeuses de monte escalier, mais attention ! Contrairement \u00e0 beaucoup d&rsquo;autres [&hellip;]<\/p>\n","protected":false},"author":1,"featured_media":0,"parent":0,"menu_order":0,"comment_status":"closed","ping_status":"open","template":"","meta":{"_monsterinsights_skip_tracking":false,"_monsterinsights_sitenote_active":false,"_monsterinsights_sitenote_note":"","_monsterinsights_sitenote_category":0,"footnotes":""},"class_list":["post-1356","page","type-page","status-publish","hentry"],"yoast_head":"<!-- This site is optimized with the Yoast SEO plugin v26.3 - https:\/\/yoast.com\/wordpress\/plugins\/seo\/ -->\n<title>Monte escalier Puy-en-Velay - Monte escalier<\/title>\n<meta name=\"robots\" content=\"index, follow, max-snippet:-1, max-image-preview:large, max-video-preview:-1\" \/>\n<link rel=\"canonical\" href=\"https:\/\/www.monteescalier.net\/france\/monte-escalier-le-puy-en-velay\/\" \/>\n<meta property=\"og:locale\" content=\"fr_FR\" \/>\n<meta property=\"og:type\" content=\"article\" \/>\n<meta property=\"og:title\" content=\"Monte escalier Puy-en-Velay - Monte escalier\" \/>\n<meta property=\"og:description\" content=\"Qui contacter pour un monte escalier \u00e0 Puy-en-Velay Vous voulez faire installer un monte escalier \u00e0 Puy-en-Velay, rien de plus ais\u00e9 gr\u00e2ce \u00e0 monteescalier.net vous allez pouvoir faire jouer la concurrence. Qui sommes nous ? Nous sommes des interm\u00e9diaires entre vous et les soci\u00e9t\u00e9s vendeuses de monte escalier, mais attention ! Contrairement \u00e0 beaucoup d&rsquo;autres [&hellip;]\" \/>\n<meta property=\"og:url\" content=\"https:\/\/www.monteescalier.net\/france\/monte-escalier-le-puy-en-velay\/\" \/>\n<meta property=\"og:site_name\" content=\"Monte escalier\" \/>\n<meta property=\"article:modified_time\" content=\"2020-01-15T13:39:38+00:00\" \/>\n<meta name=\"twitter:card\" content=\"summary_large_image\" \/>\n<meta name=\"twitter:label1\" content=\"Dur\u00e9e de lecture estim\u00e9e\" \/>\n\t<meta name=\"twitter:data1\" content=\"2 minutes\" \/>\n<script type=\"application\/ld+json\" class=\"yoast-schema-graph\">{\"@context\":\"https:\/\/schema.org\",\"@graph\":[{\"@type\":\"WebPage\",\"@id\":\"https:\/\/www.monteescalier.net\/france\/monte-escalier-le-puy-en-velay\/\",\"url\":\"https:\/\/www.monteescalier.net\/france\/monte-escalier-le-puy-en-velay\/\",\"name\":\"Monte escalier Puy-en-Velay - Monte escalier\",\"isPartOf\":{\"@id\":\"https:\/\/www.monteescalier.net\/france\/#website\"},\"datePublished\":\"2019-02-25T09:47:16+00:00\",\"dateModified\":\"2020-01-15T13:39:38+00:00\",\"breadcrumb\":{\"@id\":\"https:\/\/www.monteescalier.net\/france\/monte-escalier-le-puy-en-velay\/#breadcrumb\"},\"inLanguage\":\"fr-FR\",\"potentialAction\":[{\"@type\":\"ReadAction\",\"target\":[\"https:\/\/www.monteescalier.net\/france\/monte-escalier-le-puy-en-velay\/\"]}]},{\"@type\":\"BreadcrumbList\",\"@id\":\"https:\/\/www.monteescalier.net\/france\/monte-escalier-le-puy-en-velay\/#breadcrumb\",\"itemListElement\":[{\"@type\":\"ListItem\",\"position\":1,\"name\":\"Accueil\",\"item\":\"https:\/\/www.monteescalier.net\/france\/\"},{\"@type\":\"ListItem\",\"position\":2,\"name\":\"Monte escalier Puy-en-Velay\"}]},{\"@type\":\"WebSite\",\"@id\":\"https:\/\/www.monteescalier.net\/france\/#website\",\"url\":\"https:\/\/www.monteescalier.net\/france\/\",\"name\":\"Monte escalier\",\"description\":\"\",\"publisher\":{\"@id\":\"https:\/\/www.monteescalier.net\/france\/#organization\"},\"potentialAction\":[{\"@type\":\"SearchAction\",\"target\":{\"@type\":\"EntryPoint\",\"urlTemplate\":\"https:\/\/www.monteescalier.net\/france\/?s={search_term_string}\"},\"query-input\":{\"@type\":\"PropertyValueSpecification\",\"valueRequired\":true,\"valueName\":\"search_term_string\"}}],\"inLanguage\":\"fr-FR\"},{\"@type\":\"Organization\",\"@id\":\"https:\/\/www.monteescalier.net\/france\/#organization\",\"name\":\"monte-escalier.net\",\"url\":\"https:\/\/www.monteescalier.net\/france\/\",\"logo\":{\"@type\":\"ImageObject\",\"inLanguage\":\"fr-FR\",\"@id\":\"https:\/\/www.monteescalier.net\/france\/#\/schema\/logo\/image\/\",\"url\":\"https:\/\/www.monteescalier.net\/france\/wp-content\/uploads\/2016\/10\/4devis-mont-escalier-500-500.gif\",\"contentUrl\":\"https:\/\/www.monteescalier.net\/france\/wp-content\/uploads\/2016\/10\/4devis-mont-escalier-500-500.gif\",\"width\":500,\"height\":500,\"caption\":\"monte-escalier.net\"},\"image\":{\"@id\":\"https:\/\/www.monteescalier.net\/france\/#\/schema\/logo\/image\/\"}}]}<\/script>\n<!-- \/ Yoast SEO plugin. -->","yoast_head_json":{"title":"Monte escalier Puy-en-Velay - Monte escalier","robots":{"index":"index","follow":"follow","max-snippet":"max-snippet:-1","max-image-preview":"max-image-preview:large","max-video-preview":"max-video-preview:-1"},"canonical":"https:\/\/www.monteescalier.net\/france\/monte-escalier-le-puy-en-velay\/","og_locale":"fr_FR","og_type":"article","og_title":"Monte escalier Puy-en-Velay - Monte escalier","og_description":"Qui contacter pour un monte escalier \u00e0 Puy-en-Velay Vous voulez faire installer un monte escalier \u00e0 Puy-en-Velay, rien de plus ais\u00e9 gr\u00e2ce \u00e0 monteescalier.net vous allez pouvoir faire jouer la concurrence. Qui sommes nous ? Nous sommes des interm\u00e9diaires entre vous et les soci\u00e9t\u00e9s vendeuses de monte escalier, mais attention ! Contrairement \u00e0 beaucoup d&rsquo;autres [&hellip;]","og_url":"https:\/\/www.monteescalier.net\/france\/monte-escalier-le-puy-en-velay\/","og_site_name":"Monte escalier","article_modified_time":"2020-01-15T13:39:38+00:00","twitter_card":"summary_large_image","twitter_misc":{"Dur\u00e9e de lecture estim\u00e9e":"2 minutes"},"schema":{"@context":"https:\/\/schema.org","@graph":[{"@type":"WebPage","@id":"https:\/\/www.monteescalier.net\/france\/monte-escalier-le-puy-en-velay\/","url":"https:\/\/www.monteescalier.net\/france\/monte-escalier-le-puy-en-velay\/","name":"Monte escalier Puy-en-Velay - Monte escalier","isPartOf":{"@id":"https:\/\/www.monteescalier.net\/france\/#website"},"datePublished":"2019-02-25T09:47:16+00:00","dateModified":"2020-01-15T13:39:38+00:00","breadcrumb":{"@id":"https:\/\/www.monteescalier.net\/france\/monte-escalier-le-puy-en-velay\/#breadcrumb"},"inLanguage":"fr-FR","potentialAction":[{"@type":"ReadAction","target":["https:\/\/www.monteescalier.net\/france\/monte-escalier-le-puy-en-velay\/"]}]},{"@type":"BreadcrumbList","@id":"https:\/\/www.monteescalier.net\/france\/monte-escalier-le-puy-en-velay\/#breadcrumb","itemListElement":[{"@type":"ListItem","position":1,"name":"Accueil","item":"https:\/\/www.monteescalier.net\/france\/"},{"@type":"ListItem","position":2,"name":"Monte escalier Puy-en-Velay"}]},{"@type":"WebSite","@id":"https:\/\/www.monteescalier.net\/france\/#website","url":"https:\/\/www.monteescalier.net\/france\/","name":"Monte escalier","description":"","publisher":{"@id":"https:\/\/www.monteescalier.net\/france\/#organization"},"potentialAction":[{"@type":"SearchAction","target":{"@type":"EntryPoint","urlTemplate":"https:\/\/www.monteescalier.net\/france\/?s={search_term_string}"},"query-input":{"@type":"PropertyValueSpecification","valueRequired":true,"valueName":"search_term_string"}}],"inLanguage":"fr-FR"},{"@type":"Organization","@id":"https:\/\/www.monteescalier.net\/france\/#organization","name":"monte-escalier.net","url":"https:\/\/www.monteescalier.net\/france\/","logo":{"@type":"ImageObject","inLanguage":"fr-FR","@id":"https:\/\/www.monteescalier.net\/france\/#\/schema\/logo\/image\/","url":"https:\/\/www.monteescalier.net\/france\/wp-content\/uploads\/2016\/10\/4devis-mont-escalier-500-500.gif","contentUrl":"https:\/\/www.monteescalier.net\/france\/wp-content\/uploads\/2016\/10\/4devis-mont-escalier-500-500.gif","width":500,"height":500,"caption":"monte-escalier.net"},"image":{"@id":"https:\/\/www.monteescalier.net\/france\/#\/schema\/logo\/image\/"}}]}},"_links":{"self":[{"href":"https:\/\/www.monteescalier.net\/france\/wp-json\/wp\/v2\/pages\/1356","targetHints":{"allow":["GET"]}}],"collection":[{"href":"https:\/\/www.monteescalier.net\/france\/wp-json\/wp\/v2\/pages"}],"about":[{"href":"https:\/\/www.monteescalier.net\/france\/wp-json\/wp\/v2\/types\/page"}],"author":[{"embeddable":true,"href":"https:\/\/www.monteescalier.net\/france\/wp-json\/wp\/v2\/users\/1"}],"replies":[{"embeddable":true,"href":"https:\/\/www.monteescalier.net\/france\/wp-json\/wp\/v2\/comments?post=1356"}],"version-history":[{"count":1,"href":"https:\/\/www.monteescalier.net\/france\/wp-json\/wp\/v2\/pages\/1356\/revisions"}],"predecessor-version":[{"id":8357,"href":"https:\/\/www.monteescalier.net\/france\/wp-json\/wp\/v2\/pages\/1356\/revisions\/8357"}],"wp:attachment":[{"href":"https:\/\/www.monteescalier.net\/france\/wp-json\/wp\/v2\/media?parent=1356"}],"curies":[{"name":"wp","href":"https:\/\/api.w.org\/{rel}","templated":true}]}}