{"id":1358,"date":"2019-03-26T10:47:16","date_gmt":"2019-03-26T09:47:16","guid":{"rendered":"https:\/\/www.monteescalier.net\/france\/?page_id=1358"},"modified":"2020-01-16T14:43:45","modified_gmt":"2020-01-16T13:43:45","slug":"monte-escalier-maurepas","status":"publish","type":"page","link":"https:\/\/www.monteescalier.net\/france\/monte-escalier-maurepas\/","title":{"rendered":"Monte escalier Maurepas"},"content":{"rendered":"<h1>Un monte escalier \u00e0 Maurepas<\/h1>\n<div class=\"boite_texte\">\n<div style=\"text-align: justify; margin-bottom: 10px;\">Vous d\u00e9sirez poser un monte escalier \u00e0 Maurepas, rien de plus simple gr\u00e2ce \u00e0 monteescalier.net vous allez pouvoir faire jouer la concurrence.<\/div>\n<div style=\"text-align: justify; margin-bottom: 10px;\">Qui sommes nous ? Nous sommes des interm\u00e9diaires entre vous et les soci\u00e9t\u00e9s vendeuses de monte escalier, mais attention ! Contrairement \u00e0 beaucoup d&rsquo;autres interm\u00e9diaires, nous ne vous facturerons jamais pour nos services de mise en contact. Remplissez un formulaire sur notre site et laissez nous faire, vous allez \u00eatre mis tr\u00e8s vite en contact avec les revendeurs de monte escalier de Maurepas.<\/div>\n<div style=\"text-align: justify; margin-bottom: 10px;\">Inutile de chercher et d&rsquo;appeler tous les renvendeurs de monte escalier de Maurepas. En compl\u00e9tant une demande de devis sur notre site, vous recevrez gratuitement plusieurs propositions des professionnels de votre region, sans vous d\u00e9placer. Vous n&rsquo;aurez plus qu&rsquo;\u00e0 choisir la meilleure offre.<\/div>\n<div style=\"text-align: justify; margin-bottom: 10px;\">Votre demeure peut elle accueillir un monte escalier? Votre escalier est il assez large? Vous faut il un monte escalier droit ou un monte escalier tournant? Quelle marque, quel fauteuil choisir? Pour obtenir diff\u00e9rents avis sur ces questions, utilisez notre fomulaire de rappel. Nos professionnels partenaires du monte escalier vous recontacteront tr\u00e8s vite !<\/div>\n<div style=\"text-align: justify; margin-bottom: 10px;\">Compulser de la documentation sur les monte escalier directement depuis chez vous sans vous d\u00e9placer c&rsquo;est possible et m\u00eame gratuit. Remplissez simplement un formulaire de demande de documentation et vous recevrez par la poste ou par email, toutes les documentations sur les produits commercialis\u00e9s par nos partenaires vendeurs de monte escalier.<\/div>\n<div style=\"text-align: justify; margin-bottom: 10px;\">Il est important de pr\u00e9ciser que tous nos services sont totalement gratuits pour les acqu\u00e9reurs potentiels de monte escalier. N&rsquo;h\u00e9sitez pas \u00e0 remplir un formulaire, c&rsquo;est \u00e9galement sans engagement.<\/div>\n<\/div>\n<div class=\"titre_liens\">Liens utiles vers nos offres monte escalier dans les communes alentour<\/div>\n<div class=\"boite_liens\"><a href=\"https:\/\/www.monteescalier.net\/france\/monte-escalier-saint-cyr-l-ecole\">Monte escalier Saint-Cyr-l&rsquo;\u00c9cole<\/a><br \/>\n<a href=\"https:\/\/www.monteescalier.net\/france\/monte-escalier-les-clayes-sous-bois\">Monte escalier Clayes-sous-Bois<\/a><br \/>\n<a href=\"https:\/\/www.monteescalier.net\/france\/monte-escalier-marly-le-roi\">Monte escalier Marly-le-Roi<\/a><br \/>\n<a href=\"https:\/\/www.monteescalier.net\/france\/monte-escalier-le-pecq\">Monte escalier Pecq<\/a><br \/>\n<a href=\"https:\/\/www.monteescalier.net\/france\/monte-escalier-le-vesinet\">Monte escalier V\u00e9sinet<\/a><\/div>\n","protected":false},"excerpt":{"rendered":"<p>Un monte escalier \u00e0 Maurepas Vous d\u00e9sirez poser un monte escalier \u00e0 Maurepas, rien de plus simple gr\u00e2ce \u00e0 monteescalier.net vous allez pouvoir faire jouer la concurrence. Qui sommes nous ? Nous sommes des interm\u00e9diaires entre vous et les soci\u00e9t\u00e9s vendeuses de monte escalier, mais attention ! Contrairement \u00e0 beaucoup d&rsquo;autres interm\u00e9diaires, nous ne vous [&hellip;]<\/p>\n","protected":false},"author":1,"featured_media":0,"parent":0,"menu_order":0,"comment_status":"closed","ping_status":"open","template":"template_ville_7.php","meta":{"_monsterinsights_skip_tracking":false,"_monsterinsights_sitenote_active":false,"_monsterinsights_sitenote_note":"","_monsterinsights_sitenote_category":0,"footnotes":""},"class_list":["post-1358","page","type-page","status-publish","hentry"],"yoast_head":"<!-- This site is optimized with the Yoast SEO plugin v26.3 - https:\/\/yoast.com\/wordpress\/plugins\/seo\/ -->\n<title>Monte escalier Maurepas - Monte escalier<\/title>\n<meta name=\"robots\" content=\"index, follow, max-snippet:-1, max-image-preview:large, max-video-preview:-1\" \/>\n<link rel=\"canonical\" href=\"https:\/\/www.monteescalier.net\/france\/monte-escalier-maurepas\/\" \/>\n<meta property=\"og:locale\" content=\"fr_FR\" \/>\n<meta property=\"og:type\" content=\"article\" \/>\n<meta property=\"og:title\" content=\"Monte escalier Maurepas - Monte escalier\" \/>\n<meta property=\"og:description\" content=\"Un monte escalier \u00e0 Maurepas Vous d\u00e9sirez poser un monte escalier \u00e0 Maurepas, rien de plus simple gr\u00e2ce \u00e0 monteescalier.net vous allez pouvoir faire jouer la concurrence. Qui sommes nous ? Nous sommes des interm\u00e9diaires entre vous et les soci\u00e9t\u00e9s vendeuses de monte escalier, mais attention ! Contrairement \u00e0 beaucoup d&rsquo;autres interm\u00e9diaires, nous ne vous [&hellip;]\" \/>\n<meta property=\"og:url\" content=\"https:\/\/www.monteescalier.net\/france\/monte-escalier-maurepas\/\" \/>\n<meta property=\"og:site_name\" content=\"Monte escalier\" \/>\n<meta property=\"article:modified_time\" content=\"2020-01-16T13:43:45+00:00\" \/>\n<meta name=\"twitter:card\" content=\"summary_large_image\" \/>\n<meta name=\"twitter:label1\" content=\"Dur\u00e9e de lecture estim\u00e9e\" \/>\n\t<meta name=\"twitter:data1\" content=\"2 minutes\" \/>\n<script type=\"application\/ld+json\" class=\"yoast-schema-graph\">{\"@context\":\"https:\/\/schema.org\",\"@graph\":[{\"@type\":\"WebPage\",\"@id\":\"https:\/\/www.monteescalier.net\/france\/monte-escalier-maurepas\/\",\"url\":\"https:\/\/www.monteescalier.net\/france\/monte-escalier-maurepas\/\",\"name\":\"Monte escalier Maurepas - Monte escalier\",\"isPartOf\":{\"@id\":\"https:\/\/www.monteescalier.net\/france\/#website\"},\"datePublished\":\"2019-03-26T09:47:16+00:00\",\"dateModified\":\"2020-01-16T13:43:45+00:00\",\"breadcrumb\":{\"@id\":\"https:\/\/www.monteescalier.net\/france\/monte-escalier-maurepas\/#breadcrumb\"},\"inLanguage\":\"fr-FR\",\"potentialAction\":[{\"@type\":\"ReadAction\",\"target\":[\"https:\/\/www.monteescalier.net\/france\/monte-escalier-maurepas\/\"]}]},{\"@type\":\"BreadcrumbList\",\"@id\":\"https:\/\/www.monteescalier.net\/france\/monte-escalier-maurepas\/#breadcrumb\",\"itemListElement\":[{\"@type\":\"ListItem\",\"position\":1,\"name\":\"Accueil\",\"item\":\"https:\/\/www.monteescalier.net\/france\/\"},{\"@type\":\"ListItem\",\"position\":2,\"name\":\"Monte escalier Maurepas\"}]},{\"@type\":\"WebSite\",\"@id\":\"https:\/\/www.monteescalier.net\/france\/#website\",\"url\":\"https:\/\/www.monteescalier.net\/france\/\",\"name\":\"Monte escalier\",\"description\":\"\",\"publisher\":{\"@id\":\"https:\/\/www.monteescalier.net\/france\/#organization\"},\"potentialAction\":[{\"@type\":\"SearchAction\",\"target\":{\"@type\":\"EntryPoint\",\"urlTemplate\":\"https:\/\/www.monteescalier.net\/france\/?s={search_term_string}\"},\"query-input\":{\"@type\":\"PropertyValueSpecification\",\"valueRequired\":true,\"valueName\":\"search_term_string\"}}],\"inLanguage\":\"fr-FR\"},{\"@type\":\"Organization\",\"@id\":\"https:\/\/www.monteescalier.net\/france\/#organization\",\"name\":\"monte-escalier.net\",\"url\":\"https:\/\/www.monteescalier.net\/france\/\",\"logo\":{\"@type\":\"ImageObject\",\"inLanguage\":\"fr-FR\",\"@id\":\"https:\/\/www.monteescalier.net\/france\/#\/schema\/logo\/image\/\",\"url\":\"https:\/\/www.monteescalier.net\/france\/wp-content\/uploads\/2016\/10\/4devis-mont-escalier-500-500.gif\",\"contentUrl\":\"https:\/\/www.monteescalier.net\/france\/wp-content\/uploads\/2016\/10\/4devis-mont-escalier-500-500.gif\",\"width\":500,\"height\":500,\"caption\":\"monte-escalier.net\"},\"image\":{\"@id\":\"https:\/\/www.monteescalier.net\/france\/#\/schema\/logo\/image\/\"}}]}<\/script>\n<!-- \/ Yoast SEO plugin. -->","yoast_head_json":{"title":"Monte escalier Maurepas - Monte escalier","robots":{"index":"index","follow":"follow","max-snippet":"max-snippet:-1","max-image-preview":"max-image-preview:large","max-video-preview":"max-video-preview:-1"},"canonical":"https:\/\/www.monteescalier.net\/france\/monte-escalier-maurepas\/","og_locale":"fr_FR","og_type":"article","og_title":"Monte escalier Maurepas - Monte escalier","og_description":"Un monte escalier \u00e0 Maurepas Vous d\u00e9sirez poser un monte escalier \u00e0 Maurepas, rien de plus simple gr\u00e2ce \u00e0 monteescalier.net vous allez pouvoir faire jouer la concurrence. Qui sommes nous ? Nous sommes des interm\u00e9diaires entre vous et les soci\u00e9t\u00e9s vendeuses de monte escalier, mais attention ! Contrairement \u00e0 beaucoup d&rsquo;autres interm\u00e9diaires, nous ne vous [&hellip;]","og_url":"https:\/\/www.monteescalier.net\/france\/monte-escalier-maurepas\/","og_site_name":"Monte escalier","article_modified_time":"2020-01-16T13:43:45+00:00","twitter_card":"summary_large_image","twitter_misc":{"Dur\u00e9e de lecture estim\u00e9e":"2 minutes"},"schema":{"@context":"https:\/\/schema.org","@graph":[{"@type":"WebPage","@id":"https:\/\/www.monteescalier.net\/france\/monte-escalier-maurepas\/","url":"https:\/\/www.monteescalier.net\/france\/monte-escalier-maurepas\/","name":"Monte escalier Maurepas - Monte escalier","isPartOf":{"@id":"https:\/\/www.monteescalier.net\/france\/#website"},"datePublished":"2019-03-26T09:47:16+00:00","dateModified":"2020-01-16T13:43:45+00:00","breadcrumb":{"@id":"https:\/\/www.monteescalier.net\/france\/monte-escalier-maurepas\/#breadcrumb"},"inLanguage":"fr-FR","potentialAction":[{"@type":"ReadAction","target":["https:\/\/www.monteescalier.net\/france\/monte-escalier-maurepas\/"]}]},{"@type":"BreadcrumbList","@id":"https:\/\/www.monteescalier.net\/france\/monte-escalier-maurepas\/#breadcrumb","itemListElement":[{"@type":"ListItem","position":1,"name":"Accueil","item":"https:\/\/www.monteescalier.net\/france\/"},{"@type":"ListItem","position":2,"name":"Monte escalier Maurepas"}]},{"@type":"WebSite","@id":"https:\/\/www.monteescalier.net\/france\/#website","url":"https:\/\/www.monteescalier.net\/france\/","name":"Monte escalier","description":"","publisher":{"@id":"https:\/\/www.monteescalier.net\/france\/#organization"},"potentialAction":[{"@type":"SearchAction","target":{"@type":"EntryPoint","urlTemplate":"https:\/\/www.monteescalier.net\/france\/?s={search_term_string}"},"query-input":{"@type":"PropertyValueSpecification","valueRequired":true,"valueName":"search_term_string"}}],"inLanguage":"fr-FR"},{"@type":"Organization","@id":"https:\/\/www.monteescalier.net\/france\/#organization","name":"monte-escalier.net","url":"https:\/\/www.monteescalier.net\/france\/","logo":{"@type":"ImageObject","inLanguage":"fr-FR","@id":"https:\/\/www.monteescalier.net\/france\/#\/schema\/logo\/image\/","url":"https:\/\/www.monteescalier.net\/france\/wp-content\/uploads\/2016\/10\/4devis-mont-escalier-500-500.gif","contentUrl":"https:\/\/www.monteescalier.net\/france\/wp-content\/uploads\/2016\/10\/4devis-mont-escalier-500-500.gif","width":500,"height":500,"caption":"monte-escalier.net"},"image":{"@id":"https:\/\/www.monteescalier.net\/france\/#\/schema\/logo\/image\/"}}]}},"_links":{"self":[{"href":"https:\/\/www.monteescalier.net\/france\/wp-json\/wp\/v2\/pages\/1358","targetHints":{"allow":["GET"]}}],"collection":[{"href":"https:\/\/www.monteescalier.net\/france\/wp-json\/wp\/v2\/pages"}],"about":[{"href":"https:\/\/www.monteescalier.net\/france\/wp-json\/wp\/v2\/types\/page"}],"author":[{"embeddable":true,"href":"https:\/\/www.monteescalier.net\/france\/wp-json\/wp\/v2\/users\/1"}],"replies":[{"embeddable":true,"href":"https:\/\/www.monteescalier.net\/france\/wp-json\/wp\/v2\/comments?post=1358"}],"version-history":[{"count":1,"href":"https:\/\/www.monteescalier.net\/france\/wp-json\/wp\/v2\/pages\/1358\/revisions"}],"predecessor-version":[{"id":8503,"href":"https:\/\/www.monteescalier.net\/france\/wp-json\/wp\/v2\/pages\/1358\/revisions\/8503"}],"wp:attachment":[{"href":"https:\/\/www.monteescalier.net\/france\/wp-json\/wp\/v2\/media?parent=1358"}],"curies":[{"name":"wp","href":"https:\/\/api.w.org\/{rel}","templated":true}]}}