{"id":1478,"date":"2019-02-26T10:47:18","date_gmt":"2019-02-26T09:47:18","guid":{"rendered":"https:\/\/www.monteescalier.net\/france\/?page_id=1478"},"modified":"2020-01-17T10:43:09","modified_gmt":"2020-01-17T09:43:09","slug":"monte-escalier-bry-sur-marne","status":"publish","type":"page","link":"https:\/\/www.monteescalier.net\/france\/monte-escalier-bry-sur-marne\/","title":{"rendered":"Monte escalier Bry-sur-Marne"},"content":{"rendered":"<h1>Ou trouver son monte escalier \u00e0 Bry-sur-Marne<\/h1>\n<div class=\"boite_texte\">\n<div style=\"text-align: justify; margin-bottom: 10px;\">Il vous faut poser dans votre villa ou votre duplex un monte escalier \u00e0 Bry-sur-Marne, probl\u00e8me vous ne savez pas \u00e0 qui vous adresser. Monteescalier.net va vous donner tous les outils pour faire votre choix.<\/div>\n<div style=\"text-align: justify; margin-bottom: 10px;\">Monteescalier.net est un portail mettant en rapport les candidats \u00e0 l&rsquo;achat de monte escalier et les vendeurs de monte escalier. Passer par notre site est ainsi l&rsquo;assurance de pouvoir \u00eatre mis en relation avec les principaux vendeurs de monte escalier de Bry-sur-Marne.<\/div>\n<div style=\"text-align: justify; margin-bottom: 10px;\">Vous voulez recevoir plusieurs devis de monte escalier pour votre r\u00e9sidence \u00e0 Bry-sur-Marne, vous n&rsquo;avez qu&rsquo;une demande \u00e0 faire sur ce site et vous en recevrez tr\u00e8s rapidement entre 3 et 5 devis diff\u00e9rents. Nous contactons pour vous les professionnels de Bry-sur-Marne, et devinez quoi ? Pour vous c&rsquo;est gratuit !<\/div>\n<div style=\"text-align: justify; margin-bottom: 10px;\">Vous avez des questions sur l&rsquo;installation d&rsquo;un monte escalier, sur le co\u00fbt des monte escalier, sur les diff\u00e9rents mod\u00e8les, utilisez notre formulaire de demande de rappel et les professionnels du monte escalier vous rappelleront rapidement.<\/div>\n<div style=\"text-align: justify; margin-bottom: 10px;\">Utilisez notre site monteescalier.net pour obtenir de la documentation gr\u00e2ce \u00e0 notre formulaire de demande de documentation et nos partenaires, professionnels du monte escalier, qu&rsquo;ils soient fabricants, installateurs, ou revendeurs, vous feront parvenir des informations par mail ou par courrier sous forme de brochures d\u00e9crivant les mod\u00e8les disponibles avec leur caract\u00e9ristiques techniques d\u00e9taill\u00e9es.<\/div>\n<div style=\"text-align: justify; margin-bottom: 10px;\">Souvenez vous que tous nos services sont totalement gratuits pour les acqu\u00e9reurs potentiels de monte escalier. N&rsquo;h\u00e9sitez pas \u00e0 remplir un formulaire, c&rsquo;est \u00e9galement sans engagement.<\/div>\n<\/div>\n<div class=\"titre_liens\">Nos autres offres de monte escalier dans votre secteur<\/div>\n<div class=\"boite_liens\"><a href=\"https:\/\/www.monteescalier.net\/france\/monte-escalier-saint-maurice\">Monte escalier Saint-Maurice<\/a><br \/>\n<a href=\"https:\/\/www.monteescalier.net\/france\/monte-escalier-valenton\">Monte escalier Valenton<\/a><br \/>\n<a href=\"https:\/\/www.monteescalier.net\/france\/monte-escalier-la-queue-en-brie\">Monte escalier Queue-en-Brie<\/a><br \/>\n<a href=\"https:\/\/www.monteescalier.net\/france\/monte-escalier-ormesson-sur-marne\">Monte escalier Ormesson-sur-Marne<\/a><br \/>\n<a href=\"https:\/\/www.monteescalier.net\/france\/monte-escalier-villecresnes\">Monte escalier Villecresnes<\/a><\/div>\n","protected":false},"excerpt":{"rendered":"<p>Ou trouver son monte escalier \u00e0 Bry-sur-Marne Il vous faut poser dans votre villa ou votre duplex un monte escalier \u00e0 Bry-sur-Marne, probl\u00e8me vous ne savez pas \u00e0 qui vous adresser. Monteescalier.net va vous donner tous les outils pour faire votre choix. Monteescalier.net est un portail mettant en rapport les candidats \u00e0 l&rsquo;achat de monte [&hellip;]<\/p>\n","protected":false},"author":1,"featured_media":0,"parent":0,"menu_order":0,"comment_status":"closed","ping_status":"open","template":"","meta":{"_monsterinsights_skip_tracking":false,"_monsterinsights_sitenote_active":false,"_monsterinsights_sitenote_note":"","_monsterinsights_sitenote_category":0,"footnotes":""},"class_list":["post-1478","page","type-page","status-publish","hentry"],"yoast_head":"<!-- This site is optimized with the Yoast SEO plugin v26.3 - https:\/\/yoast.com\/wordpress\/plugins\/seo\/ -->\n<title>Monte escalier Bry-sur-Marne - Monte escalier<\/title>\n<meta name=\"robots\" content=\"index, follow, max-snippet:-1, max-image-preview:large, max-video-preview:-1\" \/>\n<link rel=\"canonical\" href=\"https:\/\/www.monteescalier.net\/france\/monte-escalier-bry-sur-marne\/\" \/>\n<meta property=\"og:locale\" content=\"fr_FR\" \/>\n<meta property=\"og:type\" content=\"article\" \/>\n<meta property=\"og:title\" content=\"Monte escalier Bry-sur-Marne - Monte escalier\" \/>\n<meta property=\"og:description\" content=\"Ou trouver son monte escalier \u00e0 Bry-sur-Marne Il vous faut poser dans votre villa ou votre duplex un monte escalier \u00e0 Bry-sur-Marne, probl\u00e8me vous ne savez pas \u00e0 qui vous adresser. Monteescalier.net va vous donner tous les outils pour faire votre choix. Monteescalier.net est un portail mettant en rapport les candidats \u00e0 l&rsquo;achat de monte [&hellip;]\" \/>\n<meta property=\"og:url\" content=\"https:\/\/www.monteescalier.net\/france\/monte-escalier-bry-sur-marne\/\" \/>\n<meta property=\"og:site_name\" content=\"Monte escalier\" \/>\n<meta property=\"article:modified_time\" content=\"2020-01-17T09:43:09+00:00\" \/>\n<meta name=\"twitter:card\" content=\"summary_large_image\" \/>\n<meta name=\"twitter:label1\" content=\"Dur\u00e9e de lecture estim\u00e9e\" \/>\n\t<meta name=\"twitter:data1\" content=\"1 minute\" \/>\n<script type=\"application\/ld+json\" class=\"yoast-schema-graph\">{\"@context\":\"https:\/\/schema.org\",\"@graph\":[{\"@type\":\"WebPage\",\"@id\":\"https:\/\/www.monteescalier.net\/france\/monte-escalier-bry-sur-marne\/\",\"url\":\"https:\/\/www.monteescalier.net\/france\/monte-escalier-bry-sur-marne\/\",\"name\":\"Monte escalier Bry-sur-Marne - Monte escalier\",\"isPartOf\":{\"@id\":\"https:\/\/www.monteescalier.net\/france\/#website\"},\"datePublished\":\"2019-02-26T09:47:18+00:00\",\"dateModified\":\"2020-01-17T09:43:09+00:00\",\"breadcrumb\":{\"@id\":\"https:\/\/www.monteescalier.net\/france\/monte-escalier-bry-sur-marne\/#breadcrumb\"},\"inLanguage\":\"fr-FR\",\"potentialAction\":[{\"@type\":\"ReadAction\",\"target\":[\"https:\/\/www.monteescalier.net\/france\/monte-escalier-bry-sur-marne\/\"]}]},{\"@type\":\"BreadcrumbList\",\"@id\":\"https:\/\/www.monteescalier.net\/france\/monte-escalier-bry-sur-marne\/#breadcrumb\",\"itemListElement\":[{\"@type\":\"ListItem\",\"position\":1,\"name\":\"Accueil\",\"item\":\"https:\/\/www.monteescalier.net\/france\/\"},{\"@type\":\"ListItem\",\"position\":2,\"name\":\"Monte escalier Bry-sur-Marne\"}]},{\"@type\":\"WebSite\",\"@id\":\"https:\/\/www.monteescalier.net\/france\/#website\",\"url\":\"https:\/\/www.monteescalier.net\/france\/\",\"name\":\"Monte escalier\",\"description\":\"\",\"publisher\":{\"@id\":\"https:\/\/www.monteescalier.net\/france\/#organization\"},\"potentialAction\":[{\"@type\":\"SearchAction\",\"target\":{\"@type\":\"EntryPoint\",\"urlTemplate\":\"https:\/\/www.monteescalier.net\/france\/?s={search_term_string}\"},\"query-input\":{\"@type\":\"PropertyValueSpecification\",\"valueRequired\":true,\"valueName\":\"search_term_string\"}}],\"inLanguage\":\"fr-FR\"},{\"@type\":\"Organization\",\"@id\":\"https:\/\/www.monteescalier.net\/france\/#organization\",\"name\":\"monte-escalier.net\",\"url\":\"https:\/\/www.monteescalier.net\/france\/\",\"logo\":{\"@type\":\"ImageObject\",\"inLanguage\":\"fr-FR\",\"@id\":\"https:\/\/www.monteescalier.net\/france\/#\/schema\/logo\/image\/\",\"url\":\"https:\/\/www.monteescalier.net\/france\/wp-content\/uploads\/2016\/10\/4devis-mont-escalier-500-500.gif\",\"contentUrl\":\"https:\/\/www.monteescalier.net\/france\/wp-content\/uploads\/2016\/10\/4devis-mont-escalier-500-500.gif\",\"width\":500,\"height\":500,\"caption\":\"monte-escalier.net\"},\"image\":{\"@id\":\"https:\/\/www.monteescalier.net\/france\/#\/schema\/logo\/image\/\"}}]}<\/script>\n<!-- \/ Yoast SEO plugin. -->","yoast_head_json":{"title":"Monte escalier Bry-sur-Marne - Monte escalier","robots":{"index":"index","follow":"follow","max-snippet":"max-snippet:-1","max-image-preview":"max-image-preview:large","max-video-preview":"max-video-preview:-1"},"canonical":"https:\/\/www.monteescalier.net\/france\/monte-escalier-bry-sur-marne\/","og_locale":"fr_FR","og_type":"article","og_title":"Monte escalier Bry-sur-Marne - Monte escalier","og_description":"Ou trouver son monte escalier \u00e0 Bry-sur-Marne Il vous faut poser dans votre villa ou votre duplex un monte escalier \u00e0 Bry-sur-Marne, probl\u00e8me vous ne savez pas \u00e0 qui vous adresser. Monteescalier.net va vous donner tous les outils pour faire votre choix. Monteescalier.net est un portail mettant en rapport les candidats \u00e0 l&rsquo;achat de monte [&hellip;]","og_url":"https:\/\/www.monteescalier.net\/france\/monte-escalier-bry-sur-marne\/","og_site_name":"Monte escalier","article_modified_time":"2020-01-17T09:43:09+00:00","twitter_card":"summary_large_image","twitter_misc":{"Dur\u00e9e de lecture estim\u00e9e":"1 minute"},"schema":{"@context":"https:\/\/schema.org","@graph":[{"@type":"WebPage","@id":"https:\/\/www.monteescalier.net\/france\/monte-escalier-bry-sur-marne\/","url":"https:\/\/www.monteescalier.net\/france\/monte-escalier-bry-sur-marne\/","name":"Monte escalier Bry-sur-Marne - Monte escalier","isPartOf":{"@id":"https:\/\/www.monteescalier.net\/france\/#website"},"datePublished":"2019-02-26T09:47:18+00:00","dateModified":"2020-01-17T09:43:09+00:00","breadcrumb":{"@id":"https:\/\/www.monteescalier.net\/france\/monte-escalier-bry-sur-marne\/#breadcrumb"},"inLanguage":"fr-FR","potentialAction":[{"@type":"ReadAction","target":["https:\/\/www.monteescalier.net\/france\/monte-escalier-bry-sur-marne\/"]}]},{"@type":"BreadcrumbList","@id":"https:\/\/www.monteescalier.net\/france\/monte-escalier-bry-sur-marne\/#breadcrumb","itemListElement":[{"@type":"ListItem","position":1,"name":"Accueil","item":"https:\/\/www.monteescalier.net\/france\/"},{"@type":"ListItem","position":2,"name":"Monte escalier Bry-sur-Marne"}]},{"@type":"WebSite","@id":"https:\/\/www.monteescalier.net\/france\/#website","url":"https:\/\/www.monteescalier.net\/france\/","name":"Monte escalier","description":"","publisher":{"@id":"https:\/\/www.monteescalier.net\/france\/#organization"},"potentialAction":[{"@type":"SearchAction","target":{"@type":"EntryPoint","urlTemplate":"https:\/\/www.monteescalier.net\/france\/?s={search_term_string}"},"query-input":{"@type":"PropertyValueSpecification","valueRequired":true,"valueName":"search_term_string"}}],"inLanguage":"fr-FR"},{"@type":"Organization","@id":"https:\/\/www.monteescalier.net\/france\/#organization","name":"monte-escalier.net","url":"https:\/\/www.monteescalier.net\/france\/","logo":{"@type":"ImageObject","inLanguage":"fr-FR","@id":"https:\/\/www.monteescalier.net\/france\/#\/schema\/logo\/image\/","url":"https:\/\/www.monteescalier.net\/france\/wp-content\/uploads\/2016\/10\/4devis-mont-escalier-500-500.gif","contentUrl":"https:\/\/www.monteescalier.net\/france\/wp-content\/uploads\/2016\/10\/4devis-mont-escalier-500-500.gif","width":500,"height":500,"caption":"monte-escalier.net"},"image":{"@id":"https:\/\/www.monteescalier.net\/france\/#\/schema\/logo\/image\/"}}]}},"_links":{"self":[{"href":"https:\/\/www.monteescalier.net\/france\/wp-json\/wp\/v2\/pages\/1478","targetHints":{"allow":["GET"]}}],"collection":[{"href":"https:\/\/www.monteescalier.net\/france\/wp-json\/wp\/v2\/pages"}],"about":[{"href":"https:\/\/www.monteescalier.net\/france\/wp-json\/wp\/v2\/types\/page"}],"author":[{"embeddable":true,"href":"https:\/\/www.monteescalier.net\/france\/wp-json\/wp\/v2\/users\/1"}],"replies":[{"embeddable":true,"href":"https:\/\/www.monteescalier.net\/france\/wp-json\/wp\/v2\/comments?post=1478"}],"version-history":[{"count":1,"href":"https:\/\/www.monteescalier.net\/france\/wp-json\/wp\/v2\/pages\/1478\/revisions"}],"predecessor-version":[{"id":8635,"href":"https:\/\/www.monteescalier.net\/france\/wp-json\/wp\/v2\/pages\/1478\/revisions\/8635"}],"wp:attachment":[{"href":"https:\/\/www.monteescalier.net\/france\/wp-json\/wp\/v2\/media?parent=1478"}],"curies":[{"name":"wp","href":"https:\/\/api.w.org\/{rel}","templated":true}]}}