{"id":1491,"date":"2013-09-26T10:47:18","date_gmt":"2013-09-26T10:47:18","guid":{"rendered":"https:\/\/www.monteescalier.net\/france\/?page_id=1491"},"modified":"2017-08-31T00:00:00","modified_gmt":"2017-08-31T00:00:00","slug":"monte-escalier-montbrison","status":"publish","type":"page","link":"https:\/\/www.monteescalier.net\/france\/monte-escalier-montbrison\/","title":{"rendered":"Monte escalier Montbrison"},"content":{"rendered":"<h1>Des Informations sur les monte escalier \u00e0 Montbrison<\/h1>\n<div class=\"boite_texte\">\n<div style=\"text-align:justify; margin-bottom:10px\">Vous avez un objectif : faire installer un monte escalier \u00e0 Montbrison dans votre maison, mais vous ne connaissez pas les prestataires locaux, et vous ne savez pas non plus si vous pouvez faire appel \u00e0 un installateur sur le plan national. Monteescalier.net va vous donner tous les conseils qui vous permettront d&rsquo;affiner votre s\u00e9lection.<\/div>\n<div style=\"text-align:justify; margin-bottom:10px\">Monteescalier.net est un portail permettant de mettre en relation les possibles acheteurs de monte escalier et les vendeurs de monte escalier. Passer par notre site est donc l&rsquo;assurance de pouvoir \u00eatre mis en relation avec les principaux vendeurs de monte escalier de Montbrison.<\/div>\n<div style=\"text-align:justify; margin-bottom:10px\">Le premier service que nous vous proposons gratuitement est la demande de devis gratuit. Et ce n&rsquo;est pas un devis que vous recevrez en remplissant un formulaire sur notre site mais 4 ou 5 propositions fermes \u00e9manant de professionnels du monte escalier de Montbrison.<\/div>\n<div style=\"text-align:justify; margin-bottom:10px\">Votre d\u00e9cision d&rsquo;achat n&rsquo;est pas prise, vous pr\u00e9f\u00e9rez dialoguer au pr\u00e9alable avec les professionnels du monte escalier dans la Loire. Une seule demande de rappel sur notre site et ils vous rappelleront gratuitement pour r\u00e9pondre \u00e0 toutes vos questions.<\/div>\n<div style=\"text-align:justify; margin-bottom:10px\">Compulser de la documentation sur les monte escalier directement depuis chez vous sans vous d\u00e9placer c&rsquo;est possible et m\u00eame gratuit. Remplissez simplement un formulaire de demande de documentation et vous recevrez par la poste ou par email, toutes les documentations sur les types de produits commercialis\u00e9s par nos partenaires vendeurs de monte escalier.<\/div>\n<div style=\"text-align:justify; margin-bottom:10px\">Centralisez vos demandes sur les monte escalier gr\u00e2ce \u00e0 notre site enti\u00e8rement gratuit : un formulaire rempli = des contacts multiples avec les prestataires revendeurs de monte escalier \u00e0 Montbrison et sa p\u00e9riph\u00e9rie. Si toutefois, les prestataires que nous avons pr\u00e9sent\u00e9s ne vous font pas de proposition int\u00e9ressante, libre \u00e0 vous d&rsquo;aller voir ailleurs. Une demande sur monteescalier.net ne vous engage absolument pas.<\/div>\n<\/div>\n<div class=\"titre_liens\">Nos services monte escalier sont \u00e9galement disponibles \u00e0 :<\/div>\n<div class=\"boite_liens\"><a href=\"https:\/\/www.monteescalier.net\/france\/monte-escalier-rive-de-gier\">Monte escalier Rive-de-Gier<\/a><br \/>\n<a href=\"https:\/\/www.monteescalier.net\/france\/monte-escalier-saint-just-saint-rambert\">Monte escalier Saint-Just-Saint-Rambert<\/a><br \/>\n<a href=\"https:\/\/www.monteescalier.net\/france\/monte-escalier-le-chambon-feugerolles\">Monte escalier Chambon-Feugerolles<\/a><br \/>\n<a href=\"https:\/\/www.monteescalier.net\/france\/monte-escalier-riorges\">Monte escalier Riorges<\/a><br \/>\n<a href=\"https:\/\/www.monteescalier.net\/france\/monte-escalier-roche-la-moliere\">Monte escalier Roche-la-Moli\u00e8re<\/a>\n<\/div>\n","protected":false},"excerpt":{"rendered":"<p>Des Informations sur les monte escalier \u00e0 Montbrison Vous avez un objectif : faire installer un monte escalier \u00e0 Montbrison dans votre maison, mais vous ne connaissez pas les prestataires locaux, et vous ne savez pas non plus si vous pouvez faire appel \u00e0 un installateur sur le plan national. Monteescalier.net va vous donner tous [&hellip;]<\/p>\n","protected":false},"author":1,"featured_media":0,"parent":0,"menu_order":0,"comment_status":"closed","ping_status":"open","template":"template_ville_3.php","meta":{"_monsterinsights_skip_tracking":false,"_monsterinsights_sitenote_active":false,"_monsterinsights_sitenote_note":"","_monsterinsights_sitenote_category":0,"footnotes":""},"class_list":["post-1491","page","type-page","status-publish","hentry"],"yoast_head":"<!-- This site is optimized with the Yoast SEO plugin v26.3 - https:\/\/yoast.com\/wordpress\/plugins\/seo\/ -->\n<title>Monte escalier Montbrison - Monte escalier<\/title>\n<meta name=\"robots\" content=\"index, follow, max-snippet:-1, max-image-preview:large, max-video-preview:-1\" \/>\n<link rel=\"canonical\" href=\"https:\/\/www.monteescalier.net\/france\/monte-escalier-montbrison\/\" \/>\n<meta property=\"og:locale\" content=\"fr_FR\" \/>\n<meta property=\"og:type\" content=\"article\" \/>\n<meta property=\"og:title\" content=\"Monte escalier Montbrison - Monte escalier\" \/>\n<meta property=\"og:description\" content=\"Des Informations sur les monte escalier \u00e0 Montbrison Vous avez un objectif : faire installer un monte escalier \u00e0 Montbrison dans votre maison, mais vous ne connaissez pas les prestataires locaux, et vous ne savez pas non plus si vous pouvez faire appel \u00e0 un installateur sur le plan national. Monteescalier.net va vous donner tous [&hellip;]\" \/>\n<meta property=\"og:url\" content=\"https:\/\/www.monteescalier.net\/france\/monte-escalier-montbrison\/\" \/>\n<meta property=\"og:site_name\" content=\"Monte escalier\" \/>\n<meta property=\"article:modified_time\" content=\"2017-08-31T00:00:00+00:00\" \/>\n<meta name=\"twitter:card\" content=\"summary_large_image\" \/>\n<meta name=\"twitter:label1\" content=\"Dur\u00e9e de lecture estim\u00e9e\" \/>\n\t<meta name=\"twitter:data1\" content=\"2 minutes\" \/>\n<script type=\"application\/ld+json\" class=\"yoast-schema-graph\">{\"@context\":\"https:\/\/schema.org\",\"@graph\":[{\"@type\":\"WebPage\",\"@id\":\"https:\/\/www.monteescalier.net\/france\/monte-escalier-montbrison\/\",\"url\":\"https:\/\/www.monteescalier.net\/france\/monte-escalier-montbrison\/\",\"name\":\"Monte escalier Montbrison - Monte escalier\",\"isPartOf\":{\"@id\":\"https:\/\/www.monteescalier.net\/france\/#website\"},\"datePublished\":\"2013-09-26T10:47:18+00:00\",\"dateModified\":\"2017-08-31T00:00:00+00:00\",\"breadcrumb\":{\"@id\":\"https:\/\/www.monteescalier.net\/france\/monte-escalier-montbrison\/#breadcrumb\"},\"inLanguage\":\"fr-FR\",\"potentialAction\":[{\"@type\":\"ReadAction\",\"target\":[\"https:\/\/www.monteescalier.net\/france\/monte-escalier-montbrison\/\"]}]},{\"@type\":\"BreadcrumbList\",\"@id\":\"https:\/\/www.monteescalier.net\/france\/monte-escalier-montbrison\/#breadcrumb\",\"itemListElement\":[{\"@type\":\"ListItem\",\"position\":1,\"name\":\"Accueil\",\"item\":\"https:\/\/www.monteescalier.net\/france\/\"},{\"@type\":\"ListItem\",\"position\":2,\"name\":\"Monte escalier Montbrison\"}]},{\"@type\":\"WebSite\",\"@id\":\"https:\/\/www.monteescalier.net\/france\/#website\",\"url\":\"https:\/\/www.monteescalier.net\/france\/\",\"name\":\"Monte escalier\",\"description\":\"\",\"publisher\":{\"@id\":\"https:\/\/www.monteescalier.net\/france\/#organization\"},\"potentialAction\":[{\"@type\":\"SearchAction\",\"target\":{\"@type\":\"EntryPoint\",\"urlTemplate\":\"https:\/\/www.monteescalier.net\/france\/?s={search_term_string}\"},\"query-input\":{\"@type\":\"PropertyValueSpecification\",\"valueRequired\":true,\"valueName\":\"search_term_string\"}}],\"inLanguage\":\"fr-FR\"},{\"@type\":\"Organization\",\"@id\":\"https:\/\/www.monteescalier.net\/france\/#organization\",\"name\":\"monte-escalier.net\",\"url\":\"https:\/\/www.monteescalier.net\/france\/\",\"logo\":{\"@type\":\"ImageObject\",\"inLanguage\":\"fr-FR\",\"@id\":\"https:\/\/www.monteescalier.net\/france\/#\/schema\/logo\/image\/\",\"url\":\"https:\/\/www.monteescalier.net\/france\/wp-content\/uploads\/2016\/10\/4devis-mont-escalier-500-500.gif\",\"contentUrl\":\"https:\/\/www.monteescalier.net\/france\/wp-content\/uploads\/2016\/10\/4devis-mont-escalier-500-500.gif\",\"width\":500,\"height\":500,\"caption\":\"monte-escalier.net\"},\"image\":{\"@id\":\"https:\/\/www.monteescalier.net\/france\/#\/schema\/logo\/image\/\"}}]}<\/script>\n<!-- \/ Yoast SEO plugin. -->","yoast_head_json":{"title":"Monte escalier Montbrison - Monte escalier","robots":{"index":"index","follow":"follow","max-snippet":"max-snippet:-1","max-image-preview":"max-image-preview:large","max-video-preview":"max-video-preview:-1"},"canonical":"https:\/\/www.monteescalier.net\/france\/monte-escalier-montbrison\/","og_locale":"fr_FR","og_type":"article","og_title":"Monte escalier Montbrison - Monte escalier","og_description":"Des Informations sur les monte escalier \u00e0 Montbrison Vous avez un objectif : faire installer un monte escalier \u00e0 Montbrison dans votre maison, mais vous ne connaissez pas les prestataires locaux, et vous ne savez pas non plus si vous pouvez faire appel \u00e0 un installateur sur le plan national. Monteescalier.net va vous donner tous [&hellip;]","og_url":"https:\/\/www.monteescalier.net\/france\/monte-escalier-montbrison\/","og_site_name":"Monte escalier","article_modified_time":"2017-08-31T00:00:00+00:00","twitter_card":"summary_large_image","twitter_misc":{"Dur\u00e9e de lecture estim\u00e9e":"2 minutes"},"schema":{"@context":"https:\/\/schema.org","@graph":[{"@type":"WebPage","@id":"https:\/\/www.monteescalier.net\/france\/monte-escalier-montbrison\/","url":"https:\/\/www.monteescalier.net\/france\/monte-escalier-montbrison\/","name":"Monte escalier Montbrison - Monte escalier","isPartOf":{"@id":"https:\/\/www.monteescalier.net\/france\/#website"},"datePublished":"2013-09-26T10:47:18+00:00","dateModified":"2017-08-31T00:00:00+00:00","breadcrumb":{"@id":"https:\/\/www.monteescalier.net\/france\/monte-escalier-montbrison\/#breadcrumb"},"inLanguage":"fr-FR","potentialAction":[{"@type":"ReadAction","target":["https:\/\/www.monteescalier.net\/france\/monte-escalier-montbrison\/"]}]},{"@type":"BreadcrumbList","@id":"https:\/\/www.monteescalier.net\/france\/monte-escalier-montbrison\/#breadcrumb","itemListElement":[{"@type":"ListItem","position":1,"name":"Accueil","item":"https:\/\/www.monteescalier.net\/france\/"},{"@type":"ListItem","position":2,"name":"Monte escalier Montbrison"}]},{"@type":"WebSite","@id":"https:\/\/www.monteescalier.net\/france\/#website","url":"https:\/\/www.monteescalier.net\/france\/","name":"Monte escalier","description":"","publisher":{"@id":"https:\/\/www.monteescalier.net\/france\/#organization"},"potentialAction":[{"@type":"SearchAction","target":{"@type":"EntryPoint","urlTemplate":"https:\/\/www.monteescalier.net\/france\/?s={search_term_string}"},"query-input":{"@type":"PropertyValueSpecification","valueRequired":true,"valueName":"search_term_string"}}],"inLanguage":"fr-FR"},{"@type":"Organization","@id":"https:\/\/www.monteescalier.net\/france\/#organization","name":"monte-escalier.net","url":"https:\/\/www.monteescalier.net\/france\/","logo":{"@type":"ImageObject","inLanguage":"fr-FR","@id":"https:\/\/www.monteescalier.net\/france\/#\/schema\/logo\/image\/","url":"https:\/\/www.monteescalier.net\/france\/wp-content\/uploads\/2016\/10\/4devis-mont-escalier-500-500.gif","contentUrl":"https:\/\/www.monteescalier.net\/france\/wp-content\/uploads\/2016\/10\/4devis-mont-escalier-500-500.gif","width":500,"height":500,"caption":"monte-escalier.net"},"image":{"@id":"https:\/\/www.monteescalier.net\/france\/#\/schema\/logo\/image\/"}}]}},"_links":{"self":[{"href":"https:\/\/www.monteescalier.net\/france\/wp-json\/wp\/v2\/pages\/1491","targetHints":{"allow":["GET"]}}],"collection":[{"href":"https:\/\/www.monteescalier.net\/france\/wp-json\/wp\/v2\/pages"}],"about":[{"href":"https:\/\/www.monteescalier.net\/france\/wp-json\/wp\/v2\/types\/page"}],"author":[{"embeddable":true,"href":"https:\/\/www.monteescalier.net\/france\/wp-json\/wp\/v2\/users\/1"}],"replies":[{"embeddable":true,"href":"https:\/\/www.monteescalier.net\/france\/wp-json\/wp\/v2\/comments?post=1491"}],"version-history":[{"count":0,"href":"https:\/\/www.monteescalier.net\/france\/wp-json\/wp\/v2\/pages\/1491\/revisions"}],"wp:attachment":[{"href":"https:\/\/www.monteescalier.net\/france\/wp-json\/wp\/v2\/media?parent=1491"}],"curies":[{"name":"wp","href":"https:\/\/api.w.org\/{rel}","templated":true}]}}