{"id":1495,"date":"2019-04-26T10:47:18","date_gmt":"2019-04-26T09:47:18","guid":{"rendered":"https:\/\/www.monteescalier.net\/france\/?page_id=1495"},"modified":"2020-01-16T15:24:27","modified_gmt":"2020-01-16T14:24:27","slug":"monte-escalier-les-herbiers","status":"publish","type":"page","link":"https:\/\/www.monteescalier.net\/france\/monte-escalier-les-herbiers\/","title":{"rendered":"Monte escalier Les Herbiers"},"content":{"rendered":"<h1>Votre Monte escalier aux Herbiers<\/h1>\n<div class=\"boite_texte\">\n<div style=\"text-align: justify; margin-bottom: 10px;\">Il vous faut installer dans votre r\u00e9sidence ou votre duplex un monte escalier sur les Herbiers, probl\u00e8me vous ne savez pas \u00e0 qui vous adresser. Monteescalier.net va vous donner tous les outils pour faire votre choix.<\/div>\n<div style=\"text-align: justify; margin-bottom: 10px;\">Monteescalier.net est un portail permettant de mettre en relation les possibles acqu\u00e9reurs de monte escalier et les vendeurs de monte escalier. Passer par notre site est en cons\u00e9quence l&rsquo;assurance de pouvoir \u00eatre mis en relation avec les principaux vendeurs de monte escalier des Herbiers.<\/div>\n<div style=\"text-align: justify; margin-bottom: 10px;\">Le premier service que nous vous proposons gratuitement est la demande de devis gratuit. Et ce n&rsquo;est pas un devis que vous recevrez en remplissant un formulaire sur notre site mais 4 ou 5 propositions fermes \u00e9manant de professionnels du monte escalier des Herbiers.<\/div>\n<div style=\"text-align: justify; margin-bottom: 10px;\">L&rsquo;installation d&rsquo;un monte escalier est une op\u00e9ration tr\u00e8s technique qui n\u00e9cessite une pr\u00e9paration minutieuse et ainsi garantir votre s\u00e9curit\u00e9 sur le fauteuil monte escalier. Il est donc normal que vous vous posiez des questions sur cette installation. Pour lever vos interrogations, nous vous proposons de remplir une demande de rappel afin que nos partenaires experts puissent vous rappeler et vous donner par t\u00e9l\u00e9phone leurs avis respectifs sur la mise en place de votre monte escalier.<\/div>\n<div style=\"text-align: justify; margin-bottom: 10px;\">Consulter des brochures de pr\u00e9sentation produits peut vous aider \u00e0 faire un tri parmi les mod\u00e8les de monte escalier. Nos partenaires peuvent mettre \u00e0 votre disposition des brochures papier ou \u00e9lectroniques. Le formulaire de demande de documentation sur ce site vous permettra d&rsquo;acc\u00e9der gratuitement \u00e0 ce service.<\/div>\n<div style=\"text-align: justify; margin-bottom: 10px;\">Avec notre site, pas de co\u00fbt et pas d&rsquo;engagements ! que vous signiez un contrat ou non avec un de nos partenaires, nous ne vous facturerons rien pour notre service de mise en relation. Si vous trouvez votre prestataire gr\u00e2ce \u00e0 nous tant mieux pour vous, alors testez nous !<\/div>\n<\/div>\n<div class=\"titre_liens\">Pas tr\u00e8s loin de chez vous en Vend\u00e9e, nos services sont \u00e9galement disponibles ici :<\/div>\n<div class=\"boite_liens\"><a href=\"https:\/\/www.monteescalier.net\/france\/monte-escalier-fontenay-le-comte\">Monte escalier Fontenay-le-Comte<\/a><br \/>\n<a href=\"https:\/\/www.monteescalier.net\/france\/monte-escalier-la-roche-sur-yon\/\">Monte escalier La Roche sur Yon<\/a><br \/>\n<a href=\"https:\/\/www.monteescalier.net\/france\/monte-escalier-chateau-d-olonne\">Monte escalier Ch\u00e2teau-d&rsquo;Olonne<\/a><br \/>\n<a href=\"https:\/\/www.monteescalier.net\/france\/monte-escalier-olonne-sur-mer\">Monte escalier Olonne-sur-Mer<\/a><br \/>\n<a href=\"https:\/\/www.monteescalier.net\/france\/monte-escalier-saint-hilaire-de-riez\">Monte escalier Saint-Hilaire-de-Riez<\/a><br \/>\n<a href=\"https:\/\/www.monteescalier.net\/france\/monte-escalier-lucon\">Monte escalier Lu\u00e7on<\/a><\/div>\n","protected":false},"excerpt":{"rendered":"<p>Votre Monte escalier aux Herbiers Il vous faut installer dans votre r\u00e9sidence ou votre duplex un monte escalier sur les Herbiers, probl\u00e8me vous ne savez pas \u00e0 qui vous adresser. Monteescalier.net va vous donner tous les outils pour faire votre choix. Monteescalier.net est un portail permettant de mettre en relation les possibles acqu\u00e9reurs de monte [&hellip;]<\/p>\n","protected":false},"author":1,"featured_media":0,"parent":0,"menu_order":0,"comment_status":"closed","ping_status":"open","template":"template_ville_13.php","meta":{"_monsterinsights_skip_tracking":false,"_monsterinsights_sitenote_active":false,"_monsterinsights_sitenote_note":"","_monsterinsights_sitenote_category":0,"footnotes":""},"class_list":["post-1495","page","type-page","status-publish","hentry"],"yoast_head":"<!-- This site is optimized with the Yoast SEO plugin v26.3 - https:\/\/yoast.com\/wordpress\/plugins\/seo\/ -->\n<title>Monte escalier Les Herbiers - Monte escalier<\/title>\n<meta name=\"robots\" content=\"index, follow, max-snippet:-1, max-image-preview:large, max-video-preview:-1\" \/>\n<link rel=\"canonical\" href=\"https:\/\/www.monteescalier.net\/france\/monte-escalier-les-herbiers\/\" \/>\n<meta property=\"og:locale\" content=\"fr_FR\" \/>\n<meta property=\"og:type\" content=\"article\" \/>\n<meta property=\"og:title\" content=\"Monte escalier Les Herbiers - Monte escalier\" \/>\n<meta property=\"og:description\" content=\"Votre Monte escalier aux Herbiers Il vous faut installer dans votre r\u00e9sidence ou votre duplex un monte escalier sur les Herbiers, probl\u00e8me vous ne savez pas \u00e0 qui vous adresser. Monteescalier.net va vous donner tous les outils pour faire votre choix. Monteescalier.net est un portail permettant de mettre en relation les possibles acqu\u00e9reurs de monte [&hellip;]\" \/>\n<meta property=\"og:url\" content=\"https:\/\/www.monteescalier.net\/france\/monte-escalier-les-herbiers\/\" \/>\n<meta property=\"og:site_name\" content=\"Monte escalier\" \/>\n<meta property=\"article:modified_time\" content=\"2020-01-16T14:24:27+00:00\" \/>\n<meta name=\"twitter:card\" content=\"summary_large_image\" \/>\n<meta name=\"twitter:label1\" content=\"Dur\u00e9e de lecture estim\u00e9e\" \/>\n\t<meta name=\"twitter:data1\" content=\"2 minutes\" \/>\n<script type=\"application\/ld+json\" class=\"yoast-schema-graph\">{\"@context\":\"https:\/\/schema.org\",\"@graph\":[{\"@type\":\"WebPage\",\"@id\":\"https:\/\/www.monteescalier.net\/france\/monte-escalier-les-herbiers\/\",\"url\":\"https:\/\/www.monteescalier.net\/france\/monte-escalier-les-herbiers\/\",\"name\":\"Monte escalier Les Herbiers - Monte escalier\",\"isPartOf\":{\"@id\":\"https:\/\/www.monteescalier.net\/france\/#website\"},\"datePublished\":\"2019-04-26T09:47:18+00:00\",\"dateModified\":\"2020-01-16T14:24:27+00:00\",\"breadcrumb\":{\"@id\":\"https:\/\/www.monteescalier.net\/france\/monte-escalier-les-herbiers\/#breadcrumb\"},\"inLanguage\":\"fr-FR\",\"potentialAction\":[{\"@type\":\"ReadAction\",\"target\":[\"https:\/\/www.monteescalier.net\/france\/monte-escalier-les-herbiers\/\"]}]},{\"@type\":\"BreadcrumbList\",\"@id\":\"https:\/\/www.monteescalier.net\/france\/monte-escalier-les-herbiers\/#breadcrumb\",\"itemListElement\":[{\"@type\":\"ListItem\",\"position\":1,\"name\":\"Accueil\",\"item\":\"https:\/\/www.monteescalier.net\/france\/\"},{\"@type\":\"ListItem\",\"position\":2,\"name\":\"Monte escalier Les Herbiers\"}]},{\"@type\":\"WebSite\",\"@id\":\"https:\/\/www.monteescalier.net\/france\/#website\",\"url\":\"https:\/\/www.monteescalier.net\/france\/\",\"name\":\"Monte escalier\",\"description\":\"\",\"publisher\":{\"@id\":\"https:\/\/www.monteescalier.net\/france\/#organization\"},\"potentialAction\":[{\"@type\":\"SearchAction\",\"target\":{\"@type\":\"EntryPoint\",\"urlTemplate\":\"https:\/\/www.monteescalier.net\/france\/?s={search_term_string}\"},\"query-input\":{\"@type\":\"PropertyValueSpecification\",\"valueRequired\":true,\"valueName\":\"search_term_string\"}}],\"inLanguage\":\"fr-FR\"},{\"@type\":\"Organization\",\"@id\":\"https:\/\/www.monteescalier.net\/france\/#organization\",\"name\":\"monte-escalier.net\",\"url\":\"https:\/\/www.monteescalier.net\/france\/\",\"logo\":{\"@type\":\"ImageObject\",\"inLanguage\":\"fr-FR\",\"@id\":\"https:\/\/www.monteescalier.net\/france\/#\/schema\/logo\/image\/\",\"url\":\"https:\/\/www.monteescalier.net\/france\/wp-content\/uploads\/2016\/10\/4devis-mont-escalier-500-500.gif\",\"contentUrl\":\"https:\/\/www.monteescalier.net\/france\/wp-content\/uploads\/2016\/10\/4devis-mont-escalier-500-500.gif\",\"width\":500,\"height\":500,\"caption\":\"monte-escalier.net\"},\"image\":{\"@id\":\"https:\/\/www.monteescalier.net\/france\/#\/schema\/logo\/image\/\"}}]}<\/script>\n<!-- \/ Yoast SEO plugin. -->","yoast_head_json":{"title":"Monte escalier Les Herbiers - Monte escalier","robots":{"index":"index","follow":"follow","max-snippet":"max-snippet:-1","max-image-preview":"max-image-preview:large","max-video-preview":"max-video-preview:-1"},"canonical":"https:\/\/www.monteescalier.net\/france\/monte-escalier-les-herbiers\/","og_locale":"fr_FR","og_type":"article","og_title":"Monte escalier Les Herbiers - Monte escalier","og_description":"Votre Monte escalier aux Herbiers Il vous faut installer dans votre r\u00e9sidence ou votre duplex un monte escalier sur les Herbiers, probl\u00e8me vous ne savez pas \u00e0 qui vous adresser. Monteescalier.net va vous donner tous les outils pour faire votre choix. Monteescalier.net est un portail permettant de mettre en relation les possibles acqu\u00e9reurs de monte [&hellip;]","og_url":"https:\/\/www.monteescalier.net\/france\/monte-escalier-les-herbiers\/","og_site_name":"Monte escalier","article_modified_time":"2020-01-16T14:24:27+00:00","twitter_card":"summary_large_image","twitter_misc":{"Dur\u00e9e de lecture estim\u00e9e":"2 minutes"},"schema":{"@context":"https:\/\/schema.org","@graph":[{"@type":"WebPage","@id":"https:\/\/www.monteescalier.net\/france\/monte-escalier-les-herbiers\/","url":"https:\/\/www.monteescalier.net\/france\/monte-escalier-les-herbiers\/","name":"Monte escalier Les Herbiers - Monte escalier","isPartOf":{"@id":"https:\/\/www.monteescalier.net\/france\/#website"},"datePublished":"2019-04-26T09:47:18+00:00","dateModified":"2020-01-16T14:24:27+00:00","breadcrumb":{"@id":"https:\/\/www.monteescalier.net\/france\/monte-escalier-les-herbiers\/#breadcrumb"},"inLanguage":"fr-FR","potentialAction":[{"@type":"ReadAction","target":["https:\/\/www.monteescalier.net\/france\/monte-escalier-les-herbiers\/"]}]},{"@type":"BreadcrumbList","@id":"https:\/\/www.monteescalier.net\/france\/monte-escalier-les-herbiers\/#breadcrumb","itemListElement":[{"@type":"ListItem","position":1,"name":"Accueil","item":"https:\/\/www.monteescalier.net\/france\/"},{"@type":"ListItem","position":2,"name":"Monte escalier Les Herbiers"}]},{"@type":"WebSite","@id":"https:\/\/www.monteescalier.net\/france\/#website","url":"https:\/\/www.monteescalier.net\/france\/","name":"Monte escalier","description":"","publisher":{"@id":"https:\/\/www.monteescalier.net\/france\/#organization"},"potentialAction":[{"@type":"SearchAction","target":{"@type":"EntryPoint","urlTemplate":"https:\/\/www.monteescalier.net\/france\/?s={search_term_string}"},"query-input":{"@type":"PropertyValueSpecification","valueRequired":true,"valueName":"search_term_string"}}],"inLanguage":"fr-FR"},{"@type":"Organization","@id":"https:\/\/www.monteescalier.net\/france\/#organization","name":"monte-escalier.net","url":"https:\/\/www.monteescalier.net\/france\/","logo":{"@type":"ImageObject","inLanguage":"fr-FR","@id":"https:\/\/www.monteescalier.net\/france\/#\/schema\/logo\/image\/","url":"https:\/\/www.monteescalier.net\/france\/wp-content\/uploads\/2016\/10\/4devis-mont-escalier-500-500.gif","contentUrl":"https:\/\/www.monteescalier.net\/france\/wp-content\/uploads\/2016\/10\/4devis-mont-escalier-500-500.gif","width":500,"height":500,"caption":"monte-escalier.net"},"image":{"@id":"https:\/\/www.monteescalier.net\/france\/#\/schema\/logo\/image\/"}}]}},"_links":{"self":[{"href":"https:\/\/www.monteescalier.net\/france\/wp-json\/wp\/v2\/pages\/1495","targetHints":{"allow":["GET"]}}],"collection":[{"href":"https:\/\/www.monteescalier.net\/france\/wp-json\/wp\/v2\/pages"}],"about":[{"href":"https:\/\/www.monteescalier.net\/france\/wp-json\/wp\/v2\/types\/page"}],"author":[{"embeddable":true,"href":"https:\/\/www.monteescalier.net\/france\/wp-json\/wp\/v2\/users\/1"}],"replies":[{"embeddable":true,"href":"https:\/\/www.monteescalier.net\/france\/wp-json\/wp\/v2\/comments?post=1495"}],"version-history":[{"count":3,"href":"https:\/\/www.monteescalier.net\/france\/wp-json\/wp\/v2\/pages\/1495\/revisions"}],"predecessor-version":[{"id":6691,"href":"https:\/\/www.monteescalier.net\/france\/wp-json\/wp\/v2\/pages\/1495\/revisions\/6691"}],"wp:attachment":[{"href":"https:\/\/www.monteescalier.net\/france\/wp-json\/wp\/v2\/media?parent=1495"}],"curies":[{"name":"wp","href":"https:\/\/api.w.org\/{rel}","templated":true}]}}