{"id":1506,"date":"2019-09-16T10:47:18","date_gmt":"2019-09-16T09:47:18","guid":{"rendered":"https:\/\/www.monteescalier.net\/france\/?page_id=1506"},"modified":"2020-01-14T16:12:35","modified_gmt":"2020-01-14T15:12:35","slug":"monte-escalier-chenove","status":"publish","type":"page","link":"https:\/\/www.monteescalier.net\/france\/monte-escalier-chenove\/","title":{"rendered":"Monte escalier Chen\u00f4ve"},"content":{"rendered":"<h1>Vous voulez faire installer un monte escalier \u00e0 Chen\u00f4ve<\/h1>\n<div class=\"boite_texte\">\n<div style=\"text-align: justify; margin-bottom: 10px;\">Il vous faut mettre en place dans votre villa ou votre duplex un monte escalier \u00e0 Chen\u00f4ve, probl\u00e8me vous ne savez pas \u00e0 qui vous adresser. Monteescalier.net va vous donner tous les outils pour faire votre choix.<\/div>\n<div style=\"text-align: justify; margin-bottom: 10px;\">Monteescalier.net est un portail mettant en contact les possibles acqu\u00e9reurs de monte escalier et les vendeurs de monte escalier. Passer par notre site est ainsi l&rsquo;assurance de pouvoir \u00eatre mis en relation avec les principaux vendeurs de monte escalier de Chen\u00f4ve.<\/div>\n<div style=\"text-align: justify; margin-bottom: 10px;\">Obtenir 4 ou 5 devis pour votre monte escalier \u00e0 Chen\u00f4ve, c&rsquo;est la premi\u00e8re prestation totalement gratuite que nous sommes en mesure de vous proposer. Pour profiter de ce service gratuit et sans obligation d&rsquo;achat, laissez nous vos coordonn\u00e9es dans notre formulaire de demande de devis et vous serez recontact\u00e9s tr\u00e8s prochainement par les professionnels du monte escalier sur Chen\u00f4ve.<\/div>\n<div style=\"text-align: justify; margin-bottom: 10px;\">Votre r\u00e9sidence peut elle accueillir un monte escalier? Votre escalier est il assez large? Vous faut il un monte escalier droit ou un monte escalier tournant? Quelle marque, quel fauteuil choisir? Pour obtenir diff\u00e9rents avis sur ces questions, utilisez notre fomulaire de rappel. Nos professionnels partenaires du monte escalier vous recontacteront tr\u00e8s vite !<\/div>\n<div style=\"text-align: justify; margin-bottom: 10px;\">Pour faire votre choix, vous pouvez aussi vouloir comparer les caract\u00e9ristiques d\u00e9taill\u00e9es des fauteuils monte escalier des diff\u00e9rentes marques disponibles \u00e0 la vente.le service que nous recommandons dans ce cas est de vous servir de notre formulaire de demande de documentation que vous trouverez sur notre site. Par courriel ou par courrier traditionnel, vous recevrez gratuitement toutes les infos n\u00e9cessaires qui vous permettront de comparer \u00e0 t\u00eate repos\u00e9e les diff\u00e9rents mod\u00e8les de monte escalier.<\/div>\n<div style=\"text-align: justify; margin-bottom: 10px;\">Pourquoi aller chercher ailleurs alors que tous nos services sont enti\u00e8rement gratuits. Nous avons fait le travail de pr\u00e9selection de votre prestataire monte escalier \u00e0 Chen\u00f4ve. Utilisez nos services ne vous co\u00fbtera rien et ne vous engagera \u00e0 rien&#8230; alors pourquoi s&rsquo;en priver ! Laissez nous vos coordonn\u00e9es et testez nos services sans engagement.<\/div>\n<\/div>\n<div class=\"titre_liens\">monteescalier.net est \u00e9galement disponible dans les villes suivantes<\/div>\n<div class=\"boite_liens\"><a href=\"https:\/\/www.monteescalier.net\/france\/monte-escalier-talant\">Monte escalier Talant<\/a><br \/>\n<a href=\"https:\/\/www.monteescalier.net\/france\/monte-escalier-chevigny-saint-sauveur\">Monte escalier Chevigny-Saint-Sauveur<\/a><br \/>\n<a href=\"https:\/\/www.monteescalier.net\/france\/monte-escalier-quetigny\">Monte escalier Quetigny<\/a><br \/>\n<a href=\"https:\/\/www.monteescalier.net\/france\/monte-escalier-longvic\">Monte escalier Longvic<\/a><br \/>\n<a href=\"https:\/\/www.monteescalier.net\/france\/monte-escalier-fontaine-les-dijon\">Monte escalier Fontaine-l\u00e8s-Dijon<\/a><\/div>\n","protected":false},"excerpt":{"rendered":"<p>Vous voulez faire installer un monte escalier \u00e0 Chen\u00f4ve Il vous faut mettre en place dans votre villa ou votre duplex un monte escalier \u00e0 Chen\u00f4ve, probl\u00e8me vous ne savez pas \u00e0 qui vous adresser. Monteescalier.net va vous donner tous les outils pour faire votre choix. Monteescalier.net est un portail mettant en contact les possibles [&hellip;]<\/p>\n","protected":false},"author":1,"featured_media":0,"parent":0,"menu_order":0,"comment_status":"closed","ping_status":"open","template":"template_ville_10.php","meta":{"_monsterinsights_skip_tracking":false,"_monsterinsights_sitenote_active":false,"_monsterinsights_sitenote_note":"","_monsterinsights_sitenote_category":0,"footnotes":""},"class_list":["post-1506","page","type-page","status-publish","hentry"],"yoast_head":"<!-- This site is optimized with the Yoast SEO plugin v26.3 - https:\/\/yoast.com\/wordpress\/plugins\/seo\/ -->\n<title>Monte escalier Chen\u00f4ve - Monte escalier<\/title>\n<meta name=\"robots\" content=\"index, follow, max-snippet:-1, max-image-preview:large, max-video-preview:-1\" \/>\n<link rel=\"canonical\" href=\"https:\/\/www.monteescalier.net\/france\/monte-escalier-chenove\/\" \/>\n<meta property=\"og:locale\" content=\"fr_FR\" \/>\n<meta property=\"og:type\" content=\"article\" \/>\n<meta property=\"og:title\" content=\"Monte escalier Chen\u00f4ve - Monte escalier\" \/>\n<meta property=\"og:description\" content=\"Vous voulez faire installer un monte escalier \u00e0 Chen\u00f4ve Il vous faut mettre en place dans votre villa ou votre duplex un monte escalier \u00e0 Chen\u00f4ve, probl\u00e8me vous ne savez pas \u00e0 qui vous adresser. Monteescalier.net va vous donner tous les outils pour faire votre choix. Monteescalier.net est un portail mettant en contact les possibles [&hellip;]\" \/>\n<meta property=\"og:url\" content=\"https:\/\/www.monteescalier.net\/france\/monte-escalier-chenove\/\" \/>\n<meta property=\"og:site_name\" content=\"Monte escalier\" \/>\n<meta property=\"article:modified_time\" content=\"2020-01-14T15:12:35+00:00\" \/>\n<meta name=\"twitter:card\" content=\"summary_large_image\" \/>\n<meta name=\"twitter:label1\" content=\"Dur\u00e9e de lecture estim\u00e9e\" \/>\n\t<meta name=\"twitter:data1\" content=\"2 minutes\" \/>\n<script type=\"application\/ld+json\" class=\"yoast-schema-graph\">{\"@context\":\"https:\/\/schema.org\",\"@graph\":[{\"@type\":\"WebPage\",\"@id\":\"https:\/\/www.monteescalier.net\/france\/monte-escalier-chenove\/\",\"url\":\"https:\/\/www.monteescalier.net\/france\/monte-escalier-chenove\/\",\"name\":\"Monte escalier Chen\u00f4ve - Monte escalier\",\"isPartOf\":{\"@id\":\"https:\/\/www.monteescalier.net\/france\/#website\"},\"datePublished\":\"2019-09-16T09:47:18+00:00\",\"dateModified\":\"2020-01-14T15:12:35+00:00\",\"breadcrumb\":{\"@id\":\"https:\/\/www.monteescalier.net\/france\/monte-escalier-chenove\/#breadcrumb\"},\"inLanguage\":\"fr-FR\",\"potentialAction\":[{\"@type\":\"ReadAction\",\"target\":[\"https:\/\/www.monteescalier.net\/france\/monte-escalier-chenove\/\"]}]},{\"@type\":\"BreadcrumbList\",\"@id\":\"https:\/\/www.monteescalier.net\/france\/monte-escalier-chenove\/#breadcrumb\",\"itemListElement\":[{\"@type\":\"ListItem\",\"position\":1,\"name\":\"Accueil\",\"item\":\"https:\/\/www.monteescalier.net\/france\/\"},{\"@type\":\"ListItem\",\"position\":2,\"name\":\"Monte escalier Chen\u00f4ve\"}]},{\"@type\":\"WebSite\",\"@id\":\"https:\/\/www.monteescalier.net\/france\/#website\",\"url\":\"https:\/\/www.monteescalier.net\/france\/\",\"name\":\"Monte escalier\",\"description\":\"\",\"publisher\":{\"@id\":\"https:\/\/www.monteescalier.net\/france\/#organization\"},\"potentialAction\":[{\"@type\":\"SearchAction\",\"target\":{\"@type\":\"EntryPoint\",\"urlTemplate\":\"https:\/\/www.monteescalier.net\/france\/?s={search_term_string}\"},\"query-input\":{\"@type\":\"PropertyValueSpecification\",\"valueRequired\":true,\"valueName\":\"search_term_string\"}}],\"inLanguage\":\"fr-FR\"},{\"@type\":\"Organization\",\"@id\":\"https:\/\/www.monteescalier.net\/france\/#organization\",\"name\":\"monte-escalier.net\",\"url\":\"https:\/\/www.monteescalier.net\/france\/\",\"logo\":{\"@type\":\"ImageObject\",\"inLanguage\":\"fr-FR\",\"@id\":\"https:\/\/www.monteescalier.net\/france\/#\/schema\/logo\/image\/\",\"url\":\"https:\/\/www.monteescalier.net\/france\/wp-content\/uploads\/2016\/10\/4devis-mont-escalier-500-500.gif\",\"contentUrl\":\"https:\/\/www.monteescalier.net\/france\/wp-content\/uploads\/2016\/10\/4devis-mont-escalier-500-500.gif\",\"width\":500,\"height\":500,\"caption\":\"monte-escalier.net\"},\"image\":{\"@id\":\"https:\/\/www.monteescalier.net\/france\/#\/schema\/logo\/image\/\"}}]}<\/script>\n<!-- \/ Yoast SEO plugin. -->","yoast_head_json":{"title":"Monte escalier Chen\u00f4ve - Monte escalier","robots":{"index":"index","follow":"follow","max-snippet":"max-snippet:-1","max-image-preview":"max-image-preview:large","max-video-preview":"max-video-preview:-1"},"canonical":"https:\/\/www.monteescalier.net\/france\/monte-escalier-chenove\/","og_locale":"fr_FR","og_type":"article","og_title":"Monte escalier Chen\u00f4ve - Monte escalier","og_description":"Vous voulez faire installer un monte escalier \u00e0 Chen\u00f4ve Il vous faut mettre en place dans votre villa ou votre duplex un monte escalier \u00e0 Chen\u00f4ve, probl\u00e8me vous ne savez pas \u00e0 qui vous adresser. Monteescalier.net va vous donner tous les outils pour faire votre choix. Monteescalier.net est un portail mettant en contact les possibles [&hellip;]","og_url":"https:\/\/www.monteescalier.net\/france\/monte-escalier-chenove\/","og_site_name":"Monte escalier","article_modified_time":"2020-01-14T15:12:35+00:00","twitter_card":"summary_large_image","twitter_misc":{"Dur\u00e9e de lecture estim\u00e9e":"2 minutes"},"schema":{"@context":"https:\/\/schema.org","@graph":[{"@type":"WebPage","@id":"https:\/\/www.monteescalier.net\/france\/monte-escalier-chenove\/","url":"https:\/\/www.monteescalier.net\/france\/monte-escalier-chenove\/","name":"Monte escalier Chen\u00f4ve - Monte escalier","isPartOf":{"@id":"https:\/\/www.monteescalier.net\/france\/#website"},"datePublished":"2019-09-16T09:47:18+00:00","dateModified":"2020-01-14T15:12:35+00:00","breadcrumb":{"@id":"https:\/\/www.monteescalier.net\/france\/monte-escalier-chenove\/#breadcrumb"},"inLanguage":"fr-FR","potentialAction":[{"@type":"ReadAction","target":["https:\/\/www.monteescalier.net\/france\/monte-escalier-chenove\/"]}]},{"@type":"BreadcrumbList","@id":"https:\/\/www.monteescalier.net\/france\/monte-escalier-chenove\/#breadcrumb","itemListElement":[{"@type":"ListItem","position":1,"name":"Accueil","item":"https:\/\/www.monteescalier.net\/france\/"},{"@type":"ListItem","position":2,"name":"Monte escalier Chen\u00f4ve"}]},{"@type":"WebSite","@id":"https:\/\/www.monteescalier.net\/france\/#website","url":"https:\/\/www.monteescalier.net\/france\/","name":"Monte escalier","description":"","publisher":{"@id":"https:\/\/www.monteescalier.net\/france\/#organization"},"potentialAction":[{"@type":"SearchAction","target":{"@type":"EntryPoint","urlTemplate":"https:\/\/www.monteescalier.net\/france\/?s={search_term_string}"},"query-input":{"@type":"PropertyValueSpecification","valueRequired":true,"valueName":"search_term_string"}}],"inLanguage":"fr-FR"},{"@type":"Organization","@id":"https:\/\/www.monteescalier.net\/france\/#organization","name":"monte-escalier.net","url":"https:\/\/www.monteescalier.net\/france\/","logo":{"@type":"ImageObject","inLanguage":"fr-FR","@id":"https:\/\/www.monteescalier.net\/france\/#\/schema\/logo\/image\/","url":"https:\/\/www.monteescalier.net\/france\/wp-content\/uploads\/2016\/10\/4devis-mont-escalier-500-500.gif","contentUrl":"https:\/\/www.monteescalier.net\/france\/wp-content\/uploads\/2016\/10\/4devis-mont-escalier-500-500.gif","width":500,"height":500,"caption":"monte-escalier.net"},"image":{"@id":"https:\/\/www.monteescalier.net\/france\/#\/schema\/logo\/image\/"}}]}},"_links":{"self":[{"href":"https:\/\/www.monteescalier.net\/france\/wp-json\/wp\/v2\/pages\/1506","targetHints":{"allow":["GET"]}}],"collection":[{"href":"https:\/\/www.monteescalier.net\/france\/wp-json\/wp\/v2\/pages"}],"about":[{"href":"https:\/\/www.monteescalier.net\/france\/wp-json\/wp\/v2\/types\/page"}],"author":[{"embeddable":true,"href":"https:\/\/www.monteescalier.net\/france\/wp-json\/wp\/v2\/users\/1"}],"replies":[{"embeddable":true,"href":"https:\/\/www.monteescalier.net\/france\/wp-json\/wp\/v2\/comments?post=1506"}],"version-history":[{"count":1,"href":"https:\/\/www.monteescalier.net\/france\/wp-json\/wp\/v2\/pages\/1506\/revisions"}],"predecessor-version":[{"id":8279,"href":"https:\/\/www.monteescalier.net\/france\/wp-json\/wp\/v2\/pages\/1506\/revisions\/8279"}],"wp:attachment":[{"href":"https:\/\/www.monteescalier.net\/france\/wp-json\/wp\/v2\/media?parent=1506"}],"curies":[{"name":"wp","href":"https:\/\/api.w.org\/{rel}","templated":true}]}}