{"id":165,"date":"2024-02-17T14:06:23","date_gmt":"2024-02-17T13:06:23","guid":{"rendered":"https:\/\/www.monteescalier.net\/monteescalier\/?page_id=165"},"modified":"2024-05-15T17:05:16","modified_gmt":"2024-05-15T16:05:16","slug":"monte-escalier-somme","status":"publish","type":"page","link":"https:\/\/www.monteescalier.net\/france\/monte-escalier-somme\/","title":{"rendered":"Monte escalier Somme, Amiens"},"content":{"rendered":"<div class='content-column one_half'><div style=\"padding-right:19px;\"><h1>les monte escalier dans la Somme<\/h1>\n<p><b>Des techniciens \u00e0 proximit\u00e9 :<\/b><br \/>\n<a href=\"https:\/\/www.monteescalier.net\/france\/monte-escalier-amiens\/\">Les monte escaliers vers Amiens<\/a><br \/>\n<a href=\"https:\/\/www.monteescalier.net\/france\/monte-escalier-peronne\/\">Les monte escaliers vers P\u00e9ronne<\/a><br \/>\n<a href=\"https:\/\/www.monteescalier.net\/france\/monte-escalier-abbeville\/\">Les monte escaliers vers Abbeville<\/a><\/p>\n<p style=\"text-align: justify;\">Dans la Somme, en r\u00e9gion Picardie, l&rsquo;achat d&rsquo;un monte escalier peut \u00eatre indispensable pour ne pas d\u00e9pendre des autres et continuer \u00e0 vivre aussi au premi\u00e8re \u00e9tage. C&rsquo;est un syst\u00e8me tr\u00e8s pratique mais qui n\u00e9cessite le plus souvent une installation sur mesure pour laquelle il faut bien \u00e9videmment avoir recours au services d&rsquo;un installateur monte escalier professionnel.<\/p>\n<p style=\"text-align: justify;\">Sur monteescalier.net vous pouvez \u00eatre mis gratuitement en relation avec les meilleurs vendeurs de monte escaliers dans le d\u00e9partement de la Somme. cela vous permettra de s\u00e9lectionner librement votre revendeur ou installateur de monte escalier pour votre maison situ\u00e9e \u00e0 Amiens, Albert, Corbie, Abbeville, P\u00e9ronne ou Doullens et aussi toutes les autres du d\u00e9partement de la Somme, de Roye \u00e0 Riv\u00e9ry, de Montdidier \u00e0 Mers les Bains, de Longueau \u00e0 Moreuil en passant par Ham, Salouel, Camon, Villers Bretonneux et Friville Escarbotin.<\/p>\n<p style=\"text-align: justify;\">Profiter de plusieurs devis gratuits de monte escalier c&rsquo;est l&rsquo;assurance de trouver le meilleur rapport qualit\u00e9\/prix parmi les diff\u00e9rentes offres de monte escalier dans le d\u00e9partement de la Somme. Tous nos experts s\u00e9lectionn\u00e9s seront \u00e0 votre service pour vous faire la meilleure proposition possible<\/p>\n<p style=\"text-align: justify;\">Allez vite remplir un formulaire de demande de devis sur cette page, \u00e7a ne vous co\u00fbtera rien et ne vous engagera \u00e0 rien non plus, tout comme les demandes de documentation et de rappel qui vous permettront d&rsquo;avoir des renseignements pr\u00e9cis sur les mod\u00e8les de monte escalier et les vendeurs de monte escalier dans la Somme.<\/p>\n<p>&nbsp;<\/p>\n<div class=\"bouton\">Cliquez ici pour obtenir des devis gratuitement<\/div><\/div><\/div><div class='content-column one_half last_column'><a href=\"https:\/\/www.monteescalier.net\/devis-gratuit.php\" target=\"_blank\" rel=\"noopener noreferrer\"><img loading=\"lazy\" decoding=\"async\" class=\"alignnone size-full img_region\" src=\"https:\/\/www.monteescalier.net\/france\/wp-content\/uploads\/2014\/10\/4devis-monte-escalier-photo-490.png\" alt=\"Somme\" width=\"507\" height=\"485\" \/><\/a><br \/>\n<img loading=\"lazy\" decoding=\"async\" class=\"alignnone size-full img_region_2\" src=\"https:\/\/www.monteescalier.net\/france\/wp-content\/uploads\/2013\/07\/somme.jpg\" alt=\"Somme\" width=\"507\" height=\"485\" \/><\/div><div class='clear_column'><\/div><\/p>\n","protected":false},"excerpt":{"rendered":"","protected":false},"author":1,"featured_media":0,"parent":0,"menu_order":0,"comment_status":"open","ping_status":"closed","template":"template3.php","meta":{"_monsterinsights_skip_tracking":false,"_monsterinsights_sitenote_active":false,"_monsterinsights_sitenote_note":"","_monsterinsights_sitenote_category":0,"footnotes":""},"class_list":["post-165","page","type-page","status-publish","hentry"],"yoast_head":"<!-- This site is optimized with the Yoast SEO plugin v26.3 - https:\/\/yoast.com\/wordpress\/plugins\/seo\/ -->\n<title>Monte escalier Somme, Amiens - Monte escalier<\/title>\n<meta name=\"description\" content=\"Installation de monte escaliers a Amiens, P\u00e9ronne, Abbeville, Somme.\" \/>\n<meta name=\"robots\" content=\"index, follow, max-snippet:-1, max-image-preview:large, max-video-preview:-1\" \/>\n<link rel=\"canonical\" href=\"https:\/\/www.monteescalier.net\/france\/monte-escalier-somme\/\" \/>\n<meta property=\"og:locale\" content=\"fr_FR\" \/>\n<meta property=\"og:type\" content=\"article\" \/>\n<meta property=\"og:title\" content=\"Monte escalier Somme, Amiens - Monte escalier\" \/>\n<meta property=\"og:description\" content=\"Installation de monte escaliers a Amiens, P\u00e9ronne, Abbeville, Somme.\" \/>\n<meta property=\"og:url\" content=\"https:\/\/www.monteescalier.net\/france\/monte-escalier-somme\/\" \/>\n<meta property=\"og:site_name\" content=\"Monte escalier\" \/>\n<meta property=\"article:modified_time\" content=\"2024-05-15T16:05:16+00:00\" \/>\n<meta property=\"og:image\" content=\"https:\/\/www.monteescalier.net\/france\/wp-content\/uploads\/2014\/10\/4devis-monte-escalier-photo-490.png\" \/>\n<meta name=\"twitter:card\" content=\"summary_large_image\" \/>\n<meta name=\"twitter:label1\" content=\"Dur\u00e9e de lecture estim\u00e9e\" \/>\n\t<meta name=\"twitter:data1\" content=\"2 minutes\" \/>\n<script type=\"application\/ld+json\" class=\"yoast-schema-graph\">{\"@context\":\"https:\/\/schema.org\",\"@graph\":[{\"@type\":\"WebPage\",\"@id\":\"https:\/\/www.monteescalier.net\/france\/monte-escalier-somme\/\",\"url\":\"https:\/\/www.monteescalier.net\/france\/monte-escalier-somme\/\",\"name\":\"Monte escalier Somme, Amiens - Monte escalier\",\"isPartOf\":{\"@id\":\"https:\/\/www.monteescalier.net\/france\/#website\"},\"primaryImageOfPage\":{\"@id\":\"https:\/\/www.monteescalier.net\/france\/monte-escalier-somme\/#primaryimage\"},\"image\":{\"@id\":\"https:\/\/www.monteescalier.net\/france\/monte-escalier-somme\/#primaryimage\"},\"thumbnailUrl\":\"https:\/\/www.monteescalier.net\/france\/wp-content\/uploads\/2014\/10\/4devis-monte-escalier-photo-490.png\",\"datePublished\":\"2024-02-17T13:06:23+00:00\",\"dateModified\":\"2024-05-15T16:05:16+00:00\",\"description\":\"Installation de monte escaliers a Amiens, P\u00e9ronne, Abbeville, Somme.\",\"breadcrumb\":{\"@id\":\"https:\/\/www.monteescalier.net\/france\/monte-escalier-somme\/#breadcrumb\"},\"inLanguage\":\"fr-FR\",\"potentialAction\":[{\"@type\":\"ReadAction\",\"target\":[\"https:\/\/www.monteescalier.net\/france\/monte-escalier-somme\/\"]}]},{\"@type\":\"ImageObject\",\"inLanguage\":\"fr-FR\",\"@id\":\"https:\/\/www.monteescalier.net\/france\/monte-escalier-somme\/#primaryimage\",\"url\":\"https:\/\/www.monteescalier.net\/france\/wp-content\/uploads\/2014\/10\/4devis-monte-escalier-photo-490.png\",\"contentUrl\":\"https:\/\/www.monteescalier.net\/france\/wp-content\/uploads\/2014\/10\/4devis-monte-escalier-photo-490.png\",\"width\":490,\"height\":267},{\"@type\":\"BreadcrumbList\",\"@id\":\"https:\/\/www.monteescalier.net\/france\/monte-escalier-somme\/#breadcrumb\",\"itemListElement\":[{\"@type\":\"ListItem\",\"position\":1,\"name\":\"Accueil\",\"item\":\"https:\/\/www.monteescalier.net\/france\/\"},{\"@type\":\"ListItem\",\"position\":2,\"name\":\"Monte escalier Somme, Amiens\"}]},{\"@type\":\"WebSite\",\"@id\":\"https:\/\/www.monteescalier.net\/france\/#website\",\"url\":\"https:\/\/www.monteescalier.net\/france\/\",\"name\":\"Monte escalier\",\"description\":\"\",\"publisher\":{\"@id\":\"https:\/\/www.monteescalier.net\/france\/#organization\"},\"potentialAction\":[{\"@type\":\"SearchAction\",\"target\":{\"@type\":\"EntryPoint\",\"urlTemplate\":\"https:\/\/www.monteescalier.net\/france\/?s={search_term_string}\"},\"query-input\":{\"@type\":\"PropertyValueSpecification\",\"valueRequired\":true,\"valueName\":\"search_term_string\"}}],\"inLanguage\":\"fr-FR\"},{\"@type\":\"Organization\",\"@id\":\"https:\/\/www.monteescalier.net\/france\/#organization\",\"name\":\"monte-escalier.net\",\"url\":\"https:\/\/www.monteescalier.net\/france\/\",\"logo\":{\"@type\":\"ImageObject\",\"inLanguage\":\"fr-FR\",\"@id\":\"https:\/\/www.monteescalier.net\/france\/#\/schema\/logo\/image\/\",\"url\":\"https:\/\/www.monteescalier.net\/france\/wp-content\/uploads\/2016\/10\/4devis-mont-escalier-500-500.gif\",\"contentUrl\":\"https:\/\/www.monteescalier.net\/france\/wp-content\/uploads\/2016\/10\/4devis-mont-escalier-500-500.gif\",\"width\":500,\"height\":500,\"caption\":\"monte-escalier.net\"},\"image\":{\"@id\":\"https:\/\/www.monteescalier.net\/france\/#\/schema\/logo\/image\/\"}}]}<\/script>\n<!-- \/ Yoast SEO plugin. -->","yoast_head_json":{"title":"Monte escalier Somme, Amiens - Monte escalier","description":"Installation de monte escaliers a Amiens, P\u00e9ronne, Abbeville, Somme.","robots":{"index":"index","follow":"follow","max-snippet":"max-snippet:-1","max-image-preview":"max-image-preview:large","max-video-preview":"max-video-preview:-1"},"canonical":"https:\/\/www.monteescalier.net\/france\/monte-escalier-somme\/","og_locale":"fr_FR","og_type":"article","og_title":"Monte escalier Somme, Amiens - Monte escalier","og_description":"Installation de monte escaliers a Amiens, P\u00e9ronne, Abbeville, Somme.","og_url":"https:\/\/www.monteescalier.net\/france\/monte-escalier-somme\/","og_site_name":"Monte escalier","article_modified_time":"2024-05-15T16:05:16+00:00","og_image":[{"url":"https:\/\/www.monteescalier.net\/france\/wp-content\/uploads\/2014\/10\/4devis-monte-escalier-photo-490.png","type":"","width":"","height":""}],"twitter_card":"summary_large_image","twitter_misc":{"Dur\u00e9e de lecture estim\u00e9e":"2 minutes"},"schema":{"@context":"https:\/\/schema.org","@graph":[{"@type":"WebPage","@id":"https:\/\/www.monteescalier.net\/france\/monte-escalier-somme\/","url":"https:\/\/www.monteescalier.net\/france\/monte-escalier-somme\/","name":"Monte escalier Somme, Amiens - Monte escalier","isPartOf":{"@id":"https:\/\/www.monteescalier.net\/france\/#website"},"primaryImageOfPage":{"@id":"https:\/\/www.monteescalier.net\/france\/monte-escalier-somme\/#primaryimage"},"image":{"@id":"https:\/\/www.monteescalier.net\/france\/monte-escalier-somme\/#primaryimage"},"thumbnailUrl":"https:\/\/www.monteescalier.net\/france\/wp-content\/uploads\/2014\/10\/4devis-monte-escalier-photo-490.png","datePublished":"2024-02-17T13:06:23+00:00","dateModified":"2024-05-15T16:05:16+00:00","description":"Installation de monte escaliers a Amiens, P\u00e9ronne, Abbeville, Somme.","breadcrumb":{"@id":"https:\/\/www.monteescalier.net\/france\/monte-escalier-somme\/#breadcrumb"},"inLanguage":"fr-FR","potentialAction":[{"@type":"ReadAction","target":["https:\/\/www.monteescalier.net\/france\/monte-escalier-somme\/"]}]},{"@type":"ImageObject","inLanguage":"fr-FR","@id":"https:\/\/www.monteescalier.net\/france\/monte-escalier-somme\/#primaryimage","url":"https:\/\/www.monteescalier.net\/france\/wp-content\/uploads\/2014\/10\/4devis-monte-escalier-photo-490.png","contentUrl":"https:\/\/www.monteescalier.net\/france\/wp-content\/uploads\/2014\/10\/4devis-monte-escalier-photo-490.png","width":490,"height":267},{"@type":"BreadcrumbList","@id":"https:\/\/www.monteescalier.net\/france\/monte-escalier-somme\/#breadcrumb","itemListElement":[{"@type":"ListItem","position":1,"name":"Accueil","item":"https:\/\/www.monteescalier.net\/france\/"},{"@type":"ListItem","position":2,"name":"Monte escalier Somme, Amiens"}]},{"@type":"WebSite","@id":"https:\/\/www.monteescalier.net\/france\/#website","url":"https:\/\/www.monteescalier.net\/france\/","name":"Monte escalier","description":"","publisher":{"@id":"https:\/\/www.monteescalier.net\/france\/#organization"},"potentialAction":[{"@type":"SearchAction","target":{"@type":"EntryPoint","urlTemplate":"https:\/\/www.monteescalier.net\/france\/?s={search_term_string}"},"query-input":{"@type":"PropertyValueSpecification","valueRequired":true,"valueName":"search_term_string"}}],"inLanguage":"fr-FR"},{"@type":"Organization","@id":"https:\/\/www.monteescalier.net\/france\/#organization","name":"monte-escalier.net","url":"https:\/\/www.monteescalier.net\/france\/","logo":{"@type":"ImageObject","inLanguage":"fr-FR","@id":"https:\/\/www.monteescalier.net\/france\/#\/schema\/logo\/image\/","url":"https:\/\/www.monteescalier.net\/france\/wp-content\/uploads\/2016\/10\/4devis-mont-escalier-500-500.gif","contentUrl":"https:\/\/www.monteescalier.net\/france\/wp-content\/uploads\/2016\/10\/4devis-mont-escalier-500-500.gif","width":500,"height":500,"caption":"monte-escalier.net"},"image":{"@id":"https:\/\/www.monteescalier.net\/france\/#\/schema\/logo\/image\/"}}]}},"_links":{"self":[{"href":"https:\/\/www.monteescalier.net\/france\/wp-json\/wp\/v2\/pages\/165","targetHints":{"allow":["GET"]}}],"collection":[{"href":"https:\/\/www.monteescalier.net\/france\/wp-json\/wp\/v2\/pages"}],"about":[{"href":"https:\/\/www.monteescalier.net\/france\/wp-json\/wp\/v2\/types\/page"}],"author":[{"embeddable":true,"href":"https:\/\/www.monteescalier.net\/france\/wp-json\/wp\/v2\/users\/1"}],"replies":[{"embeddable":true,"href":"https:\/\/www.monteescalier.net\/france\/wp-json\/wp\/v2\/comments?post=165"}],"version-history":[{"count":9,"href":"https:\/\/www.monteescalier.net\/france\/wp-json\/wp\/v2\/pages\/165\/revisions"}],"predecessor-version":[{"id":9135,"href":"https:\/\/www.monteescalier.net\/france\/wp-json\/wp\/v2\/pages\/165\/revisions\/9135"}],"wp:attachment":[{"href":"https:\/\/www.monteescalier.net\/france\/wp-json\/wp\/v2\/media?parent=165"}],"curies":[{"name":"wp","href":"https:\/\/api.w.org\/{rel}","templated":true}]}}