{"id":173,"date":"2024-02-22T14:38:37","date_gmt":"2024-02-22T13:38:37","guid":{"rendered":"https:\/\/www.monteescalier.net\/monteescalier\/?page_id=173"},"modified":"2024-05-15T16:57:54","modified_gmt":"2024-05-15T15:57:54","slug":"monte-escalier-oise","status":"publish","type":"page","link":"https:\/\/www.monteescalier.net\/france\/monte-escalier-oise\/","title":{"rendered":"Monte escalier Oise, Beauvais"},"content":{"rendered":"<div class='content-column one_half'><div style=\"padding-right:19px;\"><h1>Faire Installer un monte escalier dans l&rsquo;Oise<\/h1>\n<p><b>Des professionnels reconnus \u00e0 proximit\u00e9 :<\/b><br \/>\n<a href=\"https:\/\/www.monteescalier.net\/france\/monte-escalier-beauvais\/\">Monte escalier vers Beauvais<\/a><br \/>\n<a href=\"https:\/\/www.monteescalier.net\/france\/monte-escalier-clermont\/\">Monte escalier vers Clermont<\/a><br \/>\n<a href=\"https:\/\/www.monteescalier.net\/france\/monte-escalier-compiegne\/\">Monte escalier vers Compi\u00e8gne<\/a><\/p>\n<p style=\"text-align: justify;\">Obtenez tr\u00e8s facilement des devis de monte escalier dans l&rsquo;Oise! Monteescalier.net a s\u00e9lectionn\u00e9 pour vous une liste d&rsquo;installateurs capables de poser votre monte escalier dans votre maison ou appartement dans l&rsquo;Oise, de Beauvais \u00e0 Creil, de Compi\u00e8gne \u00e0 Nogent sur Oise, de Creil \u00e0 Senlis ou encore de Noyon \u00e0 M\u00e9ru, de Cr\u00e9py en Valois \u00e0 Pont Sainte Maxence et de Montataire \u00e0 Chantilly en passant par Gouvieux, Chambly, Clermont, Margny les Compi\u00e8gne et Liancourt.<\/p>\n<p style=\"text-align: justify;\">Pour \u00eatre appel\u00e9 ou contact\u00e9 par mail par nos revendeurs de monte escalier s\u00e9lectionn\u00e9s pour vous, vous n&rsquo;avez qu&rsquo;\u00e0 remplir un seul formulaire de contact en entrant vos coordonn\u00e9es compl\u00e8tes et pr\u00e9cises. C&rsquo;est absolument gratuit et vous aurez rapidement plusieurs devis, de la documentation sur les \u00e9quipements propos\u00e9s, les mod\u00e8les de monte escaliers et les conseils des pros du monte escalier dans l&rsquo;Oise gr\u00e2ce \u00e0 la demande de rappel.<\/p>\n<p style=\"text-align: justify;\">Pour acheter un monte escalier, il est tr\u00e8s important d&rsquo;avoir plusieurs offres de revendeurs distincts : prix, choix et mod\u00e8les de monte escalier propos\u00e9s, services associ\u00e9s et SAV sont \u00e9videmment tous les crit\u00e8res \u00e0 prendre en compte pour faire le meilleur choix. Sur le site monteescalier.net vous avez l&rsquo;assurance d&rsquo;avoir au moins 4 offres diff\u00e9rentes de devis et donc la garantie de pouvoir effectuer une vraie s\u00e9lection selon VOS crit\u00e8res pour votre achat de Monte escalier dans l&rsquo;Oise.<\/p>\n<p style=\"text-align: justify;\">Vous ne recevrez gr\u00e2ce \u00e0 nous que d&rsquo;offres que de prestataires pouvant intervenir sans surco\u00fbt dans votre commune. Pas de mauvaises surprises, nous les avons s\u00e9lectionn\u00e9s pour vous, \u00e0 vous de jouer !<\/p>\n<p>&nbsp;<\/p>\n<div class=\"bouton\" onclick=\"location.href='https:\/\/www.monteescalier.net\/devis-gratuit.php'\">Cliquez ici pour obtenir des devis gratuitement<\/div><\/div><\/div><div class='content-column one_half last_column'><a href=\"https:\/\/www.monteescalier.net\/devis-gratuit.php\" target=\"_blank\" rel=\"noopener noreferrer\"><img loading=\"lazy\" decoding=\"async\" class=\"alignnone size-full img_region\" src=\"https:\/\/www.monteescalier.net\/france\/wp-content\/uploads\/2014\/10\/4devis-monte-escalier-photo-490.png\" alt=\"oise\" width=\"507\" height=\"485\" \/><\/a><br \/>\n<img loading=\"lazy\" decoding=\"async\" class=\"alignnone size-full img_region_2\" src=\"https:\/\/www.monteescalier.net\/france\/wp-content\/uploads\/2013\/07\/oise.jpg\" alt=\"oise\" width=\"507\" height=\"485\" \/><\/div><div class='clear_column'><\/div><\/p>\n","protected":false},"excerpt":{"rendered":"","protected":false},"author":1,"featured_media":0,"parent":0,"menu_order":0,"comment_status":"open","ping_status":"closed","template":"template2.php","meta":{"_monsterinsights_skip_tracking":false,"_monsterinsights_sitenote_active":false,"_monsterinsights_sitenote_note":"","_monsterinsights_sitenote_category":0,"footnotes":""},"class_list":["post-173","page","type-page","status-publish","hentry"],"yoast_head":"<!-- This site is optimized with the Yoast SEO plugin v26.3 - https:\/\/yoast.com\/wordpress\/plugins\/seo\/ -->\n<title>Monte escalier Oise, Beauvais - Monte escalier<\/title>\n<meta name=\"description\" content=\"Nos monte escalier situ\u00e9 dans l&#039;Oise : Beauvais, Clermont, Compi\u00e8gne.\" \/>\n<meta name=\"robots\" content=\"index, follow, max-snippet:-1, max-image-preview:large, max-video-preview:-1\" \/>\n<link rel=\"canonical\" href=\"https:\/\/www.monteescalier.net\/france\/monte-escalier-oise\/\" \/>\n<meta property=\"og:locale\" content=\"fr_FR\" \/>\n<meta property=\"og:type\" content=\"article\" \/>\n<meta property=\"og:title\" content=\"Monte escalier Oise, Beauvais - Monte escalier\" \/>\n<meta property=\"og:description\" content=\"Nos monte escalier situ\u00e9 dans l&#039;Oise : Beauvais, Clermont, Compi\u00e8gne.\" \/>\n<meta property=\"og:url\" content=\"https:\/\/www.monteescalier.net\/france\/monte-escalier-oise\/\" \/>\n<meta property=\"og:site_name\" content=\"Monte escalier\" \/>\n<meta property=\"article:modified_time\" content=\"2024-05-15T15:57:54+00:00\" \/>\n<meta property=\"og:image\" content=\"https:\/\/www.monteescalier.net\/france\/wp-content\/uploads\/2014\/10\/4devis-monte-escalier-photo-490.png\" \/>\n<meta name=\"twitter:card\" content=\"summary_large_image\" \/>\n<meta name=\"twitter:label1\" content=\"Dur\u00e9e de lecture estim\u00e9e\" \/>\n\t<meta name=\"twitter:data1\" content=\"2 minutes\" \/>\n<script type=\"application\/ld+json\" class=\"yoast-schema-graph\">{\"@context\":\"https:\/\/schema.org\",\"@graph\":[{\"@type\":\"WebPage\",\"@id\":\"https:\/\/www.monteescalier.net\/france\/monte-escalier-oise\/\",\"url\":\"https:\/\/www.monteescalier.net\/france\/monte-escalier-oise\/\",\"name\":\"Monte escalier Oise, Beauvais - Monte escalier\",\"isPartOf\":{\"@id\":\"https:\/\/www.monteescalier.net\/france\/#website\"},\"primaryImageOfPage\":{\"@id\":\"https:\/\/www.monteescalier.net\/france\/monte-escalier-oise\/#primaryimage\"},\"image\":{\"@id\":\"https:\/\/www.monteescalier.net\/france\/monte-escalier-oise\/#primaryimage\"},\"thumbnailUrl\":\"https:\/\/www.monteescalier.net\/france\/wp-content\/uploads\/2014\/10\/4devis-monte-escalier-photo-490.png\",\"datePublished\":\"2024-02-22T13:38:37+00:00\",\"dateModified\":\"2024-05-15T15:57:54+00:00\",\"description\":\"Nos monte escalier situ\u00e9 dans l'Oise : Beauvais, Clermont, Compi\u00e8gne.\",\"breadcrumb\":{\"@id\":\"https:\/\/www.monteescalier.net\/france\/monte-escalier-oise\/#breadcrumb\"},\"inLanguage\":\"fr-FR\",\"potentialAction\":[{\"@type\":\"ReadAction\",\"target\":[\"https:\/\/www.monteescalier.net\/france\/monte-escalier-oise\/\"]}]},{\"@type\":\"ImageObject\",\"inLanguage\":\"fr-FR\",\"@id\":\"https:\/\/www.monteescalier.net\/france\/monte-escalier-oise\/#primaryimage\",\"url\":\"https:\/\/www.monteescalier.net\/france\/wp-content\/uploads\/2014\/10\/4devis-monte-escalier-photo-490.png\",\"contentUrl\":\"https:\/\/www.monteescalier.net\/france\/wp-content\/uploads\/2014\/10\/4devis-monte-escalier-photo-490.png\",\"width\":490,\"height\":267},{\"@type\":\"BreadcrumbList\",\"@id\":\"https:\/\/www.monteescalier.net\/france\/monte-escalier-oise\/#breadcrumb\",\"itemListElement\":[{\"@type\":\"ListItem\",\"position\":1,\"name\":\"Accueil\",\"item\":\"https:\/\/www.monteescalier.net\/france\/\"},{\"@type\":\"ListItem\",\"position\":2,\"name\":\"Monte escalier Oise, Beauvais\"}]},{\"@type\":\"WebSite\",\"@id\":\"https:\/\/www.monteescalier.net\/france\/#website\",\"url\":\"https:\/\/www.monteescalier.net\/france\/\",\"name\":\"Monte escalier\",\"description\":\"\",\"publisher\":{\"@id\":\"https:\/\/www.monteescalier.net\/france\/#organization\"},\"potentialAction\":[{\"@type\":\"SearchAction\",\"target\":{\"@type\":\"EntryPoint\",\"urlTemplate\":\"https:\/\/www.monteescalier.net\/france\/?s={search_term_string}\"},\"query-input\":{\"@type\":\"PropertyValueSpecification\",\"valueRequired\":true,\"valueName\":\"search_term_string\"}}],\"inLanguage\":\"fr-FR\"},{\"@type\":\"Organization\",\"@id\":\"https:\/\/www.monteescalier.net\/france\/#organization\",\"name\":\"monte-escalier.net\",\"url\":\"https:\/\/www.monteescalier.net\/france\/\",\"logo\":{\"@type\":\"ImageObject\",\"inLanguage\":\"fr-FR\",\"@id\":\"https:\/\/www.monteescalier.net\/france\/#\/schema\/logo\/image\/\",\"url\":\"https:\/\/www.monteescalier.net\/france\/wp-content\/uploads\/2016\/10\/4devis-mont-escalier-500-500.gif\",\"contentUrl\":\"https:\/\/www.monteescalier.net\/france\/wp-content\/uploads\/2016\/10\/4devis-mont-escalier-500-500.gif\",\"width\":500,\"height\":500,\"caption\":\"monte-escalier.net\"},\"image\":{\"@id\":\"https:\/\/www.monteescalier.net\/france\/#\/schema\/logo\/image\/\"}}]}<\/script>\n<!-- \/ Yoast SEO plugin. -->","yoast_head_json":{"title":"Monte escalier Oise, Beauvais - Monte escalier","description":"Nos monte escalier situ\u00e9 dans l'Oise : Beauvais, Clermont, Compi\u00e8gne.","robots":{"index":"index","follow":"follow","max-snippet":"max-snippet:-1","max-image-preview":"max-image-preview:large","max-video-preview":"max-video-preview:-1"},"canonical":"https:\/\/www.monteescalier.net\/france\/monte-escalier-oise\/","og_locale":"fr_FR","og_type":"article","og_title":"Monte escalier Oise, Beauvais - Monte escalier","og_description":"Nos monte escalier situ\u00e9 dans l'Oise : Beauvais, Clermont, Compi\u00e8gne.","og_url":"https:\/\/www.monteescalier.net\/france\/monte-escalier-oise\/","og_site_name":"Monte escalier","article_modified_time":"2024-05-15T15:57:54+00:00","og_image":[{"url":"https:\/\/www.monteescalier.net\/france\/wp-content\/uploads\/2014\/10\/4devis-monte-escalier-photo-490.png","type":"","width":"","height":""}],"twitter_card":"summary_large_image","twitter_misc":{"Dur\u00e9e de lecture estim\u00e9e":"2 minutes"},"schema":{"@context":"https:\/\/schema.org","@graph":[{"@type":"WebPage","@id":"https:\/\/www.monteescalier.net\/france\/monte-escalier-oise\/","url":"https:\/\/www.monteescalier.net\/france\/monte-escalier-oise\/","name":"Monte escalier Oise, Beauvais - Monte escalier","isPartOf":{"@id":"https:\/\/www.monteescalier.net\/france\/#website"},"primaryImageOfPage":{"@id":"https:\/\/www.monteescalier.net\/france\/monte-escalier-oise\/#primaryimage"},"image":{"@id":"https:\/\/www.monteescalier.net\/france\/monte-escalier-oise\/#primaryimage"},"thumbnailUrl":"https:\/\/www.monteescalier.net\/france\/wp-content\/uploads\/2014\/10\/4devis-monte-escalier-photo-490.png","datePublished":"2024-02-22T13:38:37+00:00","dateModified":"2024-05-15T15:57:54+00:00","description":"Nos monte escalier situ\u00e9 dans l'Oise : Beauvais, Clermont, Compi\u00e8gne.","breadcrumb":{"@id":"https:\/\/www.monteescalier.net\/france\/monte-escalier-oise\/#breadcrumb"},"inLanguage":"fr-FR","potentialAction":[{"@type":"ReadAction","target":["https:\/\/www.monteescalier.net\/france\/monte-escalier-oise\/"]}]},{"@type":"ImageObject","inLanguage":"fr-FR","@id":"https:\/\/www.monteescalier.net\/france\/monte-escalier-oise\/#primaryimage","url":"https:\/\/www.monteescalier.net\/france\/wp-content\/uploads\/2014\/10\/4devis-monte-escalier-photo-490.png","contentUrl":"https:\/\/www.monteescalier.net\/france\/wp-content\/uploads\/2014\/10\/4devis-monte-escalier-photo-490.png","width":490,"height":267},{"@type":"BreadcrumbList","@id":"https:\/\/www.monteescalier.net\/france\/monte-escalier-oise\/#breadcrumb","itemListElement":[{"@type":"ListItem","position":1,"name":"Accueil","item":"https:\/\/www.monteescalier.net\/france\/"},{"@type":"ListItem","position":2,"name":"Monte escalier Oise, Beauvais"}]},{"@type":"WebSite","@id":"https:\/\/www.monteescalier.net\/france\/#website","url":"https:\/\/www.monteescalier.net\/france\/","name":"Monte escalier","description":"","publisher":{"@id":"https:\/\/www.monteescalier.net\/france\/#organization"},"potentialAction":[{"@type":"SearchAction","target":{"@type":"EntryPoint","urlTemplate":"https:\/\/www.monteescalier.net\/france\/?s={search_term_string}"},"query-input":{"@type":"PropertyValueSpecification","valueRequired":true,"valueName":"search_term_string"}}],"inLanguage":"fr-FR"},{"@type":"Organization","@id":"https:\/\/www.monteescalier.net\/france\/#organization","name":"monte-escalier.net","url":"https:\/\/www.monteescalier.net\/france\/","logo":{"@type":"ImageObject","inLanguage":"fr-FR","@id":"https:\/\/www.monteescalier.net\/france\/#\/schema\/logo\/image\/","url":"https:\/\/www.monteescalier.net\/france\/wp-content\/uploads\/2016\/10\/4devis-mont-escalier-500-500.gif","contentUrl":"https:\/\/www.monteescalier.net\/france\/wp-content\/uploads\/2016\/10\/4devis-mont-escalier-500-500.gif","width":500,"height":500,"caption":"monte-escalier.net"},"image":{"@id":"https:\/\/www.monteescalier.net\/france\/#\/schema\/logo\/image\/"}}]}},"_links":{"self":[{"href":"https:\/\/www.monteescalier.net\/france\/wp-json\/wp\/v2\/pages\/173","targetHints":{"allow":["GET"]}}],"collection":[{"href":"https:\/\/www.monteescalier.net\/france\/wp-json\/wp\/v2\/pages"}],"about":[{"href":"https:\/\/www.monteescalier.net\/france\/wp-json\/wp\/v2\/types\/page"}],"author":[{"embeddable":true,"href":"https:\/\/www.monteescalier.net\/france\/wp-json\/wp\/v2\/users\/1"}],"replies":[{"embeddable":true,"href":"https:\/\/www.monteescalier.net\/france\/wp-json\/wp\/v2\/comments?post=173"}],"version-history":[{"count":48,"href":"https:\/\/www.monteescalier.net\/france\/wp-json\/wp\/v2\/pages\/173\/revisions"}],"predecessor-version":[{"id":9121,"href":"https:\/\/www.monteescalier.net\/france\/wp-json\/wp\/v2\/pages\/173\/revisions\/9121"}],"wp:attachment":[{"href":"https:\/\/www.monteescalier.net\/france\/wp-json\/wp\/v2\/media?parent=173"}],"curies":[{"name":"wp","href":"https:\/\/api.w.org\/{rel}","templated":true}]}}