{"id":1816,"date":"2019-03-26T10:47:23","date_gmt":"2019-03-26T09:47:23","guid":{"rendered":"https:\/\/www.monteescalier.net\/france\/?page_id=1816"},"modified":"2020-01-17T10:46:32","modified_gmt":"2020-01-17T09:46:32","slug":"monte-escalier-ormesson-sur-marne","status":"publish","type":"page","link":"https:\/\/www.monteescalier.net\/france\/monte-escalier-ormesson-sur-marne\/","title":{"rendered":"Monte escalier Ormesson-sur-Marne"},"content":{"rendered":"<h1>Trouver les vendeurs de monte escalier \u00e0 Ormesson-sur-Marne<\/h1>\n<div class=\"boite_texte\">\n<div style=\"text-align: justify; margin-bottom: 10px;\">Il vous faut faire installer dans votre maison ou votre duplex un monte escalier \u00e0 Ormesson-sur-Marne, probl\u00e8me vous ne savez pas \u00e0 qui vous adresser. Monteescalier.net va vous donner tous les outils pour faire votre choix.<\/div>\n<div style=\"text-align: justify; margin-bottom: 10px;\">Gr\u00e2ce \u00e0 ce site, vous allez pouvoir trouver facilement les vendeurs de monte escalier sur Ormesson-sur-Marne et sa r\u00e9gion. Nous allons, en effet, vous mettre en relation gratuitement avec notre pr\u00e9selection de vendeurs de monte escalier \u00e0 Ormesson-sur-Marne.<\/div>\n<div style=\"text-align: justify; margin-bottom: 10px;\">Le premier service que nous vous proposons gratuitement est la demande de devis gratuit. Et ce n&rsquo;est pas un devis que vous recevrez en remplissant un formulaire sur notre site mais 4 ou 5 propositions fermes \u00e9manant de professionnels du monte escalier de Ormesson-sur-Marne.<\/div>\n<div style=\"text-align: justify; margin-bottom: 10px;\">Avoir des sp\u00e9cialistes du monte escalier au t\u00e9l\u00e9phone pour discuter de votre projet, voici ce que vous permettra notre site si vous remplissez une demande de rappel. Vous serez tr\u00e8s rapidement recontact\u00e9s par nos partenaires experts qui pourront r\u00e9pondre \u00e0 toutes vos questions relatives au particularisme de l&rsquo;installation de votre monte escalier.<\/div>\n<div style=\"text-align: justify; margin-bottom: 10px;\">Consulter des brochures de pr\u00e9sentation produits peut vous aider \u00e0 faire un tri parmi les mod\u00e8les de monte escalier. Nos partenaires peuvent mettre \u00e0 votre disposition des brochures papier ou \u00e9lectroniques. Le formulaire de demande de documentation sur ce site vous permettra d&rsquo;acc\u00e9der gratuitement \u00e0 ce service.<\/div>\n<div style=\"text-align: justify; margin-bottom: 10px;\">Ne faites plus la chasse aux prestataires, laissez notre service de mise en relation pr\u00e9parer le terrain pour vous. C&rsquo;est int\u00e9gralement gratuit et cela vous permettra d&rsquo;\u00eatre mis tr\u00e8s rapidement en relation avec notre liste de professionnels du monte escalier de Ormesson-sur-Marne et sa r\u00e9gion, sans efforts, ni contraintes&#8230; difficile de vous proposer mieux non?<\/div>\n<\/div>\n<div class=\"titre_liens\">Retrouvez nos offres dans les villes voisines :<\/div>\n<div class=\"boite_liens\"><a href=\"https:\/\/www.monteescalier.net\/france\/monte-escalier-villecresnes\">Monte escalier Villecresnes<\/a><br \/>\n<a href=\"https:\/\/www.monteescalier.net\/france\/monte-escalier-rungis\">Monte escalier Rungis<\/a><br \/>\n<a href=\"https:\/\/www.monteescalier.net\/france\/monte-escalier-ablon-sur-seine\">Monte escalier Ablon-sur-Seine<\/a><br \/>\n<a href=\"https:\/\/www.monteescalier.net\/france\/monte-escalier-marolles-en-brie\">Monte escalier Marolles-en-Brie<\/a><br \/>\n<a href=\"https:\/\/www.monteescalier.net\/france\/monte-escalier-noiseau\">Monte escalier Noiseau<\/a><\/div>\n","protected":false},"excerpt":{"rendered":"<p>Trouver les vendeurs de monte escalier \u00e0 Ormesson-sur-Marne Il vous faut faire installer dans votre maison ou votre duplex un monte escalier \u00e0 Ormesson-sur-Marne, probl\u00e8me vous ne savez pas \u00e0 qui vous adresser. Monteescalier.net va vous donner tous les outils pour faire votre choix. Gr\u00e2ce \u00e0 ce site, vous allez pouvoir trouver facilement les vendeurs [&hellip;]<\/p>\n","protected":false},"author":1,"featured_media":0,"parent":0,"menu_order":0,"comment_status":"closed","ping_status":"open","template":"template_ville_10.php","meta":{"_monsterinsights_skip_tracking":false,"_monsterinsights_sitenote_active":false,"_monsterinsights_sitenote_note":"","_monsterinsights_sitenote_category":0,"footnotes":""},"class_list":["post-1816","page","type-page","status-publish","hentry"],"yoast_head":"<!-- This site is optimized with the Yoast SEO plugin v26.3 - https:\/\/yoast.com\/wordpress\/plugins\/seo\/ -->\n<title>Monte escalier Ormesson-sur-Marne - Monte escalier<\/title>\n<meta name=\"robots\" content=\"index, follow, max-snippet:-1, max-image-preview:large, max-video-preview:-1\" \/>\n<link rel=\"canonical\" href=\"https:\/\/www.monteescalier.net\/france\/monte-escalier-ormesson-sur-marne\/\" \/>\n<meta property=\"og:locale\" content=\"fr_FR\" \/>\n<meta property=\"og:type\" content=\"article\" \/>\n<meta property=\"og:title\" content=\"Monte escalier Ormesson-sur-Marne - Monte escalier\" \/>\n<meta property=\"og:description\" content=\"Trouver les vendeurs de monte escalier \u00e0 Ormesson-sur-Marne Il vous faut faire installer dans votre maison ou votre duplex un monte escalier \u00e0 Ormesson-sur-Marne, probl\u00e8me vous ne savez pas \u00e0 qui vous adresser. Monteescalier.net va vous donner tous les outils pour faire votre choix. Gr\u00e2ce \u00e0 ce site, vous allez pouvoir trouver facilement les vendeurs [&hellip;]\" \/>\n<meta property=\"og:url\" content=\"https:\/\/www.monteescalier.net\/france\/monte-escalier-ormesson-sur-marne\/\" \/>\n<meta property=\"og:site_name\" content=\"Monte escalier\" \/>\n<meta property=\"article:modified_time\" content=\"2020-01-17T09:46:32+00:00\" \/>\n<meta name=\"twitter:card\" content=\"summary_large_image\" \/>\n<meta name=\"twitter:label1\" content=\"Dur\u00e9e de lecture estim\u00e9e\" \/>\n\t<meta name=\"twitter:data1\" content=\"2 minutes\" \/>\n<script type=\"application\/ld+json\" class=\"yoast-schema-graph\">{\"@context\":\"https:\/\/schema.org\",\"@graph\":[{\"@type\":\"WebPage\",\"@id\":\"https:\/\/www.monteescalier.net\/france\/monte-escalier-ormesson-sur-marne\/\",\"url\":\"https:\/\/www.monteescalier.net\/france\/monte-escalier-ormesson-sur-marne\/\",\"name\":\"Monte escalier Ormesson-sur-Marne - Monte escalier\",\"isPartOf\":{\"@id\":\"https:\/\/www.monteescalier.net\/france\/#website\"},\"datePublished\":\"2019-03-26T09:47:23+00:00\",\"dateModified\":\"2020-01-17T09:46:32+00:00\",\"breadcrumb\":{\"@id\":\"https:\/\/www.monteescalier.net\/france\/monte-escalier-ormesson-sur-marne\/#breadcrumb\"},\"inLanguage\":\"fr-FR\",\"potentialAction\":[{\"@type\":\"ReadAction\",\"target\":[\"https:\/\/www.monteescalier.net\/france\/monte-escalier-ormesson-sur-marne\/\"]}]},{\"@type\":\"BreadcrumbList\",\"@id\":\"https:\/\/www.monteescalier.net\/france\/monte-escalier-ormesson-sur-marne\/#breadcrumb\",\"itemListElement\":[{\"@type\":\"ListItem\",\"position\":1,\"name\":\"Accueil\",\"item\":\"https:\/\/www.monteescalier.net\/france\/\"},{\"@type\":\"ListItem\",\"position\":2,\"name\":\"Monte escalier Ormesson-sur-Marne\"}]},{\"@type\":\"WebSite\",\"@id\":\"https:\/\/www.monteescalier.net\/france\/#website\",\"url\":\"https:\/\/www.monteescalier.net\/france\/\",\"name\":\"Monte escalier\",\"description\":\"\",\"publisher\":{\"@id\":\"https:\/\/www.monteescalier.net\/france\/#organization\"},\"potentialAction\":[{\"@type\":\"SearchAction\",\"target\":{\"@type\":\"EntryPoint\",\"urlTemplate\":\"https:\/\/www.monteescalier.net\/france\/?s={search_term_string}\"},\"query-input\":{\"@type\":\"PropertyValueSpecification\",\"valueRequired\":true,\"valueName\":\"search_term_string\"}}],\"inLanguage\":\"fr-FR\"},{\"@type\":\"Organization\",\"@id\":\"https:\/\/www.monteescalier.net\/france\/#organization\",\"name\":\"monte-escalier.net\",\"url\":\"https:\/\/www.monteescalier.net\/france\/\",\"logo\":{\"@type\":\"ImageObject\",\"inLanguage\":\"fr-FR\",\"@id\":\"https:\/\/www.monteescalier.net\/france\/#\/schema\/logo\/image\/\",\"url\":\"https:\/\/www.monteescalier.net\/france\/wp-content\/uploads\/2016\/10\/4devis-mont-escalier-500-500.gif\",\"contentUrl\":\"https:\/\/www.monteescalier.net\/france\/wp-content\/uploads\/2016\/10\/4devis-mont-escalier-500-500.gif\",\"width\":500,\"height\":500,\"caption\":\"monte-escalier.net\"},\"image\":{\"@id\":\"https:\/\/www.monteescalier.net\/france\/#\/schema\/logo\/image\/\"}}]}<\/script>\n<!-- \/ Yoast SEO plugin. -->","yoast_head_json":{"title":"Monte escalier Ormesson-sur-Marne - Monte escalier","robots":{"index":"index","follow":"follow","max-snippet":"max-snippet:-1","max-image-preview":"max-image-preview:large","max-video-preview":"max-video-preview:-1"},"canonical":"https:\/\/www.monteescalier.net\/france\/monte-escalier-ormesson-sur-marne\/","og_locale":"fr_FR","og_type":"article","og_title":"Monte escalier Ormesson-sur-Marne - Monte escalier","og_description":"Trouver les vendeurs de monte escalier \u00e0 Ormesson-sur-Marne Il vous faut faire installer dans votre maison ou votre duplex un monte escalier \u00e0 Ormesson-sur-Marne, probl\u00e8me vous ne savez pas \u00e0 qui vous adresser. Monteescalier.net va vous donner tous les outils pour faire votre choix. Gr\u00e2ce \u00e0 ce site, vous allez pouvoir trouver facilement les vendeurs [&hellip;]","og_url":"https:\/\/www.monteescalier.net\/france\/monte-escalier-ormesson-sur-marne\/","og_site_name":"Monte escalier","article_modified_time":"2020-01-17T09:46:32+00:00","twitter_card":"summary_large_image","twitter_misc":{"Dur\u00e9e de lecture estim\u00e9e":"2 minutes"},"schema":{"@context":"https:\/\/schema.org","@graph":[{"@type":"WebPage","@id":"https:\/\/www.monteescalier.net\/france\/monte-escalier-ormesson-sur-marne\/","url":"https:\/\/www.monteescalier.net\/france\/monte-escalier-ormesson-sur-marne\/","name":"Monte escalier Ormesson-sur-Marne - Monte escalier","isPartOf":{"@id":"https:\/\/www.monteescalier.net\/france\/#website"},"datePublished":"2019-03-26T09:47:23+00:00","dateModified":"2020-01-17T09:46:32+00:00","breadcrumb":{"@id":"https:\/\/www.monteescalier.net\/france\/monte-escalier-ormesson-sur-marne\/#breadcrumb"},"inLanguage":"fr-FR","potentialAction":[{"@type":"ReadAction","target":["https:\/\/www.monteescalier.net\/france\/monte-escalier-ormesson-sur-marne\/"]}]},{"@type":"BreadcrumbList","@id":"https:\/\/www.monteescalier.net\/france\/monte-escalier-ormesson-sur-marne\/#breadcrumb","itemListElement":[{"@type":"ListItem","position":1,"name":"Accueil","item":"https:\/\/www.monteescalier.net\/france\/"},{"@type":"ListItem","position":2,"name":"Monte escalier Ormesson-sur-Marne"}]},{"@type":"WebSite","@id":"https:\/\/www.monteescalier.net\/france\/#website","url":"https:\/\/www.monteescalier.net\/france\/","name":"Monte escalier","description":"","publisher":{"@id":"https:\/\/www.monteescalier.net\/france\/#organization"},"potentialAction":[{"@type":"SearchAction","target":{"@type":"EntryPoint","urlTemplate":"https:\/\/www.monteescalier.net\/france\/?s={search_term_string}"},"query-input":{"@type":"PropertyValueSpecification","valueRequired":true,"valueName":"search_term_string"}}],"inLanguage":"fr-FR"},{"@type":"Organization","@id":"https:\/\/www.monteescalier.net\/france\/#organization","name":"monte-escalier.net","url":"https:\/\/www.monteescalier.net\/france\/","logo":{"@type":"ImageObject","inLanguage":"fr-FR","@id":"https:\/\/www.monteescalier.net\/france\/#\/schema\/logo\/image\/","url":"https:\/\/www.monteescalier.net\/france\/wp-content\/uploads\/2016\/10\/4devis-mont-escalier-500-500.gif","contentUrl":"https:\/\/www.monteescalier.net\/france\/wp-content\/uploads\/2016\/10\/4devis-mont-escalier-500-500.gif","width":500,"height":500,"caption":"monte-escalier.net"},"image":{"@id":"https:\/\/www.monteescalier.net\/france\/#\/schema\/logo\/image\/"}}]}},"_links":{"self":[{"href":"https:\/\/www.monteescalier.net\/france\/wp-json\/wp\/v2\/pages\/1816","targetHints":{"allow":["GET"]}}],"collection":[{"href":"https:\/\/www.monteescalier.net\/france\/wp-json\/wp\/v2\/pages"}],"about":[{"href":"https:\/\/www.monteescalier.net\/france\/wp-json\/wp\/v2\/types\/page"}],"author":[{"embeddable":true,"href":"https:\/\/www.monteescalier.net\/france\/wp-json\/wp\/v2\/users\/1"}],"replies":[{"embeddable":true,"href":"https:\/\/www.monteescalier.net\/france\/wp-json\/wp\/v2\/comments?post=1816"}],"version-history":[{"count":1,"href":"https:\/\/www.monteescalier.net\/france\/wp-json\/wp\/v2\/pages\/1816\/revisions"}],"predecessor-version":[{"id":8638,"href":"https:\/\/www.monteescalier.net\/france\/wp-json\/wp\/v2\/pages\/1816\/revisions\/8638"}],"wp:attachment":[{"href":"https:\/\/www.monteescalier.net\/france\/wp-json\/wp\/v2\/media?parent=1816"}],"curies":[{"name":"wp","href":"https:\/\/api.w.org\/{rel}","templated":true}]}}