{"id":1856,"date":"2019-03-26T10:47:23","date_gmt":"2019-03-26T09:47:23","guid":{"rendered":"https:\/\/www.monteescalier.net\/france\/?page_id=1856"},"modified":"2020-01-17T10:48:22","modified_gmt":"2020-01-17T09:48:22","slug":"monte-escalier-villecresnes","status":"publish","type":"page","link":"https:\/\/www.monteescalier.net\/france\/monte-escalier-villecresnes\/","title":{"rendered":"Monte escalier Villecresnes"},"content":{"rendered":"<h1>Des infos sur un monte escalier \u00e0 Villecresnes<\/h1>\n<div class=\"boite_texte\">\n<div style=\"text-align: justify; margin-bottom: 10px;\">Il vous faut mettre en place dans votre logement ou votre duplex un monte escalier \u00e0 Villecresnes, probl\u00e8me vous ne savez pas \u00e0 qui vous adresser. Monteescalier.net va vous donner tous les outils pour faire votre choix.<\/div>\n<div style=\"text-align: justify; margin-bottom: 10px;\">Monteescalier.net dispose de partenaires installateurs de monte escalier dans toute la France et vous permet d&rsquo;\u00eatre mis sans aucun frais en contact avec ceux pouvant intervenir chez vous pour installer un monte escalier \u00e0 Villecresnes.<\/div>\n<div style=\"text-align: justify; margin-bottom: 10px;\">Avoir acc\u00e8s \u00e0 plusieurs propositions, c&rsquo;est mieux pour prendre la bonne d\u00e9cision. C&rsquo;est pourquoi, en entrant simplement vos coordonn\u00e9es sur ce site, nous vous proposerons gratuitement 3, 4, voire 5 devis pour l&rsquo;installation de votre monte escalier \u00e0 Villecresnes.<\/div>\n<div style=\"text-align: justify; margin-bottom: 10px;\">Avant de passer commande d&rsquo;un monte escalier, vous d\u00e9sirez en discuter au t\u00e9l\u00e9phone avec plusieurs experts. Dans ce cas, utilisez notre demande de rappel, et nos partenaires experts du monte escalier vous rappelleront dans les plus brefs d\u00e9lais pour discuter de votre projet.<\/div>\n<div style=\"text-align: justify; margin-bottom: 10px;\">Vous voulez choisir son mod\u00e8le de monte escalier directement depuis votre canap\u00e9 ? C&rsquo;est possible avec monteescalier.net. Remplissez directement un formulaire de demande de documentation sur notre site et vous recevrez toute la documentation n\u00e9cessaire sur les mod\u00e8les de monte escalier commercialis\u00e9s par nos professionnels partenaires.<\/div>\n<div style=\"text-align: justify; margin-bottom: 10px;\">Vous pensez certainement que nous allons vous faire payer ces services&#8230;et bien non ! Tous nos services de mise en relation avec notre s\u00e9lection de vendeurs de monte escalier \u00e0 Villecresnes sont enti\u00e8rement gratuits et vous n&rsquo;\u00eates en aucun cas contraint \u00e0 l&rsquo;achat de quoi que ce soit aupr\u00e8s des revendeurs que nous vous conseillons.<\/div>\n<\/div>\n<div class=\"titre_liens\">Nos offres monteescalier.net \u00e0 proximit\u00e9<\/div>\n<div class=\"boite_liens\"><a href=\"https:\/\/www.monteescalier.net\/france\/monte-escalier-rungis\">Monte escalier Rungis<\/a><br \/>\n<a href=\"https:\/\/www.monteescalier.net\/france\/monte-escalier-ablon-sur-seine\">Monte escalier Ablon-sur-Seine<\/a><br \/>\n<a href=\"https:\/\/www.monteescalier.net\/france\/monte-escalier-marolles-en-brie\">Monte escalier Marolles-en-Brie<\/a><br \/>\n<a href=\"https:\/\/www.monteescalier.net\/france\/monte-escalier-noiseau\">Monte escalier Noiseau<\/a><br \/>\n<a href=\"https:\/\/www.monteescalier.net\/france\/monte-escalier-mandres-les-roses\">Monte escalier Mandres-les-Roses<\/a><\/div>\n","protected":false},"excerpt":{"rendered":"<p>Des infos sur un monte escalier \u00e0 Villecresnes Il vous faut mettre en place dans votre logement ou votre duplex un monte escalier \u00e0 Villecresnes, probl\u00e8me vous ne savez pas \u00e0 qui vous adresser. Monteescalier.net va vous donner tous les outils pour faire votre choix. Monteescalier.net dispose de partenaires installateurs de monte escalier dans toute [&hellip;]<\/p>\n","protected":false},"author":1,"featured_media":0,"parent":0,"menu_order":0,"comment_status":"closed","ping_status":"open","template":"template_ville_10.php","meta":{"_monsterinsights_skip_tracking":false,"_monsterinsights_sitenote_active":false,"_monsterinsights_sitenote_note":"","_monsterinsights_sitenote_category":0,"footnotes":""},"class_list":["post-1856","page","type-page","status-publish","hentry"],"yoast_head":"<!-- This site is optimized with the Yoast SEO plugin v26.3 - https:\/\/yoast.com\/wordpress\/plugins\/seo\/ -->\n<title>Monte escalier Villecresnes - Monte escalier<\/title>\n<meta name=\"robots\" content=\"index, follow, max-snippet:-1, max-image-preview:large, max-video-preview:-1\" \/>\n<link rel=\"canonical\" href=\"https:\/\/www.monteescalier.net\/france\/monte-escalier-villecresnes\/\" \/>\n<meta property=\"og:locale\" content=\"fr_FR\" \/>\n<meta property=\"og:type\" content=\"article\" \/>\n<meta property=\"og:title\" content=\"Monte escalier Villecresnes - Monte escalier\" \/>\n<meta property=\"og:description\" content=\"Des infos sur un monte escalier \u00e0 Villecresnes Il vous faut mettre en place dans votre logement ou votre duplex un monte escalier \u00e0 Villecresnes, probl\u00e8me vous ne savez pas \u00e0 qui vous adresser. Monteescalier.net va vous donner tous les outils pour faire votre choix. Monteescalier.net dispose de partenaires installateurs de monte escalier dans toute [&hellip;]\" \/>\n<meta property=\"og:url\" content=\"https:\/\/www.monteescalier.net\/france\/monte-escalier-villecresnes\/\" \/>\n<meta property=\"og:site_name\" content=\"Monte escalier\" \/>\n<meta property=\"article:modified_time\" content=\"2020-01-17T09:48:22+00:00\" \/>\n<meta name=\"twitter:card\" content=\"summary_large_image\" \/>\n<meta name=\"twitter:label1\" content=\"Dur\u00e9e de lecture estim\u00e9e\" \/>\n\t<meta name=\"twitter:data1\" content=\"1 minute\" \/>\n<script type=\"application\/ld+json\" class=\"yoast-schema-graph\">{\"@context\":\"https:\/\/schema.org\",\"@graph\":[{\"@type\":\"WebPage\",\"@id\":\"https:\/\/www.monteescalier.net\/france\/monte-escalier-villecresnes\/\",\"url\":\"https:\/\/www.monteescalier.net\/france\/monte-escalier-villecresnes\/\",\"name\":\"Monte escalier Villecresnes - Monte escalier\",\"isPartOf\":{\"@id\":\"https:\/\/www.monteescalier.net\/france\/#website\"},\"datePublished\":\"2019-03-26T09:47:23+00:00\",\"dateModified\":\"2020-01-17T09:48:22+00:00\",\"breadcrumb\":{\"@id\":\"https:\/\/www.monteescalier.net\/france\/monte-escalier-villecresnes\/#breadcrumb\"},\"inLanguage\":\"fr-FR\",\"potentialAction\":[{\"@type\":\"ReadAction\",\"target\":[\"https:\/\/www.monteescalier.net\/france\/monte-escalier-villecresnes\/\"]}]},{\"@type\":\"BreadcrumbList\",\"@id\":\"https:\/\/www.monteescalier.net\/france\/monte-escalier-villecresnes\/#breadcrumb\",\"itemListElement\":[{\"@type\":\"ListItem\",\"position\":1,\"name\":\"Accueil\",\"item\":\"https:\/\/www.monteescalier.net\/france\/\"},{\"@type\":\"ListItem\",\"position\":2,\"name\":\"Monte escalier Villecresnes\"}]},{\"@type\":\"WebSite\",\"@id\":\"https:\/\/www.monteescalier.net\/france\/#website\",\"url\":\"https:\/\/www.monteescalier.net\/france\/\",\"name\":\"Monte escalier\",\"description\":\"\",\"publisher\":{\"@id\":\"https:\/\/www.monteescalier.net\/france\/#organization\"},\"potentialAction\":[{\"@type\":\"SearchAction\",\"target\":{\"@type\":\"EntryPoint\",\"urlTemplate\":\"https:\/\/www.monteescalier.net\/france\/?s={search_term_string}\"},\"query-input\":{\"@type\":\"PropertyValueSpecification\",\"valueRequired\":true,\"valueName\":\"search_term_string\"}}],\"inLanguage\":\"fr-FR\"},{\"@type\":\"Organization\",\"@id\":\"https:\/\/www.monteescalier.net\/france\/#organization\",\"name\":\"monte-escalier.net\",\"url\":\"https:\/\/www.monteescalier.net\/france\/\",\"logo\":{\"@type\":\"ImageObject\",\"inLanguage\":\"fr-FR\",\"@id\":\"https:\/\/www.monteescalier.net\/france\/#\/schema\/logo\/image\/\",\"url\":\"https:\/\/www.monteescalier.net\/france\/wp-content\/uploads\/2016\/10\/4devis-mont-escalier-500-500.gif\",\"contentUrl\":\"https:\/\/www.monteescalier.net\/france\/wp-content\/uploads\/2016\/10\/4devis-mont-escalier-500-500.gif\",\"width\":500,\"height\":500,\"caption\":\"monte-escalier.net\"},\"image\":{\"@id\":\"https:\/\/www.monteescalier.net\/france\/#\/schema\/logo\/image\/\"}}]}<\/script>\n<!-- \/ Yoast SEO plugin. -->","yoast_head_json":{"title":"Monte escalier Villecresnes - Monte escalier","robots":{"index":"index","follow":"follow","max-snippet":"max-snippet:-1","max-image-preview":"max-image-preview:large","max-video-preview":"max-video-preview:-1"},"canonical":"https:\/\/www.monteescalier.net\/france\/monte-escalier-villecresnes\/","og_locale":"fr_FR","og_type":"article","og_title":"Monte escalier Villecresnes - Monte escalier","og_description":"Des infos sur un monte escalier \u00e0 Villecresnes Il vous faut mettre en place dans votre logement ou votre duplex un monte escalier \u00e0 Villecresnes, probl\u00e8me vous ne savez pas \u00e0 qui vous adresser. Monteescalier.net va vous donner tous les outils pour faire votre choix. Monteescalier.net dispose de partenaires installateurs de monte escalier dans toute [&hellip;]","og_url":"https:\/\/www.monteescalier.net\/france\/monte-escalier-villecresnes\/","og_site_name":"Monte escalier","article_modified_time":"2020-01-17T09:48:22+00:00","twitter_card":"summary_large_image","twitter_misc":{"Dur\u00e9e de lecture estim\u00e9e":"1 minute"},"schema":{"@context":"https:\/\/schema.org","@graph":[{"@type":"WebPage","@id":"https:\/\/www.monteescalier.net\/france\/monte-escalier-villecresnes\/","url":"https:\/\/www.monteescalier.net\/france\/monte-escalier-villecresnes\/","name":"Monte escalier Villecresnes - Monte escalier","isPartOf":{"@id":"https:\/\/www.monteescalier.net\/france\/#website"},"datePublished":"2019-03-26T09:47:23+00:00","dateModified":"2020-01-17T09:48:22+00:00","breadcrumb":{"@id":"https:\/\/www.monteescalier.net\/france\/monte-escalier-villecresnes\/#breadcrumb"},"inLanguage":"fr-FR","potentialAction":[{"@type":"ReadAction","target":["https:\/\/www.monteescalier.net\/france\/monte-escalier-villecresnes\/"]}]},{"@type":"BreadcrumbList","@id":"https:\/\/www.monteescalier.net\/france\/monte-escalier-villecresnes\/#breadcrumb","itemListElement":[{"@type":"ListItem","position":1,"name":"Accueil","item":"https:\/\/www.monteescalier.net\/france\/"},{"@type":"ListItem","position":2,"name":"Monte escalier Villecresnes"}]},{"@type":"WebSite","@id":"https:\/\/www.monteescalier.net\/france\/#website","url":"https:\/\/www.monteescalier.net\/france\/","name":"Monte escalier","description":"","publisher":{"@id":"https:\/\/www.monteescalier.net\/france\/#organization"},"potentialAction":[{"@type":"SearchAction","target":{"@type":"EntryPoint","urlTemplate":"https:\/\/www.monteescalier.net\/france\/?s={search_term_string}"},"query-input":{"@type":"PropertyValueSpecification","valueRequired":true,"valueName":"search_term_string"}}],"inLanguage":"fr-FR"},{"@type":"Organization","@id":"https:\/\/www.monteescalier.net\/france\/#organization","name":"monte-escalier.net","url":"https:\/\/www.monteescalier.net\/france\/","logo":{"@type":"ImageObject","inLanguage":"fr-FR","@id":"https:\/\/www.monteescalier.net\/france\/#\/schema\/logo\/image\/","url":"https:\/\/www.monteescalier.net\/france\/wp-content\/uploads\/2016\/10\/4devis-mont-escalier-500-500.gif","contentUrl":"https:\/\/www.monteescalier.net\/france\/wp-content\/uploads\/2016\/10\/4devis-mont-escalier-500-500.gif","width":500,"height":500,"caption":"monte-escalier.net"},"image":{"@id":"https:\/\/www.monteescalier.net\/france\/#\/schema\/logo\/image\/"}}]}},"_links":{"self":[{"href":"https:\/\/www.monteescalier.net\/france\/wp-json\/wp\/v2\/pages\/1856","targetHints":{"allow":["GET"]}}],"collection":[{"href":"https:\/\/www.monteescalier.net\/france\/wp-json\/wp\/v2\/pages"}],"about":[{"href":"https:\/\/www.monteescalier.net\/france\/wp-json\/wp\/v2\/types\/page"}],"author":[{"embeddable":true,"href":"https:\/\/www.monteescalier.net\/france\/wp-json\/wp\/v2\/users\/1"}],"replies":[{"embeddable":true,"href":"https:\/\/www.monteescalier.net\/france\/wp-json\/wp\/v2\/comments?post=1856"}],"version-history":[{"count":1,"href":"https:\/\/www.monteescalier.net\/france\/wp-json\/wp\/v2\/pages\/1856\/revisions"}],"predecessor-version":[{"id":8639,"href":"https:\/\/www.monteescalier.net\/france\/wp-json\/wp\/v2\/pages\/1856\/revisions\/8639"}],"wp:attachment":[{"href":"https:\/\/www.monteescalier.net\/france\/wp-json\/wp\/v2\/media?parent=1856"}],"curies":[{"name":"wp","href":"https:\/\/api.w.org\/{rel}","templated":true}]}}