{"id":1949,"date":"2019-03-26T10:47:25","date_gmt":"2019-03-26T09:47:25","guid":{"rendered":"https:\/\/www.monteescalier.net\/france\/?page_id=1949"},"modified":"2020-01-16T17:10:18","modified_gmt":"2020-01-16T16:10:18","slug":"monte-escalier-vaucresson","status":"publish","type":"page","link":"https:\/\/www.monteescalier.net\/france\/monte-escalier-vaucresson\/","title":{"rendered":"Monte escalier Vaucresson"},"content":{"rendered":"<h1>Devis gratuit pour un monte escalier \u00e0 Vaucresson<\/h1>\n<div class=\"boite_texte\">\n<div style=\"text-align: justify; margin-bottom: 10px;\">Il vous faut installer dans votre demeure ou votre duplex un monte escalier \u00e0 Vaucresson, probl\u00e8me vous ne savez pas \u00e0 qui vous adresser. Monteescalier.net va vous donner tous les outils pour faire votre choix.<\/div>\n<div style=\"text-align: justify; margin-bottom: 10px;\">Comment trouver le bon prestataire de monte escalier \u00e0 Vaucresson, c&rsquo;est tr\u00e8s facile. Faites confiance \u00e0 monteescalier pour vous mettre en contact tr\u00e8s rapidement avec les vendeurs de monte escalier qui comptent dans votre d\u00e9partement. Pas question de vous mettre en relation avec des prestataires qui ne desservent pas Vaucresson. Nous vous pr\u00e9senterons des prestataires locaux et nationaux, mais qui vendent tous des monte escalier \u00e0 Vaucresson et bien s\u00fbr les installent.<\/div>\n<div style=\"text-align: justify; margin-bottom: 10px;\">A quoi bon multipliez les demandes \u00e0 droite et \u00e0 gauche, alors que nous vous proposons gratuitement de centraliser votre demande aupr\u00e8s des professionnels du monte escalier de Vaucresson. Saisissez vite vos coordonn\u00e9es dans notre formulaire de demande de devis et vous recevrez leurs propositions directement dans votre boite mail (ou par courrier si vous pr\u00e9f\u00e9rez).<\/div>\n<div style=\"text-align: justify; margin-bottom: 10px;\">Chaque installation de monte escalier \u00e9tant sp\u00e9cifique, vous pouvez \u00eatre amen\u00e9 \u00e0 vouloir en parler avec de v\u00e9ritables experts, professionnels de l&rsquo;installation de monte escalier \u00e0 Vaucresson. Pour vous faciliter la t\u00e2che, utilisez notre service de demande de rappel, un formulaire avec vos coordonn\u00e9es \u00e0 remplir et vous serez tr\u00e8s vite rappel\u00e9s par nos partenaire dans votre d\u00e9partement.<\/div>\n<div style=\"text-align: justify; margin-bottom: 10px;\">Vous voulez choisir son mod\u00e8le de monte escalier directement de chez vous ? C&rsquo;est possible avec monteescalier.net. Remplissez directement un formulaire de demande de documentation sur notre site et vous recevrez toute la documentation n\u00e9cessaire sur les mod\u00e8les de monte escalier commercialis\u00e9s par nos professionnels partenaires.<\/div>\n<div style=\"text-align: justify; margin-bottom: 10px;\">Ne faites plus la chasse aux prestataires, laissez notre service de mise en relation pr\u00e9parer le terrain pour vous. C&rsquo;est int\u00e9gralement gratuit et cela vous permettra d&rsquo;\u00eatre mis tr\u00e8s rapidement en relation avec notre liste de professionnels du monte escalier de Vaucresson et sa r\u00e9gion, sans efforts, ni contraintes&#8230; difficile de vous proposer mieux non?<\/div>\n<\/div>\n<div class=\"titre_liens\">Les monte escaliers \u00e0 proximit\u00e9<\/div>\n<div class=\"boite_liens\"><a href=\"https:\/\/www.monteescalier.net\/france\/monte-escalier-boulogne-billancourt\">Monte escalier Boulogne-Billancourt<\/a><br \/>\n<a href=\"https:\/\/www.monteescalier.net\/france\/monte-escalier-nanterre\">Monte escalier Nanterre<\/a><br \/>\n<a href=\"https:\/\/www.monteescalier.net\/france\/monte-escalier-courbevoie\">Monte escalier Courbevoie<\/a><br \/>\n<a href=\"https:\/\/www.monteescalier.net\/france\/monte-escalier-colombes\">Monte escalier Colombes<\/a><br \/>\n<a href=\"https:\/\/www.monteescalier.net\/france\/monte-escalier-asnieres-sur-seine\">Monte escalier Asni\u00e8res-sur-Seine<\/a><\/div>\n","protected":false},"excerpt":{"rendered":"<p>Devis gratuit pour un monte escalier \u00e0 Vaucresson Il vous faut installer dans votre demeure ou votre duplex un monte escalier \u00e0 Vaucresson, probl\u00e8me vous ne savez pas \u00e0 qui vous adresser. Monteescalier.net va vous donner tous les outils pour faire votre choix. Comment trouver le bon prestataire de monte escalier \u00e0 Vaucresson, c&rsquo;est tr\u00e8s [&hellip;]<\/p>\n","protected":false},"author":1,"featured_media":0,"parent":0,"menu_order":0,"comment_status":"closed","ping_status":"open","template":"","meta":{"_monsterinsights_skip_tracking":false,"_monsterinsights_sitenote_active":false,"_monsterinsights_sitenote_note":"","_monsterinsights_sitenote_category":0,"footnotes":""},"class_list":["post-1949","page","type-page","status-publish","hentry"],"yoast_head":"<!-- This site is optimized with the Yoast SEO plugin v26.3 - https:\/\/yoast.com\/wordpress\/plugins\/seo\/ -->\n<title>Monte escalier Vaucresson - Monte escalier<\/title>\n<meta name=\"robots\" content=\"index, follow, max-snippet:-1, max-image-preview:large, max-video-preview:-1\" \/>\n<link rel=\"canonical\" href=\"https:\/\/www.monteescalier.net\/france\/monte-escalier-vaucresson\/\" \/>\n<meta property=\"og:locale\" content=\"fr_FR\" \/>\n<meta property=\"og:type\" content=\"article\" \/>\n<meta property=\"og:title\" content=\"Monte escalier Vaucresson - Monte escalier\" \/>\n<meta property=\"og:description\" content=\"Devis gratuit pour un monte escalier \u00e0 Vaucresson Il vous faut installer dans votre demeure ou votre duplex un monte escalier \u00e0 Vaucresson, probl\u00e8me vous ne savez pas \u00e0 qui vous adresser. Monteescalier.net va vous donner tous les outils pour faire votre choix. Comment trouver le bon prestataire de monte escalier \u00e0 Vaucresson, c&rsquo;est tr\u00e8s [&hellip;]\" \/>\n<meta property=\"og:url\" content=\"https:\/\/www.monteescalier.net\/france\/monte-escalier-vaucresson\/\" \/>\n<meta property=\"og:site_name\" content=\"Monte escalier\" \/>\n<meta property=\"article:modified_time\" content=\"2020-01-16T16:10:18+00:00\" \/>\n<meta name=\"twitter:card\" content=\"summary_large_image\" \/>\n<meta name=\"twitter:label1\" content=\"Dur\u00e9e de lecture estim\u00e9e\" \/>\n\t<meta name=\"twitter:data1\" content=\"2 minutes\" \/>\n<script type=\"application\/ld+json\" class=\"yoast-schema-graph\">{\"@context\":\"https:\/\/schema.org\",\"@graph\":[{\"@type\":\"WebPage\",\"@id\":\"https:\/\/www.monteescalier.net\/france\/monte-escalier-vaucresson\/\",\"url\":\"https:\/\/www.monteescalier.net\/france\/monte-escalier-vaucresson\/\",\"name\":\"Monte escalier Vaucresson - Monte escalier\",\"isPartOf\":{\"@id\":\"https:\/\/www.monteescalier.net\/france\/#website\"},\"datePublished\":\"2019-03-26T09:47:25+00:00\",\"dateModified\":\"2020-01-16T16:10:18+00:00\",\"breadcrumb\":{\"@id\":\"https:\/\/www.monteescalier.net\/france\/monte-escalier-vaucresson\/#breadcrumb\"},\"inLanguage\":\"fr-FR\",\"potentialAction\":[{\"@type\":\"ReadAction\",\"target\":[\"https:\/\/www.monteescalier.net\/france\/monte-escalier-vaucresson\/\"]}]},{\"@type\":\"BreadcrumbList\",\"@id\":\"https:\/\/www.monteescalier.net\/france\/monte-escalier-vaucresson\/#breadcrumb\",\"itemListElement\":[{\"@type\":\"ListItem\",\"position\":1,\"name\":\"Accueil\",\"item\":\"https:\/\/www.monteescalier.net\/france\/\"},{\"@type\":\"ListItem\",\"position\":2,\"name\":\"Monte escalier Vaucresson\"}]},{\"@type\":\"WebSite\",\"@id\":\"https:\/\/www.monteescalier.net\/france\/#website\",\"url\":\"https:\/\/www.monteescalier.net\/france\/\",\"name\":\"Monte escalier\",\"description\":\"\",\"publisher\":{\"@id\":\"https:\/\/www.monteescalier.net\/france\/#organization\"},\"potentialAction\":[{\"@type\":\"SearchAction\",\"target\":{\"@type\":\"EntryPoint\",\"urlTemplate\":\"https:\/\/www.monteescalier.net\/france\/?s={search_term_string}\"},\"query-input\":{\"@type\":\"PropertyValueSpecification\",\"valueRequired\":true,\"valueName\":\"search_term_string\"}}],\"inLanguage\":\"fr-FR\"},{\"@type\":\"Organization\",\"@id\":\"https:\/\/www.monteescalier.net\/france\/#organization\",\"name\":\"monte-escalier.net\",\"url\":\"https:\/\/www.monteescalier.net\/france\/\",\"logo\":{\"@type\":\"ImageObject\",\"inLanguage\":\"fr-FR\",\"@id\":\"https:\/\/www.monteescalier.net\/france\/#\/schema\/logo\/image\/\",\"url\":\"https:\/\/www.monteescalier.net\/france\/wp-content\/uploads\/2016\/10\/4devis-mont-escalier-500-500.gif\",\"contentUrl\":\"https:\/\/www.monteescalier.net\/france\/wp-content\/uploads\/2016\/10\/4devis-mont-escalier-500-500.gif\",\"width\":500,\"height\":500,\"caption\":\"monte-escalier.net\"},\"image\":{\"@id\":\"https:\/\/www.monteescalier.net\/france\/#\/schema\/logo\/image\/\"}}]}<\/script>\n<!-- \/ Yoast SEO plugin. -->","yoast_head_json":{"title":"Monte escalier Vaucresson - Monte escalier","robots":{"index":"index","follow":"follow","max-snippet":"max-snippet:-1","max-image-preview":"max-image-preview:large","max-video-preview":"max-video-preview:-1"},"canonical":"https:\/\/www.monteescalier.net\/france\/monte-escalier-vaucresson\/","og_locale":"fr_FR","og_type":"article","og_title":"Monte escalier Vaucresson - Monte escalier","og_description":"Devis gratuit pour un monte escalier \u00e0 Vaucresson Il vous faut installer dans votre demeure ou votre duplex un monte escalier \u00e0 Vaucresson, probl\u00e8me vous ne savez pas \u00e0 qui vous adresser. Monteescalier.net va vous donner tous les outils pour faire votre choix. Comment trouver le bon prestataire de monte escalier \u00e0 Vaucresson, c&rsquo;est tr\u00e8s [&hellip;]","og_url":"https:\/\/www.monteescalier.net\/france\/monte-escalier-vaucresson\/","og_site_name":"Monte escalier","article_modified_time":"2020-01-16T16:10:18+00:00","twitter_card":"summary_large_image","twitter_misc":{"Dur\u00e9e de lecture estim\u00e9e":"2 minutes"},"schema":{"@context":"https:\/\/schema.org","@graph":[{"@type":"WebPage","@id":"https:\/\/www.monteescalier.net\/france\/monte-escalier-vaucresson\/","url":"https:\/\/www.monteescalier.net\/france\/monte-escalier-vaucresson\/","name":"Monte escalier Vaucresson - Monte escalier","isPartOf":{"@id":"https:\/\/www.monteescalier.net\/france\/#website"},"datePublished":"2019-03-26T09:47:25+00:00","dateModified":"2020-01-16T16:10:18+00:00","breadcrumb":{"@id":"https:\/\/www.monteescalier.net\/france\/monte-escalier-vaucresson\/#breadcrumb"},"inLanguage":"fr-FR","potentialAction":[{"@type":"ReadAction","target":["https:\/\/www.monteescalier.net\/france\/monte-escalier-vaucresson\/"]}]},{"@type":"BreadcrumbList","@id":"https:\/\/www.monteescalier.net\/france\/monte-escalier-vaucresson\/#breadcrumb","itemListElement":[{"@type":"ListItem","position":1,"name":"Accueil","item":"https:\/\/www.monteescalier.net\/france\/"},{"@type":"ListItem","position":2,"name":"Monte escalier Vaucresson"}]},{"@type":"WebSite","@id":"https:\/\/www.monteescalier.net\/france\/#website","url":"https:\/\/www.monteescalier.net\/france\/","name":"Monte escalier","description":"","publisher":{"@id":"https:\/\/www.monteescalier.net\/france\/#organization"},"potentialAction":[{"@type":"SearchAction","target":{"@type":"EntryPoint","urlTemplate":"https:\/\/www.monteescalier.net\/france\/?s={search_term_string}"},"query-input":{"@type":"PropertyValueSpecification","valueRequired":true,"valueName":"search_term_string"}}],"inLanguage":"fr-FR"},{"@type":"Organization","@id":"https:\/\/www.monteescalier.net\/france\/#organization","name":"monte-escalier.net","url":"https:\/\/www.monteescalier.net\/france\/","logo":{"@type":"ImageObject","inLanguage":"fr-FR","@id":"https:\/\/www.monteescalier.net\/france\/#\/schema\/logo\/image\/","url":"https:\/\/www.monteescalier.net\/france\/wp-content\/uploads\/2016\/10\/4devis-mont-escalier-500-500.gif","contentUrl":"https:\/\/www.monteescalier.net\/france\/wp-content\/uploads\/2016\/10\/4devis-mont-escalier-500-500.gif","width":500,"height":500,"caption":"monte-escalier.net"},"image":{"@id":"https:\/\/www.monteescalier.net\/france\/#\/schema\/logo\/image\/"}}]}},"_links":{"self":[{"href":"https:\/\/www.monteescalier.net\/france\/wp-json\/wp\/v2\/pages\/1949","targetHints":{"allow":["GET"]}}],"collection":[{"href":"https:\/\/www.monteescalier.net\/france\/wp-json\/wp\/v2\/pages"}],"about":[{"href":"https:\/\/www.monteescalier.net\/france\/wp-json\/wp\/v2\/types\/page"}],"author":[{"embeddable":true,"href":"https:\/\/www.monteescalier.net\/france\/wp-json\/wp\/v2\/users\/1"}],"replies":[{"embeddable":true,"href":"https:\/\/www.monteescalier.net\/france\/wp-json\/wp\/v2\/comments?post=1949"}],"version-history":[{"count":1,"href":"https:\/\/www.monteescalier.net\/france\/wp-json\/wp\/v2\/pages\/1949\/revisions"}],"predecessor-version":[{"id":8584,"href":"https:\/\/www.monteescalier.net\/france\/wp-json\/wp\/v2\/pages\/1949\/revisions\/8584"}],"wp:attachment":[{"href":"https:\/\/www.monteescalier.net\/france\/wp-json\/wp\/v2\/media?parent=1949"}],"curies":[{"name":"wp","href":"https:\/\/api.w.org\/{rel}","templated":true}]}}