{"id":2019,"date":"2013-09-26T10:47:26","date_gmt":"2013-09-26T10:47:26","guid":{"rendered":"https:\/\/www.monteescalier.net\/france\/?page_id=2019"},"modified":"2017-08-29T00:00:00","modified_gmt":"2017-08-29T00:00:00","slug":"monte-escalier-le-grau-du-roi","status":"publish","type":"page","link":"https:\/\/www.monteescalier.net\/france\/monte-escalier-le-grau-du-roi\/","title":{"rendered":"Monte escalier Le Grau-du-Roi"},"content":{"rendered":"<h1>Trouver les vendeurs de monte escalier au Grau-du-Roi<\/h1>\n<div class=\"boite_texte\">\n<div style=\"text-align:justify; margin-bottom:10px\">Mettre en place un monte escalier au Grau du Roi dans votre maison dans le Gard, ce n&rsquo;est pas difficile, mais comment trouver le meilleur rapport qualit\u00e9 prix, le site monteescalier.net peut vous y aider en vous donnant acc\u00e8s rapidement \u00e0 4 devis d&rsquo;installateurs dans la r\u00e9gion Occitanie.<\/div>\n<div style=\"text-align:justify; margin-bottom:10px\">Monteescalier.net est un portail mettant en rapport les acheteurs potentiels de monte escalier et les vendeurs de monte escalier. Passer par notre site est en cons\u00e9quence l&rsquo;assurance de pouvoir \u00eatre mis en relation avec les principaux vendeurs de monte escalier sur Le Grau-du-Roi.<\/div>\n<div style=\"text-align:justify; margin-bottom:10px\">Avoir acc\u00e8s \u00e0 plusieurs propositions, c&rsquo;est mieux pour prendre la bonne d\u00e9cision. C&rsquo;est pourquoi, en entrant simplement vos coordonn\u00e9es sur ce site, nous vous proposerons gratuitement 3, 4, voire 5 devis pour l&rsquo;installation de votre monte escalier au Grau-du-Roi.<\/div>\n<div style=\"text-align:justify; margin-bottom:10px\">Votre d\u00e9cision d&rsquo;achat n&rsquo;est pas prise, vous pr\u00e9f\u00e9rez en parler au pr\u00e9alable avec les professionnels du monte escalier dans la r\u00e9gion Occitanie. Une seule demande de rappel sur notre site et ils vous rappelleront gratuitement pour r\u00e9pondre \u00e0 toutes vos questions.<\/div>\n<div style=\"text-align:justify; margin-bottom:10px\">Consulter des brochures de pr\u00e9sentation produits peut vous aider \u00e0 effectuer un choix de mod\u00e8les de monte escalier. Nos partenaires peuvent mettre \u00e0 votre disposition des brochures papier ou \u00e9lectroniques. Le formulaire de demande de documentation sur ce site vous permettra d&rsquo;acc\u00e9der gratuitement \u00e0 ce service.<\/div>\n<div style=\"text-align:justify; margin-bottom:10px\">Vous pensez certainement que nous allons vous faire payer ces services&#8230;et bien non ! Tous nos services de mise en relation avec notre s\u00e9lection de vendeurs de monte escalier \u00e0 Grau-du-Roi sont enti\u00e8rement gratuits et vous n&rsquo;\u00eates en aucun cas forc\u00e9 d&rsquo;acheter quoi que ce soit aupr\u00e8s des revendeurs que nous vous conseillons.<\/div>\n<\/div>\n<div class=\"titre_liens\">Vous serez peut \u00eatre int\u00e9ress\u00e9s aussi par nos autres offres dans le d\u00e9partement<\/div>\n<div class=\"boite_liens\"><a href=\"https:\/\/www.monteescalier.net\/france\/monte-escalier-aigues-mortes\">Monte escalier Aigues-Mortes<\/a><br \/>\n<a href=\"https:\/\/www.monteescalier.net\/france\/monte-escalier-rochefort-du-gard\">Monte escalier Rochefort-du-Gard<\/a><br \/>\n<a href=\"https:\/\/www.monteescalier.net\/france\/monte-escalier-saint-christol-les-ales\">Monte escalier Saint-Christol-l\u00e8s-Al\u00e8s<\/a><br \/>\n<a href=\"https:\/\/www.monteescalier.net\/france\/monte-escalier-bellegarde\">Monte escalier Bellegarde<\/a><br \/>\n<a href=\"https:\/\/www.monteescalier.net\/france\/monte-escalier-bouillargues\">Monte escalier Bouillargues<\/a>\n<\/div>\n","protected":false},"excerpt":{"rendered":"<p>Trouver les vendeurs de monte escalier au Grau-du-Roi Mettre en place un monte escalier au Grau du Roi dans votre maison dans le Gard, ce n&rsquo;est pas difficile, mais comment trouver le meilleur rapport qualit\u00e9 prix, le site monteescalier.net peut vous y aider en vous donnant acc\u00e8s rapidement \u00e0 4 devis d&rsquo;installateurs dans la r\u00e9gion [&hellip;]<\/p>\n","protected":false},"author":1,"featured_media":0,"parent":0,"menu_order":0,"comment_status":"closed","ping_status":"open","template":"template_ville_7.php","meta":{"_monsterinsights_skip_tracking":false,"_monsterinsights_sitenote_active":false,"_monsterinsights_sitenote_note":"","_monsterinsights_sitenote_category":0,"footnotes":""},"class_list":["post-2019","page","type-page","status-publish","hentry"],"yoast_head":"<!-- This site is optimized with the Yoast SEO plugin v26.3 - https:\/\/yoast.com\/wordpress\/plugins\/seo\/ -->\n<title>Monte escalier Le Grau-du-Roi - Monte escalier<\/title>\n<meta name=\"robots\" content=\"index, follow, max-snippet:-1, max-image-preview:large, max-video-preview:-1\" \/>\n<link rel=\"canonical\" href=\"https:\/\/www.monteescalier.net\/france\/monte-escalier-le-grau-du-roi\/\" \/>\n<meta property=\"og:locale\" content=\"fr_FR\" \/>\n<meta property=\"og:type\" content=\"article\" \/>\n<meta property=\"og:title\" content=\"Monte escalier Le Grau-du-Roi - Monte escalier\" \/>\n<meta property=\"og:description\" content=\"Trouver les vendeurs de monte escalier au Grau-du-Roi Mettre en place un monte escalier au Grau du Roi dans votre maison dans le Gard, ce n&rsquo;est pas difficile, mais comment trouver le meilleur rapport qualit\u00e9 prix, le site monteescalier.net peut vous y aider en vous donnant acc\u00e8s rapidement \u00e0 4 devis d&rsquo;installateurs dans la r\u00e9gion [&hellip;]\" \/>\n<meta property=\"og:url\" content=\"https:\/\/www.monteescalier.net\/france\/monte-escalier-le-grau-du-roi\/\" \/>\n<meta property=\"og:site_name\" content=\"Monte escalier\" \/>\n<meta property=\"article:modified_time\" content=\"2017-08-29T00:00:00+00:00\" \/>\n<meta name=\"twitter:card\" content=\"summary_large_image\" \/>\n<meta name=\"twitter:label1\" content=\"Dur\u00e9e de lecture estim\u00e9e\" \/>\n\t<meta name=\"twitter:data1\" content=\"2 minutes\" \/>\n<script type=\"application\/ld+json\" class=\"yoast-schema-graph\">{\"@context\":\"https:\/\/schema.org\",\"@graph\":[{\"@type\":\"WebPage\",\"@id\":\"https:\/\/www.monteescalier.net\/france\/monte-escalier-le-grau-du-roi\/\",\"url\":\"https:\/\/www.monteescalier.net\/france\/monte-escalier-le-grau-du-roi\/\",\"name\":\"Monte escalier Le Grau-du-Roi - Monte escalier\",\"isPartOf\":{\"@id\":\"https:\/\/www.monteescalier.net\/france\/#website\"},\"datePublished\":\"2013-09-26T10:47:26+00:00\",\"dateModified\":\"2017-08-29T00:00:00+00:00\",\"breadcrumb\":{\"@id\":\"https:\/\/www.monteescalier.net\/france\/monte-escalier-le-grau-du-roi\/#breadcrumb\"},\"inLanguage\":\"fr-FR\",\"potentialAction\":[{\"@type\":\"ReadAction\",\"target\":[\"https:\/\/www.monteescalier.net\/france\/monte-escalier-le-grau-du-roi\/\"]}]},{\"@type\":\"BreadcrumbList\",\"@id\":\"https:\/\/www.monteescalier.net\/france\/monte-escalier-le-grau-du-roi\/#breadcrumb\",\"itemListElement\":[{\"@type\":\"ListItem\",\"position\":1,\"name\":\"Accueil\",\"item\":\"https:\/\/www.monteescalier.net\/france\/\"},{\"@type\":\"ListItem\",\"position\":2,\"name\":\"Monte escalier Le Grau-du-Roi\"}]},{\"@type\":\"WebSite\",\"@id\":\"https:\/\/www.monteescalier.net\/france\/#website\",\"url\":\"https:\/\/www.monteescalier.net\/france\/\",\"name\":\"Monte escalier\",\"description\":\"\",\"publisher\":{\"@id\":\"https:\/\/www.monteescalier.net\/france\/#organization\"},\"potentialAction\":[{\"@type\":\"SearchAction\",\"target\":{\"@type\":\"EntryPoint\",\"urlTemplate\":\"https:\/\/www.monteescalier.net\/france\/?s={search_term_string}\"},\"query-input\":{\"@type\":\"PropertyValueSpecification\",\"valueRequired\":true,\"valueName\":\"search_term_string\"}}],\"inLanguage\":\"fr-FR\"},{\"@type\":\"Organization\",\"@id\":\"https:\/\/www.monteescalier.net\/france\/#organization\",\"name\":\"monte-escalier.net\",\"url\":\"https:\/\/www.monteescalier.net\/france\/\",\"logo\":{\"@type\":\"ImageObject\",\"inLanguage\":\"fr-FR\",\"@id\":\"https:\/\/www.monteescalier.net\/france\/#\/schema\/logo\/image\/\",\"url\":\"https:\/\/www.monteescalier.net\/france\/wp-content\/uploads\/2016\/10\/4devis-mont-escalier-500-500.gif\",\"contentUrl\":\"https:\/\/www.monteescalier.net\/france\/wp-content\/uploads\/2016\/10\/4devis-mont-escalier-500-500.gif\",\"width\":500,\"height\":500,\"caption\":\"monte-escalier.net\"},\"image\":{\"@id\":\"https:\/\/www.monteescalier.net\/france\/#\/schema\/logo\/image\/\"}}]}<\/script>\n<!-- \/ Yoast SEO plugin. -->","yoast_head_json":{"title":"Monte escalier Le Grau-du-Roi - Monte escalier","robots":{"index":"index","follow":"follow","max-snippet":"max-snippet:-1","max-image-preview":"max-image-preview:large","max-video-preview":"max-video-preview:-1"},"canonical":"https:\/\/www.monteescalier.net\/france\/monte-escalier-le-grau-du-roi\/","og_locale":"fr_FR","og_type":"article","og_title":"Monte escalier Le Grau-du-Roi - Monte escalier","og_description":"Trouver les vendeurs de monte escalier au Grau-du-Roi Mettre en place un monte escalier au Grau du Roi dans votre maison dans le Gard, ce n&rsquo;est pas difficile, mais comment trouver le meilleur rapport qualit\u00e9 prix, le site monteescalier.net peut vous y aider en vous donnant acc\u00e8s rapidement \u00e0 4 devis d&rsquo;installateurs dans la r\u00e9gion [&hellip;]","og_url":"https:\/\/www.monteescalier.net\/france\/monte-escalier-le-grau-du-roi\/","og_site_name":"Monte escalier","article_modified_time":"2017-08-29T00:00:00+00:00","twitter_card":"summary_large_image","twitter_misc":{"Dur\u00e9e de lecture estim\u00e9e":"2 minutes"},"schema":{"@context":"https:\/\/schema.org","@graph":[{"@type":"WebPage","@id":"https:\/\/www.monteescalier.net\/france\/monte-escalier-le-grau-du-roi\/","url":"https:\/\/www.monteescalier.net\/france\/monte-escalier-le-grau-du-roi\/","name":"Monte escalier Le Grau-du-Roi - Monte escalier","isPartOf":{"@id":"https:\/\/www.monteescalier.net\/france\/#website"},"datePublished":"2013-09-26T10:47:26+00:00","dateModified":"2017-08-29T00:00:00+00:00","breadcrumb":{"@id":"https:\/\/www.monteescalier.net\/france\/monte-escalier-le-grau-du-roi\/#breadcrumb"},"inLanguage":"fr-FR","potentialAction":[{"@type":"ReadAction","target":["https:\/\/www.monteescalier.net\/france\/monte-escalier-le-grau-du-roi\/"]}]},{"@type":"BreadcrumbList","@id":"https:\/\/www.monteescalier.net\/france\/monte-escalier-le-grau-du-roi\/#breadcrumb","itemListElement":[{"@type":"ListItem","position":1,"name":"Accueil","item":"https:\/\/www.monteescalier.net\/france\/"},{"@type":"ListItem","position":2,"name":"Monte escalier Le Grau-du-Roi"}]},{"@type":"WebSite","@id":"https:\/\/www.monteescalier.net\/france\/#website","url":"https:\/\/www.monteescalier.net\/france\/","name":"Monte escalier","description":"","publisher":{"@id":"https:\/\/www.monteescalier.net\/france\/#organization"},"potentialAction":[{"@type":"SearchAction","target":{"@type":"EntryPoint","urlTemplate":"https:\/\/www.monteescalier.net\/france\/?s={search_term_string}"},"query-input":{"@type":"PropertyValueSpecification","valueRequired":true,"valueName":"search_term_string"}}],"inLanguage":"fr-FR"},{"@type":"Organization","@id":"https:\/\/www.monteescalier.net\/france\/#organization","name":"monte-escalier.net","url":"https:\/\/www.monteescalier.net\/france\/","logo":{"@type":"ImageObject","inLanguage":"fr-FR","@id":"https:\/\/www.monteescalier.net\/france\/#\/schema\/logo\/image\/","url":"https:\/\/www.monteescalier.net\/france\/wp-content\/uploads\/2016\/10\/4devis-mont-escalier-500-500.gif","contentUrl":"https:\/\/www.monteescalier.net\/france\/wp-content\/uploads\/2016\/10\/4devis-mont-escalier-500-500.gif","width":500,"height":500,"caption":"monte-escalier.net"},"image":{"@id":"https:\/\/www.monteescalier.net\/france\/#\/schema\/logo\/image\/"}}]}},"_links":{"self":[{"href":"https:\/\/www.monteescalier.net\/france\/wp-json\/wp\/v2\/pages\/2019","targetHints":{"allow":["GET"]}}],"collection":[{"href":"https:\/\/www.monteescalier.net\/france\/wp-json\/wp\/v2\/pages"}],"about":[{"href":"https:\/\/www.monteescalier.net\/france\/wp-json\/wp\/v2\/types\/page"}],"author":[{"embeddable":true,"href":"https:\/\/www.monteescalier.net\/france\/wp-json\/wp\/v2\/users\/1"}],"replies":[{"embeddable":true,"href":"https:\/\/www.monteescalier.net\/france\/wp-json\/wp\/v2\/comments?post=2019"}],"version-history":[{"count":0,"href":"https:\/\/www.monteescalier.net\/france\/wp-json\/wp\/v2\/pages\/2019\/revisions"}],"wp:attachment":[{"href":"https:\/\/www.monteescalier.net\/france\/wp-json\/wp\/v2\/media?parent=2019"}],"curies":[{"name":"wp","href":"https:\/\/api.w.org\/{rel}","templated":true}]}}