{"id":2104,"date":"2013-09-26T10:47:27","date_gmt":"2013-09-26T10:47:27","guid":{"rendered":"https:\/\/www.monteescalier.net\/france\/?page_id=2104"},"modified":"-0001-11-30T00:00:00","modified_gmt":"-0001-11-29T23:00:00","slug":"monte-escalier-cebazat","status":"publish","type":"page","link":"https:\/\/www.monteescalier.net\/france\/monte-escalier-cebazat\/","title":{"rendered":"Monte escalier C\u00e9bazat"},"content":{"rendered":"<h1>Selectionner un vendeur de monte escalier \u00e0 C\u00e9bazat<\/h1>\n<div class=\"boite_texte\">\n<div style=\"text-align:justify; margin-bottom:10px\">Poser un monte escalier \u00e0 C\u00e9bazat n&rsquo;est pas facile, comment d\u00e9tecter le meilleur rapport qualit\u00e9 prix, le site monteescalier.net peut vous y aider.<\/div>\n<div style=\"text-align:justify; margin-bottom:10px\">La vocation de ce site consacr\u00e9 enti\u00e8rement au monte escalier est de faciliter l&rsquo;achat de votre monte escalier en vous mettant en rapport directement avec les revendeurs de monte escalier sur C\u00e9bazat, car avoir plusieurs propositions vous permettra de choisir la meilleure.<\/div>\n<div style=\"text-align:justify; margin-bottom:10px\">Le premier service que nous vous proposons gratuitement est la demande de devis gratuit. Et ce n&rsquo;est pas un devis que vous recevrez en remplissant un formulaire sur notre site mais 4 ou 5 propositions fermes \u00e9manant de professionnels du monte escalier de C\u00e9bazat.<\/div>\n<div style=\"text-align:justify; margin-bottom:10px\">Avoir des sp\u00e9cialistes du monte escalier \u00e0 l&rsquo;autre bout de la ligne pour discuter de votre projet, voici ce que vous permettra notre site si vous remplissez une demande de rappel. Vous serez tr\u00e8s rapidement recontact\u00e9s par nos partenaires experts qui pourront r\u00e9pondre \u00e0 toutes vos questions relatives \u00e0 la singularit\u00e9 de l&rsquo;installation de votre monte escalier.<\/div>\n<div style=\"text-align:justify; margin-bottom:10px\">Compulser de la documentation sur les monte escalier directement depuis chez vous sans vous d\u00e9placer c&rsquo;est possible et m\u00eame gratuit. Remplissez simplement un formulaire de demande de documentation et vous recevrez par la poste ou par email, toutes les documentations sur les types de produits commercialis\u00e9s par nos partenaires vendeurs de monte escalier.<\/div>\n<div style=\"text-align:justify; margin-bottom:10px\">Avec notre site, pas de co\u00fbt et pas d&rsquo;engagements ! que vous contractiez ou non avec un de nos partenaires, nous ne vous facturerons rien pour notre service de mise en relation. Si vous trouvez votre prestataire gr\u00e2ce \u00e0 nous tant mieux pour vous, alors testez nous !<\/div>\n<\/div>\n<div class=\"titre_liens\">Retrouvez nos offres dans les villes voisines :<\/div>\n<div class=\"boite_liens\"><a href=\"https:\/\/www.monteescalier.net\/france\/monte-escalier-ambert\">Monte escalier Ambert<\/a><br \/>\n<a href=\"https:\/\/www.monteescalier.net\/france\/monte-escalier-chatel-guyon\">Monte escalier Ch\u00e2tel-Guyon<\/a><br \/>\n<a href=\"https:\/\/www.monteescalier.net\/france\/monte-escalier-lezoux\">Monte escalier Lezoux<\/a><br \/>\n<a href=\"https:\/\/www.monteescalier.net\/france\/monte-escalier-ceyrat\">Monte escalier Ceyrat<\/a><br \/>\n<a href=\"https:\/\/www.monteescalier.net\/france\/monte-escalier-billom\">Monte escalier Billom<\/a>\n<\/div>\n","protected":false},"excerpt":{"rendered":"<p>Selectionner un vendeur de monte escalier \u00e0 C\u00e9bazat Poser un monte escalier \u00e0 C\u00e9bazat n&rsquo;est pas facile, comment d\u00e9tecter le meilleur rapport qualit\u00e9 prix, le site monteescalier.net peut vous y aider. La vocation de ce site consacr\u00e9 enti\u00e8rement au monte escalier est de faciliter l&rsquo;achat de votre monte escalier en vous mettant en rapport directement [&hellip;]<\/p>\n","protected":false},"author":1,"featured_media":0,"parent":0,"menu_order":0,"comment_status":"closed","ping_status":"open","template":"template_ville_9.php","meta":{"_monsterinsights_skip_tracking":false,"_monsterinsights_sitenote_active":false,"_monsterinsights_sitenote_note":"","_monsterinsights_sitenote_category":0,"footnotes":""},"class_list":["post-2104","page","type-page","status-publish","hentry"],"yoast_head":"<!-- This site is optimized with the Yoast SEO plugin v26.3 - https:\/\/yoast.com\/wordpress\/plugins\/seo\/ -->\n<title>Monte escalier C\u00e9bazat - Monte escalier<\/title>\n<meta name=\"robots\" content=\"index, follow, max-snippet:-1, max-image-preview:large, max-video-preview:-1\" \/>\n<link rel=\"canonical\" href=\"https:\/\/www.monteescalier.net\/france\/monte-escalier-cebazat\/\" \/>\n<meta property=\"og:locale\" content=\"fr_FR\" \/>\n<meta property=\"og:type\" content=\"article\" \/>\n<meta property=\"og:title\" content=\"Monte escalier C\u00e9bazat - Monte escalier\" \/>\n<meta property=\"og:description\" content=\"Selectionner un vendeur de monte escalier \u00e0 C\u00e9bazat Poser un monte escalier \u00e0 C\u00e9bazat n&rsquo;est pas facile, comment d\u00e9tecter le meilleur rapport qualit\u00e9 prix, le site monteescalier.net peut vous y aider. La vocation de ce site consacr\u00e9 enti\u00e8rement au monte escalier est de faciliter l&rsquo;achat de votre monte escalier en vous mettant en rapport directement [&hellip;]\" \/>\n<meta property=\"og:url\" content=\"https:\/\/www.monteescalier.net\/france\/monte-escalier-cebazat\/\" \/>\n<meta property=\"og:site_name\" content=\"Monte escalier\" \/>\n<meta name=\"twitter:card\" content=\"summary_large_image\" \/>\n<meta name=\"twitter:label1\" content=\"Dur\u00e9e de lecture estim\u00e9e\" \/>\n\t<meta name=\"twitter:data1\" content=\"2 minutes\" \/>\n<script type=\"application\/ld+json\" class=\"yoast-schema-graph\">{\"@context\":\"https:\/\/schema.org\",\"@graph\":[{\"@type\":\"WebPage\",\"@id\":\"https:\/\/www.monteescalier.net\/france\/monte-escalier-cebazat\/\",\"url\":\"https:\/\/www.monteescalier.net\/france\/monte-escalier-cebazat\/\",\"name\":\"Monte escalier C\u00e9bazat - Monte escalier\",\"isPartOf\":{\"@id\":\"https:\/\/www.monteescalier.net\/france\/#website\"},\"datePublished\":\"2013-09-26T10:47:27+00:00\",\"breadcrumb\":{\"@id\":\"https:\/\/www.monteescalier.net\/france\/monte-escalier-cebazat\/#breadcrumb\"},\"inLanguage\":\"fr-FR\",\"potentialAction\":[{\"@type\":\"ReadAction\",\"target\":[\"https:\/\/www.monteescalier.net\/france\/monte-escalier-cebazat\/\"]}]},{\"@type\":\"BreadcrumbList\",\"@id\":\"https:\/\/www.monteescalier.net\/france\/monte-escalier-cebazat\/#breadcrumb\",\"itemListElement\":[{\"@type\":\"ListItem\",\"position\":1,\"name\":\"Accueil\",\"item\":\"https:\/\/www.monteescalier.net\/france\/\"},{\"@type\":\"ListItem\",\"position\":2,\"name\":\"Monte escalier C\u00e9bazat\"}]},{\"@type\":\"WebSite\",\"@id\":\"https:\/\/www.monteescalier.net\/france\/#website\",\"url\":\"https:\/\/www.monteescalier.net\/france\/\",\"name\":\"Monte escalier\",\"description\":\"\",\"publisher\":{\"@id\":\"https:\/\/www.monteescalier.net\/france\/#organization\"},\"potentialAction\":[{\"@type\":\"SearchAction\",\"target\":{\"@type\":\"EntryPoint\",\"urlTemplate\":\"https:\/\/www.monteescalier.net\/france\/?s={search_term_string}\"},\"query-input\":{\"@type\":\"PropertyValueSpecification\",\"valueRequired\":true,\"valueName\":\"search_term_string\"}}],\"inLanguage\":\"fr-FR\"},{\"@type\":\"Organization\",\"@id\":\"https:\/\/www.monteescalier.net\/france\/#organization\",\"name\":\"monte-escalier.net\",\"url\":\"https:\/\/www.monteescalier.net\/france\/\",\"logo\":{\"@type\":\"ImageObject\",\"inLanguage\":\"fr-FR\",\"@id\":\"https:\/\/www.monteescalier.net\/france\/#\/schema\/logo\/image\/\",\"url\":\"https:\/\/www.monteescalier.net\/france\/wp-content\/uploads\/2016\/10\/4devis-mont-escalier-500-500.gif\",\"contentUrl\":\"https:\/\/www.monteescalier.net\/france\/wp-content\/uploads\/2016\/10\/4devis-mont-escalier-500-500.gif\",\"width\":500,\"height\":500,\"caption\":\"monte-escalier.net\"},\"image\":{\"@id\":\"https:\/\/www.monteescalier.net\/france\/#\/schema\/logo\/image\/\"}}]}<\/script>\n<!-- \/ Yoast SEO plugin. -->","yoast_head_json":{"title":"Monte escalier C\u00e9bazat - Monte escalier","robots":{"index":"index","follow":"follow","max-snippet":"max-snippet:-1","max-image-preview":"max-image-preview:large","max-video-preview":"max-video-preview:-1"},"canonical":"https:\/\/www.monteescalier.net\/france\/monte-escalier-cebazat\/","og_locale":"fr_FR","og_type":"article","og_title":"Monte escalier C\u00e9bazat - Monte escalier","og_description":"Selectionner un vendeur de monte escalier \u00e0 C\u00e9bazat Poser un monte escalier \u00e0 C\u00e9bazat n&rsquo;est pas facile, comment d\u00e9tecter le meilleur rapport qualit\u00e9 prix, le site monteescalier.net peut vous y aider. La vocation de ce site consacr\u00e9 enti\u00e8rement au monte escalier est de faciliter l&rsquo;achat de votre monte escalier en vous mettant en rapport directement [&hellip;]","og_url":"https:\/\/www.monteescalier.net\/france\/monte-escalier-cebazat\/","og_site_name":"Monte escalier","twitter_card":"summary_large_image","twitter_misc":{"Dur\u00e9e de lecture estim\u00e9e":"2 minutes"},"schema":{"@context":"https:\/\/schema.org","@graph":[{"@type":"WebPage","@id":"https:\/\/www.monteescalier.net\/france\/monte-escalier-cebazat\/","url":"https:\/\/www.monteescalier.net\/france\/monte-escalier-cebazat\/","name":"Monte escalier C\u00e9bazat - Monte escalier","isPartOf":{"@id":"https:\/\/www.monteescalier.net\/france\/#website"},"datePublished":"2013-09-26T10:47:27+00:00","breadcrumb":{"@id":"https:\/\/www.monteescalier.net\/france\/monte-escalier-cebazat\/#breadcrumb"},"inLanguage":"fr-FR","potentialAction":[{"@type":"ReadAction","target":["https:\/\/www.monteescalier.net\/france\/monte-escalier-cebazat\/"]}]},{"@type":"BreadcrumbList","@id":"https:\/\/www.monteescalier.net\/france\/monte-escalier-cebazat\/#breadcrumb","itemListElement":[{"@type":"ListItem","position":1,"name":"Accueil","item":"https:\/\/www.monteescalier.net\/france\/"},{"@type":"ListItem","position":2,"name":"Monte escalier C\u00e9bazat"}]},{"@type":"WebSite","@id":"https:\/\/www.monteescalier.net\/france\/#website","url":"https:\/\/www.monteescalier.net\/france\/","name":"Monte escalier","description":"","publisher":{"@id":"https:\/\/www.monteescalier.net\/france\/#organization"},"potentialAction":[{"@type":"SearchAction","target":{"@type":"EntryPoint","urlTemplate":"https:\/\/www.monteescalier.net\/france\/?s={search_term_string}"},"query-input":{"@type":"PropertyValueSpecification","valueRequired":true,"valueName":"search_term_string"}}],"inLanguage":"fr-FR"},{"@type":"Organization","@id":"https:\/\/www.monteescalier.net\/france\/#organization","name":"monte-escalier.net","url":"https:\/\/www.monteescalier.net\/france\/","logo":{"@type":"ImageObject","inLanguage":"fr-FR","@id":"https:\/\/www.monteescalier.net\/france\/#\/schema\/logo\/image\/","url":"https:\/\/www.monteescalier.net\/france\/wp-content\/uploads\/2016\/10\/4devis-mont-escalier-500-500.gif","contentUrl":"https:\/\/www.monteescalier.net\/france\/wp-content\/uploads\/2016\/10\/4devis-mont-escalier-500-500.gif","width":500,"height":500,"caption":"monte-escalier.net"},"image":{"@id":"https:\/\/www.monteescalier.net\/france\/#\/schema\/logo\/image\/"}}]}},"_links":{"self":[{"href":"https:\/\/www.monteescalier.net\/france\/wp-json\/wp\/v2\/pages\/2104","targetHints":{"allow":["GET"]}}],"collection":[{"href":"https:\/\/www.monteescalier.net\/france\/wp-json\/wp\/v2\/pages"}],"about":[{"href":"https:\/\/www.monteescalier.net\/france\/wp-json\/wp\/v2\/types\/page"}],"author":[{"embeddable":true,"href":"https:\/\/www.monteescalier.net\/france\/wp-json\/wp\/v2\/users\/1"}],"replies":[{"embeddable":true,"href":"https:\/\/www.monteescalier.net\/france\/wp-json\/wp\/v2\/comments?post=2104"}],"version-history":[{"count":0,"href":"https:\/\/www.monteescalier.net\/france\/wp-json\/wp\/v2\/pages\/2104\/revisions"}],"wp:attachment":[{"href":"https:\/\/www.monteescalier.net\/france\/wp-json\/wp\/v2\/media?parent=2104"}],"curies":[{"name":"wp","href":"https:\/\/api.w.org\/{rel}","templated":true}]}}