{"id":2108,"date":"2013-09-26T10:47:27","date_gmt":"2013-09-26T10:47:27","guid":{"rendered":"https:\/\/www.monteescalier.net\/france\/?page_id=2108"},"modified":"-0001-11-30T00:00:00","modified_gmt":"-0001-11-29T23:00:00","slug":"monte-escalier-barlin","status":"publish","type":"page","link":"https:\/\/www.monteescalier.net\/france\/monte-escalier-barlin\/","title":{"rendered":"Monte escalier Barlin"},"content":{"rendered":"<h1>Faire installer un monte escalier \u00e0 Barlin<\/h1>\n<div class=\"boite_texte\">\n<div style=\"text-align:justify; margin-bottom:10px\">Faire poser un monte escalier \u00e0 Barlin n&rsquo;est pas chose ais\u00e9e, comment d\u00e9nicher le meilleur rapport qualit\u00e9 prix, le site monteescalier.net peut vous y aider.<\/div>\n<div style=\"text-align:justify; margin-bottom:10px\">La vocation de ce site de conseils est de faciliter l&rsquo;achat de votre monte escalier en vous permettant de mettre en relation directement avec les revendeurs de monte escalier sur Barlin, car avoir plusieurs propositions vous permettra de choisir la meilleure.<\/div>\n<div style=\"text-align:justify; margin-bottom:10px\">Le premier service que nous vous proposons gratuitement est la demande de devis gratuit. Et ce n&rsquo;est pas un devis que vous recevrez en remplissant un formulaire sur notre site mais 4 ou 5 propositions fermes \u00e9manant de professionnels du monte escalier de Barlin.<\/div>\n<div style=\"text-align:justify; margin-bottom:10px\">Votre villa peut elle accueillir un monte escalier? Votre escalier est il assez large? Vous faut il un monte escalier droit ou un monte escalier tournant? Quelle marque, quel fauteuil choisir? Pour obtenir diff\u00e9rents avis sur ces questions, utilisez notre fomulaire de rappel. Nos professionnels partenaires du monte escalier vous recontacteront tr\u00e8s vite !<\/div>\n<div style=\"text-align:justify; margin-bottom:10px\">Pour vous familiariser avec les mod\u00e8les de monte escalier n&rsquo;h\u00e9sitez pas \u00e0 faire une demande de documentation, via notre formulaire de de demande de documentation, vous recevrez ainsi par la poste ou par courrier \u00e9lectronique des infos d\u00e9taill\u00e9es sur les diff\u00e9rents mod\u00e8les de monte escalier diponibles \u00e0 la vente \u00e0 Barlin.<\/div>\n<div style=\"text-align:justify; margin-bottom:10px\">Combien vont vous co\u00fbter nos services de mise en relation ? R\u00e9ponse, pas un centime,&#8230; alors o\u00f9 est le pi\u00e8ge ? Il n&rsquo;y en a aucun, notre offre est totalement sans engagement. Si les propositions de nos partenaires ne vous conviennent pas, vous restez totalement libre d&rsquo;aller voir ailleurs !<\/div>\n<\/div>\n<div class=\"titre_liens\">Autres offres de services monte escalier dans votre d\u00e9partement<\/div>\n<div class=\"boite_liens\"><a href=\"https:\/\/www.monteescalier.net\/france\/monte-escalier-houdain\">Monte escalier Houdain<\/a><br \/>\n<a href=\"https:\/\/www.monteescalier.net\/france\/monte-escalier-mazingarbe\">Monte escalier Mazingarbe<\/a><br \/>\n<a href=\"https:\/\/www.monteescalier.net\/france\/monte-escalier-wimereux\">Monte escalier Wimereux<\/a><br \/>\n<a href=\"https:\/\/www.monteescalier.net\/france\/monte-escalier-vendin-le-vieil\">Monte escalier Vendin-le-Vieil<\/a><br \/>\n<a href=\"https:\/\/www.monteescalier.net\/france\/monte-escalier-divion\">Monte escalier Divion<\/a>\n<\/div>\n","protected":false},"excerpt":{"rendered":"<p>Faire installer un monte escalier \u00e0 Barlin Faire poser un monte escalier \u00e0 Barlin n&rsquo;est pas chose ais\u00e9e, comment d\u00e9nicher le meilleur rapport qualit\u00e9 prix, le site monteescalier.net peut vous y aider. La vocation de ce site de conseils est de faciliter l&rsquo;achat de votre monte escalier en vous permettant de mettre en relation directement [&hellip;]<\/p>\n","protected":false},"author":1,"featured_media":0,"parent":0,"menu_order":0,"comment_status":"closed","ping_status":"open","template":"template_ville_8.php","meta":{"_monsterinsights_skip_tracking":false,"_monsterinsights_sitenote_active":false,"_monsterinsights_sitenote_note":"","_monsterinsights_sitenote_category":0,"footnotes":""},"class_list":["post-2108","page","type-page","status-publish","hentry"],"yoast_head":"<!-- This site is optimized with the Yoast SEO plugin v26.3 - https:\/\/yoast.com\/wordpress\/plugins\/seo\/ -->\n<title>Monte escalier Barlin - Monte escalier<\/title>\n<meta name=\"robots\" content=\"index, follow, max-snippet:-1, max-image-preview:large, max-video-preview:-1\" \/>\n<link rel=\"canonical\" href=\"https:\/\/www.monteescalier.net\/france\/monte-escalier-barlin\/\" \/>\n<meta property=\"og:locale\" content=\"fr_FR\" \/>\n<meta property=\"og:type\" content=\"article\" \/>\n<meta property=\"og:title\" content=\"Monte escalier Barlin - Monte escalier\" \/>\n<meta property=\"og:description\" content=\"Faire installer un monte escalier \u00e0 Barlin Faire poser un monte escalier \u00e0 Barlin n&rsquo;est pas chose ais\u00e9e, comment d\u00e9nicher le meilleur rapport qualit\u00e9 prix, le site monteescalier.net peut vous y aider. La vocation de ce site de conseils est de faciliter l&rsquo;achat de votre monte escalier en vous permettant de mettre en relation directement [&hellip;]\" \/>\n<meta property=\"og:url\" content=\"https:\/\/www.monteescalier.net\/france\/monte-escalier-barlin\/\" \/>\n<meta property=\"og:site_name\" content=\"Monte escalier\" \/>\n<meta name=\"twitter:card\" content=\"summary_large_image\" \/>\n<meta name=\"twitter:label1\" content=\"Dur\u00e9e de lecture estim\u00e9e\" \/>\n\t<meta name=\"twitter:data1\" content=\"2 minutes\" \/>\n<script type=\"application\/ld+json\" class=\"yoast-schema-graph\">{\"@context\":\"https:\/\/schema.org\",\"@graph\":[{\"@type\":\"WebPage\",\"@id\":\"https:\/\/www.monteescalier.net\/france\/monte-escalier-barlin\/\",\"url\":\"https:\/\/www.monteescalier.net\/france\/monte-escalier-barlin\/\",\"name\":\"Monte escalier Barlin - Monte escalier\",\"isPartOf\":{\"@id\":\"https:\/\/www.monteescalier.net\/france\/#website\"},\"datePublished\":\"2013-09-26T10:47:27+00:00\",\"breadcrumb\":{\"@id\":\"https:\/\/www.monteescalier.net\/france\/monte-escalier-barlin\/#breadcrumb\"},\"inLanguage\":\"fr-FR\",\"potentialAction\":[{\"@type\":\"ReadAction\",\"target\":[\"https:\/\/www.monteescalier.net\/france\/monte-escalier-barlin\/\"]}]},{\"@type\":\"BreadcrumbList\",\"@id\":\"https:\/\/www.monteescalier.net\/france\/monte-escalier-barlin\/#breadcrumb\",\"itemListElement\":[{\"@type\":\"ListItem\",\"position\":1,\"name\":\"Accueil\",\"item\":\"https:\/\/www.monteescalier.net\/france\/\"},{\"@type\":\"ListItem\",\"position\":2,\"name\":\"Monte escalier Barlin\"}]},{\"@type\":\"WebSite\",\"@id\":\"https:\/\/www.monteescalier.net\/france\/#website\",\"url\":\"https:\/\/www.monteescalier.net\/france\/\",\"name\":\"Monte escalier\",\"description\":\"\",\"publisher\":{\"@id\":\"https:\/\/www.monteescalier.net\/france\/#organization\"},\"potentialAction\":[{\"@type\":\"SearchAction\",\"target\":{\"@type\":\"EntryPoint\",\"urlTemplate\":\"https:\/\/www.monteescalier.net\/france\/?s={search_term_string}\"},\"query-input\":{\"@type\":\"PropertyValueSpecification\",\"valueRequired\":true,\"valueName\":\"search_term_string\"}}],\"inLanguage\":\"fr-FR\"},{\"@type\":\"Organization\",\"@id\":\"https:\/\/www.monteescalier.net\/france\/#organization\",\"name\":\"monte-escalier.net\",\"url\":\"https:\/\/www.monteescalier.net\/france\/\",\"logo\":{\"@type\":\"ImageObject\",\"inLanguage\":\"fr-FR\",\"@id\":\"https:\/\/www.monteescalier.net\/france\/#\/schema\/logo\/image\/\",\"url\":\"https:\/\/www.monteescalier.net\/france\/wp-content\/uploads\/2016\/10\/4devis-mont-escalier-500-500.gif\",\"contentUrl\":\"https:\/\/www.monteescalier.net\/france\/wp-content\/uploads\/2016\/10\/4devis-mont-escalier-500-500.gif\",\"width\":500,\"height\":500,\"caption\":\"monte-escalier.net\"},\"image\":{\"@id\":\"https:\/\/www.monteescalier.net\/france\/#\/schema\/logo\/image\/\"}}]}<\/script>\n<!-- \/ Yoast SEO plugin. -->","yoast_head_json":{"title":"Monte escalier Barlin - Monte escalier","robots":{"index":"index","follow":"follow","max-snippet":"max-snippet:-1","max-image-preview":"max-image-preview:large","max-video-preview":"max-video-preview:-1"},"canonical":"https:\/\/www.monteescalier.net\/france\/monte-escalier-barlin\/","og_locale":"fr_FR","og_type":"article","og_title":"Monte escalier Barlin - Monte escalier","og_description":"Faire installer un monte escalier \u00e0 Barlin Faire poser un monte escalier \u00e0 Barlin n&rsquo;est pas chose ais\u00e9e, comment d\u00e9nicher le meilleur rapport qualit\u00e9 prix, le site monteescalier.net peut vous y aider. La vocation de ce site de conseils est de faciliter l&rsquo;achat de votre monte escalier en vous permettant de mettre en relation directement [&hellip;]","og_url":"https:\/\/www.monteescalier.net\/france\/monte-escalier-barlin\/","og_site_name":"Monte escalier","twitter_card":"summary_large_image","twitter_misc":{"Dur\u00e9e de lecture estim\u00e9e":"2 minutes"},"schema":{"@context":"https:\/\/schema.org","@graph":[{"@type":"WebPage","@id":"https:\/\/www.monteescalier.net\/france\/monte-escalier-barlin\/","url":"https:\/\/www.monteescalier.net\/france\/monte-escalier-barlin\/","name":"Monte escalier Barlin - Monte escalier","isPartOf":{"@id":"https:\/\/www.monteescalier.net\/france\/#website"},"datePublished":"2013-09-26T10:47:27+00:00","breadcrumb":{"@id":"https:\/\/www.monteescalier.net\/france\/monte-escalier-barlin\/#breadcrumb"},"inLanguage":"fr-FR","potentialAction":[{"@type":"ReadAction","target":["https:\/\/www.monteescalier.net\/france\/monte-escalier-barlin\/"]}]},{"@type":"BreadcrumbList","@id":"https:\/\/www.monteescalier.net\/france\/monte-escalier-barlin\/#breadcrumb","itemListElement":[{"@type":"ListItem","position":1,"name":"Accueil","item":"https:\/\/www.monteescalier.net\/france\/"},{"@type":"ListItem","position":2,"name":"Monte escalier Barlin"}]},{"@type":"WebSite","@id":"https:\/\/www.monteescalier.net\/france\/#website","url":"https:\/\/www.monteescalier.net\/france\/","name":"Monte escalier","description":"","publisher":{"@id":"https:\/\/www.monteescalier.net\/france\/#organization"},"potentialAction":[{"@type":"SearchAction","target":{"@type":"EntryPoint","urlTemplate":"https:\/\/www.monteescalier.net\/france\/?s={search_term_string}"},"query-input":{"@type":"PropertyValueSpecification","valueRequired":true,"valueName":"search_term_string"}}],"inLanguage":"fr-FR"},{"@type":"Organization","@id":"https:\/\/www.monteescalier.net\/france\/#organization","name":"monte-escalier.net","url":"https:\/\/www.monteescalier.net\/france\/","logo":{"@type":"ImageObject","inLanguage":"fr-FR","@id":"https:\/\/www.monteescalier.net\/france\/#\/schema\/logo\/image\/","url":"https:\/\/www.monteescalier.net\/france\/wp-content\/uploads\/2016\/10\/4devis-mont-escalier-500-500.gif","contentUrl":"https:\/\/www.monteescalier.net\/france\/wp-content\/uploads\/2016\/10\/4devis-mont-escalier-500-500.gif","width":500,"height":500,"caption":"monte-escalier.net"},"image":{"@id":"https:\/\/www.monteescalier.net\/france\/#\/schema\/logo\/image\/"}}]}},"_links":{"self":[{"href":"https:\/\/www.monteescalier.net\/france\/wp-json\/wp\/v2\/pages\/2108","targetHints":{"allow":["GET"]}}],"collection":[{"href":"https:\/\/www.monteescalier.net\/france\/wp-json\/wp\/v2\/pages"}],"about":[{"href":"https:\/\/www.monteescalier.net\/france\/wp-json\/wp\/v2\/types\/page"}],"author":[{"embeddable":true,"href":"https:\/\/www.monteescalier.net\/france\/wp-json\/wp\/v2\/users\/1"}],"replies":[{"embeddable":true,"href":"https:\/\/www.monteescalier.net\/france\/wp-json\/wp\/v2\/comments?post=2108"}],"version-history":[{"count":0,"href":"https:\/\/www.monteescalier.net\/france\/wp-json\/wp\/v2\/pages\/2108\/revisions"}],"wp:attachment":[{"href":"https:\/\/www.monteescalier.net\/france\/wp-json\/wp\/v2\/media?parent=2108"}],"curies":[{"name":"wp","href":"https:\/\/api.w.org\/{rel}","templated":true}]}}