{"id":212,"date":"2021-07-19T16:21:56","date_gmt":"2021-07-19T15:21:56","guid":{"rendered":"https:\/\/www.monteescalier.net\/monteescalier\/?page_id=212"},"modified":"2024-05-15T16:53:32","modified_gmt":"2024-05-15T15:53:32","slug":"monte-escalier-marne","status":"publish","type":"page","link":"https:\/\/www.monteescalier.net\/france\/monte-escalier-marne\/","title":{"rendered":"Monte escalier Marne, Ch\u00e2lons-en-Champagne"},"content":{"rendered":"<div class='content-column one_half'><div style=\"padding-right:19px;\"><h1>L&rsquo;Achat d&rsquo;un monte escalier dans la Marne<\/h1>\n<p><b>Des \u00e9quipes de professionnels proche de votre lieu de r\u00e9sidence :<\/b><br \/>\n<a href=\"https:\/\/www.monteescalier.net\/france\/monte-escalier-chalons-en-champagne\/\">Les monte escaliers vers Ch\u00e2lons-en-Champagne<\/a><br \/>\n<a href=\"https:\/\/www.monteescalier.net\/france\/monte-escalier-reims\/\">Les monte escalier vers Reims<\/a><br \/>\n<a href=\"https:\/\/www.monteescalier.net\/france\/monte-escalier-vitry-le-francois\/\">Les monte escalier vers Vitry-le-Fran\u00e7ois<\/a><\/p>\n<p style=\"text-align: justify;\">Pour votre monte-escalier dans la Marne, vous devez vous tourner vers le meilleur prestataire : un installateur\/vendeur desservant le d\u00e9partement de la Marne et qui pourra vous donner des conseils avis\u00e9s sur les diff\u00e9rents mod\u00e8les, et vous aider \u00e0 faire les meilleurs choix techniques et esth\u00e9tiques tout en \u00e9tant comp\u00e9titif en prix.<\/p>\n<p style=\"text-align: justify;\">Avec Monteescalier.net, le site du monte escalier nous allons vous simplifier le travail en vous aidant \u00e0 s\u00e9lectionner votre installateur de monte escalier dans la Marne en vous mettant en relation avec notre s\u00e9lection de fabricants et installateurs travaillant dans le d\u00e9partement de la Marne : \u00e0 Reims, Vitry le Fran\u00e7ois, Epernay et Chalons en Champagne, les installateurs agr\u00e9\u00e9s monteescalier.net sont pr\u00eats \u00e0 vous fournir toutes les informations n\u00e9cessaires pour r\u00e9ussir votre projet monte escalier au meilleur prix.<\/p>\n<p style=\"text-align: justify;\">Sautez sur l&rsquo;occasion en utilisant nos services de mise en relation totalement gratuits : nos installateurs de monte escaliers desservent tout le d\u00e9partement de la Marne y compris Montmirail, Fismes, Suippes, Mourmelon, Saint M\u00e9mmie, Tinqueux, Cormontreuil et B\u00e9theny.<\/p>\n<p style=\"text-align: justify;\">Vous avez envie au pr\u00e9alable d&rsquo;avoir de la documentation papier par email sur les monte escalier, utilisez le formulaire appropri\u00e9 en donnant vos infos de contact et nos revendeurs auront plaisir \u00e0 r\u00e9pondre \u00e0 vos attentes et vos questions diverses sur les monte escalier et leur installation. Si vous pr\u00e9f\u00e9rez obtenir des infos par t\u00e9l\u00e9phone, pas de probl\u00e8me, remplissez le formulaire de demande de rappel et les pros du monte escalier vous rappelleront pour \u00e9changer avec vous sur votre projet de monte escalier.<\/p>\n<p style=\"text-align: justify;\">S&rsquo;\u00e9quipez d&rsquo;un monte escalier dans la Marne devient facile gr\u00e2ce \u00e0 Monteescalier.net, en quelques clics et gratuitement, alors n&rsquo;attendez plus.<\/p>\n<p>&nbsp;<\/p>\n<div class=\"bouton\">Cliquez ici pour recevoir gratuitement 4 devis<\/div><\/div><\/div><div class='content-column one_half last_column'><a href=\"https:\/\/www.monteescalier.net\/devis-gratuit.php\" target=\"_blank\" rel=\"noopener\"><img loading=\"lazy\" decoding=\"async\" class=\"alignnone size-full img_region\" src=\"https:\/\/www.monteescalier.net\/france\/wp-content\/uploads\/2014\/10\/4devis-monte-escalier-photo-490.png\" alt=\"Marne\" width=\"507\" height=\"485\" \/><\/a><br \/>\n<img loading=\"lazy\" decoding=\"async\" class=\"alignnone size-full img_region_2\" src=\"https:\/\/www.monteescalier.net\/france\/wp-content\/uploads\/2013\/07\/marne.jpg\" alt=\"La Marne\" width=\"507\" height=\"485\" \/><\/div><div class='clear_column'><\/div><\/p>\n","protected":false},"excerpt":{"rendered":"","protected":false},"author":1,"featured_media":0,"parent":0,"menu_order":0,"comment_status":"open","ping_status":"closed","template":"template2.php","meta":{"_monsterinsights_skip_tracking":false,"_monsterinsights_sitenote_active":false,"_monsterinsights_sitenote_note":"","_monsterinsights_sitenote_category":0,"footnotes":""},"class_list":["post-212","page","type-page","status-publish","hentry"],"yoast_head":"<!-- This site is optimized with the Yoast SEO plugin v26.3 - https:\/\/yoast.com\/wordpress\/plugins\/seo\/ -->\n<title>Monte escalier Marne, Ch\u00e2lons-en-Champagne - Monte escalier<\/title>\n<meta name=\"description\" content=\"Pour la pose de votre monte-escalier en toute s\u00e9r\u00e9nit\u00e9 \u00e0 Reims, Chalons-en-Champagne, Vitry le fran\u00e7ois, Marne, faites appel \u00e0 un professionnel confirm\u00e9.\" \/>\n<meta name=\"robots\" content=\"index, follow, max-snippet:-1, max-image-preview:large, max-video-preview:-1\" \/>\n<link rel=\"canonical\" href=\"https:\/\/www.monteescalier.net\/france\/monte-escalier-marne\/\" \/>\n<meta property=\"og:locale\" content=\"fr_FR\" \/>\n<meta property=\"og:type\" content=\"article\" \/>\n<meta property=\"og:title\" content=\"Monte escalier Marne, Ch\u00e2lons-en-Champagne - Monte escalier\" \/>\n<meta property=\"og:description\" content=\"Pour la pose de votre monte-escalier en toute s\u00e9r\u00e9nit\u00e9 \u00e0 Reims, Chalons-en-Champagne, Vitry le fran\u00e7ois, Marne, faites appel \u00e0 un professionnel confirm\u00e9.\" \/>\n<meta property=\"og:url\" content=\"https:\/\/www.monteescalier.net\/france\/monte-escalier-marne\/\" \/>\n<meta property=\"og:site_name\" content=\"Monte escalier\" \/>\n<meta property=\"article:modified_time\" content=\"2024-05-15T15:53:32+00:00\" \/>\n<meta property=\"og:image\" content=\"https:\/\/www.monteescalier.net\/france\/wp-content\/uploads\/2014\/10\/4devis-monte-escalier-photo-490.png\" \/>\n<meta name=\"twitter:card\" content=\"summary_large_image\" \/>\n<meta name=\"twitter:label1\" content=\"Dur\u00e9e de lecture estim\u00e9e\" \/>\n\t<meta name=\"twitter:data1\" content=\"2 minutes\" \/>\n<script type=\"application\/ld+json\" class=\"yoast-schema-graph\">{\"@context\":\"https:\/\/schema.org\",\"@graph\":[{\"@type\":\"WebPage\",\"@id\":\"https:\/\/www.monteescalier.net\/france\/monte-escalier-marne\/\",\"url\":\"https:\/\/www.monteescalier.net\/france\/monte-escalier-marne\/\",\"name\":\"Monte escalier Marne, Ch\u00e2lons-en-Champagne - Monte escalier\",\"isPartOf\":{\"@id\":\"https:\/\/www.monteescalier.net\/france\/#website\"},\"primaryImageOfPage\":{\"@id\":\"https:\/\/www.monteescalier.net\/france\/monte-escalier-marne\/#primaryimage\"},\"image\":{\"@id\":\"https:\/\/www.monteescalier.net\/france\/monte-escalier-marne\/#primaryimage\"},\"thumbnailUrl\":\"https:\/\/www.monteescalier.net\/france\/wp-content\/uploads\/2014\/10\/4devis-monte-escalier-photo-490.png\",\"datePublished\":\"2021-07-19T15:21:56+00:00\",\"dateModified\":\"2024-05-15T15:53:32+00:00\",\"description\":\"Pour la pose de votre monte-escalier en toute s\u00e9r\u00e9nit\u00e9 \u00e0 Reims, Chalons-en-Champagne, Vitry le fran\u00e7ois, Marne, faites appel \u00e0 un professionnel confirm\u00e9.\",\"breadcrumb\":{\"@id\":\"https:\/\/www.monteescalier.net\/france\/monte-escalier-marne\/#breadcrumb\"},\"inLanguage\":\"fr-FR\",\"potentialAction\":[{\"@type\":\"ReadAction\",\"target\":[\"https:\/\/www.monteescalier.net\/france\/monte-escalier-marne\/\"]}]},{\"@type\":\"ImageObject\",\"inLanguage\":\"fr-FR\",\"@id\":\"https:\/\/www.monteescalier.net\/france\/monte-escalier-marne\/#primaryimage\",\"url\":\"https:\/\/www.monteescalier.net\/france\/wp-content\/uploads\/2014\/10\/4devis-monte-escalier-photo-490.png\",\"contentUrl\":\"https:\/\/www.monteescalier.net\/france\/wp-content\/uploads\/2014\/10\/4devis-monte-escalier-photo-490.png\",\"width\":490,\"height\":267},{\"@type\":\"BreadcrumbList\",\"@id\":\"https:\/\/www.monteescalier.net\/france\/monte-escalier-marne\/#breadcrumb\",\"itemListElement\":[{\"@type\":\"ListItem\",\"position\":1,\"name\":\"Accueil\",\"item\":\"https:\/\/www.monteescalier.net\/france\/\"},{\"@type\":\"ListItem\",\"position\":2,\"name\":\"Monte escalier Marne, Ch\u00e2lons-en-Champagne\"}]},{\"@type\":\"WebSite\",\"@id\":\"https:\/\/www.monteescalier.net\/france\/#website\",\"url\":\"https:\/\/www.monteescalier.net\/france\/\",\"name\":\"Monte escalier\",\"description\":\"\",\"publisher\":{\"@id\":\"https:\/\/www.monteescalier.net\/france\/#organization\"},\"potentialAction\":[{\"@type\":\"SearchAction\",\"target\":{\"@type\":\"EntryPoint\",\"urlTemplate\":\"https:\/\/www.monteescalier.net\/france\/?s={search_term_string}\"},\"query-input\":{\"@type\":\"PropertyValueSpecification\",\"valueRequired\":true,\"valueName\":\"search_term_string\"}}],\"inLanguage\":\"fr-FR\"},{\"@type\":\"Organization\",\"@id\":\"https:\/\/www.monteescalier.net\/france\/#organization\",\"name\":\"monte-escalier.net\",\"url\":\"https:\/\/www.monteescalier.net\/france\/\",\"logo\":{\"@type\":\"ImageObject\",\"inLanguage\":\"fr-FR\",\"@id\":\"https:\/\/www.monteescalier.net\/france\/#\/schema\/logo\/image\/\",\"url\":\"https:\/\/www.monteescalier.net\/france\/wp-content\/uploads\/2016\/10\/4devis-mont-escalier-500-500.gif\",\"contentUrl\":\"https:\/\/www.monteescalier.net\/france\/wp-content\/uploads\/2016\/10\/4devis-mont-escalier-500-500.gif\",\"width\":500,\"height\":500,\"caption\":\"monte-escalier.net\"},\"image\":{\"@id\":\"https:\/\/www.monteescalier.net\/france\/#\/schema\/logo\/image\/\"}}]}<\/script>\n<!-- \/ Yoast SEO plugin. -->","yoast_head_json":{"title":"Monte escalier Marne, Ch\u00e2lons-en-Champagne - Monte escalier","description":"Pour la pose de votre monte-escalier en toute s\u00e9r\u00e9nit\u00e9 \u00e0 Reims, Chalons-en-Champagne, Vitry le fran\u00e7ois, Marne, faites appel \u00e0 un professionnel confirm\u00e9.","robots":{"index":"index","follow":"follow","max-snippet":"max-snippet:-1","max-image-preview":"max-image-preview:large","max-video-preview":"max-video-preview:-1"},"canonical":"https:\/\/www.monteescalier.net\/france\/monte-escalier-marne\/","og_locale":"fr_FR","og_type":"article","og_title":"Monte escalier Marne, Ch\u00e2lons-en-Champagne - Monte escalier","og_description":"Pour la pose de votre monte-escalier en toute s\u00e9r\u00e9nit\u00e9 \u00e0 Reims, Chalons-en-Champagne, Vitry le fran\u00e7ois, Marne, faites appel \u00e0 un professionnel confirm\u00e9.","og_url":"https:\/\/www.monteescalier.net\/france\/monte-escalier-marne\/","og_site_name":"Monte escalier","article_modified_time":"2024-05-15T15:53:32+00:00","og_image":[{"url":"https:\/\/www.monteescalier.net\/france\/wp-content\/uploads\/2014\/10\/4devis-monte-escalier-photo-490.png","type":"","width":"","height":""}],"twitter_card":"summary_large_image","twitter_misc":{"Dur\u00e9e de lecture estim\u00e9e":"2 minutes"},"schema":{"@context":"https:\/\/schema.org","@graph":[{"@type":"WebPage","@id":"https:\/\/www.monteescalier.net\/france\/monte-escalier-marne\/","url":"https:\/\/www.monteescalier.net\/france\/monte-escalier-marne\/","name":"Monte escalier Marne, Ch\u00e2lons-en-Champagne - Monte escalier","isPartOf":{"@id":"https:\/\/www.monteescalier.net\/france\/#website"},"primaryImageOfPage":{"@id":"https:\/\/www.monteescalier.net\/france\/monte-escalier-marne\/#primaryimage"},"image":{"@id":"https:\/\/www.monteescalier.net\/france\/monte-escalier-marne\/#primaryimage"},"thumbnailUrl":"https:\/\/www.monteescalier.net\/france\/wp-content\/uploads\/2014\/10\/4devis-monte-escalier-photo-490.png","datePublished":"2021-07-19T15:21:56+00:00","dateModified":"2024-05-15T15:53:32+00:00","description":"Pour la pose de votre monte-escalier en toute s\u00e9r\u00e9nit\u00e9 \u00e0 Reims, Chalons-en-Champagne, Vitry le fran\u00e7ois, Marne, faites appel \u00e0 un professionnel confirm\u00e9.","breadcrumb":{"@id":"https:\/\/www.monteescalier.net\/france\/monte-escalier-marne\/#breadcrumb"},"inLanguage":"fr-FR","potentialAction":[{"@type":"ReadAction","target":["https:\/\/www.monteescalier.net\/france\/monte-escalier-marne\/"]}]},{"@type":"ImageObject","inLanguage":"fr-FR","@id":"https:\/\/www.monteescalier.net\/france\/monte-escalier-marne\/#primaryimage","url":"https:\/\/www.monteescalier.net\/france\/wp-content\/uploads\/2014\/10\/4devis-monte-escalier-photo-490.png","contentUrl":"https:\/\/www.monteescalier.net\/france\/wp-content\/uploads\/2014\/10\/4devis-monte-escalier-photo-490.png","width":490,"height":267},{"@type":"BreadcrumbList","@id":"https:\/\/www.monteescalier.net\/france\/monte-escalier-marne\/#breadcrumb","itemListElement":[{"@type":"ListItem","position":1,"name":"Accueil","item":"https:\/\/www.monteescalier.net\/france\/"},{"@type":"ListItem","position":2,"name":"Monte escalier Marne, Ch\u00e2lons-en-Champagne"}]},{"@type":"WebSite","@id":"https:\/\/www.monteescalier.net\/france\/#website","url":"https:\/\/www.monteescalier.net\/france\/","name":"Monte escalier","description":"","publisher":{"@id":"https:\/\/www.monteescalier.net\/france\/#organization"},"potentialAction":[{"@type":"SearchAction","target":{"@type":"EntryPoint","urlTemplate":"https:\/\/www.monteescalier.net\/france\/?s={search_term_string}"},"query-input":{"@type":"PropertyValueSpecification","valueRequired":true,"valueName":"search_term_string"}}],"inLanguage":"fr-FR"},{"@type":"Organization","@id":"https:\/\/www.monteescalier.net\/france\/#organization","name":"monte-escalier.net","url":"https:\/\/www.monteescalier.net\/france\/","logo":{"@type":"ImageObject","inLanguage":"fr-FR","@id":"https:\/\/www.monteescalier.net\/france\/#\/schema\/logo\/image\/","url":"https:\/\/www.monteescalier.net\/france\/wp-content\/uploads\/2016\/10\/4devis-mont-escalier-500-500.gif","contentUrl":"https:\/\/www.monteescalier.net\/france\/wp-content\/uploads\/2016\/10\/4devis-mont-escalier-500-500.gif","width":500,"height":500,"caption":"monte-escalier.net"},"image":{"@id":"https:\/\/www.monteescalier.net\/france\/#\/schema\/logo\/image\/"}}]}},"_links":{"self":[{"href":"https:\/\/www.monteescalier.net\/france\/wp-json\/wp\/v2\/pages\/212","targetHints":{"allow":["GET"]}}],"collection":[{"href":"https:\/\/www.monteescalier.net\/france\/wp-json\/wp\/v2\/pages"}],"about":[{"href":"https:\/\/www.monteescalier.net\/france\/wp-json\/wp\/v2\/types\/page"}],"author":[{"embeddable":true,"href":"https:\/\/www.monteescalier.net\/france\/wp-json\/wp\/v2\/users\/1"}],"replies":[{"embeddable":true,"href":"https:\/\/www.monteescalier.net\/france\/wp-json\/wp\/v2\/comments?post=212"}],"version-history":[{"count":6,"href":"https:\/\/www.monteescalier.net\/france\/wp-json\/wp\/v2\/pages\/212\/revisions"}],"predecessor-version":[{"id":9113,"href":"https:\/\/www.monteescalier.net\/france\/wp-json\/wp\/v2\/pages\/212\/revisions\/9113"}],"wp:attachment":[{"href":"https:\/\/www.monteescalier.net\/france\/wp-json\/wp\/v2\/media?parent=212"}],"curies":[{"name":"wp","href":"https:\/\/api.w.org\/{rel}","templated":true}]}}