{"id":2141,"date":"2013-09-26T10:47:28","date_gmt":"2013-09-26T10:47:28","guid":{"rendered":"https:\/\/www.monteescalier.net\/france\/?page_id=2141"},"modified":"-0001-11-30T00:00:00","modified_gmt":"-0001-11-29T23:00:00","slug":"monte-escalier-saint-jean-d-angely","status":"publish","type":"page","link":"https:\/\/www.monteescalier.net\/france\/monte-escalier-saint-jean-d-angely\/","title":{"rendered":"Monte escalier Saint-Jean-d&rsquo;Ang\u00e9ly"},"content":{"rendered":"<h1>Vous recherchez un monte escalier \u00e0 Saint-Jean-d&rsquo;Ang\u00e9ly<\/h1>\n<div class=\"boite_texte\">\n<div style=\"text-align:justify; margin-bottom:10px\">Poser un monte escalier \u00e0 Saint-Jean-d&rsquo;Ang\u00e9ly n&rsquo;est pas facile, comment d\u00e9tecter le meilleur rapport qualit\u00e9 prix, le site monteescalier.net peut vous y aider.<\/div>\n<div style=\"text-align:justify; margin-bottom:10px\">Nous sommes des interm\u00e9diaires entre vous et les revendeurs de monte escalier sur Saint-Jean-d&rsquo;Ang\u00e9ly. Nous pouvons donc vous mettre en relation tr\u00e8s rapidement et gratuitement avec les principaux vendeurs de monte escalier \u00e0 Saint-Jean-d&rsquo;Ang\u00e9ly.<\/div>\n<div style=\"text-align:justify; margin-bottom:10px\">Pour choisir votre revendeur de monte escalier \u00e0 Saint-Jean-d&rsquo;Ang\u00e9ly, le plus facile est de pouvoir disposer de plusieurs devis \u00e9manant de diff\u00e9rentes soci\u00e9t\u00e9. C&rsquo;est justement ce que nous vous proposons. Remplissez une demande de devis et nos partenaires vous feront chacun leur meilleure offre pour votre monte escalier \u00e0 Saint-Jean-d&rsquo;Ang\u00e9ly.<\/div>\n<div style=\"text-align:justify; margin-bottom:10px\">Votre d\u00e9cision d&rsquo;achat n&rsquo;est pas prise, vous pr\u00e9f\u00e9rez dialoguer au pr\u00e9alable avec les professionnels du monte escalier dans votre Saint-Jean-d&rsquo;Ang\u00e9ly. Une seule demande de rappel sur notre site et ils vous rappelleront gratuitement pour r\u00e9pondre \u00e0 toutes vos questions.<\/div>\n<div style=\"text-align:justify; margin-bottom:10px\">Consulter des brochures de pr\u00e9sentation produits peut vous aider \u00e0 faire une s\u00e9lection parmi les mod\u00e8les de monte escalier. Nos partenaires peuvent mettre \u00e0 votre disposition des brochures papier ou \u00e9lectroniques. Le formulaire de demande de documentation sur ce site vous permettra d&rsquo;acc\u00e9der gratuitement \u00e0 ce service.<\/div>\n<div style=\"text-align:justify; margin-bottom:10px\">Avec monteescalier.net, pas de mauvaise surprise en vue : nous ne facturons absolument rien et vous ne prenez aucun engagement en faisant une demande sur notre site: les devis, documentation et rappel sont gratuits ! Tous nos partenaires vendeurs de monte escalier sur Saint-Jean-d&rsquo;Ang\u00e9ly s&rsquo;y engagent. Testez-nous, vous ne le regretterez pas.<\/div>\n<\/div>\n<div class=\"titre_liens\">Nos services monte escalier sont \u00e9galement disponibles \u00e0 :<\/div>\n<div class=\"boite_liens\"><a href=\"https:\/\/www.monteescalier.net\/france\/monte-escalier-lagord\">Monte escalier Lagord<\/a><br \/>\n<a href=\"https:\/\/www.monteescalier.net\/france\/monte-escalier-perigny\">Monte escalier P\u00e9rigny<\/a><br \/>\n<a href=\"https:\/\/www.monteescalier.net\/france\/monte-escalier-saujon\">Monte escalier Saujon<\/a><br \/>\n<a href=\"https:\/\/www.monteescalier.net\/france\/monte-escalier-saint-pierre-d-oleron\">Monte escalier Saint-Pierre-d&rsquo;Ol\u00e9ron<\/a><br \/>\n<a href=\"https:\/\/www.monteescalier.net\/france\/monte-escalier-surgeres\">Monte escalier Surg\u00e8res<\/a>\n<\/div>\n","protected":false},"excerpt":{"rendered":"<p>Vous recherchez un monte escalier \u00e0 Saint-Jean-d&rsquo;Ang\u00e9ly Poser un monte escalier \u00e0 Saint-Jean-d&rsquo;Ang\u00e9ly n&rsquo;est pas facile, comment d\u00e9tecter le meilleur rapport qualit\u00e9 prix, le site monteescalier.net peut vous y aider. Nous sommes des interm\u00e9diaires entre vous et les revendeurs de monte escalier sur Saint-Jean-d&rsquo;Ang\u00e9ly. Nous pouvons donc vous mettre en relation tr\u00e8s rapidement et gratuitement [&hellip;]<\/p>\n","protected":false},"author":1,"featured_media":0,"parent":0,"menu_order":0,"comment_status":"closed","ping_status":"open","template":"template_ville_10.php","meta":{"_monsterinsights_skip_tracking":false,"_monsterinsights_sitenote_active":false,"_monsterinsights_sitenote_note":"","_monsterinsights_sitenote_category":0,"footnotes":""},"class_list":["post-2141","page","type-page","status-publish","hentry"],"yoast_head":"<!-- This site is optimized with the Yoast SEO plugin v26.3 - https:\/\/yoast.com\/wordpress\/plugins\/seo\/ -->\n<title>Monte escalier Saint-Jean-d&#039;Ang\u00e9ly - Monte escalier<\/title>\n<meta name=\"robots\" content=\"index, follow, max-snippet:-1, max-image-preview:large, max-video-preview:-1\" \/>\n<link rel=\"canonical\" href=\"https:\/\/www.monteescalier.net\/france\/monte-escalier-saint-jean-d-angely\/\" \/>\n<meta property=\"og:locale\" content=\"fr_FR\" \/>\n<meta property=\"og:type\" content=\"article\" \/>\n<meta property=\"og:title\" content=\"Monte escalier Saint-Jean-d&#039;Ang\u00e9ly - Monte escalier\" \/>\n<meta property=\"og:description\" content=\"Vous recherchez un monte escalier \u00e0 Saint-Jean-d&rsquo;Ang\u00e9ly Poser un monte escalier \u00e0 Saint-Jean-d&rsquo;Ang\u00e9ly n&rsquo;est pas facile, comment d\u00e9tecter le meilleur rapport qualit\u00e9 prix, le site monteescalier.net peut vous y aider. Nous sommes des interm\u00e9diaires entre vous et les revendeurs de monte escalier sur Saint-Jean-d&rsquo;Ang\u00e9ly. Nous pouvons donc vous mettre en relation tr\u00e8s rapidement et gratuitement [&hellip;]\" \/>\n<meta property=\"og:url\" content=\"https:\/\/www.monteescalier.net\/france\/monte-escalier-saint-jean-d-angely\/\" \/>\n<meta property=\"og:site_name\" content=\"Monte escalier\" \/>\n<meta name=\"twitter:card\" content=\"summary_large_image\" \/>\n<meta name=\"twitter:label1\" content=\"Dur\u00e9e de lecture estim\u00e9e\" \/>\n\t<meta name=\"twitter:data1\" content=\"1 minute\" \/>\n<script type=\"application\/ld+json\" class=\"yoast-schema-graph\">{\"@context\":\"https:\/\/schema.org\",\"@graph\":[{\"@type\":\"WebPage\",\"@id\":\"https:\/\/www.monteescalier.net\/france\/monte-escalier-saint-jean-d-angely\/\",\"url\":\"https:\/\/www.monteescalier.net\/france\/monte-escalier-saint-jean-d-angely\/\",\"name\":\"Monte escalier Saint-Jean-d'Ang\u00e9ly - Monte escalier\",\"isPartOf\":{\"@id\":\"https:\/\/www.monteescalier.net\/france\/#website\"},\"datePublished\":\"2013-09-26T10:47:28+00:00\",\"breadcrumb\":{\"@id\":\"https:\/\/www.monteescalier.net\/france\/monte-escalier-saint-jean-d-angely\/#breadcrumb\"},\"inLanguage\":\"fr-FR\",\"potentialAction\":[{\"@type\":\"ReadAction\",\"target\":[\"https:\/\/www.monteescalier.net\/france\/monte-escalier-saint-jean-d-angely\/\"]}]},{\"@type\":\"BreadcrumbList\",\"@id\":\"https:\/\/www.monteescalier.net\/france\/monte-escalier-saint-jean-d-angely\/#breadcrumb\",\"itemListElement\":[{\"@type\":\"ListItem\",\"position\":1,\"name\":\"Accueil\",\"item\":\"https:\/\/www.monteescalier.net\/france\/\"},{\"@type\":\"ListItem\",\"position\":2,\"name\":\"Monte escalier Saint-Jean-d&rsquo;Ang\u00e9ly\"}]},{\"@type\":\"WebSite\",\"@id\":\"https:\/\/www.monteescalier.net\/france\/#website\",\"url\":\"https:\/\/www.monteescalier.net\/france\/\",\"name\":\"Monte escalier\",\"description\":\"\",\"publisher\":{\"@id\":\"https:\/\/www.monteescalier.net\/france\/#organization\"},\"potentialAction\":[{\"@type\":\"SearchAction\",\"target\":{\"@type\":\"EntryPoint\",\"urlTemplate\":\"https:\/\/www.monteescalier.net\/france\/?s={search_term_string}\"},\"query-input\":{\"@type\":\"PropertyValueSpecification\",\"valueRequired\":true,\"valueName\":\"search_term_string\"}}],\"inLanguage\":\"fr-FR\"},{\"@type\":\"Organization\",\"@id\":\"https:\/\/www.monteescalier.net\/france\/#organization\",\"name\":\"monte-escalier.net\",\"url\":\"https:\/\/www.monteescalier.net\/france\/\",\"logo\":{\"@type\":\"ImageObject\",\"inLanguage\":\"fr-FR\",\"@id\":\"https:\/\/www.monteescalier.net\/france\/#\/schema\/logo\/image\/\",\"url\":\"https:\/\/www.monteescalier.net\/france\/wp-content\/uploads\/2016\/10\/4devis-mont-escalier-500-500.gif\",\"contentUrl\":\"https:\/\/www.monteescalier.net\/france\/wp-content\/uploads\/2016\/10\/4devis-mont-escalier-500-500.gif\",\"width\":500,\"height\":500,\"caption\":\"monte-escalier.net\"},\"image\":{\"@id\":\"https:\/\/www.monteescalier.net\/france\/#\/schema\/logo\/image\/\"}}]}<\/script>\n<!-- \/ Yoast SEO plugin. -->","yoast_head_json":{"title":"Monte escalier Saint-Jean-d'Ang\u00e9ly - Monte escalier","robots":{"index":"index","follow":"follow","max-snippet":"max-snippet:-1","max-image-preview":"max-image-preview:large","max-video-preview":"max-video-preview:-1"},"canonical":"https:\/\/www.monteescalier.net\/france\/monte-escalier-saint-jean-d-angely\/","og_locale":"fr_FR","og_type":"article","og_title":"Monte escalier Saint-Jean-d'Ang\u00e9ly - Monte escalier","og_description":"Vous recherchez un monte escalier \u00e0 Saint-Jean-d&rsquo;Ang\u00e9ly Poser un monte escalier \u00e0 Saint-Jean-d&rsquo;Ang\u00e9ly n&rsquo;est pas facile, comment d\u00e9tecter le meilleur rapport qualit\u00e9 prix, le site monteescalier.net peut vous y aider. Nous sommes des interm\u00e9diaires entre vous et les revendeurs de monte escalier sur Saint-Jean-d&rsquo;Ang\u00e9ly. Nous pouvons donc vous mettre en relation tr\u00e8s rapidement et gratuitement [&hellip;]","og_url":"https:\/\/www.monteescalier.net\/france\/monte-escalier-saint-jean-d-angely\/","og_site_name":"Monte escalier","twitter_card":"summary_large_image","twitter_misc":{"Dur\u00e9e de lecture estim\u00e9e":"1 minute"},"schema":{"@context":"https:\/\/schema.org","@graph":[{"@type":"WebPage","@id":"https:\/\/www.monteescalier.net\/france\/monte-escalier-saint-jean-d-angely\/","url":"https:\/\/www.monteescalier.net\/france\/monte-escalier-saint-jean-d-angely\/","name":"Monte escalier Saint-Jean-d'Ang\u00e9ly - Monte escalier","isPartOf":{"@id":"https:\/\/www.monteescalier.net\/france\/#website"},"datePublished":"2013-09-26T10:47:28+00:00","breadcrumb":{"@id":"https:\/\/www.monteescalier.net\/france\/monte-escalier-saint-jean-d-angely\/#breadcrumb"},"inLanguage":"fr-FR","potentialAction":[{"@type":"ReadAction","target":["https:\/\/www.monteescalier.net\/france\/monte-escalier-saint-jean-d-angely\/"]}]},{"@type":"BreadcrumbList","@id":"https:\/\/www.monteescalier.net\/france\/monte-escalier-saint-jean-d-angely\/#breadcrumb","itemListElement":[{"@type":"ListItem","position":1,"name":"Accueil","item":"https:\/\/www.monteescalier.net\/france\/"},{"@type":"ListItem","position":2,"name":"Monte escalier Saint-Jean-d&rsquo;Ang\u00e9ly"}]},{"@type":"WebSite","@id":"https:\/\/www.monteescalier.net\/france\/#website","url":"https:\/\/www.monteescalier.net\/france\/","name":"Monte escalier","description":"","publisher":{"@id":"https:\/\/www.monteescalier.net\/france\/#organization"},"potentialAction":[{"@type":"SearchAction","target":{"@type":"EntryPoint","urlTemplate":"https:\/\/www.monteescalier.net\/france\/?s={search_term_string}"},"query-input":{"@type":"PropertyValueSpecification","valueRequired":true,"valueName":"search_term_string"}}],"inLanguage":"fr-FR"},{"@type":"Organization","@id":"https:\/\/www.monteescalier.net\/france\/#organization","name":"monte-escalier.net","url":"https:\/\/www.monteescalier.net\/france\/","logo":{"@type":"ImageObject","inLanguage":"fr-FR","@id":"https:\/\/www.monteescalier.net\/france\/#\/schema\/logo\/image\/","url":"https:\/\/www.monteescalier.net\/france\/wp-content\/uploads\/2016\/10\/4devis-mont-escalier-500-500.gif","contentUrl":"https:\/\/www.monteescalier.net\/france\/wp-content\/uploads\/2016\/10\/4devis-mont-escalier-500-500.gif","width":500,"height":500,"caption":"monte-escalier.net"},"image":{"@id":"https:\/\/www.monteescalier.net\/france\/#\/schema\/logo\/image\/"}}]}},"_links":{"self":[{"href":"https:\/\/www.monteescalier.net\/france\/wp-json\/wp\/v2\/pages\/2141","targetHints":{"allow":["GET"]}}],"collection":[{"href":"https:\/\/www.monteescalier.net\/france\/wp-json\/wp\/v2\/pages"}],"about":[{"href":"https:\/\/www.monteescalier.net\/france\/wp-json\/wp\/v2\/types\/page"}],"author":[{"embeddable":true,"href":"https:\/\/www.monteescalier.net\/france\/wp-json\/wp\/v2\/users\/1"}],"replies":[{"embeddable":true,"href":"https:\/\/www.monteescalier.net\/france\/wp-json\/wp\/v2\/comments?post=2141"}],"version-history":[{"count":0,"href":"https:\/\/www.monteescalier.net\/france\/wp-json\/wp\/v2\/pages\/2141\/revisions"}],"wp:attachment":[{"href":"https:\/\/www.monteescalier.net\/france\/wp-json\/wp\/v2\/media?parent=2141"}],"curies":[{"name":"wp","href":"https:\/\/api.w.org\/{rel}","templated":true}]}}