{"id":219,"date":"2023-07-19T16:36:43","date_gmt":"2023-07-19T15:36:43","guid":{"rendered":"https:\/\/www.monteescalier.net\/monteescalier\/?page_id=219"},"modified":"2024-05-15T16:49:23","modified_gmt":"2024-05-15T15:49:23","slug":"monte-escalier-haute-marne","status":"publish","type":"page","link":"https:\/\/www.monteescalier.net\/france\/monte-escalier-haute-marne\/","title":{"rendered":"Monte escalier Haute-Marne Chaumont"},"content":{"rendered":"<div class='content-column one_half'><div style=\"padding-right:19px;\"><h1>Choisir son installateur de monte escalier en Haute Marne<\/h1>\n<p><b>A proximit\u00e9 de chez vous :<\/b><br \/>\n<a href=\"https:\/\/www.monteescalier.net\/france\/monte-escalier-chaumont\/\">Le monte escalier \u00e0 Chaumont<\/a><br \/>\n<a href=\"https:\/\/www.monteescalier.net\/france\/monte-escalier-langres\/\">Le monte escalier \u00e0 Langres<\/a><br \/>\n<a href=\"https:\/\/www.monteescalier.net\/france\/monte-escalier-saint-dizier\/\">Le monte escalier \u00e0 Saint-Dizier<\/a><\/p>\n<p style=\"text-align: justify;\">Sur notre site, vous pouvez gratuitement obtenir diff\u00e9rents devis de monte escalier en Haute Marne. Pour ce faire, compl\u00e9tez un de nos formulaires de renseignements; C&rsquo;est enti\u00e8rement gratuit et sans aucun engagement. L&rsquo;installation d&rsquo;un monte escalier est un investissement qui doit s&rsquo;effectuer en toute connaissance de cause, il est important d&rsquo;\u00e9changer avec les sp\u00e9cialistes du monte escalier qui peuvent intervenir dans votre ville : pas de surco\u00fbt li\u00e9 \u00e0 la distance d&rsquo;installation, un S.A.V. rapide et donc des r\u00e9parations tr\u00e8s rapides en cas de d\u00e9faillance mat\u00e9rielle.<\/p>\n<p style=\"text-align: justify;\">A Chaumont ou dans sa p\u00e9riph\u00e9rie, a Saint Dizier Joinville, Langres ou Nogent, et \u00e0 Bourbonne les bains, Val de Meuse et Chalindrey, les revendeurs de monte escalier en Haute Marne r\u00e9pondront tr\u00e8s vite \u00e0 vos demande de chiffrage, demande de doc et demandes de rappel. Tous ces services sont gratuits et sans engagement. Compl\u00e9tez notre formulaire de contact avec vos coordonn\u00e9es compl\u00e8tes et vous serez en mesure de comparer les diff\u00e9rentes offres de monte escalier disponibles dans le d\u00e9partement de la Haute Marne, qu&rsquo;elles soient propos\u00e9es par des installateurs ind\u00e9pendants, des fabricants ou des revendeurs nationaux. Tous ne manqueront pas de vous faire profiter de leur meilleure offre pour r\u00e9aliser l&rsquo;installation \u00e0 votre domicile du monte escalier que vous voulez.<\/p>\n<p style=\"text-align: justify;\">Avec monteescalier.net, vous ne perdrez pas de temps avec des installateurs de monte escalier qui ne travaillent pas sur votre secteur ou ne sont pas disponibles. Nous filtrons les demandes et seuls ceux qui peuvent vous apporter une prestation \u00e0 domicile et en respectant les normes de qualit\u00e9 en vigueur seront mis en contact avec vous.<\/p>\n<p style=\"text-align: justify;\">Vous envisagez de faire installer un monte escalier dans votre maison en Haute Marne, qu&rsquo;il soit droit, tournant et m\u00eame ext\u00e9rieur, nos experts du monte escalier ont toutes les r\u00e9ponses \u00e0 vos questions. Vous \u00eates \u00e0 la bonne place. Testez notre s\u00e9lection d&rsquo;installateurs de monte escalier en Haute Marne, vous ne risquez rien, c&rsquo;est sans engagement.<\/p>\n<div class=\"bouton\" onclick=\"location.href='https:\/\/www.monteescalier.net\/devis-gratuit.php'\">Cliquez ici pour obtenir des devis gratuitement<\/div>\n<p>&nbsp;<\/p><\/div><\/div><div class='content-column one_half last_column'><a href=\"https:\/\/www.monteescalier.net\/devis-gratuit.php\" target=\"_blank\" rel=\"noopener\"><img loading=\"lazy\" decoding=\"async\" class=\"alignnone size-full img_region\" src=\"https:\/\/www.monteescalier.net\/france\/wp-content\/uploads\/2014\/10\/4devis-monte-escalier-photo-490.png\" alt=\"Haute Marne\" width=\"507\" height=\"485\" \/><\/a><br \/>\n<img loading=\"lazy\" decoding=\"async\" class=\"alignnone size-full img_region_2\" src=\"https:\/\/www.monteescalier.net\/france\/wp-content\/uploads\/2013\/07\/hautemarne.jpg\" alt=\"Haute Marne monte escalier\" width=\"507\" height=\"485\" \/><\/div><div class='clear_column'><\/div><\/p>\n","protected":false},"excerpt":{"rendered":"","protected":false},"author":1,"featured_media":0,"parent":0,"menu_order":0,"comment_status":"open","ping_status":"closed","template":"template4.php","meta":{"_monsterinsights_skip_tracking":false,"_monsterinsights_sitenote_active":false,"_monsterinsights_sitenote_note":"","_monsterinsights_sitenote_category":0,"footnotes":""},"class_list":["post-219","page","type-page","status-publish","hentry"],"yoast_head":"<!-- This site is optimized with the Yoast SEO plugin v26.3 - https:\/\/yoast.com\/wordpress\/plugins\/seo\/ -->\n<title>Monte escalier Haute-Marne Chaumont - Monte escalier<\/title>\n<meta name=\"description\" content=\"Voici notre liste des meilleurs monte escalier en Haute-Marne : Chaumont, Langres, Saint-Dizier\" \/>\n<meta name=\"robots\" content=\"index, follow, max-snippet:-1, max-image-preview:large, max-video-preview:-1\" \/>\n<link rel=\"canonical\" href=\"https:\/\/www.monteescalier.net\/france\/monte-escalier-haute-marne\/\" \/>\n<meta property=\"og:locale\" content=\"fr_FR\" \/>\n<meta property=\"og:type\" content=\"article\" \/>\n<meta property=\"og:title\" content=\"Monte escalier Haute-Marne Chaumont - Monte escalier\" \/>\n<meta property=\"og:description\" content=\"Voici notre liste des meilleurs monte escalier en Haute-Marne : Chaumont, Langres, Saint-Dizier\" \/>\n<meta property=\"og:url\" content=\"https:\/\/www.monteescalier.net\/france\/monte-escalier-haute-marne\/\" \/>\n<meta property=\"og:site_name\" content=\"Monte escalier\" \/>\n<meta property=\"article:modified_time\" content=\"2024-05-15T15:49:23+00:00\" \/>\n<meta property=\"og:image\" content=\"https:\/\/www.monteescalier.net\/france\/wp-content\/uploads\/2014\/10\/4devis-monte-escalier-photo-490.png\" \/>\n<meta name=\"twitter:card\" content=\"summary_large_image\" \/>\n<meta name=\"twitter:label1\" content=\"Dur\u00e9e de lecture estim\u00e9e\" \/>\n\t<meta name=\"twitter:data1\" content=\"2 minutes\" \/>\n<script type=\"application\/ld+json\" class=\"yoast-schema-graph\">{\"@context\":\"https:\/\/schema.org\",\"@graph\":[{\"@type\":\"WebPage\",\"@id\":\"https:\/\/www.monteescalier.net\/france\/monte-escalier-haute-marne\/\",\"url\":\"https:\/\/www.monteescalier.net\/france\/monte-escalier-haute-marne\/\",\"name\":\"Monte escalier Haute-Marne Chaumont - Monte escalier\",\"isPartOf\":{\"@id\":\"https:\/\/www.monteescalier.net\/france\/#website\"},\"primaryImageOfPage\":{\"@id\":\"https:\/\/www.monteescalier.net\/france\/monte-escalier-haute-marne\/#primaryimage\"},\"image\":{\"@id\":\"https:\/\/www.monteescalier.net\/france\/monte-escalier-haute-marne\/#primaryimage\"},\"thumbnailUrl\":\"https:\/\/www.monteescalier.net\/france\/wp-content\/uploads\/2014\/10\/4devis-monte-escalier-photo-490.png\",\"datePublished\":\"2023-07-19T15:36:43+00:00\",\"dateModified\":\"2024-05-15T15:49:23+00:00\",\"description\":\"Voici notre liste des meilleurs monte escalier en Haute-Marne : Chaumont, Langres, Saint-Dizier\",\"breadcrumb\":{\"@id\":\"https:\/\/www.monteescalier.net\/france\/monte-escalier-haute-marne\/#breadcrumb\"},\"inLanguage\":\"fr-FR\",\"potentialAction\":[{\"@type\":\"ReadAction\",\"target\":[\"https:\/\/www.monteescalier.net\/france\/monte-escalier-haute-marne\/\"]}]},{\"@type\":\"ImageObject\",\"inLanguage\":\"fr-FR\",\"@id\":\"https:\/\/www.monteescalier.net\/france\/monte-escalier-haute-marne\/#primaryimage\",\"url\":\"https:\/\/www.monteescalier.net\/france\/wp-content\/uploads\/2014\/10\/4devis-monte-escalier-photo-490.png\",\"contentUrl\":\"https:\/\/www.monteescalier.net\/france\/wp-content\/uploads\/2014\/10\/4devis-monte-escalier-photo-490.png\",\"width\":490,\"height\":267},{\"@type\":\"BreadcrumbList\",\"@id\":\"https:\/\/www.monteescalier.net\/france\/monte-escalier-haute-marne\/#breadcrumb\",\"itemListElement\":[{\"@type\":\"ListItem\",\"position\":1,\"name\":\"Accueil\",\"item\":\"https:\/\/www.monteescalier.net\/france\/\"},{\"@type\":\"ListItem\",\"position\":2,\"name\":\"Monte escalier Haute-Marne Chaumont\"}]},{\"@type\":\"WebSite\",\"@id\":\"https:\/\/www.monteescalier.net\/france\/#website\",\"url\":\"https:\/\/www.monteescalier.net\/france\/\",\"name\":\"Monte escalier\",\"description\":\"\",\"publisher\":{\"@id\":\"https:\/\/www.monteescalier.net\/france\/#organization\"},\"potentialAction\":[{\"@type\":\"SearchAction\",\"target\":{\"@type\":\"EntryPoint\",\"urlTemplate\":\"https:\/\/www.monteescalier.net\/france\/?s={search_term_string}\"},\"query-input\":{\"@type\":\"PropertyValueSpecification\",\"valueRequired\":true,\"valueName\":\"search_term_string\"}}],\"inLanguage\":\"fr-FR\"},{\"@type\":\"Organization\",\"@id\":\"https:\/\/www.monteescalier.net\/france\/#organization\",\"name\":\"monte-escalier.net\",\"url\":\"https:\/\/www.monteescalier.net\/france\/\",\"logo\":{\"@type\":\"ImageObject\",\"inLanguage\":\"fr-FR\",\"@id\":\"https:\/\/www.monteescalier.net\/france\/#\/schema\/logo\/image\/\",\"url\":\"https:\/\/www.monteescalier.net\/france\/wp-content\/uploads\/2016\/10\/4devis-mont-escalier-500-500.gif\",\"contentUrl\":\"https:\/\/www.monteescalier.net\/france\/wp-content\/uploads\/2016\/10\/4devis-mont-escalier-500-500.gif\",\"width\":500,\"height\":500,\"caption\":\"monte-escalier.net\"},\"image\":{\"@id\":\"https:\/\/www.monteescalier.net\/france\/#\/schema\/logo\/image\/\"}}]}<\/script>\n<!-- \/ Yoast SEO plugin. -->","yoast_head_json":{"title":"Monte escalier Haute-Marne Chaumont - Monte escalier","description":"Voici notre liste des meilleurs monte escalier en Haute-Marne : Chaumont, Langres, Saint-Dizier","robots":{"index":"index","follow":"follow","max-snippet":"max-snippet:-1","max-image-preview":"max-image-preview:large","max-video-preview":"max-video-preview:-1"},"canonical":"https:\/\/www.monteescalier.net\/france\/monte-escalier-haute-marne\/","og_locale":"fr_FR","og_type":"article","og_title":"Monte escalier Haute-Marne Chaumont - Monte escalier","og_description":"Voici notre liste des meilleurs monte escalier en Haute-Marne : Chaumont, Langres, Saint-Dizier","og_url":"https:\/\/www.monteescalier.net\/france\/monte-escalier-haute-marne\/","og_site_name":"Monte escalier","article_modified_time":"2024-05-15T15:49:23+00:00","og_image":[{"url":"https:\/\/www.monteescalier.net\/france\/wp-content\/uploads\/2014\/10\/4devis-monte-escalier-photo-490.png","type":"","width":"","height":""}],"twitter_card":"summary_large_image","twitter_misc":{"Dur\u00e9e de lecture estim\u00e9e":"2 minutes"},"schema":{"@context":"https:\/\/schema.org","@graph":[{"@type":"WebPage","@id":"https:\/\/www.monteescalier.net\/france\/monte-escalier-haute-marne\/","url":"https:\/\/www.monteescalier.net\/france\/monte-escalier-haute-marne\/","name":"Monte escalier Haute-Marne Chaumont - Monte escalier","isPartOf":{"@id":"https:\/\/www.monteescalier.net\/france\/#website"},"primaryImageOfPage":{"@id":"https:\/\/www.monteescalier.net\/france\/monte-escalier-haute-marne\/#primaryimage"},"image":{"@id":"https:\/\/www.monteescalier.net\/france\/monte-escalier-haute-marne\/#primaryimage"},"thumbnailUrl":"https:\/\/www.monteescalier.net\/france\/wp-content\/uploads\/2014\/10\/4devis-monte-escalier-photo-490.png","datePublished":"2023-07-19T15:36:43+00:00","dateModified":"2024-05-15T15:49:23+00:00","description":"Voici notre liste des meilleurs monte escalier en Haute-Marne : Chaumont, Langres, Saint-Dizier","breadcrumb":{"@id":"https:\/\/www.monteescalier.net\/france\/monte-escalier-haute-marne\/#breadcrumb"},"inLanguage":"fr-FR","potentialAction":[{"@type":"ReadAction","target":["https:\/\/www.monteescalier.net\/france\/monte-escalier-haute-marne\/"]}]},{"@type":"ImageObject","inLanguage":"fr-FR","@id":"https:\/\/www.monteescalier.net\/france\/monte-escalier-haute-marne\/#primaryimage","url":"https:\/\/www.monteescalier.net\/france\/wp-content\/uploads\/2014\/10\/4devis-monte-escalier-photo-490.png","contentUrl":"https:\/\/www.monteescalier.net\/france\/wp-content\/uploads\/2014\/10\/4devis-monte-escalier-photo-490.png","width":490,"height":267},{"@type":"BreadcrumbList","@id":"https:\/\/www.monteescalier.net\/france\/monte-escalier-haute-marne\/#breadcrumb","itemListElement":[{"@type":"ListItem","position":1,"name":"Accueil","item":"https:\/\/www.monteescalier.net\/france\/"},{"@type":"ListItem","position":2,"name":"Monte escalier Haute-Marne Chaumont"}]},{"@type":"WebSite","@id":"https:\/\/www.monteescalier.net\/france\/#website","url":"https:\/\/www.monteescalier.net\/france\/","name":"Monte escalier","description":"","publisher":{"@id":"https:\/\/www.monteescalier.net\/france\/#organization"},"potentialAction":[{"@type":"SearchAction","target":{"@type":"EntryPoint","urlTemplate":"https:\/\/www.monteescalier.net\/france\/?s={search_term_string}"},"query-input":{"@type":"PropertyValueSpecification","valueRequired":true,"valueName":"search_term_string"}}],"inLanguage":"fr-FR"},{"@type":"Organization","@id":"https:\/\/www.monteescalier.net\/france\/#organization","name":"monte-escalier.net","url":"https:\/\/www.monteescalier.net\/france\/","logo":{"@type":"ImageObject","inLanguage":"fr-FR","@id":"https:\/\/www.monteescalier.net\/france\/#\/schema\/logo\/image\/","url":"https:\/\/www.monteescalier.net\/france\/wp-content\/uploads\/2016\/10\/4devis-mont-escalier-500-500.gif","contentUrl":"https:\/\/www.monteescalier.net\/france\/wp-content\/uploads\/2016\/10\/4devis-mont-escalier-500-500.gif","width":500,"height":500,"caption":"monte-escalier.net"},"image":{"@id":"https:\/\/www.monteescalier.net\/france\/#\/schema\/logo\/image\/"}}]}},"_links":{"self":[{"href":"https:\/\/www.monteescalier.net\/france\/wp-json\/wp\/v2\/pages\/219","targetHints":{"allow":["GET"]}}],"collection":[{"href":"https:\/\/www.monteescalier.net\/france\/wp-json\/wp\/v2\/pages"}],"about":[{"href":"https:\/\/www.monteescalier.net\/france\/wp-json\/wp\/v2\/types\/page"}],"author":[{"embeddable":true,"href":"https:\/\/www.monteescalier.net\/france\/wp-json\/wp\/v2\/users\/1"}],"replies":[{"embeddable":true,"href":"https:\/\/www.monteescalier.net\/france\/wp-json\/wp\/v2\/comments?post=219"}],"version-history":[{"count":5,"href":"https:\/\/www.monteescalier.net\/france\/wp-json\/wp\/v2\/pages\/219\/revisions"}],"predecessor-version":[{"id":9102,"href":"https:\/\/www.monteescalier.net\/france\/wp-json\/wp\/v2\/pages\/219\/revisions\/9102"}],"wp:attachment":[{"href":"https:\/\/www.monteescalier.net\/france\/wp-json\/wp\/v2\/media?parent=219"}],"curies":[{"name":"wp","href":"https:\/\/api.w.org\/{rel}","templated":true}]}}