{"id":2331,"date":"2013-09-26T10:47:30","date_gmt":"2013-09-26T10:47:30","guid":{"rendered":"https:\/\/www.monteescalier.net\/france\/?page_id=2331"},"modified":"-0001-11-30T00:00:00","modified_gmt":"-0001-11-29T23:00:00","slug":"monte-escalier-bedarieux","status":"publish","type":"page","link":"https:\/\/www.monteescalier.net\/france\/monte-escalier-bedarieux\/","title":{"rendered":"Monte escalier B\u00e9darieux"},"content":{"rendered":"<h1>Trouver les vendeurs de monte escalier \u00e0 B\u00e9darieux<\/h1>\n<div class=\"boite_texte\">\n<div style=\"text-align:justify; margin-bottom:10px\">Faire installer un monte escalier \u00e0 B\u00e9darieux n&rsquo;est pas facile, comment d\u00e9tecter le meilleur rapport qualit\u00e9 prix, le site monteescalier.net peut vous y aider.<\/div>\n<div style=\"text-align:justify; margin-bottom:10px\">Notre site est une passerelle entre les possibles acqu\u00e9reurs de monte escalier et les installateurs. En quelques clics vous serez mis en contact avec notre s\u00e9lection de vendeurs de monte escalier sur B\u00e9darieux.<\/div>\n<div style=\"text-align:justify; margin-bottom:10px\">Obtenir 4 ou 5 devis pour votre monte escalier \u00e0 B\u00e9darieux, c&rsquo;est la premi\u00e8re prestation totalement gratuite que nous sommes en mesure de vous proposer. Pour profiter de ce service gratuit et sans obligation d&rsquo;achat, laissez nous vos coordonn\u00e9es dans notre formulaire de demande de devis et vous serez recontact\u00e9s tr\u00e8s prochainement par les professionnels du monte escalier sur B\u00e9darieux.<\/div>\n<div style=\"text-align:justify; margin-bottom:10px\">Le monte escalier c&rsquo;est presque toujours du sur mesure, chaque logement est diff\u00e9rente et a ses propres sp\u00e9cificit\u00e9s. Dans la tr\u00e8s grande majorit\u00e9 des cas l&rsquo;installation du monte escalier est possible chez vous. Pour vous en assurer remplissez une demande de rappel (en notant au pr\u00e9alable les dimensions de votre escalier). Plusieurs installateurs vous rappelleront sans d\u00e9lai, pour discuter avec vous du type de monte escalier qui s&rsquo;adaptera le mieux \u00e0 votre logement \u00e0 B\u00e9darieux.<\/div>\n<div style=\"text-align:justify; margin-bottom:10px\">Compulser de la documentation sur les monte escalier directement depuis chez vous sans vous d\u00e9placer c&rsquo;est possible et m\u00eame gratuit. Remplissez simplement un formulaire de demande de documentation et vous recevrez par la poste ou par email, toutes les documentations sur les types de produits commercialis\u00e9s par nos partenaires vendeurs de monte escalier.<\/div>\n<div style=\"text-align:justify; margin-bottom:10px\">Demande de doc, demande de devis, demande de rappel sont des services totalement gratuits sur monteescalier.net, pas de co\u00fbt cach\u00e9s, pas d&rsquo;obligations. Vos demandes sont directement transmises \u00e0 nos prestataires partenaires desservant la ville de B\u00e9darieux et sa r\u00e9gion. Libre \u00e0 vous de signer avec celui de votre choix, ou aucun d&rsquo;entre eux si leurs propositions ne vous conviennent pas.<\/div>\n<\/div>\n<div class=\"titre_liens\">Nos autres offres de monte escalier dans votre secteur<\/div>\n<div class=\"boite_liens\"><a href=\"https:\/\/www.monteescalier.net\/france\/monte-escalier-serignan\">Monte escalier S\u00e9rignan<\/a><br \/>\n<a href=\"https:\/\/www.monteescalier.net\/france\/monte-escalier-juvignac\">Monte escalier Juvignac<\/a><br \/>\n<a href=\"https:\/\/www.monteescalier.net\/france\/monte-escalier-balaruc-les-bains\">Monte escalier Balaruc-les-Bains<\/a><br \/>\n<a href=\"https:\/\/www.monteescalier.net\/france\/monte-escalier-fabregues\">Monte escalier Fabr\u00e8gues<\/a><br \/>\n<a href=\"https:\/\/www.monteescalier.net\/france\/monte-escalier-baillargues\">Monte escalier Baillargues<\/a>\n<\/div>\n","protected":false},"excerpt":{"rendered":"<p>Trouver les vendeurs de monte escalier \u00e0 B\u00e9darieux Faire installer un monte escalier \u00e0 B\u00e9darieux n&rsquo;est pas facile, comment d\u00e9tecter le meilleur rapport qualit\u00e9 prix, le site monteescalier.net peut vous y aider. Notre site est une passerelle entre les possibles acqu\u00e9reurs de monte escalier et les installateurs. En quelques clics vous serez mis en contact [&hellip;]<\/p>\n","protected":false},"author":1,"featured_media":0,"parent":0,"menu_order":0,"comment_status":"closed","ping_status":"open","template":"template_ville_7.php","meta":{"_monsterinsights_skip_tracking":false,"_monsterinsights_sitenote_active":false,"_monsterinsights_sitenote_note":"","_monsterinsights_sitenote_category":0,"footnotes":""},"class_list":["post-2331","page","type-page","status-publish","hentry"],"yoast_head":"<!-- This site is optimized with the Yoast SEO plugin v26.3 - https:\/\/yoast.com\/wordpress\/plugins\/seo\/ -->\n<title>Monte escalier B\u00e9darieux - Monte escalier<\/title>\n<meta name=\"robots\" content=\"index, follow, max-snippet:-1, max-image-preview:large, max-video-preview:-1\" \/>\n<link rel=\"canonical\" href=\"https:\/\/www.monteescalier.net\/france\/monte-escalier-bedarieux\/\" \/>\n<meta property=\"og:locale\" content=\"fr_FR\" \/>\n<meta property=\"og:type\" content=\"article\" \/>\n<meta property=\"og:title\" content=\"Monte escalier B\u00e9darieux - Monte escalier\" \/>\n<meta property=\"og:description\" content=\"Trouver les vendeurs de monte escalier \u00e0 B\u00e9darieux Faire installer un monte escalier \u00e0 B\u00e9darieux n&rsquo;est pas facile, comment d\u00e9tecter le meilleur rapport qualit\u00e9 prix, le site monteescalier.net peut vous y aider. Notre site est une passerelle entre les possibles acqu\u00e9reurs de monte escalier et les installateurs. En quelques clics vous serez mis en contact [&hellip;]\" \/>\n<meta property=\"og:url\" content=\"https:\/\/www.monteescalier.net\/france\/monte-escalier-bedarieux\/\" \/>\n<meta property=\"og:site_name\" content=\"Monte escalier\" \/>\n<meta name=\"twitter:card\" content=\"summary_large_image\" \/>\n<meta name=\"twitter:label1\" content=\"Dur\u00e9e de lecture estim\u00e9e\" \/>\n\t<meta name=\"twitter:data1\" content=\"2 minutes\" \/>\n<script type=\"application\/ld+json\" class=\"yoast-schema-graph\">{\"@context\":\"https:\/\/schema.org\",\"@graph\":[{\"@type\":\"WebPage\",\"@id\":\"https:\/\/www.monteescalier.net\/france\/monte-escalier-bedarieux\/\",\"url\":\"https:\/\/www.monteescalier.net\/france\/monte-escalier-bedarieux\/\",\"name\":\"Monte escalier B\u00e9darieux - Monte escalier\",\"isPartOf\":{\"@id\":\"https:\/\/www.monteescalier.net\/france\/#website\"},\"datePublished\":\"2013-09-26T10:47:30+00:00\",\"breadcrumb\":{\"@id\":\"https:\/\/www.monteescalier.net\/france\/monte-escalier-bedarieux\/#breadcrumb\"},\"inLanguage\":\"fr-FR\",\"potentialAction\":[{\"@type\":\"ReadAction\",\"target\":[\"https:\/\/www.monteescalier.net\/france\/monte-escalier-bedarieux\/\"]}]},{\"@type\":\"BreadcrumbList\",\"@id\":\"https:\/\/www.monteescalier.net\/france\/monte-escalier-bedarieux\/#breadcrumb\",\"itemListElement\":[{\"@type\":\"ListItem\",\"position\":1,\"name\":\"Accueil\",\"item\":\"https:\/\/www.monteescalier.net\/france\/\"},{\"@type\":\"ListItem\",\"position\":2,\"name\":\"Monte escalier B\u00e9darieux\"}]},{\"@type\":\"WebSite\",\"@id\":\"https:\/\/www.monteescalier.net\/france\/#website\",\"url\":\"https:\/\/www.monteescalier.net\/france\/\",\"name\":\"Monte escalier\",\"description\":\"\",\"publisher\":{\"@id\":\"https:\/\/www.monteescalier.net\/france\/#organization\"},\"potentialAction\":[{\"@type\":\"SearchAction\",\"target\":{\"@type\":\"EntryPoint\",\"urlTemplate\":\"https:\/\/www.monteescalier.net\/france\/?s={search_term_string}\"},\"query-input\":{\"@type\":\"PropertyValueSpecification\",\"valueRequired\":true,\"valueName\":\"search_term_string\"}}],\"inLanguage\":\"fr-FR\"},{\"@type\":\"Organization\",\"@id\":\"https:\/\/www.monteescalier.net\/france\/#organization\",\"name\":\"monte-escalier.net\",\"url\":\"https:\/\/www.monteescalier.net\/france\/\",\"logo\":{\"@type\":\"ImageObject\",\"inLanguage\":\"fr-FR\",\"@id\":\"https:\/\/www.monteescalier.net\/france\/#\/schema\/logo\/image\/\",\"url\":\"https:\/\/www.monteescalier.net\/france\/wp-content\/uploads\/2016\/10\/4devis-mont-escalier-500-500.gif\",\"contentUrl\":\"https:\/\/www.monteescalier.net\/france\/wp-content\/uploads\/2016\/10\/4devis-mont-escalier-500-500.gif\",\"width\":500,\"height\":500,\"caption\":\"monte-escalier.net\"},\"image\":{\"@id\":\"https:\/\/www.monteescalier.net\/france\/#\/schema\/logo\/image\/\"}}]}<\/script>\n<!-- \/ Yoast SEO plugin. -->","yoast_head_json":{"title":"Monte escalier B\u00e9darieux - Monte escalier","robots":{"index":"index","follow":"follow","max-snippet":"max-snippet:-1","max-image-preview":"max-image-preview:large","max-video-preview":"max-video-preview:-1"},"canonical":"https:\/\/www.monteescalier.net\/france\/monte-escalier-bedarieux\/","og_locale":"fr_FR","og_type":"article","og_title":"Monte escalier B\u00e9darieux - Monte escalier","og_description":"Trouver les vendeurs de monte escalier \u00e0 B\u00e9darieux Faire installer un monte escalier \u00e0 B\u00e9darieux n&rsquo;est pas facile, comment d\u00e9tecter le meilleur rapport qualit\u00e9 prix, le site monteescalier.net peut vous y aider. Notre site est une passerelle entre les possibles acqu\u00e9reurs de monte escalier et les installateurs. En quelques clics vous serez mis en contact [&hellip;]","og_url":"https:\/\/www.monteescalier.net\/france\/monte-escalier-bedarieux\/","og_site_name":"Monte escalier","twitter_card":"summary_large_image","twitter_misc":{"Dur\u00e9e de lecture estim\u00e9e":"2 minutes"},"schema":{"@context":"https:\/\/schema.org","@graph":[{"@type":"WebPage","@id":"https:\/\/www.monteescalier.net\/france\/monte-escalier-bedarieux\/","url":"https:\/\/www.monteescalier.net\/france\/monte-escalier-bedarieux\/","name":"Monte escalier B\u00e9darieux - Monte escalier","isPartOf":{"@id":"https:\/\/www.monteescalier.net\/france\/#website"},"datePublished":"2013-09-26T10:47:30+00:00","breadcrumb":{"@id":"https:\/\/www.monteescalier.net\/france\/monte-escalier-bedarieux\/#breadcrumb"},"inLanguage":"fr-FR","potentialAction":[{"@type":"ReadAction","target":["https:\/\/www.monteescalier.net\/france\/monte-escalier-bedarieux\/"]}]},{"@type":"BreadcrumbList","@id":"https:\/\/www.monteescalier.net\/france\/monte-escalier-bedarieux\/#breadcrumb","itemListElement":[{"@type":"ListItem","position":1,"name":"Accueil","item":"https:\/\/www.monteescalier.net\/france\/"},{"@type":"ListItem","position":2,"name":"Monte escalier B\u00e9darieux"}]},{"@type":"WebSite","@id":"https:\/\/www.monteescalier.net\/france\/#website","url":"https:\/\/www.monteescalier.net\/france\/","name":"Monte escalier","description":"","publisher":{"@id":"https:\/\/www.monteescalier.net\/france\/#organization"},"potentialAction":[{"@type":"SearchAction","target":{"@type":"EntryPoint","urlTemplate":"https:\/\/www.monteescalier.net\/france\/?s={search_term_string}"},"query-input":{"@type":"PropertyValueSpecification","valueRequired":true,"valueName":"search_term_string"}}],"inLanguage":"fr-FR"},{"@type":"Organization","@id":"https:\/\/www.monteescalier.net\/france\/#organization","name":"monte-escalier.net","url":"https:\/\/www.monteescalier.net\/france\/","logo":{"@type":"ImageObject","inLanguage":"fr-FR","@id":"https:\/\/www.monteescalier.net\/france\/#\/schema\/logo\/image\/","url":"https:\/\/www.monteescalier.net\/france\/wp-content\/uploads\/2016\/10\/4devis-mont-escalier-500-500.gif","contentUrl":"https:\/\/www.monteescalier.net\/france\/wp-content\/uploads\/2016\/10\/4devis-mont-escalier-500-500.gif","width":500,"height":500,"caption":"monte-escalier.net"},"image":{"@id":"https:\/\/www.monteescalier.net\/france\/#\/schema\/logo\/image\/"}}]}},"_links":{"self":[{"href":"https:\/\/www.monteescalier.net\/france\/wp-json\/wp\/v2\/pages\/2331","targetHints":{"allow":["GET"]}}],"collection":[{"href":"https:\/\/www.monteescalier.net\/france\/wp-json\/wp\/v2\/pages"}],"about":[{"href":"https:\/\/www.monteescalier.net\/france\/wp-json\/wp\/v2\/types\/page"}],"author":[{"embeddable":true,"href":"https:\/\/www.monteescalier.net\/france\/wp-json\/wp\/v2\/users\/1"}],"replies":[{"embeddable":true,"href":"https:\/\/www.monteescalier.net\/france\/wp-json\/wp\/v2\/comments?post=2331"}],"version-history":[{"count":0,"href":"https:\/\/www.monteescalier.net\/france\/wp-json\/wp\/v2\/pages\/2331\/revisions"}],"wp:attachment":[{"href":"https:\/\/www.monteescalier.net\/france\/wp-json\/wp\/v2\/media?parent=2331"}],"curies":[{"name":"wp","href":"https:\/\/api.w.org\/{rel}","templated":true}]}}