{"id":2474,"date":"2013-09-26T10:47:32","date_gmt":"2013-09-26T10:47:32","guid":{"rendered":"https:\/\/www.monteescalier.net\/france\/?page_id=2474"},"modified":"-0001-11-30T00:00:00","modified_gmt":"-0001-11-29T23:00:00","slug":"monte-escalier-bon-encontre","status":"publish","type":"page","link":"https:\/\/www.monteescalier.net\/france\/monte-escalier-bon-encontre\/","title":{"rendered":"Monte escalier Bon-Encontre"},"content":{"rendered":"<h1>Bien choisir son monte escalier \u00e0 Bon-Encontre<\/h1>\n<div class=\"boite_texte\">\n<div style=\"text-align:justify; margin-bottom:10px\">Faire poser un monte escalier \u00e0 Bon-Encontre n&rsquo;est pas chose ais\u00e9e, comment trouver le meilleur rapport qualit\u00e9 prix, le site monteescalier.net peut vous y aider.<\/div>\n<div style=\"text-align:justify; margin-bottom:10px\">Qui sommes nous ? Nous sommes des interm\u00e9diaires entre vous et les soci\u00e9t\u00e9s vendeuses de monte escalier, mais attention ! Contrairement \u00e0 beaucoup d&rsquo;autres interm\u00e9diaires, nous ne vous facturerons jamais pour nos services de mise en contact. Remplissez un formulaire sur notre site et laissez nous faire, vous allez \u00eatre mis tr\u00e8s vite en contact avec les revendeurs de monte escalier de Bon-Encontre.<\/div>\n<div style=\"text-align:justify; margin-bottom:10px\">Vous voulez recevoir plusieurs devis de monte escalier pour votre r\u00e9sidence \u00e0 Bon-Encontre, vous n&rsquo;avez qu&rsquo;une demande \u00e0 faire sur ce site et vous en recevrez tr\u00e8s rapidement entre 3 et 5 devis diff\u00e9rents. Nous contactons pour vous les professionnels de Bon-Encontre, et devinez quoi ? Pour vous c&rsquo;est gratuit !<\/div>\n<div style=\"text-align:justify; margin-bottom:10px\">Avant de passer commande d&rsquo;un monte escalier, vous d\u00e9sirez traiter au t\u00e9l\u00e9phone avec plusieurs experts. Dans ce cas, utilisez notre demande de rappel, et nos partenaires experts du monte escalier vous rappelleront dans les plus brefs d\u00e9lais pour discuter de votre projet.<\/div>\n<div style=\"text-align:justify; margin-bottom:10px\">Quel mod\u00e8le de monte escalier choisir ? Pour vous aider \u00e0 r\u00e9pondre \u00e0 cette question, aidez vous avec de la documentation gratuite sur les monte escaliers. Nos partenaires revendeurs peuvent, en effet, vous faire parvenir de la documentation sur les mod\u00e8les qu&rsquo;ils proposent \u00e0 la vente et qui vous permettront sans doute d&rsquo;\u00e9tablir une pr\u00e9selection entre les diff\u00e9rents mod\u00e8les que vous pourriez mettre en place chez vous.<\/div>\n<div style=\"text-align:justify; margin-bottom:10px\">Combien vont vous co\u00fbter nos services de mise en relation ? R\u00e9ponse, rien du tout,&#8230; alors o\u00f9 est le pi\u00e8ge ? Il n&rsquo;y en a aucun, notre offre est totalement sans engagement. Si les propositions de nos partenaires ne vous conviennent pas, vous restez totalement libre d&rsquo;aller voir ailleurs !<\/div>\n<\/div>\n<div class=\"titre_liens\">Pas tr\u00e8s loin de chez vous, nos services sont \u00e9galement disponibles ici :<\/div>\n<div class=\"boite_liens\"><a href=\"https:\/\/www.monteescalier.net\/france\/monte-escalier-boe\">Monte escalier Bo\u00e9<\/a><br \/>\n<a href=\"https:\/\/www.monteescalier.net\/france\/monte-escalier-fumel\">Monte escalier Fumel<\/a><br \/>\n<a href=\"https:\/\/www.monteescalier.net\/france\/monte-escalier-foulayronnes\">Monte escalier Foulayronnes<\/a><br \/>\n<a href=\"https:\/\/www.monteescalier.net\/france\/monte-escalier-casteljaloux\">Monte escalier Casteljaloux<\/a><br \/>\n<a href=\"https:\/\/www.monteescalier.net\/france\/monte-escalier-aiguillon\">Monte escalier Aiguillon<\/a>\n<\/div>\n","protected":false},"excerpt":{"rendered":"<p>Bien choisir son monte escalier \u00e0 Bon-Encontre Faire poser un monte escalier \u00e0 Bon-Encontre n&rsquo;est pas chose ais\u00e9e, comment trouver le meilleur rapport qualit\u00e9 prix, le site monteescalier.net peut vous y aider. Qui sommes nous ? Nous sommes des interm\u00e9diaires entre vous et les soci\u00e9t\u00e9s vendeuses de monte escalier, mais attention ! Contrairement \u00e0 beaucoup [&hellip;]<\/p>\n","protected":false},"author":1,"featured_media":0,"parent":0,"menu_order":0,"comment_status":"closed","ping_status":"open","template":"template_ville_10.php","meta":{"_monsterinsights_skip_tracking":false,"_monsterinsights_sitenote_active":false,"_monsterinsights_sitenote_note":"","_monsterinsights_sitenote_category":0,"footnotes":""},"class_list":["post-2474","page","type-page","status-publish","hentry"],"yoast_head":"<!-- This site is optimized with the Yoast SEO plugin v26.3 - https:\/\/yoast.com\/wordpress\/plugins\/seo\/ -->\n<title>Monte escalier Bon-Encontre - Monte escalier<\/title>\n<meta name=\"robots\" content=\"index, follow, max-snippet:-1, max-image-preview:large, max-video-preview:-1\" \/>\n<link rel=\"canonical\" href=\"https:\/\/www.monteescalier.net\/france\/monte-escalier-bon-encontre\/\" \/>\n<meta property=\"og:locale\" content=\"fr_FR\" \/>\n<meta property=\"og:type\" content=\"article\" \/>\n<meta property=\"og:title\" content=\"Monte escalier Bon-Encontre - Monte escalier\" \/>\n<meta property=\"og:description\" content=\"Bien choisir son monte escalier \u00e0 Bon-Encontre Faire poser un monte escalier \u00e0 Bon-Encontre n&rsquo;est pas chose ais\u00e9e, comment trouver le meilleur rapport qualit\u00e9 prix, le site monteescalier.net peut vous y aider. Qui sommes nous ? Nous sommes des interm\u00e9diaires entre vous et les soci\u00e9t\u00e9s vendeuses de monte escalier, mais attention ! Contrairement \u00e0 beaucoup [&hellip;]\" \/>\n<meta property=\"og:url\" content=\"https:\/\/www.monteescalier.net\/france\/monte-escalier-bon-encontre\/\" \/>\n<meta property=\"og:site_name\" content=\"Monte escalier\" \/>\n<meta name=\"twitter:card\" content=\"summary_large_image\" \/>\n<meta name=\"twitter:label1\" content=\"Dur\u00e9e de lecture estim\u00e9e\" \/>\n\t<meta name=\"twitter:data1\" content=\"2 minutes\" \/>\n<script type=\"application\/ld+json\" class=\"yoast-schema-graph\">{\"@context\":\"https:\/\/schema.org\",\"@graph\":[{\"@type\":\"WebPage\",\"@id\":\"https:\/\/www.monteescalier.net\/france\/monte-escalier-bon-encontre\/\",\"url\":\"https:\/\/www.monteescalier.net\/france\/monte-escalier-bon-encontre\/\",\"name\":\"Monte escalier Bon-Encontre - Monte escalier\",\"isPartOf\":{\"@id\":\"https:\/\/www.monteescalier.net\/france\/#website\"},\"datePublished\":\"2013-09-26T10:47:32+00:00\",\"breadcrumb\":{\"@id\":\"https:\/\/www.monteescalier.net\/france\/monte-escalier-bon-encontre\/#breadcrumb\"},\"inLanguage\":\"fr-FR\",\"potentialAction\":[{\"@type\":\"ReadAction\",\"target\":[\"https:\/\/www.monteescalier.net\/france\/monte-escalier-bon-encontre\/\"]}]},{\"@type\":\"BreadcrumbList\",\"@id\":\"https:\/\/www.monteescalier.net\/france\/monte-escalier-bon-encontre\/#breadcrumb\",\"itemListElement\":[{\"@type\":\"ListItem\",\"position\":1,\"name\":\"Accueil\",\"item\":\"https:\/\/www.monteescalier.net\/france\/\"},{\"@type\":\"ListItem\",\"position\":2,\"name\":\"Monte escalier Bon-Encontre\"}]},{\"@type\":\"WebSite\",\"@id\":\"https:\/\/www.monteescalier.net\/france\/#website\",\"url\":\"https:\/\/www.monteescalier.net\/france\/\",\"name\":\"Monte escalier\",\"description\":\"\",\"publisher\":{\"@id\":\"https:\/\/www.monteescalier.net\/france\/#organization\"},\"potentialAction\":[{\"@type\":\"SearchAction\",\"target\":{\"@type\":\"EntryPoint\",\"urlTemplate\":\"https:\/\/www.monteescalier.net\/france\/?s={search_term_string}\"},\"query-input\":{\"@type\":\"PropertyValueSpecification\",\"valueRequired\":true,\"valueName\":\"search_term_string\"}}],\"inLanguage\":\"fr-FR\"},{\"@type\":\"Organization\",\"@id\":\"https:\/\/www.monteescalier.net\/france\/#organization\",\"name\":\"monte-escalier.net\",\"url\":\"https:\/\/www.monteescalier.net\/france\/\",\"logo\":{\"@type\":\"ImageObject\",\"inLanguage\":\"fr-FR\",\"@id\":\"https:\/\/www.monteescalier.net\/france\/#\/schema\/logo\/image\/\",\"url\":\"https:\/\/www.monteescalier.net\/france\/wp-content\/uploads\/2016\/10\/4devis-mont-escalier-500-500.gif\",\"contentUrl\":\"https:\/\/www.monteescalier.net\/france\/wp-content\/uploads\/2016\/10\/4devis-mont-escalier-500-500.gif\",\"width\":500,\"height\":500,\"caption\":\"monte-escalier.net\"},\"image\":{\"@id\":\"https:\/\/www.monteescalier.net\/france\/#\/schema\/logo\/image\/\"}}]}<\/script>\n<!-- \/ Yoast SEO plugin. -->","yoast_head_json":{"title":"Monte escalier Bon-Encontre - Monte escalier","robots":{"index":"index","follow":"follow","max-snippet":"max-snippet:-1","max-image-preview":"max-image-preview:large","max-video-preview":"max-video-preview:-1"},"canonical":"https:\/\/www.monteescalier.net\/france\/monte-escalier-bon-encontre\/","og_locale":"fr_FR","og_type":"article","og_title":"Monte escalier Bon-Encontre - Monte escalier","og_description":"Bien choisir son monte escalier \u00e0 Bon-Encontre Faire poser un monte escalier \u00e0 Bon-Encontre n&rsquo;est pas chose ais\u00e9e, comment trouver le meilleur rapport qualit\u00e9 prix, le site monteescalier.net peut vous y aider. Qui sommes nous ? Nous sommes des interm\u00e9diaires entre vous et les soci\u00e9t\u00e9s vendeuses de monte escalier, mais attention ! Contrairement \u00e0 beaucoup [&hellip;]","og_url":"https:\/\/www.monteescalier.net\/france\/monte-escalier-bon-encontre\/","og_site_name":"Monte escalier","twitter_card":"summary_large_image","twitter_misc":{"Dur\u00e9e de lecture estim\u00e9e":"2 minutes"},"schema":{"@context":"https:\/\/schema.org","@graph":[{"@type":"WebPage","@id":"https:\/\/www.monteescalier.net\/france\/monte-escalier-bon-encontre\/","url":"https:\/\/www.monteescalier.net\/france\/monte-escalier-bon-encontre\/","name":"Monte escalier Bon-Encontre - Monte escalier","isPartOf":{"@id":"https:\/\/www.monteescalier.net\/france\/#website"},"datePublished":"2013-09-26T10:47:32+00:00","breadcrumb":{"@id":"https:\/\/www.monteescalier.net\/france\/monte-escalier-bon-encontre\/#breadcrumb"},"inLanguage":"fr-FR","potentialAction":[{"@type":"ReadAction","target":["https:\/\/www.monteescalier.net\/france\/monte-escalier-bon-encontre\/"]}]},{"@type":"BreadcrumbList","@id":"https:\/\/www.monteescalier.net\/france\/monte-escalier-bon-encontre\/#breadcrumb","itemListElement":[{"@type":"ListItem","position":1,"name":"Accueil","item":"https:\/\/www.monteescalier.net\/france\/"},{"@type":"ListItem","position":2,"name":"Monte escalier Bon-Encontre"}]},{"@type":"WebSite","@id":"https:\/\/www.monteescalier.net\/france\/#website","url":"https:\/\/www.monteescalier.net\/france\/","name":"Monte escalier","description":"","publisher":{"@id":"https:\/\/www.monteescalier.net\/france\/#organization"},"potentialAction":[{"@type":"SearchAction","target":{"@type":"EntryPoint","urlTemplate":"https:\/\/www.monteescalier.net\/france\/?s={search_term_string}"},"query-input":{"@type":"PropertyValueSpecification","valueRequired":true,"valueName":"search_term_string"}}],"inLanguage":"fr-FR"},{"@type":"Organization","@id":"https:\/\/www.monteescalier.net\/france\/#organization","name":"monte-escalier.net","url":"https:\/\/www.monteescalier.net\/france\/","logo":{"@type":"ImageObject","inLanguage":"fr-FR","@id":"https:\/\/www.monteescalier.net\/france\/#\/schema\/logo\/image\/","url":"https:\/\/www.monteescalier.net\/france\/wp-content\/uploads\/2016\/10\/4devis-mont-escalier-500-500.gif","contentUrl":"https:\/\/www.monteescalier.net\/france\/wp-content\/uploads\/2016\/10\/4devis-mont-escalier-500-500.gif","width":500,"height":500,"caption":"monte-escalier.net"},"image":{"@id":"https:\/\/www.monteescalier.net\/france\/#\/schema\/logo\/image\/"}}]}},"_links":{"self":[{"href":"https:\/\/www.monteescalier.net\/france\/wp-json\/wp\/v2\/pages\/2474","targetHints":{"allow":["GET"]}}],"collection":[{"href":"https:\/\/www.monteescalier.net\/france\/wp-json\/wp\/v2\/pages"}],"about":[{"href":"https:\/\/www.monteescalier.net\/france\/wp-json\/wp\/v2\/types\/page"}],"author":[{"embeddable":true,"href":"https:\/\/www.monteescalier.net\/france\/wp-json\/wp\/v2\/users\/1"}],"replies":[{"embeddable":true,"href":"https:\/\/www.monteescalier.net\/france\/wp-json\/wp\/v2\/comments?post=2474"}],"version-history":[{"count":0,"href":"https:\/\/www.monteescalier.net\/france\/wp-json\/wp\/v2\/pages\/2474\/revisions"}],"wp:attachment":[{"href":"https:\/\/www.monteescalier.net\/france\/wp-json\/wp\/v2\/media?parent=2474"}],"curies":[{"name":"wp","href":"https:\/\/api.w.org\/{rel}","templated":true}]}}