{"id":261,"date":"2023-07-23T11:20:20","date_gmt":"2023-07-23T10:20:20","guid":{"rendered":"https:\/\/www.monteescalier.net\/france\/?page_id=261"},"modified":"2024-05-15T16:57:01","modified_gmt":"2024-05-15T15:57:01","slug":"monte-escalier-nievre","status":"publish","type":"page","link":"https:\/\/www.monteescalier.net\/france\/monte-escalier-nievre\/","title":{"rendered":"Monte escalier Ni\u00e8vre, Nevers"},"content":{"rendered":"<div class='content-column one_half'><div style=\"padding-right:19px;\"><h1>Votre monte escalier dans la Ni\u00e8vre<\/h1>\n<p><b>Nos experts s\u00e9lectionn\u00e9s dans votre d\u00e9partement :<\/b><br \/>\n<a href=\"https:\/\/www.monteescalier.net\/france\/monte-escalier-nevers\/\">Monte escalier \u00e0 Nevers<\/a><br \/>\n<a href=\"https:\/\/www.monteescalier.net\/france\/monte-escalier-chateau-chinon\/\">Monte escalier \u00e0 Ch\u00e2teau-Chinon<\/a><br \/>\n<a href=\"https:\/\/www.monteescalier.net\/france\/monte-escalier-clamecy\/\">Monte escalier \u00e0 Clamecy<\/a><\/p>\n<p style=\"text-align: justify;\">Vous avez du mal \u00e0 monter les escaliers dans votre r\u00e9sidence dans la Ni\u00e8vre : vous n&rsquo;\u00eates pas oblig\u00e9 de renoncer \u00e0 aller \u00e0 l&rsquo;\u00e9tage. La solution pour votre maison c&rsquo;est le monte escalier. Pour vous aider dans votre achat monteescalier.net vous propose de vous mettre en relation avec les vendeurs de monte de monte escalier dans le d\u00e9partement de la Ni\u00e8vre.<\/p>\n<p style=\"text-align: justify;\">Ainsi vous pourrez disposer tr\u00e8s facilement de plusieurs devis et des r\u00e9ponses de plusieurs professionnels du march\u00e9 du monte escalier dans le d\u00e9partement de la Ni\u00e8vre en ne remplissant qu&rsquo;une seule demande de contact.<\/p>\n<p style=\"text-align: justify;\">Que votre installation de monte escalier soit sur Nevers, Decize, Fourchambault, Cosne sur Loire, Clamecy, Varennes Vauzelles ou la Charit\u00e9 sur Loire, nos experts s\u00e9lectionn\u00e9s peuvent intervenir chez vous pour la pose de votre monte escalier droit ou tournant dans votre maison.<\/p>\n<p style=\"text-align: justify;\">Vous habitez Luzy, Pougues les Eaux, La Machine, Imphy, Gu\u00e9rigny, Chateau Chinon, Cercy La Tour, Marzy, Garchizy ou Coulanges les Nevers, rassurez vous ! vous aussi, vous \u00eates \u00e9ligibles aux offres de monteescalier.net et de ses partenaires, et ce, sans aucun suppl\u00e9ment de prix.<\/p>\n<p style=\"text-align: justify;\">Besoin de documentation ou de conseils concernant le mat\u00e9riel ou les travaux d&rsquo;installation, remplissez une demande de documentation ou faites une demande de rappel, les \u00e9quipes techniques de nos partenaires installateurs de monte escalier vous contacteront tr\u00e8s rapidement pour vous faire profiter de leur savoir-faire.<\/p>\n<p>&nbsp;<br \/>\n<a class=\"bt_lien\" href=\"https:\/\/www.monteescalier.net\/devis-gratuit.php\"><\/p>\n<div class=\"bouton\">Cliquez ici pour obtenir vos devis gratuits<\/div>\n<p><\/a><br \/>\n&nbsp;<br \/><\/div><\/div><div class='content-column one_half last_column'><a href=\"https:\/\/www.monteescalier.net\/devis-gratuit.php\" target=\"_blank\" rel=\"noopener\"><img loading=\"lazy\" decoding=\"async\" class=\"alignnone size-full img_region\" src=\"https:\/\/www.monteescalier.net\/france\/wp-content\/uploads\/2014\/10\/4devis-monte-escalier-photo-490.png\" alt=\"monte escalier Ni\u00e8vre\" width=\"507\" height=\"485\" \/><\/a><br \/>\n<img loading=\"lazy\" decoding=\"async\" class=\"alignnone size-full img_region_2\" src=\"https:\/\/www.monteescalier.net\/france\/wp-content\/uploads\/2013\/07\/nievre.jpg\" alt=\"Ni\u00e8vre\" width=\"507\" height=\"485\" \/><\/div><div class='clear_column'><\/div><\/p>\n","protected":false},"excerpt":{"rendered":"","protected":false},"author":1,"featured_media":0,"parent":0,"menu_order":0,"comment_status":"open","ping_status":"closed","template":"template2.php","meta":{"_monsterinsights_skip_tracking":false,"_monsterinsights_sitenote_active":false,"_monsterinsights_sitenote_note":"","_monsterinsights_sitenote_category":0,"footnotes":""},"class_list":["post-261","page","type-page","status-publish","hentry"],"yoast_head":"<!-- This site is optimized with the Yoast SEO plugin v26.3 - https:\/\/yoast.com\/wordpress\/plugins\/seo\/ -->\n<title>Monte escalier Ni\u00e8vre, Nevers - Monte escalier<\/title>\n<meta name=\"description\" content=\"Voici notre liste des meilleurs monte escalier disponible en Ni\u00e8vre : Nevers, Chateau-Chinon, Clamecy.\" \/>\n<meta name=\"robots\" content=\"index, follow, max-snippet:-1, max-image-preview:large, max-video-preview:-1\" \/>\n<link rel=\"canonical\" href=\"https:\/\/www.monteescalier.net\/france\/monte-escalier-nievre\/\" \/>\n<meta property=\"og:locale\" content=\"fr_FR\" \/>\n<meta property=\"og:type\" content=\"article\" \/>\n<meta property=\"og:title\" content=\"Monte escalier Ni\u00e8vre, Nevers - Monte escalier\" \/>\n<meta property=\"og:description\" content=\"Voici notre liste des meilleurs monte escalier disponible en Ni\u00e8vre : Nevers, Chateau-Chinon, Clamecy.\" \/>\n<meta property=\"og:url\" content=\"https:\/\/www.monteescalier.net\/france\/monte-escalier-nievre\/\" \/>\n<meta property=\"og:site_name\" content=\"Monte escalier\" \/>\n<meta property=\"article:modified_time\" content=\"2024-05-15T15:57:01+00:00\" \/>\n<meta property=\"og:image\" content=\"https:\/\/www.monteescalier.net\/france\/wp-content\/uploads\/2014\/10\/4devis-monte-escalier-photo-490.png\" \/>\n<meta name=\"twitter:card\" content=\"summary_large_image\" \/>\n<meta name=\"twitter:label1\" content=\"Dur\u00e9e de lecture estim\u00e9e\" \/>\n\t<meta name=\"twitter:data1\" content=\"1 minute\" \/>\n<script type=\"application\/ld+json\" class=\"yoast-schema-graph\">{\"@context\":\"https:\/\/schema.org\",\"@graph\":[{\"@type\":\"WebPage\",\"@id\":\"https:\/\/www.monteescalier.net\/france\/monte-escalier-nievre\/\",\"url\":\"https:\/\/www.monteescalier.net\/france\/monte-escalier-nievre\/\",\"name\":\"Monte escalier Ni\u00e8vre, Nevers - Monte escalier\",\"isPartOf\":{\"@id\":\"https:\/\/www.monteescalier.net\/france\/#website\"},\"primaryImageOfPage\":{\"@id\":\"https:\/\/www.monteescalier.net\/france\/monte-escalier-nievre\/#primaryimage\"},\"image\":{\"@id\":\"https:\/\/www.monteescalier.net\/france\/monte-escalier-nievre\/#primaryimage\"},\"thumbnailUrl\":\"https:\/\/www.monteescalier.net\/france\/wp-content\/uploads\/2014\/10\/4devis-monte-escalier-photo-490.png\",\"datePublished\":\"2023-07-23T10:20:20+00:00\",\"dateModified\":\"2024-05-15T15:57:01+00:00\",\"description\":\"Voici notre liste des meilleurs monte escalier disponible en Ni\u00e8vre : Nevers, Chateau-Chinon, Clamecy.\",\"breadcrumb\":{\"@id\":\"https:\/\/www.monteescalier.net\/france\/monte-escalier-nievre\/#breadcrumb\"},\"inLanguage\":\"fr-FR\",\"potentialAction\":[{\"@type\":\"ReadAction\",\"target\":[\"https:\/\/www.monteescalier.net\/france\/monte-escalier-nievre\/\"]}]},{\"@type\":\"ImageObject\",\"inLanguage\":\"fr-FR\",\"@id\":\"https:\/\/www.monteescalier.net\/france\/monte-escalier-nievre\/#primaryimage\",\"url\":\"https:\/\/www.monteescalier.net\/france\/wp-content\/uploads\/2014\/10\/4devis-monte-escalier-photo-490.png\",\"contentUrl\":\"https:\/\/www.monteescalier.net\/france\/wp-content\/uploads\/2014\/10\/4devis-monte-escalier-photo-490.png\",\"width\":490,\"height\":267},{\"@type\":\"BreadcrumbList\",\"@id\":\"https:\/\/www.monteescalier.net\/france\/monte-escalier-nievre\/#breadcrumb\",\"itemListElement\":[{\"@type\":\"ListItem\",\"position\":1,\"name\":\"Accueil\",\"item\":\"https:\/\/www.monteescalier.net\/france\/\"},{\"@type\":\"ListItem\",\"position\":2,\"name\":\"Monte escalier Ni\u00e8vre, Nevers\"}]},{\"@type\":\"WebSite\",\"@id\":\"https:\/\/www.monteescalier.net\/france\/#website\",\"url\":\"https:\/\/www.monteescalier.net\/france\/\",\"name\":\"Monte escalier\",\"description\":\"\",\"publisher\":{\"@id\":\"https:\/\/www.monteescalier.net\/france\/#organization\"},\"potentialAction\":[{\"@type\":\"SearchAction\",\"target\":{\"@type\":\"EntryPoint\",\"urlTemplate\":\"https:\/\/www.monteescalier.net\/france\/?s={search_term_string}\"},\"query-input\":{\"@type\":\"PropertyValueSpecification\",\"valueRequired\":true,\"valueName\":\"search_term_string\"}}],\"inLanguage\":\"fr-FR\"},{\"@type\":\"Organization\",\"@id\":\"https:\/\/www.monteescalier.net\/france\/#organization\",\"name\":\"monte-escalier.net\",\"url\":\"https:\/\/www.monteescalier.net\/france\/\",\"logo\":{\"@type\":\"ImageObject\",\"inLanguage\":\"fr-FR\",\"@id\":\"https:\/\/www.monteescalier.net\/france\/#\/schema\/logo\/image\/\",\"url\":\"https:\/\/www.monteescalier.net\/france\/wp-content\/uploads\/2016\/10\/4devis-mont-escalier-500-500.gif\",\"contentUrl\":\"https:\/\/www.monteescalier.net\/france\/wp-content\/uploads\/2016\/10\/4devis-mont-escalier-500-500.gif\",\"width\":500,\"height\":500,\"caption\":\"monte-escalier.net\"},\"image\":{\"@id\":\"https:\/\/www.monteescalier.net\/france\/#\/schema\/logo\/image\/\"}}]}<\/script>\n<!-- \/ Yoast SEO plugin. -->","yoast_head_json":{"title":"Monte escalier Ni\u00e8vre, Nevers - Monte escalier","description":"Voici notre liste des meilleurs monte escalier disponible en Ni\u00e8vre : Nevers, Chateau-Chinon, Clamecy.","robots":{"index":"index","follow":"follow","max-snippet":"max-snippet:-1","max-image-preview":"max-image-preview:large","max-video-preview":"max-video-preview:-1"},"canonical":"https:\/\/www.monteescalier.net\/france\/monte-escalier-nievre\/","og_locale":"fr_FR","og_type":"article","og_title":"Monte escalier Ni\u00e8vre, Nevers - Monte escalier","og_description":"Voici notre liste des meilleurs monte escalier disponible en Ni\u00e8vre : Nevers, Chateau-Chinon, Clamecy.","og_url":"https:\/\/www.monteescalier.net\/france\/monte-escalier-nievre\/","og_site_name":"Monte escalier","article_modified_time":"2024-05-15T15:57:01+00:00","og_image":[{"url":"https:\/\/www.monteescalier.net\/france\/wp-content\/uploads\/2014\/10\/4devis-monte-escalier-photo-490.png","type":"","width":"","height":""}],"twitter_card":"summary_large_image","twitter_misc":{"Dur\u00e9e de lecture estim\u00e9e":"1 minute"},"schema":{"@context":"https:\/\/schema.org","@graph":[{"@type":"WebPage","@id":"https:\/\/www.monteescalier.net\/france\/monte-escalier-nievre\/","url":"https:\/\/www.monteescalier.net\/france\/monte-escalier-nievre\/","name":"Monte escalier Ni\u00e8vre, Nevers - Monte escalier","isPartOf":{"@id":"https:\/\/www.monteescalier.net\/france\/#website"},"primaryImageOfPage":{"@id":"https:\/\/www.monteescalier.net\/france\/monte-escalier-nievre\/#primaryimage"},"image":{"@id":"https:\/\/www.monteescalier.net\/france\/monte-escalier-nievre\/#primaryimage"},"thumbnailUrl":"https:\/\/www.monteescalier.net\/france\/wp-content\/uploads\/2014\/10\/4devis-monte-escalier-photo-490.png","datePublished":"2023-07-23T10:20:20+00:00","dateModified":"2024-05-15T15:57:01+00:00","description":"Voici notre liste des meilleurs monte escalier disponible en Ni\u00e8vre : Nevers, Chateau-Chinon, Clamecy.","breadcrumb":{"@id":"https:\/\/www.monteescalier.net\/france\/monte-escalier-nievre\/#breadcrumb"},"inLanguage":"fr-FR","potentialAction":[{"@type":"ReadAction","target":["https:\/\/www.monteescalier.net\/france\/monte-escalier-nievre\/"]}]},{"@type":"ImageObject","inLanguage":"fr-FR","@id":"https:\/\/www.monteescalier.net\/france\/monte-escalier-nievre\/#primaryimage","url":"https:\/\/www.monteescalier.net\/france\/wp-content\/uploads\/2014\/10\/4devis-monte-escalier-photo-490.png","contentUrl":"https:\/\/www.monteescalier.net\/france\/wp-content\/uploads\/2014\/10\/4devis-monte-escalier-photo-490.png","width":490,"height":267},{"@type":"BreadcrumbList","@id":"https:\/\/www.monteescalier.net\/france\/monte-escalier-nievre\/#breadcrumb","itemListElement":[{"@type":"ListItem","position":1,"name":"Accueil","item":"https:\/\/www.monteescalier.net\/france\/"},{"@type":"ListItem","position":2,"name":"Monte escalier Ni\u00e8vre, Nevers"}]},{"@type":"WebSite","@id":"https:\/\/www.monteescalier.net\/france\/#website","url":"https:\/\/www.monteescalier.net\/france\/","name":"Monte escalier","description":"","publisher":{"@id":"https:\/\/www.monteescalier.net\/france\/#organization"},"potentialAction":[{"@type":"SearchAction","target":{"@type":"EntryPoint","urlTemplate":"https:\/\/www.monteescalier.net\/france\/?s={search_term_string}"},"query-input":{"@type":"PropertyValueSpecification","valueRequired":true,"valueName":"search_term_string"}}],"inLanguage":"fr-FR"},{"@type":"Organization","@id":"https:\/\/www.monteescalier.net\/france\/#organization","name":"monte-escalier.net","url":"https:\/\/www.monteescalier.net\/france\/","logo":{"@type":"ImageObject","inLanguage":"fr-FR","@id":"https:\/\/www.monteescalier.net\/france\/#\/schema\/logo\/image\/","url":"https:\/\/www.monteescalier.net\/france\/wp-content\/uploads\/2016\/10\/4devis-mont-escalier-500-500.gif","contentUrl":"https:\/\/www.monteescalier.net\/france\/wp-content\/uploads\/2016\/10\/4devis-mont-escalier-500-500.gif","width":500,"height":500,"caption":"monte-escalier.net"},"image":{"@id":"https:\/\/www.monteescalier.net\/france\/#\/schema\/logo\/image\/"}}]}},"_links":{"self":[{"href":"https:\/\/www.monteescalier.net\/france\/wp-json\/wp\/v2\/pages\/261","targetHints":{"allow":["GET"]}}],"collection":[{"href":"https:\/\/www.monteescalier.net\/france\/wp-json\/wp\/v2\/pages"}],"about":[{"href":"https:\/\/www.monteescalier.net\/france\/wp-json\/wp\/v2\/types\/page"}],"author":[{"embeddable":true,"href":"https:\/\/www.monteescalier.net\/france\/wp-json\/wp\/v2\/users\/1"}],"replies":[{"embeddable":true,"href":"https:\/\/www.monteescalier.net\/france\/wp-json\/wp\/v2\/comments?post=261"}],"version-history":[{"count":5,"href":"https:\/\/www.monteescalier.net\/france\/wp-json\/wp\/v2\/pages\/261\/revisions"}],"predecessor-version":[{"id":9119,"href":"https:\/\/www.monteescalier.net\/france\/wp-json\/wp\/v2\/pages\/261\/revisions\/9119"}],"wp:attachment":[{"href":"https:\/\/www.monteescalier.net\/france\/wp-json\/wp\/v2\/media?parent=261"}],"curies":[{"name":"wp","href":"https:\/\/api.w.org\/{rel}","templated":true}]}}