{"id":273,"date":"2021-01-15T12:11:06","date_gmt":"2021-01-15T11:11:06","guid":{"rendered":"https:\/\/www.monteescalier.net\/france\/?page_id=273"},"modified":"2024-05-15T16:58:52","modified_gmt":"2024-05-15T15:58:52","slug":"monte-escalier-puy-de-dome","status":"publish","type":"page","link":"https:\/\/www.monteescalier.net\/france\/monte-escalier-puy-de-dome\/","title":{"rendered":"Monte escalier Puy-de-D\u00f4me, Clermont-Ferrand"},"content":{"rendered":"<div class='content-column one_half'><div style=\"padding-right:19px;\"><h1>Acheter\u00a0un monte escalier dans le Puy de D\u00f4me<\/h1>\n<p><b>Soyez en relation avec des revendeurs proche de chez vous :<\/b><br \/>\n<a href=\"https:\/\/www.monteescalier.net\/france\/monte-escalier-clermont-ferrand\/\">Monte escaliers vers Clermont-Ferrand<\/a><br \/>\n<a href=\"https:\/\/www.monteescalier.net\/france\/monte-escalier-thiers\/\">Monte escaliers vers Thiers<\/a><br \/>\n<a href=\"https:\/\/www.monteescalier.net\/france\/monte-escalier-ambert\/\">Monte escaliers vers Ambert<\/a><\/p>\n<p style=\"text-align: justify;\">Un monte-escaliers dans un foyer \u00e0 \u00e9tages peut, avec la vieillesse, devenir une n\u00e9cessit\u00e9. Dans la multitude des offres, des mod\u00e8les et des installateurs de monte escalier comment s&rsquo;y retrouver?<\/p>\n<p style=\"text-align: justify;\">Gr\u00e2ce au service de proximit\u00e9 de monteescalier.net, nous pouvons vous proposer de vous mettre en relation avec notre s\u00e9lection de vendeurs de monte escalier dans le Puy de D\u00f4me, ce qui vous permettra en quelques clics de les mettre en concurrence et de profiter d&rsquo;une large gamme de propositions et de mod\u00e8les.<\/p>\n<p style=\"text-align: justify;\">Vous \u00eates \u00e0 Clermont Ferrand, Riom, Issoire, Beaumont, Aubi\u00e8re, Cournon d&rsquo;Auvergne, Chamali\u00e8res, Thiers, Pont du Chateau ou Gerzat ? Nos revendeurs de monte escalier peuvent vous proposer des devis gratuits et bien sur tous les conseils n\u00e9cessaires pour l&rsquo;installation de votre monte escalier, car en ce domaine, chaque cas est unique et le monte escalier doit s&rsquo;ajuster parfaitement \u00e0 l&rsquo;escalier existant.<\/p>\n<p style=\"text-align: justify;\">Habitants de Lempdes, C\u00e9bazat, Chatel-Guyon, Cevrat, Romagnat, Ambert, Lezoux et Le Cendre, nous ne vous avons pas oubli\u00e9s ! Vous avez tout autant droit \u00e0 profiter de nos devis gratuits, de la documentation gratuite sur les mod\u00e8les de monte escalier et des conseils des pros du monte escalier. Compl\u00e9tez le formulaire ci apr\u00e8s, et vous n&rsquo;aurez plus qu&rsquo;\u00e0 faire votre choix entre les diff\u00e9rentes offres.<\/p>\n<p>&nbsp;<\/p>\n<div class=\"bouton\">Cliquez ici pour obtenir des devis gratuitement<\/div><\/div><\/div><div class='content-column one_half last_column'><a href=\"https:\/\/www.monteescalier.net\/devis-gratuit.php\" target=\"_blank\" rel=\"noopener noreferrer\"><img loading=\"lazy\" decoding=\"async\" class=\"alignnone size-full img_region\" src=\"https:\/\/www.monteescalier.net\/france\/wp-content\/uploads\/2014\/10\/4devis-monte-escalier-photo-490.png\" alt=\"Puy de Dome\" width=\"507\" height=\"485\" \/><\/a><br \/>\n<img loading=\"lazy\" decoding=\"async\" class=\"alignnone size-full img_region_2\" src=\"https:\/\/www.monteescalier.net\/france\/wp-content\/uploads\/2013\/07\/puydedome.jpg\" alt=\"Puy de Dome\" width=\"507\" height=\"485\" \/><\/div><div class='clear_column'><\/div><\/p>\n","protected":false},"excerpt":{"rendered":"","protected":false},"author":1,"featured_media":0,"parent":0,"menu_order":0,"comment_status":"open","ping_status":"closed","template":"template1.php","meta":{"_monsterinsights_skip_tracking":false,"_monsterinsights_sitenote_active":false,"_monsterinsights_sitenote_note":"","_monsterinsights_sitenote_category":0,"footnotes":""},"class_list":["post-273","page","type-page","status-publish","hentry"],"yoast_head":"<!-- This site is optimized with the Yoast SEO plugin v26.3 - https:\/\/yoast.com\/wordpress\/plugins\/seo\/ -->\n<title>Monte escalier Puy-de-D\u00f4me, Clermont-Ferrand - Monte escalier<\/title>\n<meta name=\"description\" content=\"Installation d&#039;une chaise escalier dans le Puy-de-D\u00f4me, Clermont-Ferrand, Thiers, Ambert.\" \/>\n<meta name=\"robots\" content=\"index, follow, max-snippet:-1, max-image-preview:large, max-video-preview:-1\" \/>\n<link rel=\"canonical\" href=\"https:\/\/www.monteescalier.net\/france\/monte-escalier-puy-de-dome\/\" \/>\n<meta property=\"og:locale\" content=\"fr_FR\" \/>\n<meta property=\"og:type\" content=\"article\" \/>\n<meta property=\"og:title\" content=\"Monte escalier Puy-de-D\u00f4me, Clermont-Ferrand - Monte escalier\" \/>\n<meta property=\"og:description\" content=\"Installation d&#039;une chaise escalier dans le Puy-de-D\u00f4me, Clermont-Ferrand, Thiers, Ambert.\" \/>\n<meta property=\"og:url\" content=\"https:\/\/www.monteescalier.net\/france\/monte-escalier-puy-de-dome\/\" \/>\n<meta property=\"og:site_name\" content=\"Monte escalier\" \/>\n<meta property=\"article:modified_time\" content=\"2024-05-15T15:58:52+00:00\" \/>\n<meta property=\"og:image\" content=\"https:\/\/www.monteescalier.net\/france\/wp-content\/uploads\/2014\/10\/4devis-monte-escalier-photo-490.png\" \/>\n<meta name=\"twitter:card\" content=\"summary_large_image\" \/>\n<meta name=\"twitter:label1\" content=\"Dur\u00e9e de lecture estim\u00e9e\" \/>\n\t<meta name=\"twitter:data1\" content=\"1 minute\" \/>\n<script type=\"application\/ld+json\" class=\"yoast-schema-graph\">{\"@context\":\"https:\/\/schema.org\",\"@graph\":[{\"@type\":\"WebPage\",\"@id\":\"https:\/\/www.monteescalier.net\/france\/monte-escalier-puy-de-dome\/\",\"url\":\"https:\/\/www.monteescalier.net\/france\/monte-escalier-puy-de-dome\/\",\"name\":\"Monte escalier Puy-de-D\u00f4me, Clermont-Ferrand - Monte escalier\",\"isPartOf\":{\"@id\":\"https:\/\/www.monteescalier.net\/france\/#website\"},\"primaryImageOfPage\":{\"@id\":\"https:\/\/www.monteescalier.net\/france\/monte-escalier-puy-de-dome\/#primaryimage\"},\"image\":{\"@id\":\"https:\/\/www.monteescalier.net\/france\/monte-escalier-puy-de-dome\/#primaryimage\"},\"thumbnailUrl\":\"https:\/\/www.monteescalier.net\/france\/wp-content\/uploads\/2014\/10\/4devis-monte-escalier-photo-490.png\",\"datePublished\":\"2021-01-15T11:11:06+00:00\",\"dateModified\":\"2024-05-15T15:58:52+00:00\",\"description\":\"Installation d'une chaise escalier dans le Puy-de-D\u00f4me, Clermont-Ferrand, Thiers, Ambert.\",\"breadcrumb\":{\"@id\":\"https:\/\/www.monteescalier.net\/france\/monte-escalier-puy-de-dome\/#breadcrumb\"},\"inLanguage\":\"fr-FR\",\"potentialAction\":[{\"@type\":\"ReadAction\",\"target\":[\"https:\/\/www.monteescalier.net\/france\/monte-escalier-puy-de-dome\/\"]}]},{\"@type\":\"ImageObject\",\"inLanguage\":\"fr-FR\",\"@id\":\"https:\/\/www.monteescalier.net\/france\/monte-escalier-puy-de-dome\/#primaryimage\",\"url\":\"https:\/\/www.monteescalier.net\/france\/wp-content\/uploads\/2014\/10\/4devis-monte-escalier-photo-490.png\",\"contentUrl\":\"https:\/\/www.monteescalier.net\/france\/wp-content\/uploads\/2014\/10\/4devis-monte-escalier-photo-490.png\",\"width\":490,\"height\":267},{\"@type\":\"BreadcrumbList\",\"@id\":\"https:\/\/www.monteescalier.net\/france\/monte-escalier-puy-de-dome\/#breadcrumb\",\"itemListElement\":[{\"@type\":\"ListItem\",\"position\":1,\"name\":\"Accueil\",\"item\":\"https:\/\/www.monteescalier.net\/france\/\"},{\"@type\":\"ListItem\",\"position\":2,\"name\":\"Monte escalier Puy-de-D\u00f4me, Clermont-Ferrand\"}]},{\"@type\":\"WebSite\",\"@id\":\"https:\/\/www.monteescalier.net\/france\/#website\",\"url\":\"https:\/\/www.monteescalier.net\/france\/\",\"name\":\"Monte escalier\",\"description\":\"\",\"publisher\":{\"@id\":\"https:\/\/www.monteescalier.net\/france\/#organization\"},\"potentialAction\":[{\"@type\":\"SearchAction\",\"target\":{\"@type\":\"EntryPoint\",\"urlTemplate\":\"https:\/\/www.monteescalier.net\/france\/?s={search_term_string}\"},\"query-input\":{\"@type\":\"PropertyValueSpecification\",\"valueRequired\":true,\"valueName\":\"search_term_string\"}}],\"inLanguage\":\"fr-FR\"},{\"@type\":\"Organization\",\"@id\":\"https:\/\/www.monteescalier.net\/france\/#organization\",\"name\":\"monte-escalier.net\",\"url\":\"https:\/\/www.monteescalier.net\/france\/\",\"logo\":{\"@type\":\"ImageObject\",\"inLanguage\":\"fr-FR\",\"@id\":\"https:\/\/www.monteescalier.net\/france\/#\/schema\/logo\/image\/\",\"url\":\"https:\/\/www.monteescalier.net\/france\/wp-content\/uploads\/2016\/10\/4devis-mont-escalier-500-500.gif\",\"contentUrl\":\"https:\/\/www.monteescalier.net\/france\/wp-content\/uploads\/2016\/10\/4devis-mont-escalier-500-500.gif\",\"width\":500,\"height\":500,\"caption\":\"monte-escalier.net\"},\"image\":{\"@id\":\"https:\/\/www.monteescalier.net\/france\/#\/schema\/logo\/image\/\"}}]}<\/script>\n<!-- \/ Yoast SEO plugin. -->","yoast_head_json":{"title":"Monte escalier Puy-de-D\u00f4me, Clermont-Ferrand - Monte escalier","description":"Installation d'une chaise escalier dans le Puy-de-D\u00f4me, Clermont-Ferrand, Thiers, Ambert.","robots":{"index":"index","follow":"follow","max-snippet":"max-snippet:-1","max-image-preview":"max-image-preview:large","max-video-preview":"max-video-preview:-1"},"canonical":"https:\/\/www.monteescalier.net\/france\/monte-escalier-puy-de-dome\/","og_locale":"fr_FR","og_type":"article","og_title":"Monte escalier Puy-de-D\u00f4me, Clermont-Ferrand - Monte escalier","og_description":"Installation d'une chaise escalier dans le Puy-de-D\u00f4me, Clermont-Ferrand, Thiers, Ambert.","og_url":"https:\/\/www.monteescalier.net\/france\/monte-escalier-puy-de-dome\/","og_site_name":"Monte escalier","article_modified_time":"2024-05-15T15:58:52+00:00","og_image":[{"url":"https:\/\/www.monteescalier.net\/france\/wp-content\/uploads\/2014\/10\/4devis-monte-escalier-photo-490.png","type":"","width":"","height":""}],"twitter_card":"summary_large_image","twitter_misc":{"Dur\u00e9e de lecture estim\u00e9e":"1 minute"},"schema":{"@context":"https:\/\/schema.org","@graph":[{"@type":"WebPage","@id":"https:\/\/www.monteescalier.net\/france\/monte-escalier-puy-de-dome\/","url":"https:\/\/www.monteescalier.net\/france\/monte-escalier-puy-de-dome\/","name":"Monte escalier Puy-de-D\u00f4me, Clermont-Ferrand - Monte escalier","isPartOf":{"@id":"https:\/\/www.monteescalier.net\/france\/#website"},"primaryImageOfPage":{"@id":"https:\/\/www.monteescalier.net\/france\/monte-escalier-puy-de-dome\/#primaryimage"},"image":{"@id":"https:\/\/www.monteescalier.net\/france\/monte-escalier-puy-de-dome\/#primaryimage"},"thumbnailUrl":"https:\/\/www.monteescalier.net\/france\/wp-content\/uploads\/2014\/10\/4devis-monte-escalier-photo-490.png","datePublished":"2021-01-15T11:11:06+00:00","dateModified":"2024-05-15T15:58:52+00:00","description":"Installation d'une chaise escalier dans le Puy-de-D\u00f4me, Clermont-Ferrand, Thiers, Ambert.","breadcrumb":{"@id":"https:\/\/www.monteescalier.net\/france\/monte-escalier-puy-de-dome\/#breadcrumb"},"inLanguage":"fr-FR","potentialAction":[{"@type":"ReadAction","target":["https:\/\/www.monteescalier.net\/france\/monte-escalier-puy-de-dome\/"]}]},{"@type":"ImageObject","inLanguage":"fr-FR","@id":"https:\/\/www.monteescalier.net\/france\/monte-escalier-puy-de-dome\/#primaryimage","url":"https:\/\/www.monteescalier.net\/france\/wp-content\/uploads\/2014\/10\/4devis-monte-escalier-photo-490.png","contentUrl":"https:\/\/www.monteescalier.net\/france\/wp-content\/uploads\/2014\/10\/4devis-monte-escalier-photo-490.png","width":490,"height":267},{"@type":"BreadcrumbList","@id":"https:\/\/www.monteescalier.net\/france\/monte-escalier-puy-de-dome\/#breadcrumb","itemListElement":[{"@type":"ListItem","position":1,"name":"Accueil","item":"https:\/\/www.monteescalier.net\/france\/"},{"@type":"ListItem","position":2,"name":"Monte escalier Puy-de-D\u00f4me, Clermont-Ferrand"}]},{"@type":"WebSite","@id":"https:\/\/www.monteescalier.net\/france\/#website","url":"https:\/\/www.monteescalier.net\/france\/","name":"Monte escalier","description":"","publisher":{"@id":"https:\/\/www.monteescalier.net\/france\/#organization"},"potentialAction":[{"@type":"SearchAction","target":{"@type":"EntryPoint","urlTemplate":"https:\/\/www.monteescalier.net\/france\/?s={search_term_string}"},"query-input":{"@type":"PropertyValueSpecification","valueRequired":true,"valueName":"search_term_string"}}],"inLanguage":"fr-FR"},{"@type":"Organization","@id":"https:\/\/www.monteescalier.net\/france\/#organization","name":"monte-escalier.net","url":"https:\/\/www.monteescalier.net\/france\/","logo":{"@type":"ImageObject","inLanguage":"fr-FR","@id":"https:\/\/www.monteescalier.net\/france\/#\/schema\/logo\/image\/","url":"https:\/\/www.monteescalier.net\/france\/wp-content\/uploads\/2016\/10\/4devis-mont-escalier-500-500.gif","contentUrl":"https:\/\/www.monteescalier.net\/france\/wp-content\/uploads\/2016\/10\/4devis-mont-escalier-500-500.gif","width":500,"height":500,"caption":"monte-escalier.net"},"image":{"@id":"https:\/\/www.monteescalier.net\/france\/#\/schema\/logo\/image\/"}}]}},"_links":{"self":[{"href":"https:\/\/www.monteescalier.net\/france\/wp-json\/wp\/v2\/pages\/273","targetHints":{"allow":["GET"]}}],"collection":[{"href":"https:\/\/www.monteescalier.net\/france\/wp-json\/wp\/v2\/pages"}],"about":[{"href":"https:\/\/www.monteescalier.net\/france\/wp-json\/wp\/v2\/types\/page"}],"author":[{"embeddable":true,"href":"https:\/\/www.monteescalier.net\/france\/wp-json\/wp\/v2\/users\/1"}],"replies":[{"embeddable":true,"href":"https:\/\/www.monteescalier.net\/france\/wp-json\/wp\/v2\/comments?post=273"}],"version-history":[{"count":6,"href":"https:\/\/www.monteescalier.net\/france\/wp-json\/wp\/v2\/pages\/273\/revisions"}],"predecessor-version":[{"id":9123,"href":"https:\/\/www.monteescalier.net\/france\/wp-json\/wp\/v2\/pages\/273\/revisions\/9123"}],"wp:attachment":[{"href":"https:\/\/www.monteescalier.net\/france\/wp-json\/wp\/v2\/media?parent=273"}],"curies":[{"name":"wp","href":"https:\/\/api.w.org\/{rel}","templated":true}]}}