{"id":276,"date":"2024-01-23T12:20:47","date_gmt":"2024-01-23T11:20:47","guid":{"rendered":"https:\/\/www.monteescalier.net\/france\/?page_id=276"},"modified":"2024-05-15T16:15:22","modified_gmt":"2024-05-15T15:15:22","slug":"monte-escalier-cantal","status":"publish","type":"page","link":"https:\/\/www.monteescalier.net\/france\/monte-escalier-cantal\/","title":{"rendered":"Monte escalier Cantal, Monte escalier Aurillac"},"content":{"rendered":"<div class='content-column one_half'><div style=\"padding-right:19px;\"><h1>Chez qui Acheter\u00a0son monte escalier dans le Cantal ?<\/h1>\n<p><b>Un projet dans votre maison :<\/b><br \/>\n<a href=\"https:\/\/www.monteescalier.net\/france\/monte-escalier-aurillac\/\">Monte escalier vers Aurillac<\/a><br \/>\n<a href=\"https:\/\/www.monteescalier.net\/france\/monte-escalier-mauriac\/\">Monte escalier vers Mauriac<\/a><br \/>\n<a href=\"https:\/\/www.monteescalier.net\/france\/monte-escalier-saint-flour\/\">Monte escalier vers Saint-Flour<\/a><\/p>\n<p style=\"text-align: justify;\">Au sein de l&rsquo;Auvergne, le Cantal est plus connu pour la beaut\u00e9 de ses paysages et la qualit\u00e9 de ses fromages que pour son offre en mati\u00e8re de monte escalier. Pourtant, d&rsquo;Aurillac \u00e0 Arpajon, de Saint Flour \u00e0 Mauriac, et de Riom es Montagnes \u00e0 Ytrac, nombreux sont les cantalous qui peuvent \u00eatre amen\u00e9s \u00e0 faire l&rsquo;acquisition d&rsquo;un monte escalier, par confort ou par n\u00e9cessite.<\/p>\n<p style=\"text-align: justify;\">Dans ces conditions, <u id=\"word_0\" class=\"word\">comment trouver le bon prestataire de monte escalier, capable d&rsquo;installer un monte escalier dans le <\/u><u id=\"word_0\" class=\"word\">Cantal ? <u id=\"word_3\" class=\"word\">C&rsquo;est l\u00e0 que nous intervenons, et gratuitement de surcro\u00eet ! <\/u><\/u><\/p>\n<p style=\"text-align: justify;\">Monteescalier.net vous propose de vous mettre en rapport direct avec les experts du monte escalier travaillant dans le d\u00e9partement du Cantal. Une fois notre formulaire rempli, il ne vous restera qu&rsquo;\u00e0 attendre les propositions des prestataires que nous avons s\u00e9lectionn\u00e9 pour vous.<\/p>\n<p style=\"text-align: justify;\">Un monte escalier c&rsquo;est presque toujours du \u00ab\u00a0sur mesure\u00a0\u00bb et \u00e7a doit \u00eatre install\u00e9 par un professionnel: ce n&rsquo;est pas juste un carton qu&rsquo;on livre chez vous, il y a une \u00e9tude pr\u00e9alable \u00e0 faire et en g\u00e9n\u00e9ral il faut compter environ une journ\u00e9e pour son installation.<\/p>\n<p style=\"text-align: justify;\">Vous habitez \u00e0 Maurs, Lanobre, Sansac de Marmiesse, Jussac, Ydes, Naucelles, Murat, Vic sur C\u00e8re, Pleaux ou Saint Mamet la Salvetat ? Vous pouvez \u00e9galement utiliser notre service gratuit et sans la moindre obligation : une simple demande de devis pour un monte escalier pour des offres multiples, \u00e7a vaut le coup, non ?<\/p>\n<p>&nbsp;<\/p>\n<div class=\"bouton\">Cliquez ici pour obtenir des devis gratuitement<\/div>\n<p>&nbsp;<\/p><\/div><\/div><div class='content-column one_half last_column'><a href=\"https:\/\/www.monteescalier.net\/devis-gratuit.php\" target=\"_blank\" rel=\"noopener noreferrer\"><img loading=\"lazy\" decoding=\"async\" class=\"alignnone size-full img_region\" src=\"https:\/\/www.monteescalier.net\/france\/wp-content\/uploads\/2014\/10\/4devis-monte-escalier-photo-490.png\" alt=\"monte escalier dans le Cantal\" width=\"507\" height=\"485\" \/><\/a><br \/>\n<img loading=\"lazy\" decoding=\"async\" class=\"alignnone size-full img_region_2\" src=\"https:\/\/www.monteescalier.net\/france\/wp-content\/uploads\/2013\/07\/cantal.jpg\" alt=\"Cantal\" width=\"507\" height=\"485\" \/><\/div><div class='clear_column'><\/div><\/p>\n","protected":false},"excerpt":{"rendered":"","protected":false},"author":1,"featured_media":0,"parent":0,"menu_order":0,"comment_status":"open","ping_status":"closed","template":"template2.php","meta":{"_monsterinsights_skip_tracking":false,"_monsterinsights_sitenote_active":false,"_monsterinsights_sitenote_note":"","_monsterinsights_sitenote_category":0,"footnotes":""},"class_list":["post-276","page","type-page","status-publish","hentry"],"yoast_head":"<!-- This site is optimized with the Yoast SEO plugin v26.3 - https:\/\/yoast.com\/wordpress\/plugins\/seo\/ -->\n<title>Monte escalier Cantal, Monte escalier Aurillac - Monte escalier<\/title>\n<meta name=\"description\" content=\"Liste de nos monte escalier de qualit\u00e9 disponible dans le Cantal : Aurillac, Mauriac, Saint-Flour.\" \/>\n<meta name=\"robots\" content=\"index, follow, max-snippet:-1, max-image-preview:large, max-video-preview:-1\" \/>\n<link rel=\"canonical\" href=\"https:\/\/www.monteescalier.net\/france\/monte-escalier-cantal\/\" \/>\n<meta property=\"og:locale\" content=\"fr_FR\" \/>\n<meta property=\"og:type\" content=\"article\" \/>\n<meta property=\"og:title\" content=\"Monte escalier Cantal, Monte escalier Aurillac - Monte escalier\" \/>\n<meta property=\"og:description\" content=\"Liste de nos monte escalier de qualit\u00e9 disponible dans le Cantal : Aurillac, Mauriac, Saint-Flour.\" \/>\n<meta property=\"og:url\" content=\"https:\/\/www.monteescalier.net\/france\/monte-escalier-cantal\/\" \/>\n<meta property=\"og:site_name\" content=\"Monte escalier\" \/>\n<meta property=\"article:modified_time\" content=\"2024-05-15T15:15:22+00:00\" \/>\n<meta property=\"og:image\" content=\"https:\/\/www.monteescalier.net\/france\/wp-content\/uploads\/2014\/10\/4devis-monte-escalier-photo-490.png\" \/>\n<meta name=\"twitter:card\" content=\"summary_large_image\" \/>\n<meta name=\"twitter:label1\" content=\"Dur\u00e9e de lecture estim\u00e9e\" \/>\n\t<meta name=\"twitter:data1\" content=\"1 minute\" \/>\n<script type=\"application\/ld+json\" class=\"yoast-schema-graph\">{\"@context\":\"https:\/\/schema.org\",\"@graph\":[{\"@type\":\"WebPage\",\"@id\":\"https:\/\/www.monteescalier.net\/france\/monte-escalier-cantal\/\",\"url\":\"https:\/\/www.monteescalier.net\/france\/monte-escalier-cantal\/\",\"name\":\"Monte escalier Cantal, Monte escalier Aurillac - Monte escalier\",\"isPartOf\":{\"@id\":\"https:\/\/www.monteescalier.net\/france\/#website\"},\"primaryImageOfPage\":{\"@id\":\"https:\/\/www.monteescalier.net\/france\/monte-escalier-cantal\/#primaryimage\"},\"image\":{\"@id\":\"https:\/\/www.monteescalier.net\/france\/monte-escalier-cantal\/#primaryimage\"},\"thumbnailUrl\":\"https:\/\/www.monteescalier.net\/france\/wp-content\/uploads\/2014\/10\/4devis-monte-escalier-photo-490.png\",\"datePublished\":\"2024-01-23T11:20:47+00:00\",\"dateModified\":\"2024-05-15T15:15:22+00:00\",\"description\":\"Liste de nos monte escalier de qualit\u00e9 disponible dans le Cantal : Aurillac, Mauriac, Saint-Flour.\",\"breadcrumb\":{\"@id\":\"https:\/\/www.monteescalier.net\/france\/monte-escalier-cantal\/#breadcrumb\"},\"inLanguage\":\"fr-FR\",\"potentialAction\":[{\"@type\":\"ReadAction\",\"target\":[\"https:\/\/www.monteescalier.net\/france\/monte-escalier-cantal\/\"]}]},{\"@type\":\"ImageObject\",\"inLanguage\":\"fr-FR\",\"@id\":\"https:\/\/www.monteescalier.net\/france\/monte-escalier-cantal\/#primaryimage\",\"url\":\"https:\/\/www.monteescalier.net\/france\/wp-content\/uploads\/2014\/10\/4devis-monte-escalier-photo-490.png\",\"contentUrl\":\"https:\/\/www.monteescalier.net\/france\/wp-content\/uploads\/2014\/10\/4devis-monte-escalier-photo-490.png\",\"width\":490,\"height\":267},{\"@type\":\"BreadcrumbList\",\"@id\":\"https:\/\/www.monteescalier.net\/france\/monte-escalier-cantal\/#breadcrumb\",\"itemListElement\":[{\"@type\":\"ListItem\",\"position\":1,\"name\":\"Accueil\",\"item\":\"https:\/\/www.monteescalier.net\/france\/\"},{\"@type\":\"ListItem\",\"position\":2,\"name\":\"Monte escalier Cantal, Monte escalier Aurillac\"}]},{\"@type\":\"WebSite\",\"@id\":\"https:\/\/www.monteescalier.net\/france\/#website\",\"url\":\"https:\/\/www.monteescalier.net\/france\/\",\"name\":\"Monte escalier\",\"description\":\"\",\"publisher\":{\"@id\":\"https:\/\/www.monteescalier.net\/france\/#organization\"},\"potentialAction\":[{\"@type\":\"SearchAction\",\"target\":{\"@type\":\"EntryPoint\",\"urlTemplate\":\"https:\/\/www.monteescalier.net\/france\/?s={search_term_string}\"},\"query-input\":{\"@type\":\"PropertyValueSpecification\",\"valueRequired\":true,\"valueName\":\"search_term_string\"}}],\"inLanguage\":\"fr-FR\"},{\"@type\":\"Organization\",\"@id\":\"https:\/\/www.monteescalier.net\/france\/#organization\",\"name\":\"monte-escalier.net\",\"url\":\"https:\/\/www.monteescalier.net\/france\/\",\"logo\":{\"@type\":\"ImageObject\",\"inLanguage\":\"fr-FR\",\"@id\":\"https:\/\/www.monteescalier.net\/france\/#\/schema\/logo\/image\/\",\"url\":\"https:\/\/www.monteescalier.net\/france\/wp-content\/uploads\/2016\/10\/4devis-mont-escalier-500-500.gif\",\"contentUrl\":\"https:\/\/www.monteescalier.net\/france\/wp-content\/uploads\/2016\/10\/4devis-mont-escalier-500-500.gif\",\"width\":500,\"height\":500,\"caption\":\"monte-escalier.net\"},\"image\":{\"@id\":\"https:\/\/www.monteescalier.net\/france\/#\/schema\/logo\/image\/\"}}]}<\/script>\n<!-- \/ Yoast SEO plugin. -->","yoast_head_json":{"title":"Monte escalier Cantal, Monte escalier Aurillac - Monte escalier","description":"Liste de nos monte escalier de qualit\u00e9 disponible dans le Cantal : Aurillac, Mauriac, Saint-Flour.","robots":{"index":"index","follow":"follow","max-snippet":"max-snippet:-1","max-image-preview":"max-image-preview:large","max-video-preview":"max-video-preview:-1"},"canonical":"https:\/\/www.monteescalier.net\/france\/monte-escalier-cantal\/","og_locale":"fr_FR","og_type":"article","og_title":"Monte escalier Cantal, Monte escalier Aurillac - Monte escalier","og_description":"Liste de nos monte escalier de qualit\u00e9 disponible dans le Cantal : Aurillac, Mauriac, Saint-Flour.","og_url":"https:\/\/www.monteescalier.net\/france\/monte-escalier-cantal\/","og_site_name":"Monte escalier","article_modified_time":"2024-05-15T15:15:22+00:00","og_image":[{"url":"https:\/\/www.monteescalier.net\/france\/wp-content\/uploads\/2014\/10\/4devis-monte-escalier-photo-490.png","type":"","width":"","height":""}],"twitter_card":"summary_large_image","twitter_misc":{"Dur\u00e9e de lecture estim\u00e9e":"1 minute"},"schema":{"@context":"https:\/\/schema.org","@graph":[{"@type":"WebPage","@id":"https:\/\/www.monteescalier.net\/france\/monte-escalier-cantal\/","url":"https:\/\/www.monteescalier.net\/france\/monte-escalier-cantal\/","name":"Monte escalier Cantal, Monte escalier Aurillac - Monte escalier","isPartOf":{"@id":"https:\/\/www.monteescalier.net\/france\/#website"},"primaryImageOfPage":{"@id":"https:\/\/www.monteescalier.net\/france\/monte-escalier-cantal\/#primaryimage"},"image":{"@id":"https:\/\/www.monteescalier.net\/france\/monte-escalier-cantal\/#primaryimage"},"thumbnailUrl":"https:\/\/www.monteescalier.net\/france\/wp-content\/uploads\/2014\/10\/4devis-monte-escalier-photo-490.png","datePublished":"2024-01-23T11:20:47+00:00","dateModified":"2024-05-15T15:15:22+00:00","description":"Liste de nos monte escalier de qualit\u00e9 disponible dans le Cantal : Aurillac, Mauriac, Saint-Flour.","breadcrumb":{"@id":"https:\/\/www.monteescalier.net\/france\/monte-escalier-cantal\/#breadcrumb"},"inLanguage":"fr-FR","potentialAction":[{"@type":"ReadAction","target":["https:\/\/www.monteescalier.net\/france\/monte-escalier-cantal\/"]}]},{"@type":"ImageObject","inLanguage":"fr-FR","@id":"https:\/\/www.monteescalier.net\/france\/monte-escalier-cantal\/#primaryimage","url":"https:\/\/www.monteescalier.net\/france\/wp-content\/uploads\/2014\/10\/4devis-monte-escalier-photo-490.png","contentUrl":"https:\/\/www.monteescalier.net\/france\/wp-content\/uploads\/2014\/10\/4devis-monte-escalier-photo-490.png","width":490,"height":267},{"@type":"BreadcrumbList","@id":"https:\/\/www.monteescalier.net\/france\/monte-escalier-cantal\/#breadcrumb","itemListElement":[{"@type":"ListItem","position":1,"name":"Accueil","item":"https:\/\/www.monteescalier.net\/france\/"},{"@type":"ListItem","position":2,"name":"Monte escalier Cantal, Monte escalier Aurillac"}]},{"@type":"WebSite","@id":"https:\/\/www.monteescalier.net\/france\/#website","url":"https:\/\/www.monteescalier.net\/france\/","name":"Monte escalier","description":"","publisher":{"@id":"https:\/\/www.monteescalier.net\/france\/#organization"},"potentialAction":[{"@type":"SearchAction","target":{"@type":"EntryPoint","urlTemplate":"https:\/\/www.monteescalier.net\/france\/?s={search_term_string}"},"query-input":{"@type":"PropertyValueSpecification","valueRequired":true,"valueName":"search_term_string"}}],"inLanguage":"fr-FR"},{"@type":"Organization","@id":"https:\/\/www.monteescalier.net\/france\/#organization","name":"monte-escalier.net","url":"https:\/\/www.monteescalier.net\/france\/","logo":{"@type":"ImageObject","inLanguage":"fr-FR","@id":"https:\/\/www.monteescalier.net\/france\/#\/schema\/logo\/image\/","url":"https:\/\/www.monteescalier.net\/france\/wp-content\/uploads\/2016\/10\/4devis-mont-escalier-500-500.gif","contentUrl":"https:\/\/www.monteescalier.net\/france\/wp-content\/uploads\/2016\/10\/4devis-mont-escalier-500-500.gif","width":500,"height":500,"caption":"monte-escalier.net"},"image":{"@id":"https:\/\/www.monteescalier.net\/france\/#\/schema\/logo\/image\/"}}]}},"_links":{"self":[{"href":"https:\/\/www.monteescalier.net\/france\/wp-json\/wp\/v2\/pages\/276","targetHints":{"allow":["GET"]}}],"collection":[{"href":"https:\/\/www.monteescalier.net\/france\/wp-json\/wp\/v2\/pages"}],"about":[{"href":"https:\/\/www.monteescalier.net\/france\/wp-json\/wp\/v2\/types\/page"}],"author":[{"embeddable":true,"href":"https:\/\/www.monteescalier.net\/france\/wp-json\/wp\/v2\/users\/1"}],"replies":[{"embeddable":true,"href":"https:\/\/www.monteescalier.net\/france\/wp-json\/wp\/v2\/comments?post=276"}],"version-history":[{"count":8,"href":"https:\/\/www.monteescalier.net\/france\/wp-json\/wp\/v2\/pages\/276\/revisions"}],"predecessor-version":[{"id":9069,"href":"https:\/\/www.monteescalier.net\/france\/wp-json\/wp\/v2\/pages\/276\/revisions\/9069"}],"wp:attachment":[{"href":"https:\/\/www.monteescalier.net\/france\/wp-json\/wp\/v2\/media?parent=276"}],"curies":[{"name":"wp","href":"https:\/\/api.w.org\/{rel}","templated":true}]}}