{"id":2765,"date":"2021-09-26T10:47:36","date_gmt":"2021-09-26T09:47:36","guid":{"rendered":"https:\/\/www.monteescalier.net\/france\/?page_id=2765"},"modified":"2021-11-23T11:54:54","modified_gmt":"2021-11-23T10:54:54","slug":"monte-escalier-argenton-sur-creuse","status":"publish","type":"page","link":"https:\/\/www.monteescalier.net\/france\/monte-escalier-argenton-sur-creuse\/","title":{"rendered":"Monte escalier Argenton-sur-Creuse"},"content":{"rendered":"<h1>Qui contacter pour un monte escalier \u00e0 Argenton-sur-Creuse<\/h1>\n<div class=\"boite_texte\">\n<div style=\"text-align: justify; margin-bottom: 10px;\">Il y a plusieurs vendeurs de monte escalier possibles pour une installation \u00e0 Argenton-sur-Creuse, mais quel est celui qui vous donnera une totale satisfaction en terme de prix et de prestations : une seule mani\u00e8re de le savoir, utilisez les services de monteescalier.net, triez, comparez et gagner de l&rsquo;argent !<\/div>\n<div style=\"text-align: justify; margin-bottom: 10px;\">Nous sommes des interm\u00e9diaires entre vous et les revendeurs de monte escalier sur Argenton-sur-Creuse. Nous pouvons en cons\u00e9quence vous mettre en relation tr\u00e8s rapidement et gratuitement avec les principaux vendeurs de monte escalier \u00e0 Argenton-sur-Creuse.<\/div>\n<div style=\"text-align: justify; margin-bottom: 10px;\">Inutile de chercher et d&rsquo;appeler tous les revendeurs de monte escalier d&rsquo;Argenton-sur-Creuse. En compl\u00e9tant une demande de devis sur notre site, vous recevrez gratuitement plusieurs propositions des professionnels de votre r\u00e9gion, sans vous d\u00e9placer. Vous n&rsquo;aurez plus qu&rsquo;\u00e0 choisir la meilleure offre.<\/div>\n<div style=\"text-align: justify; margin-bottom: 10px;\">Votre d\u00e9cision d&rsquo;achat n&rsquo;est pas prise, vous pr\u00e9f\u00e9rez en discuter au pr\u00e9alable avec les professionnels du monte escalier de la r\u00e9gion. Une seule demande de rappel sur notre site et ils vous rappelleront gratuitement pour r\u00e9pondre \u00e0 toutes vos questions.<\/div>\n<div style=\"text-align: justify; margin-bottom: 10px;\">Vous \u00eates perdus dans la multitude des marques et des mod\u00e8les de monte escalier, utilisez notre formulaire de documentation pour obtenir un maximum d&rsquo;informations sur les mod\u00e8les vendus par nos partenaires vendeurs de monte escalier. Pr\u00e9cisez dans votre demande si vous voulez les recevoir par email au format \u00e9lectronique ou sur papier par courrier postal.<\/div>\n<div style=\"text-align: justify; margin-bottom: 10px;\">Avec monteescalier.net, pas de mauvaise surprise en vue : nous ne facturons absolument rien et vous ne prenez aucun engagement en faisant une demande sur notre site: les devis, documentation et rappel sont gratuits ! Tous nos partenaires vendeurs de monte escalier sur Argenton-sur-Creuse s&rsquo;y engagent. Testez-nous, vous ne le regretterez pas.<\/div>\n<\/div>\n<div class=\"titre_liens\">Autres liens int\u00e9ressants vers nos offres dans les villes voisines<\/div>\n<div class=\"boite_liens\"><a href=\"https:\/\/www.monteescalier.net\/france\/monte-escalier-buzancais\">Monte escalier Buzan\u00e7ais<\/a><br \/>\n<a href=\"https:\/\/www.monteescalier.net\/france\/monte-escalier-la-chatre\">Monte escalier Ch\u00e2tre<\/a><br \/>\n<a href=\"https:\/\/www.monteescalier.net\/france\/monte-escalier-ardentes\">Monte escalier Ardentes<\/a><br \/>\n<a href=\"https:\/\/www.monteescalier.net\/france\/monte-escalier-saint-maur\">Monte escalier Saint-Maur<\/a><br \/>\n<a href=\"https:\/\/www.monteescalier.net\/france\/monte-escalier-chatillon-sur-indre\">Monte escalier Ch\u00e2tillon-sur-Indre<\/a><\/div>\n","protected":false},"excerpt":{"rendered":"<p>Qui contacter pour un monte escalier \u00e0 Argenton-sur-Creuse Il y a plusieurs vendeurs de monte escalier possibles pour une installation \u00e0 Argenton-sur-Creuse, mais quel est celui qui vous donnera une totale satisfaction en terme de prix et de prestations : une seule mani\u00e8re de le savoir, utilisez les services de monteescalier.net, triez, comparez et gagner [&hellip;]<\/p>\n","protected":false},"author":1,"featured_media":0,"parent":0,"menu_order":0,"comment_status":"closed","ping_status":"open","template":"template_ville_3.php","meta":{"_monsterinsights_skip_tracking":false,"_monsterinsights_sitenote_active":false,"_monsterinsights_sitenote_note":"","_monsterinsights_sitenote_category":0,"footnotes":""},"class_list":["post-2765","page","type-page","status-publish","hentry"],"yoast_head":"<!-- This site is optimized with the Yoast SEO plugin v26.3 - https:\/\/yoast.com\/wordpress\/plugins\/seo\/ -->\n<title>Monte escalier Argenton-sur-Creuse - Monte escalier<\/title>\n<meta name=\"description\" content=\"Trouvez votre monte-escalier \u00e0 Argenton-sur-Creuse gr\u00e2ce a notre site et nos professionnels en toute confiance\" \/>\n<meta name=\"robots\" content=\"index, follow, max-snippet:-1, max-image-preview:large, max-video-preview:-1\" \/>\n<link rel=\"canonical\" href=\"https:\/\/www.monteescalier.net\/france\/monte-escalier-argenton-sur-creuse\/\" \/>\n<meta property=\"og:locale\" content=\"fr_FR\" \/>\n<meta property=\"og:type\" content=\"article\" \/>\n<meta property=\"og:title\" content=\"Monte escalier Argenton-sur-Creuse - Monte escalier\" \/>\n<meta property=\"og:description\" content=\"Trouvez votre monte-escalier \u00e0 Argenton-sur-Creuse gr\u00e2ce a notre site et nos professionnels en toute confiance\" \/>\n<meta property=\"og:url\" content=\"https:\/\/www.monteescalier.net\/france\/monte-escalier-argenton-sur-creuse\/\" \/>\n<meta property=\"og:site_name\" content=\"Monte escalier\" \/>\n<meta property=\"article:modified_time\" content=\"2021-11-23T10:54:54+00:00\" \/>\n<meta name=\"twitter:card\" content=\"summary_large_image\" \/>\n<meta name=\"twitter:label1\" content=\"Dur\u00e9e de lecture estim\u00e9e\" \/>\n\t<meta name=\"twitter:data1\" content=\"2 minutes\" \/>\n<script type=\"application\/ld+json\" class=\"yoast-schema-graph\">{\"@context\":\"https:\/\/schema.org\",\"@graph\":[{\"@type\":\"WebPage\",\"@id\":\"https:\/\/www.monteescalier.net\/france\/monte-escalier-argenton-sur-creuse\/\",\"url\":\"https:\/\/www.monteescalier.net\/france\/monte-escalier-argenton-sur-creuse\/\",\"name\":\"Monte escalier Argenton-sur-Creuse - Monte escalier\",\"isPartOf\":{\"@id\":\"https:\/\/www.monteescalier.net\/france\/#website\"},\"datePublished\":\"2021-09-26T09:47:36+00:00\",\"dateModified\":\"2021-11-23T10:54:54+00:00\",\"description\":\"Trouvez votre monte-escalier \u00e0 Argenton-sur-Creuse gr\u00e2ce a notre site et nos professionnels en toute confiance\",\"breadcrumb\":{\"@id\":\"https:\/\/www.monteescalier.net\/france\/monte-escalier-argenton-sur-creuse\/#breadcrumb\"},\"inLanguage\":\"fr-FR\",\"potentialAction\":[{\"@type\":\"ReadAction\",\"target\":[\"https:\/\/www.monteescalier.net\/france\/monte-escalier-argenton-sur-creuse\/\"]}]},{\"@type\":\"BreadcrumbList\",\"@id\":\"https:\/\/www.monteescalier.net\/france\/monte-escalier-argenton-sur-creuse\/#breadcrumb\",\"itemListElement\":[{\"@type\":\"ListItem\",\"position\":1,\"name\":\"Accueil\",\"item\":\"https:\/\/www.monteescalier.net\/france\/\"},{\"@type\":\"ListItem\",\"position\":2,\"name\":\"Monte escalier Argenton-sur-Creuse\"}]},{\"@type\":\"WebSite\",\"@id\":\"https:\/\/www.monteescalier.net\/france\/#website\",\"url\":\"https:\/\/www.monteescalier.net\/france\/\",\"name\":\"Monte escalier\",\"description\":\"\",\"publisher\":{\"@id\":\"https:\/\/www.monteescalier.net\/france\/#organization\"},\"potentialAction\":[{\"@type\":\"SearchAction\",\"target\":{\"@type\":\"EntryPoint\",\"urlTemplate\":\"https:\/\/www.monteescalier.net\/france\/?s={search_term_string}\"},\"query-input\":{\"@type\":\"PropertyValueSpecification\",\"valueRequired\":true,\"valueName\":\"search_term_string\"}}],\"inLanguage\":\"fr-FR\"},{\"@type\":\"Organization\",\"@id\":\"https:\/\/www.monteescalier.net\/france\/#organization\",\"name\":\"monte-escalier.net\",\"url\":\"https:\/\/www.monteescalier.net\/france\/\",\"logo\":{\"@type\":\"ImageObject\",\"inLanguage\":\"fr-FR\",\"@id\":\"https:\/\/www.monteescalier.net\/france\/#\/schema\/logo\/image\/\",\"url\":\"https:\/\/www.monteescalier.net\/france\/wp-content\/uploads\/2016\/10\/4devis-mont-escalier-500-500.gif\",\"contentUrl\":\"https:\/\/www.monteescalier.net\/france\/wp-content\/uploads\/2016\/10\/4devis-mont-escalier-500-500.gif\",\"width\":500,\"height\":500,\"caption\":\"monte-escalier.net\"},\"image\":{\"@id\":\"https:\/\/www.monteescalier.net\/france\/#\/schema\/logo\/image\/\"}}]}<\/script>\n<!-- \/ Yoast SEO plugin. -->","yoast_head_json":{"title":"Monte escalier Argenton-sur-Creuse - Monte escalier","description":"Trouvez votre monte-escalier \u00e0 Argenton-sur-Creuse gr\u00e2ce a notre site et nos professionnels en toute confiance","robots":{"index":"index","follow":"follow","max-snippet":"max-snippet:-1","max-image-preview":"max-image-preview:large","max-video-preview":"max-video-preview:-1"},"canonical":"https:\/\/www.monteescalier.net\/france\/monte-escalier-argenton-sur-creuse\/","og_locale":"fr_FR","og_type":"article","og_title":"Monte escalier Argenton-sur-Creuse - Monte escalier","og_description":"Trouvez votre monte-escalier \u00e0 Argenton-sur-Creuse gr\u00e2ce a notre site et nos professionnels en toute confiance","og_url":"https:\/\/www.monteescalier.net\/france\/monte-escalier-argenton-sur-creuse\/","og_site_name":"Monte escalier","article_modified_time":"2021-11-23T10:54:54+00:00","twitter_card":"summary_large_image","twitter_misc":{"Dur\u00e9e de lecture estim\u00e9e":"2 minutes"},"schema":{"@context":"https:\/\/schema.org","@graph":[{"@type":"WebPage","@id":"https:\/\/www.monteescalier.net\/france\/monte-escalier-argenton-sur-creuse\/","url":"https:\/\/www.monteescalier.net\/france\/monte-escalier-argenton-sur-creuse\/","name":"Monte escalier Argenton-sur-Creuse - Monte escalier","isPartOf":{"@id":"https:\/\/www.monteescalier.net\/france\/#website"},"datePublished":"2021-09-26T09:47:36+00:00","dateModified":"2021-11-23T10:54:54+00:00","description":"Trouvez votre monte-escalier \u00e0 Argenton-sur-Creuse gr\u00e2ce a notre site et nos professionnels en toute confiance","breadcrumb":{"@id":"https:\/\/www.monteescalier.net\/france\/monte-escalier-argenton-sur-creuse\/#breadcrumb"},"inLanguage":"fr-FR","potentialAction":[{"@type":"ReadAction","target":["https:\/\/www.monteescalier.net\/france\/monte-escalier-argenton-sur-creuse\/"]}]},{"@type":"BreadcrumbList","@id":"https:\/\/www.monteescalier.net\/france\/monte-escalier-argenton-sur-creuse\/#breadcrumb","itemListElement":[{"@type":"ListItem","position":1,"name":"Accueil","item":"https:\/\/www.monteescalier.net\/france\/"},{"@type":"ListItem","position":2,"name":"Monte escalier Argenton-sur-Creuse"}]},{"@type":"WebSite","@id":"https:\/\/www.monteescalier.net\/france\/#website","url":"https:\/\/www.monteescalier.net\/france\/","name":"Monte escalier","description":"","publisher":{"@id":"https:\/\/www.monteescalier.net\/france\/#organization"},"potentialAction":[{"@type":"SearchAction","target":{"@type":"EntryPoint","urlTemplate":"https:\/\/www.monteescalier.net\/france\/?s={search_term_string}"},"query-input":{"@type":"PropertyValueSpecification","valueRequired":true,"valueName":"search_term_string"}}],"inLanguage":"fr-FR"},{"@type":"Organization","@id":"https:\/\/www.monteescalier.net\/france\/#organization","name":"monte-escalier.net","url":"https:\/\/www.monteescalier.net\/france\/","logo":{"@type":"ImageObject","inLanguage":"fr-FR","@id":"https:\/\/www.monteescalier.net\/france\/#\/schema\/logo\/image\/","url":"https:\/\/www.monteescalier.net\/france\/wp-content\/uploads\/2016\/10\/4devis-mont-escalier-500-500.gif","contentUrl":"https:\/\/www.monteescalier.net\/france\/wp-content\/uploads\/2016\/10\/4devis-mont-escalier-500-500.gif","width":500,"height":500,"caption":"monte-escalier.net"},"image":{"@id":"https:\/\/www.monteescalier.net\/france\/#\/schema\/logo\/image\/"}}]}},"_links":{"self":[{"href":"https:\/\/www.monteescalier.net\/france\/wp-json\/wp\/v2\/pages\/2765","targetHints":{"allow":["GET"]}}],"collection":[{"href":"https:\/\/www.monteescalier.net\/france\/wp-json\/wp\/v2\/pages"}],"about":[{"href":"https:\/\/www.monteescalier.net\/france\/wp-json\/wp\/v2\/types\/page"}],"author":[{"embeddable":true,"href":"https:\/\/www.monteescalier.net\/france\/wp-json\/wp\/v2\/users\/1"}],"replies":[{"embeddable":true,"href":"https:\/\/www.monteescalier.net\/france\/wp-json\/wp\/v2\/comments?post=2765"}],"version-history":[{"count":1,"href":"https:\/\/www.monteescalier.net\/france\/wp-json\/wp\/v2\/pages\/2765\/revisions"}],"predecessor-version":[{"id":8984,"href":"https:\/\/www.monteescalier.net\/france\/wp-json\/wp\/v2\/pages\/2765\/revisions\/8984"}],"wp:attachment":[{"href":"https:\/\/www.monteescalier.net\/france\/wp-json\/wp\/v2\/media?parent=2765"}],"curies":[{"name":"wp","href":"https:\/\/api.w.org\/{rel}","templated":true}]}}