{"id":2813,"date":"2013-09-26T10:47:37","date_gmt":"2013-09-26T10:47:37","guid":{"rendered":"https:\/\/www.monteescalier.net\/france\/?page_id=2813"},"modified":"-0001-11-30T00:00:00","modified_gmt":"-0001-11-29T23:00:00","slug":"monte-escalier-chazelles-sur-lyon","status":"publish","type":"page","link":"https:\/\/www.monteescalier.net\/france\/monte-escalier-chazelles-sur-lyon\/","title":{"rendered":"Monte escalier Chazelles-sur-Lyon"},"content":{"rendered":"<h1>Comparer les vendeurs de monte escalier \u00e0 Chazelles-sur-Lyon<\/h1>\n<div class=\"boite_texte\">\n<div style=\"text-align:justify; margin-bottom:10px\">Il y a plusieurs vendeurs de monte escalier \u00e0 Chazelles-sur-Lyon, mais quel est celui qui vous donnera satisfaction en terme de prix et de prestations : une seule mani\u00e8re de le savoir, utilisez les services de monteescalier.net.<\/div>\n<div style=\"text-align:justify; margin-bottom:10px\">L&rsquo;\u00e9quipe de monteescalier.net vous propose de s\u00e9lectionner pour vous les installateurs de monte escalier les plus comp\u00e9titifs dans la r\u00e9gion de Chazelles-sur-Lyon. Notre s\u00e9lection est compos\u00e9e de professionnels reconnus du monte escalier parmi lesquels vous trouverez certainement votre prestataire.<\/div>\n<div style=\"text-align:justify; margin-bottom:10px\">Vous savez exactement ce que voulez ? Vous avez besoin d&rsquo;un devis de monte escalier. Une seule demande de devis sur notre site vous permettra de recevoir entre 4 et 5 devis totalement gratuits.<\/div>\n<div style=\"text-align:justify; margin-bottom:10px\">Le monte escalier c&rsquo;est presque toujours du sur mesure, chaque maison est diff\u00e9rente et a ses propres sp\u00e9cificit\u00e9s. Dans la tr\u00e8s grande majorit\u00e9 des cas l&rsquo;installation du monte escalier est possible chez vous. Pour vous en assurer remplissez une demande de rappel (en notant au pr\u00e9alable les dimensions de votre escalier). Plusieurs installateurs vous rappelleront sans d\u00e9lai, pour discuter avec vous du type de monte escalier qui s&rsquo;adaptera le mieux \u00e0 votre maison \u00e0 Chazelles-sur-Lyon.<\/div>\n<div style=\"text-align:justify; margin-bottom:10px\">Vous \u00eates perdus dans la multitude des marques et des mod\u00e8les de monte escalier, utilisez notre formulaire de documentation pour obtenir un maximum d&rsquo;informations sur les mod\u00e8les commercialis\u00e9s par nos partenaires vendeurs de monte escalier. Pr\u00e9cisez dans votre demande si vous voulez les recevoir par email au format \u00e9lectronique ou sur papier par courrier postal.<\/div>\n<div style=\"text-align:justify; margin-bottom:10px\">Il est important de pr\u00e9ciser que tous nos services sont totalement gratuits pour les acqu\u00e9reurs potentiels de monte escalier. N&rsquo;h\u00e9sitez pas \u00e0 remplir un formulaire, c&rsquo;est \u00e9galement sans engagement.<\/div>\n<\/div>\n<div class=\"titre_liens\">Vous pourriez \u00e9galement \u00eatre int\u00e9ress\u00e9s par nos services dans les villes voisines<\/div>\n<div class=\"boite_liens\"><a href=\"https:\/\/www.monteescalier.net\/france\/monte-escalier-la-grand-croix\">Monte escalier Grand-Croix<\/a><br \/>\n<a href=\"https:\/\/www.monteescalier.net\/france\/monte-escalier-montrond-les-bains\">Monte escalier Montrond-les-Bains<\/a><br \/>\n<a href=\"https:\/\/www.monteescalier.net\/france\/monte-escalier-l-horme\">Monte escalier Horme<\/a><br \/>\n<a href=\"https:\/\/www.monteescalier.net\/france\/monte-escalier-lorette\">Monte escalier Lorette<\/a><br \/>\n<a href=\"https:\/\/www.monteescalier.net\/france\/monte-escalier-villerest\">Monte escalier Villerest<\/a>\n<\/div>\n","protected":false},"excerpt":{"rendered":"<p>Comparer les vendeurs de monte escalier \u00e0 Chazelles-sur-Lyon Il y a plusieurs vendeurs de monte escalier \u00e0 Chazelles-sur-Lyon, mais quel est celui qui vous donnera satisfaction en terme de prix et de prestations : une seule mani\u00e8re de le savoir, utilisez les services de monteescalier.net. L&rsquo;\u00e9quipe de monteescalier.net vous propose de s\u00e9lectionner pour vous les [&hellip;]<\/p>\n","protected":false},"author":1,"featured_media":0,"parent":0,"menu_order":0,"comment_status":"closed","ping_status":"open","template":"template_ville_3.php","meta":{"_monsterinsights_skip_tracking":false,"_monsterinsights_sitenote_active":false,"_monsterinsights_sitenote_note":"","_monsterinsights_sitenote_category":0,"footnotes":""},"class_list":["post-2813","page","type-page","status-publish","hentry"],"yoast_head":"<!-- This site is optimized with the Yoast SEO plugin v26.3 - https:\/\/yoast.com\/wordpress\/plugins\/seo\/ -->\n<title>Monte escalier Chazelles-sur-Lyon - Monte escalier<\/title>\n<meta name=\"robots\" content=\"index, follow, max-snippet:-1, max-image-preview:large, max-video-preview:-1\" \/>\n<link rel=\"canonical\" href=\"https:\/\/www.monteescalier.net\/france\/monte-escalier-chazelles-sur-lyon\/\" \/>\n<meta property=\"og:locale\" content=\"fr_FR\" \/>\n<meta property=\"og:type\" content=\"article\" \/>\n<meta property=\"og:title\" content=\"Monte escalier Chazelles-sur-Lyon - Monte escalier\" \/>\n<meta property=\"og:description\" content=\"Comparer les vendeurs de monte escalier \u00e0 Chazelles-sur-Lyon Il y a plusieurs vendeurs de monte escalier \u00e0 Chazelles-sur-Lyon, mais quel est celui qui vous donnera satisfaction en terme de prix et de prestations : une seule mani\u00e8re de le savoir, utilisez les services de monteescalier.net. L&rsquo;\u00e9quipe de monteescalier.net vous propose de s\u00e9lectionner pour vous les [&hellip;]\" \/>\n<meta property=\"og:url\" content=\"https:\/\/www.monteescalier.net\/france\/monte-escalier-chazelles-sur-lyon\/\" \/>\n<meta property=\"og:site_name\" content=\"Monte escalier\" \/>\n<meta name=\"twitter:card\" content=\"summary_large_image\" \/>\n<meta name=\"twitter:label1\" content=\"Dur\u00e9e de lecture estim\u00e9e\" \/>\n\t<meta name=\"twitter:data1\" content=\"2 minutes\" \/>\n<script type=\"application\/ld+json\" class=\"yoast-schema-graph\">{\"@context\":\"https:\/\/schema.org\",\"@graph\":[{\"@type\":\"WebPage\",\"@id\":\"https:\/\/www.monteescalier.net\/france\/monte-escalier-chazelles-sur-lyon\/\",\"url\":\"https:\/\/www.monteescalier.net\/france\/monte-escalier-chazelles-sur-lyon\/\",\"name\":\"Monte escalier Chazelles-sur-Lyon - Monte escalier\",\"isPartOf\":{\"@id\":\"https:\/\/www.monteescalier.net\/france\/#website\"},\"datePublished\":\"2013-09-26T10:47:37+00:00\",\"breadcrumb\":{\"@id\":\"https:\/\/www.monteescalier.net\/france\/monte-escalier-chazelles-sur-lyon\/#breadcrumb\"},\"inLanguage\":\"fr-FR\",\"potentialAction\":[{\"@type\":\"ReadAction\",\"target\":[\"https:\/\/www.monteescalier.net\/france\/monte-escalier-chazelles-sur-lyon\/\"]}]},{\"@type\":\"BreadcrumbList\",\"@id\":\"https:\/\/www.monteescalier.net\/france\/monte-escalier-chazelles-sur-lyon\/#breadcrumb\",\"itemListElement\":[{\"@type\":\"ListItem\",\"position\":1,\"name\":\"Accueil\",\"item\":\"https:\/\/www.monteescalier.net\/france\/\"},{\"@type\":\"ListItem\",\"position\":2,\"name\":\"Monte escalier Chazelles-sur-Lyon\"}]},{\"@type\":\"WebSite\",\"@id\":\"https:\/\/www.monteescalier.net\/france\/#website\",\"url\":\"https:\/\/www.monteescalier.net\/france\/\",\"name\":\"Monte escalier\",\"description\":\"\",\"publisher\":{\"@id\":\"https:\/\/www.monteescalier.net\/france\/#organization\"},\"potentialAction\":[{\"@type\":\"SearchAction\",\"target\":{\"@type\":\"EntryPoint\",\"urlTemplate\":\"https:\/\/www.monteescalier.net\/france\/?s={search_term_string}\"},\"query-input\":{\"@type\":\"PropertyValueSpecification\",\"valueRequired\":true,\"valueName\":\"search_term_string\"}}],\"inLanguage\":\"fr-FR\"},{\"@type\":\"Organization\",\"@id\":\"https:\/\/www.monteescalier.net\/france\/#organization\",\"name\":\"monte-escalier.net\",\"url\":\"https:\/\/www.monteescalier.net\/france\/\",\"logo\":{\"@type\":\"ImageObject\",\"inLanguage\":\"fr-FR\",\"@id\":\"https:\/\/www.monteescalier.net\/france\/#\/schema\/logo\/image\/\",\"url\":\"https:\/\/www.monteescalier.net\/france\/wp-content\/uploads\/2016\/10\/4devis-mont-escalier-500-500.gif\",\"contentUrl\":\"https:\/\/www.monteescalier.net\/france\/wp-content\/uploads\/2016\/10\/4devis-mont-escalier-500-500.gif\",\"width\":500,\"height\":500,\"caption\":\"monte-escalier.net\"},\"image\":{\"@id\":\"https:\/\/www.monteescalier.net\/france\/#\/schema\/logo\/image\/\"}}]}<\/script>\n<!-- \/ Yoast SEO plugin. -->","yoast_head_json":{"title":"Monte escalier Chazelles-sur-Lyon - Monte escalier","robots":{"index":"index","follow":"follow","max-snippet":"max-snippet:-1","max-image-preview":"max-image-preview:large","max-video-preview":"max-video-preview:-1"},"canonical":"https:\/\/www.monteescalier.net\/france\/monte-escalier-chazelles-sur-lyon\/","og_locale":"fr_FR","og_type":"article","og_title":"Monte escalier Chazelles-sur-Lyon - Monte escalier","og_description":"Comparer les vendeurs de monte escalier \u00e0 Chazelles-sur-Lyon Il y a plusieurs vendeurs de monte escalier \u00e0 Chazelles-sur-Lyon, mais quel est celui qui vous donnera satisfaction en terme de prix et de prestations : une seule mani\u00e8re de le savoir, utilisez les services de monteescalier.net. L&rsquo;\u00e9quipe de monteescalier.net vous propose de s\u00e9lectionner pour vous les [&hellip;]","og_url":"https:\/\/www.monteescalier.net\/france\/monte-escalier-chazelles-sur-lyon\/","og_site_name":"Monte escalier","twitter_card":"summary_large_image","twitter_misc":{"Dur\u00e9e de lecture estim\u00e9e":"2 minutes"},"schema":{"@context":"https:\/\/schema.org","@graph":[{"@type":"WebPage","@id":"https:\/\/www.monteescalier.net\/france\/monte-escalier-chazelles-sur-lyon\/","url":"https:\/\/www.monteescalier.net\/france\/monte-escalier-chazelles-sur-lyon\/","name":"Monte escalier Chazelles-sur-Lyon - Monte escalier","isPartOf":{"@id":"https:\/\/www.monteescalier.net\/france\/#website"},"datePublished":"2013-09-26T10:47:37+00:00","breadcrumb":{"@id":"https:\/\/www.monteescalier.net\/france\/monte-escalier-chazelles-sur-lyon\/#breadcrumb"},"inLanguage":"fr-FR","potentialAction":[{"@type":"ReadAction","target":["https:\/\/www.monteescalier.net\/france\/monte-escalier-chazelles-sur-lyon\/"]}]},{"@type":"BreadcrumbList","@id":"https:\/\/www.monteescalier.net\/france\/monte-escalier-chazelles-sur-lyon\/#breadcrumb","itemListElement":[{"@type":"ListItem","position":1,"name":"Accueil","item":"https:\/\/www.monteescalier.net\/france\/"},{"@type":"ListItem","position":2,"name":"Monte escalier Chazelles-sur-Lyon"}]},{"@type":"WebSite","@id":"https:\/\/www.monteescalier.net\/france\/#website","url":"https:\/\/www.monteescalier.net\/france\/","name":"Monte escalier","description":"","publisher":{"@id":"https:\/\/www.monteescalier.net\/france\/#organization"},"potentialAction":[{"@type":"SearchAction","target":{"@type":"EntryPoint","urlTemplate":"https:\/\/www.monteescalier.net\/france\/?s={search_term_string}"},"query-input":{"@type":"PropertyValueSpecification","valueRequired":true,"valueName":"search_term_string"}}],"inLanguage":"fr-FR"},{"@type":"Organization","@id":"https:\/\/www.monteescalier.net\/france\/#organization","name":"monte-escalier.net","url":"https:\/\/www.monteescalier.net\/france\/","logo":{"@type":"ImageObject","inLanguage":"fr-FR","@id":"https:\/\/www.monteescalier.net\/france\/#\/schema\/logo\/image\/","url":"https:\/\/www.monteescalier.net\/france\/wp-content\/uploads\/2016\/10\/4devis-mont-escalier-500-500.gif","contentUrl":"https:\/\/www.monteescalier.net\/france\/wp-content\/uploads\/2016\/10\/4devis-mont-escalier-500-500.gif","width":500,"height":500,"caption":"monte-escalier.net"},"image":{"@id":"https:\/\/www.monteescalier.net\/france\/#\/schema\/logo\/image\/"}}]}},"_links":{"self":[{"href":"https:\/\/www.monteescalier.net\/france\/wp-json\/wp\/v2\/pages\/2813","targetHints":{"allow":["GET"]}}],"collection":[{"href":"https:\/\/www.monteescalier.net\/france\/wp-json\/wp\/v2\/pages"}],"about":[{"href":"https:\/\/www.monteescalier.net\/france\/wp-json\/wp\/v2\/types\/page"}],"author":[{"embeddable":true,"href":"https:\/\/www.monteescalier.net\/france\/wp-json\/wp\/v2\/users\/1"}],"replies":[{"embeddable":true,"href":"https:\/\/www.monteescalier.net\/france\/wp-json\/wp\/v2\/comments?post=2813"}],"version-history":[{"count":0,"href":"https:\/\/www.monteescalier.net\/france\/wp-json\/wp\/v2\/pages\/2813\/revisions"}],"wp:attachment":[{"href":"https:\/\/www.monteescalier.net\/france\/wp-json\/wp\/v2\/media?parent=2813"}],"curies":[{"name":"wp","href":"https:\/\/api.w.org\/{rel}","templated":true}]}}