{"id":282,"date":"2023-07-23T14:27:20","date_gmt":"2023-07-23T13:27:20","guid":{"rendered":"https:\/\/www.monteescalier.net\/france\/?page_id=282"},"modified":"2024-05-15T16:52:02","modified_gmt":"2024-05-15T15:52:02","slug":"monte-escalier-lozere","status":"publish","type":"page","link":"https:\/\/www.monteescalier.net\/france\/monte-escalier-lozere\/","title":{"rendered":"Monte escalier Loz\u00e8re, Mende"},"content":{"rendered":"<div class='content-column one_half'><div style=\"padding-right:19px;\"><h1>Votre monte escalier en Loz\u00e8re<\/h1>\n<p><b>Des experts \u00e0 proximit\u00e9 :<\/b><br \/>\n<a href=\"https:\/\/www.monteescalier.net\/france\/monte-escalier-mende\/\">Monte escalier \u00e0 Mende<\/a><br \/>\n<a href=\"https:\/\/www.monteescalier.net\/france\/monte-escalier-florac\/\">Monte escalier \u00e0 Florac<\/a><br \/>\n<a href=\"https:\/\/www.monteescalier.net\/france\/monte-escalier-marvejols\/\">Monte escalier \u00e0 Marvejols<\/a><\/p>\n<p style=\"text-align: justify;\">Le monte-escalier est l&rsquo;aide id\u00e9al pour faire face \u00e0 un probl\u00e8me d&rsquo;autonomie lorsqu&rsquo;on poss\u00e8de un foyer \u00e0 \u00e9tages. La majorit\u00e9 des escaliers peuvent en accueillir un, \u00e0 l&rsquo;exception des escaliers trop \u00e9troits (moins de 80 centim\u00e8tres de large).<\/p>\n<p style=\"text-align: justify;\">Il existe bien entendu de tr\u00e8s nombreuses marques et mod\u00e8les de monte escalier. ils ont cependant tous un point commun, ils doivent \u00eatre install\u00e9s par un professionnel. C&rsquo;est l\u00e0 que nous intervenons.<\/p>\n<p style=\"text-align: justify;\">Gr\u00e2ce au site monteescalier.net, vous allez pouvoir obtenir en remplissant une seule demande, de multiples devis pour l&rsquo;installation de votre monte escalier en Loz\u00e8re. Habitant d&rsquo;une grande agglom\u00e9ration en Loz\u00e8re, comme Mende, Saint Ch\u00e9ly d&rsquo;Apcher, Marjevols ou Langogne ou d&rsquo;une petite ville de Loz\u00e8re comme Badaloux, Aumont Aubrac, Meyrueis, Chirac, Saint Alban sur Limagnole, Montrodat, La Canourgue ou Florac, nous vous garantissons le choix entre plusieurs devis gratuits \u00e9manant de professionnels du monte escalier reconnus et capables d&rsquo;installer un monte escalier dans votre maison en quelques jours.<\/p>\n<p style=\"text-align: justify;\">Remplir ce formulaire de contact ne co\u00fbte absolument rien et ne vous engage rien et cela vous permettra de faire jouer r\u00e9ellement la concurrence entre les vendeurs de monte escalier dans le d\u00e9partement de la Loz\u00e8re.<\/p>\n<p>&nbsp;<\/p>\n<div class=\"bouton\">cliquez ici pour 4 devis de monte escalier en Loz\u00e8re<\/div><\/div><\/div><div class='content-column one_half last_column'><a href=\"https:\/\/www.monteescalier.net\/devis-gratuit.php\" target=\"_blank\" rel=\"noopener\"><img loading=\"lazy\" decoding=\"async\" class=\"alignnone size-full img_region\" src=\"https:\/\/www.monteescalier.net\/france\/wp-content\/uploads\/2014\/10\/4devis-monte-escalier-photo-490.png\" alt=\"Lozere\" width=\"507\" height=\"485\" \/><\/a><br \/>\n<img loading=\"lazy\" decoding=\"async\" class=\"alignnone size-full img_region_2\" src=\"https:\/\/www.monteescalier.net\/france\/wp-content\/uploads\/2013\/07\/lozere.jpg\" alt=\"monte escalier lozere\" width=\"507\" height=\"485\" \/><\/div><div class='clear_column'><\/div><\/p>\n","protected":false},"excerpt":{"rendered":"","protected":false},"author":1,"featured_media":0,"parent":0,"menu_order":0,"comment_status":"open","ping_status":"closed","template":"template3.php","meta":{"_monsterinsights_skip_tracking":false,"_monsterinsights_sitenote_active":false,"_monsterinsights_sitenote_note":"","_monsterinsights_sitenote_category":0,"footnotes":""},"class_list":["post-282","page","type-page","status-publish","hentry"],"yoast_head":"<!-- This site is optimized with the Yoast SEO plugin v26.3 - https:\/\/yoast.com\/wordpress\/plugins\/seo\/ -->\n<title>Monte escalier Loz\u00e8re, Mende - Monte escalier<\/title>\n<meta name=\"description\" content=\"Vous recherchez un monte escalier en Loz\u00e8re ? Plus pr\u00e9cis\u00e9ment \u00e0 Mende, Florac ou encore Marvejols ?\" \/>\n<meta name=\"robots\" content=\"index, follow, max-snippet:-1, max-image-preview:large, max-video-preview:-1\" \/>\n<link rel=\"canonical\" href=\"https:\/\/www.monteescalier.net\/france\/monte-escalier-lozere\/\" \/>\n<meta property=\"og:locale\" content=\"fr_FR\" \/>\n<meta property=\"og:type\" content=\"article\" \/>\n<meta property=\"og:title\" content=\"Monte escalier Loz\u00e8re, Mende - Monte escalier\" \/>\n<meta property=\"og:description\" content=\"Vous recherchez un monte escalier en Loz\u00e8re ? Plus pr\u00e9cis\u00e9ment \u00e0 Mende, Florac ou encore Marvejols ?\" \/>\n<meta property=\"og:url\" content=\"https:\/\/www.monteescalier.net\/france\/monte-escalier-lozere\/\" \/>\n<meta property=\"og:site_name\" content=\"Monte escalier\" \/>\n<meta property=\"article:modified_time\" content=\"2024-05-15T15:52:02+00:00\" \/>\n<meta property=\"og:image\" content=\"https:\/\/www.monteescalier.net\/france\/wp-content\/uploads\/2014\/10\/4devis-monte-escalier-photo-490.png\" \/>\n<meta name=\"twitter:card\" content=\"summary_large_image\" \/>\n<meta name=\"twitter:label1\" content=\"Dur\u00e9e de lecture estim\u00e9e\" \/>\n\t<meta name=\"twitter:data1\" content=\"1 minute\" \/>\n<script type=\"application\/ld+json\" class=\"yoast-schema-graph\">{\"@context\":\"https:\/\/schema.org\",\"@graph\":[{\"@type\":\"WebPage\",\"@id\":\"https:\/\/www.monteescalier.net\/france\/monte-escalier-lozere\/\",\"url\":\"https:\/\/www.monteescalier.net\/france\/monte-escalier-lozere\/\",\"name\":\"Monte escalier Loz\u00e8re, Mende - Monte escalier\",\"isPartOf\":{\"@id\":\"https:\/\/www.monteescalier.net\/france\/#website\"},\"primaryImageOfPage\":{\"@id\":\"https:\/\/www.monteescalier.net\/france\/monte-escalier-lozere\/#primaryimage\"},\"image\":{\"@id\":\"https:\/\/www.monteescalier.net\/france\/monte-escalier-lozere\/#primaryimage\"},\"thumbnailUrl\":\"https:\/\/www.monteescalier.net\/france\/wp-content\/uploads\/2014\/10\/4devis-monte-escalier-photo-490.png\",\"datePublished\":\"2023-07-23T13:27:20+00:00\",\"dateModified\":\"2024-05-15T15:52:02+00:00\",\"description\":\"Vous recherchez un monte escalier en Loz\u00e8re ? Plus pr\u00e9cis\u00e9ment \u00e0 Mende, Florac ou encore Marvejols ?\",\"breadcrumb\":{\"@id\":\"https:\/\/www.monteescalier.net\/france\/monte-escalier-lozere\/#breadcrumb\"},\"inLanguage\":\"fr-FR\",\"potentialAction\":[{\"@type\":\"ReadAction\",\"target\":[\"https:\/\/www.monteescalier.net\/france\/monte-escalier-lozere\/\"]}]},{\"@type\":\"ImageObject\",\"inLanguage\":\"fr-FR\",\"@id\":\"https:\/\/www.monteescalier.net\/france\/monte-escalier-lozere\/#primaryimage\",\"url\":\"https:\/\/www.monteescalier.net\/france\/wp-content\/uploads\/2014\/10\/4devis-monte-escalier-photo-490.png\",\"contentUrl\":\"https:\/\/www.monteescalier.net\/france\/wp-content\/uploads\/2014\/10\/4devis-monte-escalier-photo-490.png\",\"width\":490,\"height\":267},{\"@type\":\"BreadcrumbList\",\"@id\":\"https:\/\/www.monteescalier.net\/france\/monte-escalier-lozere\/#breadcrumb\",\"itemListElement\":[{\"@type\":\"ListItem\",\"position\":1,\"name\":\"Accueil\",\"item\":\"https:\/\/www.monteescalier.net\/france\/\"},{\"@type\":\"ListItem\",\"position\":2,\"name\":\"Monte escalier Loz\u00e8re, Mende\"}]},{\"@type\":\"WebSite\",\"@id\":\"https:\/\/www.monteescalier.net\/france\/#website\",\"url\":\"https:\/\/www.monteescalier.net\/france\/\",\"name\":\"Monte escalier\",\"description\":\"\",\"publisher\":{\"@id\":\"https:\/\/www.monteescalier.net\/france\/#organization\"},\"potentialAction\":[{\"@type\":\"SearchAction\",\"target\":{\"@type\":\"EntryPoint\",\"urlTemplate\":\"https:\/\/www.monteescalier.net\/france\/?s={search_term_string}\"},\"query-input\":{\"@type\":\"PropertyValueSpecification\",\"valueRequired\":true,\"valueName\":\"search_term_string\"}}],\"inLanguage\":\"fr-FR\"},{\"@type\":\"Organization\",\"@id\":\"https:\/\/www.monteescalier.net\/france\/#organization\",\"name\":\"monte-escalier.net\",\"url\":\"https:\/\/www.monteescalier.net\/france\/\",\"logo\":{\"@type\":\"ImageObject\",\"inLanguage\":\"fr-FR\",\"@id\":\"https:\/\/www.monteescalier.net\/france\/#\/schema\/logo\/image\/\",\"url\":\"https:\/\/www.monteescalier.net\/france\/wp-content\/uploads\/2016\/10\/4devis-mont-escalier-500-500.gif\",\"contentUrl\":\"https:\/\/www.monteescalier.net\/france\/wp-content\/uploads\/2016\/10\/4devis-mont-escalier-500-500.gif\",\"width\":500,\"height\":500,\"caption\":\"monte-escalier.net\"},\"image\":{\"@id\":\"https:\/\/www.monteescalier.net\/france\/#\/schema\/logo\/image\/\"}}]}<\/script>\n<!-- \/ Yoast SEO plugin. -->","yoast_head_json":{"title":"Monte escalier Loz\u00e8re, Mende - Monte escalier","description":"Vous recherchez un monte escalier en Loz\u00e8re ? Plus pr\u00e9cis\u00e9ment \u00e0 Mende, Florac ou encore Marvejols ?","robots":{"index":"index","follow":"follow","max-snippet":"max-snippet:-1","max-image-preview":"max-image-preview:large","max-video-preview":"max-video-preview:-1"},"canonical":"https:\/\/www.monteescalier.net\/france\/monte-escalier-lozere\/","og_locale":"fr_FR","og_type":"article","og_title":"Monte escalier Loz\u00e8re, Mende - Monte escalier","og_description":"Vous recherchez un monte escalier en Loz\u00e8re ? Plus pr\u00e9cis\u00e9ment \u00e0 Mende, Florac ou encore Marvejols ?","og_url":"https:\/\/www.monteescalier.net\/france\/monte-escalier-lozere\/","og_site_name":"Monte escalier","article_modified_time":"2024-05-15T15:52:02+00:00","og_image":[{"url":"https:\/\/www.monteescalier.net\/france\/wp-content\/uploads\/2014\/10\/4devis-monte-escalier-photo-490.png","type":"","width":"","height":""}],"twitter_card":"summary_large_image","twitter_misc":{"Dur\u00e9e de lecture estim\u00e9e":"1 minute"},"schema":{"@context":"https:\/\/schema.org","@graph":[{"@type":"WebPage","@id":"https:\/\/www.monteescalier.net\/france\/monte-escalier-lozere\/","url":"https:\/\/www.monteescalier.net\/france\/monte-escalier-lozere\/","name":"Monte escalier Loz\u00e8re, Mende - Monte escalier","isPartOf":{"@id":"https:\/\/www.monteescalier.net\/france\/#website"},"primaryImageOfPage":{"@id":"https:\/\/www.monteescalier.net\/france\/monte-escalier-lozere\/#primaryimage"},"image":{"@id":"https:\/\/www.monteescalier.net\/france\/monte-escalier-lozere\/#primaryimage"},"thumbnailUrl":"https:\/\/www.monteescalier.net\/france\/wp-content\/uploads\/2014\/10\/4devis-monte-escalier-photo-490.png","datePublished":"2023-07-23T13:27:20+00:00","dateModified":"2024-05-15T15:52:02+00:00","description":"Vous recherchez un monte escalier en Loz\u00e8re ? Plus pr\u00e9cis\u00e9ment \u00e0 Mende, Florac ou encore Marvejols ?","breadcrumb":{"@id":"https:\/\/www.monteescalier.net\/france\/monte-escalier-lozere\/#breadcrumb"},"inLanguage":"fr-FR","potentialAction":[{"@type":"ReadAction","target":["https:\/\/www.monteescalier.net\/france\/monte-escalier-lozere\/"]}]},{"@type":"ImageObject","inLanguage":"fr-FR","@id":"https:\/\/www.monteescalier.net\/france\/monte-escalier-lozere\/#primaryimage","url":"https:\/\/www.monteescalier.net\/france\/wp-content\/uploads\/2014\/10\/4devis-monte-escalier-photo-490.png","contentUrl":"https:\/\/www.monteescalier.net\/france\/wp-content\/uploads\/2014\/10\/4devis-monte-escalier-photo-490.png","width":490,"height":267},{"@type":"BreadcrumbList","@id":"https:\/\/www.monteescalier.net\/france\/monte-escalier-lozere\/#breadcrumb","itemListElement":[{"@type":"ListItem","position":1,"name":"Accueil","item":"https:\/\/www.monteescalier.net\/france\/"},{"@type":"ListItem","position":2,"name":"Monte escalier Loz\u00e8re, Mende"}]},{"@type":"WebSite","@id":"https:\/\/www.monteescalier.net\/france\/#website","url":"https:\/\/www.monteescalier.net\/france\/","name":"Monte escalier","description":"","publisher":{"@id":"https:\/\/www.monteescalier.net\/france\/#organization"},"potentialAction":[{"@type":"SearchAction","target":{"@type":"EntryPoint","urlTemplate":"https:\/\/www.monteescalier.net\/france\/?s={search_term_string}"},"query-input":{"@type":"PropertyValueSpecification","valueRequired":true,"valueName":"search_term_string"}}],"inLanguage":"fr-FR"},{"@type":"Organization","@id":"https:\/\/www.monteescalier.net\/france\/#organization","name":"monte-escalier.net","url":"https:\/\/www.monteescalier.net\/france\/","logo":{"@type":"ImageObject","inLanguage":"fr-FR","@id":"https:\/\/www.monteescalier.net\/france\/#\/schema\/logo\/image\/","url":"https:\/\/www.monteescalier.net\/france\/wp-content\/uploads\/2016\/10\/4devis-mont-escalier-500-500.gif","contentUrl":"https:\/\/www.monteescalier.net\/france\/wp-content\/uploads\/2016\/10\/4devis-mont-escalier-500-500.gif","width":500,"height":500,"caption":"monte-escalier.net"},"image":{"@id":"https:\/\/www.monteescalier.net\/france\/#\/schema\/logo\/image\/"}}]}},"_links":{"self":[{"href":"https:\/\/www.monteescalier.net\/france\/wp-json\/wp\/v2\/pages\/282","targetHints":{"allow":["GET"]}}],"collection":[{"href":"https:\/\/www.monteescalier.net\/france\/wp-json\/wp\/v2\/pages"}],"about":[{"href":"https:\/\/www.monteescalier.net\/france\/wp-json\/wp\/v2\/types\/page"}],"author":[{"embeddable":true,"href":"https:\/\/www.monteescalier.net\/france\/wp-json\/wp\/v2\/users\/1"}],"replies":[{"embeddable":true,"href":"https:\/\/www.monteescalier.net\/france\/wp-json\/wp\/v2\/comments?post=282"}],"version-history":[{"count":5,"href":"https:\/\/www.monteescalier.net\/france\/wp-json\/wp\/v2\/pages\/282\/revisions"}],"predecessor-version":[{"id":9109,"href":"https:\/\/www.monteescalier.net\/france\/wp-json\/wp\/v2\/pages\/282\/revisions\/9109"}],"wp:attachment":[{"href":"https:\/\/www.monteescalier.net\/france\/wp-json\/wp\/v2\/media?parent=282"}],"curies":[{"name":"wp","href":"https:\/\/api.w.org\/{rel}","templated":true}]}}