{"id":285,"date":"2023-07-23T14:37:18","date_gmt":"2023-07-23T13:37:18","guid":{"rendered":"https:\/\/www.monteescalier.net\/france\/?page_id=285"},"modified":"2024-05-15T16:42:00","modified_gmt":"2024-05-15T15:42:00","slug":"monte-escalier-gard","status":"publish","type":"page","link":"https:\/\/www.monteescalier.net\/france\/monte-escalier-gard\/","title":{"rendered":"Monte escalier Gard, Monte escalier N\u00eemes"},"content":{"rendered":"<div class='content-column one_half'><div style=\"padding-right:19px;\"><h1>Monte escalier dans le Gard<\/h1>\n<p><b>Dans le d\u00e9partement du Gard :<\/b><br \/>\n<a href=\"https:\/\/www.monteescalier.net\/france\/monte-escalier-nimes\/\">Les monte escaliers \u00e0 N\u00eemes<\/a><br \/>\n<a href=\"https:\/\/www.monteescalier.net\/france\/monte-escalier-ales\/\">Les monte escaliers \u00e0 Al\u00e8s<\/a><br \/>\n<a href=\"https:\/\/www.monteescalier.net\/france\/monte-escalier-le-vigan\/\">Les monte escaliers \u00e0 Le Vigan<\/a><\/p>\n<p style=\"text-align: justify;\">Vous h\u00e9sitez \u00e0 faire installer un monte escalier dans votre r\u00e9sidence dans le Gard? Vous ne savez pas quel mod\u00e8le, quelle marque, quel installateur choisir? Nous pouvons vous aider. En remplissant une demande sur ce site, vous allez \u00eatre mis gratuitement en relation sans interm\u00e9diaire avec les principaux vendeurs de monte escalier dans le d\u00e9partement du Gard que nous avons choisis pour vous.<\/p>\n<p style=\"text-align: justify;\">Cela vous permettra d&rsquo;obtenir entre 2 et 4 devis diff\u00e9rents d&rsquo;entreprises diff\u00e9rentes avec des marques et des mod\u00e8les vari\u00e9s. Notre service est bien s\u00fbr totalement gratuit et sans aucun engagement. Vous avez une maison \u00e0 \u00e9tages \u00e0 N\u00eemes, Beaucaire, Bagnols sur C\u00e8ze, Saint Gilles, Vauvert ou Villeneuve les Avignon, notre r\u00e9seau de revendeurs de monte escalier a les solutions pour rendre votre logement \u00e9tranger \u00e0 la d\u00e9pendance !<\/p>\n<p style=\"text-align: justify;\">Au Grau du Roi, \u00e0 Pont Saint Esprit, Uz\u00e8s, Aigues Morte, Bellegarde et les Angles aussi, vous pouvez profiter de nos services gratuits. Vous n&rsquo;\u00eates pas encore totalement fix\u00e9s sur une solution profitez des conseils gratuits des partenaires installateurs de monteescalier.net, confrontez leurs solutions, ils sauront vous proposer la solution technique id\u00e9ale pour votre logement.<\/p>\n<p style=\"text-align: justify;\">Vous avez besoin d&rsquo;un monte escalier droit \u00e0 Manduel, Bouillarges ou Rochefort du Gard ou d&rsquo;un monte escalier tournant \u00e0 Bellegarde, Beaucaire, Manduel ou Saint Christol les Al\u00e8s, demandez une documentation par email ou par la poste. Encore une fois, c&rsquo;est gratuit.<\/p>\n<p><a class=\"bt_lien\" href=\"https:\/\/www.monteescalier.net\/france\/demande-de-devis\/\"><\/p>\n<div class=\"bouton\">Pour 4 devis Monte Escalier dans le Gard cliquez ici<\/div>\n<p><\/a><br \/>\n&nbsp;<br \/><\/div><\/div><div class='content-column one_half last_column'><a href=\"https:\/\/www.monteescalier.net\/devis-gratuit.php\" target=\"_blank\" rel=\"noopener\"><img loading=\"lazy\" decoding=\"async\" class=\"alignnone size-full img_region\" src=\"https:\/\/www.monteescalier.net\/france\/wp-content\/uploads\/2014\/10\/4devis-monte-escalier-photo-490.png\" alt=\"Gard\" width=\"507\" height=\"485\" \/><\/a><br \/>\n<img loading=\"lazy\" decoding=\"async\" class=\"alignnone size-full img_region_2\" src=\"https:\/\/www.monteescalier.net\/france\/wp-content\/uploads\/2013\/07\/gard.jpg\" alt=\"Monte Escalier dans le Gard\" width=\"507\" height=\"485\" \/><\/div><div class='clear_column'><\/div><\/p>\n","protected":false},"excerpt":{"rendered":"","protected":false},"author":1,"featured_media":0,"parent":0,"menu_order":0,"comment_status":"open","ping_status":"closed","template":"template5.php","meta":{"_monsterinsights_skip_tracking":false,"_monsterinsights_sitenote_active":false,"_monsterinsights_sitenote_note":"","_monsterinsights_sitenote_category":0,"footnotes":""},"class_list":["post-285","page","type-page","status-publish","hentry"],"yoast_head":"<!-- This site is optimized with the Yoast SEO plugin v26.3 - https:\/\/yoast.com\/wordpress\/plugins\/seo\/ -->\n<title>Monte escalier Gard, Monte escalier N\u00eemes - Monte escalier<\/title>\n<meta name=\"description\" content=\"Monter l&#039;escalier n&#039;a jamais \u00e9t\u00e9 aussi simple ! Monte-escalier : Gard, Nimes, Le Vigan, Al\u00e8s.\" \/>\n<meta name=\"robots\" content=\"index, follow, max-snippet:-1, max-image-preview:large, max-video-preview:-1\" \/>\n<link rel=\"canonical\" href=\"https:\/\/www.monteescalier.net\/france\/monte-escalier-gard\/\" \/>\n<meta property=\"og:locale\" content=\"fr_FR\" \/>\n<meta property=\"og:type\" content=\"article\" \/>\n<meta property=\"og:title\" content=\"Monte escalier Gard, Monte escalier N\u00eemes - Monte escalier\" \/>\n<meta property=\"og:description\" content=\"Monter l&#039;escalier n&#039;a jamais \u00e9t\u00e9 aussi simple ! Monte-escalier : Gard, Nimes, Le Vigan, Al\u00e8s.\" \/>\n<meta property=\"og:url\" content=\"https:\/\/www.monteescalier.net\/france\/monte-escalier-gard\/\" \/>\n<meta property=\"og:site_name\" content=\"Monte escalier\" \/>\n<meta property=\"article:modified_time\" content=\"2024-05-15T15:42:00+00:00\" \/>\n<meta property=\"og:image\" content=\"https:\/\/www.monteescalier.net\/france\/wp-content\/uploads\/2014\/10\/4devis-monte-escalier-photo-490.png\" \/>\n<meta name=\"twitter:card\" content=\"summary_large_image\" \/>\n<meta name=\"twitter:label1\" content=\"Dur\u00e9e de lecture estim\u00e9e\" \/>\n\t<meta name=\"twitter:data1\" content=\"1 minute\" \/>\n<script type=\"application\/ld+json\" class=\"yoast-schema-graph\">{\"@context\":\"https:\/\/schema.org\",\"@graph\":[{\"@type\":\"WebPage\",\"@id\":\"https:\/\/www.monteescalier.net\/france\/monte-escalier-gard\/\",\"url\":\"https:\/\/www.monteescalier.net\/france\/monte-escalier-gard\/\",\"name\":\"Monte escalier Gard, Monte escalier N\u00eemes - Monte escalier\",\"isPartOf\":{\"@id\":\"https:\/\/www.monteescalier.net\/france\/#website\"},\"primaryImageOfPage\":{\"@id\":\"https:\/\/www.monteescalier.net\/france\/monte-escalier-gard\/#primaryimage\"},\"image\":{\"@id\":\"https:\/\/www.monteescalier.net\/france\/monte-escalier-gard\/#primaryimage\"},\"thumbnailUrl\":\"https:\/\/www.monteescalier.net\/france\/wp-content\/uploads\/2014\/10\/4devis-monte-escalier-photo-490.png\",\"datePublished\":\"2023-07-23T13:37:18+00:00\",\"dateModified\":\"2024-05-15T15:42:00+00:00\",\"description\":\"Monter l'escalier n'a jamais \u00e9t\u00e9 aussi simple ! Monte-escalier : Gard, Nimes, Le Vigan, Al\u00e8s.\",\"breadcrumb\":{\"@id\":\"https:\/\/www.monteescalier.net\/france\/monte-escalier-gard\/#breadcrumb\"},\"inLanguage\":\"fr-FR\",\"potentialAction\":[{\"@type\":\"ReadAction\",\"target\":[\"https:\/\/www.monteescalier.net\/france\/monte-escalier-gard\/\"]}]},{\"@type\":\"ImageObject\",\"inLanguage\":\"fr-FR\",\"@id\":\"https:\/\/www.monteescalier.net\/france\/monte-escalier-gard\/#primaryimage\",\"url\":\"https:\/\/www.monteescalier.net\/france\/wp-content\/uploads\/2014\/10\/4devis-monte-escalier-photo-490.png\",\"contentUrl\":\"https:\/\/www.monteescalier.net\/france\/wp-content\/uploads\/2014\/10\/4devis-monte-escalier-photo-490.png\",\"width\":490,\"height\":267},{\"@type\":\"BreadcrumbList\",\"@id\":\"https:\/\/www.monteescalier.net\/france\/monte-escalier-gard\/#breadcrumb\",\"itemListElement\":[{\"@type\":\"ListItem\",\"position\":1,\"name\":\"Accueil\",\"item\":\"https:\/\/www.monteescalier.net\/france\/\"},{\"@type\":\"ListItem\",\"position\":2,\"name\":\"Monte escalier Gard, Monte escalier N\u00eemes\"}]},{\"@type\":\"WebSite\",\"@id\":\"https:\/\/www.monteescalier.net\/france\/#website\",\"url\":\"https:\/\/www.monteescalier.net\/france\/\",\"name\":\"Monte escalier\",\"description\":\"\",\"publisher\":{\"@id\":\"https:\/\/www.monteescalier.net\/france\/#organization\"},\"potentialAction\":[{\"@type\":\"SearchAction\",\"target\":{\"@type\":\"EntryPoint\",\"urlTemplate\":\"https:\/\/www.monteescalier.net\/france\/?s={search_term_string}\"},\"query-input\":{\"@type\":\"PropertyValueSpecification\",\"valueRequired\":true,\"valueName\":\"search_term_string\"}}],\"inLanguage\":\"fr-FR\"},{\"@type\":\"Organization\",\"@id\":\"https:\/\/www.monteescalier.net\/france\/#organization\",\"name\":\"monte-escalier.net\",\"url\":\"https:\/\/www.monteescalier.net\/france\/\",\"logo\":{\"@type\":\"ImageObject\",\"inLanguage\":\"fr-FR\",\"@id\":\"https:\/\/www.monteescalier.net\/france\/#\/schema\/logo\/image\/\",\"url\":\"https:\/\/www.monteescalier.net\/france\/wp-content\/uploads\/2016\/10\/4devis-mont-escalier-500-500.gif\",\"contentUrl\":\"https:\/\/www.monteescalier.net\/france\/wp-content\/uploads\/2016\/10\/4devis-mont-escalier-500-500.gif\",\"width\":500,\"height\":500,\"caption\":\"monte-escalier.net\"},\"image\":{\"@id\":\"https:\/\/www.monteescalier.net\/france\/#\/schema\/logo\/image\/\"}}]}<\/script>\n<!-- \/ Yoast SEO plugin. -->","yoast_head_json":{"title":"Monte escalier Gard, Monte escalier N\u00eemes - Monte escalier","description":"Monter l'escalier n'a jamais \u00e9t\u00e9 aussi simple ! Monte-escalier : Gard, Nimes, Le Vigan, Al\u00e8s.","robots":{"index":"index","follow":"follow","max-snippet":"max-snippet:-1","max-image-preview":"max-image-preview:large","max-video-preview":"max-video-preview:-1"},"canonical":"https:\/\/www.monteescalier.net\/france\/monte-escalier-gard\/","og_locale":"fr_FR","og_type":"article","og_title":"Monte escalier Gard, Monte escalier N\u00eemes - Monte escalier","og_description":"Monter l'escalier n'a jamais \u00e9t\u00e9 aussi simple ! Monte-escalier : Gard, Nimes, Le Vigan, Al\u00e8s.","og_url":"https:\/\/www.monteescalier.net\/france\/monte-escalier-gard\/","og_site_name":"Monte escalier","article_modified_time":"2024-05-15T15:42:00+00:00","og_image":[{"url":"https:\/\/www.monteescalier.net\/france\/wp-content\/uploads\/2014\/10\/4devis-monte-escalier-photo-490.png","type":"","width":"","height":""}],"twitter_card":"summary_large_image","twitter_misc":{"Dur\u00e9e de lecture estim\u00e9e":"1 minute"},"schema":{"@context":"https:\/\/schema.org","@graph":[{"@type":"WebPage","@id":"https:\/\/www.monteescalier.net\/france\/monte-escalier-gard\/","url":"https:\/\/www.monteescalier.net\/france\/monte-escalier-gard\/","name":"Monte escalier Gard, Monte escalier N\u00eemes - Monte escalier","isPartOf":{"@id":"https:\/\/www.monteescalier.net\/france\/#website"},"primaryImageOfPage":{"@id":"https:\/\/www.monteescalier.net\/france\/monte-escalier-gard\/#primaryimage"},"image":{"@id":"https:\/\/www.monteescalier.net\/france\/monte-escalier-gard\/#primaryimage"},"thumbnailUrl":"https:\/\/www.monteescalier.net\/france\/wp-content\/uploads\/2014\/10\/4devis-monte-escalier-photo-490.png","datePublished":"2023-07-23T13:37:18+00:00","dateModified":"2024-05-15T15:42:00+00:00","description":"Monter l'escalier n'a jamais \u00e9t\u00e9 aussi simple ! Monte-escalier : Gard, Nimes, Le Vigan, Al\u00e8s.","breadcrumb":{"@id":"https:\/\/www.monteescalier.net\/france\/monte-escalier-gard\/#breadcrumb"},"inLanguage":"fr-FR","potentialAction":[{"@type":"ReadAction","target":["https:\/\/www.monteescalier.net\/france\/monte-escalier-gard\/"]}]},{"@type":"ImageObject","inLanguage":"fr-FR","@id":"https:\/\/www.monteescalier.net\/france\/monte-escalier-gard\/#primaryimage","url":"https:\/\/www.monteescalier.net\/france\/wp-content\/uploads\/2014\/10\/4devis-monte-escalier-photo-490.png","contentUrl":"https:\/\/www.monteescalier.net\/france\/wp-content\/uploads\/2014\/10\/4devis-monte-escalier-photo-490.png","width":490,"height":267},{"@type":"BreadcrumbList","@id":"https:\/\/www.monteescalier.net\/france\/monte-escalier-gard\/#breadcrumb","itemListElement":[{"@type":"ListItem","position":1,"name":"Accueil","item":"https:\/\/www.monteescalier.net\/france\/"},{"@type":"ListItem","position":2,"name":"Monte escalier Gard, Monte escalier N\u00eemes"}]},{"@type":"WebSite","@id":"https:\/\/www.monteescalier.net\/france\/#website","url":"https:\/\/www.monteescalier.net\/france\/","name":"Monte escalier","description":"","publisher":{"@id":"https:\/\/www.monteescalier.net\/france\/#organization"},"potentialAction":[{"@type":"SearchAction","target":{"@type":"EntryPoint","urlTemplate":"https:\/\/www.monteescalier.net\/france\/?s={search_term_string}"},"query-input":{"@type":"PropertyValueSpecification","valueRequired":true,"valueName":"search_term_string"}}],"inLanguage":"fr-FR"},{"@type":"Organization","@id":"https:\/\/www.monteescalier.net\/france\/#organization","name":"monte-escalier.net","url":"https:\/\/www.monteescalier.net\/france\/","logo":{"@type":"ImageObject","inLanguage":"fr-FR","@id":"https:\/\/www.monteescalier.net\/france\/#\/schema\/logo\/image\/","url":"https:\/\/www.monteescalier.net\/france\/wp-content\/uploads\/2016\/10\/4devis-mont-escalier-500-500.gif","contentUrl":"https:\/\/www.monteescalier.net\/france\/wp-content\/uploads\/2016\/10\/4devis-mont-escalier-500-500.gif","width":500,"height":500,"caption":"monte-escalier.net"},"image":{"@id":"https:\/\/www.monteescalier.net\/france\/#\/schema\/logo\/image\/"}}]}},"_links":{"self":[{"href":"https:\/\/www.monteescalier.net\/france\/wp-json\/wp\/v2\/pages\/285","targetHints":{"allow":["GET"]}}],"collection":[{"href":"https:\/\/www.monteescalier.net\/france\/wp-json\/wp\/v2\/pages"}],"about":[{"href":"https:\/\/www.monteescalier.net\/france\/wp-json\/wp\/v2\/types\/page"}],"author":[{"embeddable":true,"href":"https:\/\/www.monteescalier.net\/france\/wp-json\/wp\/v2\/users\/1"}],"replies":[{"embeddable":true,"href":"https:\/\/www.monteescalier.net\/france\/wp-json\/wp\/v2\/comments?post=285"}],"version-history":[{"count":5,"href":"https:\/\/www.monteescalier.net\/france\/wp-json\/wp\/v2\/pages\/285\/revisions"}],"predecessor-version":[{"id":9084,"href":"https:\/\/www.monteescalier.net\/france\/wp-json\/wp\/v2\/pages\/285\/revisions\/9084"}],"wp:attachment":[{"href":"https:\/\/www.monteescalier.net\/france\/wp-json\/wp\/v2\/media?parent=285"}],"curies":[{"name":"wp","href":"https:\/\/api.w.org\/{rel}","templated":true}]}}