{"id":2881,"date":"2013-09-26T10:47:38","date_gmt":"2013-09-26T10:47:38","guid":{"rendered":"https:\/\/www.monteescalier.net\/france\/?page_id=2881"},"modified":"2017-08-18T15:18:09","modified_gmt":"2017-08-18T14:18:09","slug":"monte-escalier-la-chevroliere","status":"publish","type":"page","link":"https:\/\/www.monteescalier.net\/france\/monte-escalier-la-chevroliere\/","title":{"rendered":"Monte escalier Chevroli\u00e8re"},"content":{"rendered":"<h1>Plusieurs devis de monte escalier \u00e0 La Chevroli\u00e8re<\/h1>\n<div class=\"boite_texte\">\n<div style=\"text-align: justify; margin-bottom: 10px;\">Il y a plusieurs vendeurs de monte escalier \u00e0 La Chevroli\u00e8re, mais quel est celui qui vous donnera satisfaction en terme de prix et de prestations : une seule mani\u00e8re de le savoir, utilisez les services de monteescalier.net.<\/div>\n<div style=\"text-align: justify; margin-bottom: 10px;\">Notre site est une passerelle entre les possibles acqu\u00e9reurs de monte escalier et les installateurs. En quelques clics vous serez mis en contact avec notre s\u00e9lection de vendeurs de monte escalier \u00e0 La Chevroli\u00e8re.<\/div>\n<div style=\"text-align: justify; margin-bottom: 10px;\">Vous savez exactement ce que voulez ? Vous avez besoin d&rsquo;un devis de monte escalier. Une seule demande de devis sur notre site vous permettra de recevoir entre 4 et 5 devis totalement gratuits.<\/div>\n<div style=\"text-align: justify; margin-bottom: 10px;\">Votre d\u00e9cision d&rsquo;achat n&rsquo;est pas prise, vous pr\u00e9f\u00e9rez en parler au pr\u00e9alable avec les professionnels du monte escalier dans la r\u00e9gion de La Chevroli\u00e8re. Une seule demande de rappel sur notre site et ils vous rappelleront gratuitement pour r\u00e9pondre \u00e0 toutes vos questions.<\/div>\n<div style=\"text-align: justify; margin-bottom: 10px;\">Nos revendeurs partenaires peuvent \u00e9galement vous faire parvenir de la documentation sur les diff\u00e9rents mod\u00e8les de monte escalier qu&rsquo;ils commercialisent, que ce soit par courrier ou par email.<\/div>\n<div style=\"text-align: justify; margin-bottom: 10px;\">Ne faites plus la chasse aux prestataires, laissez notre service de mise en relation faire le travail pour vous. C&rsquo;est int\u00e9gralement gratuit et cela vous permettra d&rsquo;\u00eatre mis tr\u00e8s rapidement en relation avec notre liste de professionnels du monte escalier de La Chevroli\u00e8re et sa r\u00e9gion, sans efforts, ni contraintes&#8230; difficile de vous proposer mieux non?<\/div>\n<\/div>\n<div class=\"titre_liens\">A consulter aussi dans votre secteur<\/div>\n<div class=\"boite_liens\"><a href=\"https:\/\/www.monteescalier.net\/france\/monte-escalier-guemene-penfao\">Monte escalier Gu\u00e9men\u00e9-Penfao<\/a><br \/>\n<a href=\"https:\/\/www.monteescalier.net\/france\/monte-escalier-missillac\">Monte escalier Missillac<\/a><br \/>\n<a href=\"https:\/\/www.monteescalier.net\/france\/monte-escalier-saint-jean-de-boiseau\">Monte escalier Saint-Jean-de-Boiseau<\/a><br \/>\n<a href=\"https:\/\/www.monteescalier.net\/france\/monte-escalier-grandchamps-des-fontaines\">Monte escalier Grandchamps-des-Fontaines<\/a><br \/>\n<a href=\"https:\/\/www.monteescalier.net\/france\/monte-escalier-la-turballe\">Monte escalier Turballe<\/a><\/div>\n","protected":false},"excerpt":{"rendered":"<p>Plusieurs devis de monte escalier \u00e0 La Chevroli\u00e8re Il y a plusieurs vendeurs de monte escalier \u00e0 La Chevroli\u00e8re, mais quel est celui qui vous donnera satisfaction en terme de prix et de prestations : une seule mani\u00e8re de le savoir, utilisez les services de monteescalier.net. Notre site est une passerelle entre les possibles acqu\u00e9reurs [&hellip;]<\/p>\n","protected":false},"author":1,"featured_media":0,"parent":0,"menu_order":0,"comment_status":"closed","ping_status":"open","template":"template_ville_6.php","meta":{"_monsterinsights_skip_tracking":false,"_monsterinsights_sitenote_active":false,"_monsterinsights_sitenote_note":"","_monsterinsights_sitenote_category":0,"footnotes":""},"class_list":["post-2881","page","type-page","status-publish","hentry"],"yoast_head":"<!-- This site is optimized with the Yoast SEO plugin v26.3 - https:\/\/yoast.com\/wordpress\/plugins\/seo\/ -->\n<title>Monte escalier Chevroli\u00e8re - Monte escalier<\/title>\n<meta name=\"robots\" content=\"index, follow, max-snippet:-1, max-image-preview:large, max-video-preview:-1\" \/>\n<link rel=\"canonical\" href=\"https:\/\/www.monteescalier.net\/france\/monte-escalier-la-chevroliere\/\" \/>\n<meta property=\"og:locale\" content=\"fr_FR\" \/>\n<meta property=\"og:type\" content=\"article\" \/>\n<meta property=\"og:title\" content=\"Monte escalier Chevroli\u00e8re - Monte escalier\" \/>\n<meta property=\"og:description\" content=\"Plusieurs devis de monte escalier \u00e0 La Chevroli\u00e8re Il y a plusieurs vendeurs de monte escalier \u00e0 La Chevroli\u00e8re, mais quel est celui qui vous donnera satisfaction en terme de prix et de prestations : une seule mani\u00e8re de le savoir, utilisez les services de monteescalier.net. Notre site est une passerelle entre les possibles acqu\u00e9reurs [&hellip;]\" \/>\n<meta property=\"og:url\" content=\"https:\/\/www.monteescalier.net\/france\/monte-escalier-la-chevroliere\/\" \/>\n<meta property=\"og:site_name\" content=\"Monte escalier\" \/>\n<meta property=\"article:modified_time\" content=\"2017-08-18T14:18:09+00:00\" \/>\n<meta name=\"twitter:card\" content=\"summary_large_image\" \/>\n<meta name=\"twitter:label1\" content=\"Dur\u00e9e de lecture estim\u00e9e\" \/>\n\t<meta name=\"twitter:data1\" content=\"1 minute\" \/>\n<script type=\"application\/ld+json\" class=\"yoast-schema-graph\">{\"@context\":\"https:\/\/schema.org\",\"@graph\":[{\"@type\":\"WebPage\",\"@id\":\"https:\/\/www.monteescalier.net\/france\/monte-escalier-la-chevroliere\/\",\"url\":\"https:\/\/www.monteescalier.net\/france\/monte-escalier-la-chevroliere\/\",\"name\":\"Monte escalier Chevroli\u00e8re - Monte escalier\",\"isPartOf\":{\"@id\":\"https:\/\/www.monteescalier.net\/france\/#website\"},\"datePublished\":\"2013-09-26T10:47:38+00:00\",\"dateModified\":\"2017-08-18T14:18:09+00:00\",\"breadcrumb\":{\"@id\":\"https:\/\/www.monteescalier.net\/france\/monte-escalier-la-chevroliere\/#breadcrumb\"},\"inLanguage\":\"fr-FR\",\"potentialAction\":[{\"@type\":\"ReadAction\",\"target\":[\"https:\/\/www.monteescalier.net\/france\/monte-escalier-la-chevroliere\/\"]}]},{\"@type\":\"BreadcrumbList\",\"@id\":\"https:\/\/www.monteescalier.net\/france\/monte-escalier-la-chevroliere\/#breadcrumb\",\"itemListElement\":[{\"@type\":\"ListItem\",\"position\":1,\"name\":\"Accueil\",\"item\":\"https:\/\/www.monteescalier.net\/france\/\"},{\"@type\":\"ListItem\",\"position\":2,\"name\":\"Monte escalier Chevroli\u00e8re\"}]},{\"@type\":\"WebSite\",\"@id\":\"https:\/\/www.monteescalier.net\/france\/#website\",\"url\":\"https:\/\/www.monteescalier.net\/france\/\",\"name\":\"Monte escalier\",\"description\":\"\",\"publisher\":{\"@id\":\"https:\/\/www.monteescalier.net\/france\/#organization\"},\"potentialAction\":[{\"@type\":\"SearchAction\",\"target\":{\"@type\":\"EntryPoint\",\"urlTemplate\":\"https:\/\/www.monteescalier.net\/france\/?s={search_term_string}\"},\"query-input\":{\"@type\":\"PropertyValueSpecification\",\"valueRequired\":true,\"valueName\":\"search_term_string\"}}],\"inLanguage\":\"fr-FR\"},{\"@type\":\"Organization\",\"@id\":\"https:\/\/www.monteescalier.net\/france\/#organization\",\"name\":\"monte-escalier.net\",\"url\":\"https:\/\/www.monteescalier.net\/france\/\",\"logo\":{\"@type\":\"ImageObject\",\"inLanguage\":\"fr-FR\",\"@id\":\"https:\/\/www.monteescalier.net\/france\/#\/schema\/logo\/image\/\",\"url\":\"https:\/\/www.monteescalier.net\/france\/wp-content\/uploads\/2016\/10\/4devis-mont-escalier-500-500.gif\",\"contentUrl\":\"https:\/\/www.monteescalier.net\/france\/wp-content\/uploads\/2016\/10\/4devis-mont-escalier-500-500.gif\",\"width\":500,\"height\":500,\"caption\":\"monte-escalier.net\"},\"image\":{\"@id\":\"https:\/\/www.monteescalier.net\/france\/#\/schema\/logo\/image\/\"}}]}<\/script>\n<!-- \/ Yoast SEO plugin. -->","yoast_head_json":{"title":"Monte escalier Chevroli\u00e8re - Monte escalier","robots":{"index":"index","follow":"follow","max-snippet":"max-snippet:-1","max-image-preview":"max-image-preview:large","max-video-preview":"max-video-preview:-1"},"canonical":"https:\/\/www.monteescalier.net\/france\/monte-escalier-la-chevroliere\/","og_locale":"fr_FR","og_type":"article","og_title":"Monte escalier Chevroli\u00e8re - Monte escalier","og_description":"Plusieurs devis de monte escalier \u00e0 La Chevroli\u00e8re Il y a plusieurs vendeurs de monte escalier \u00e0 La Chevroli\u00e8re, mais quel est celui qui vous donnera satisfaction en terme de prix et de prestations : une seule mani\u00e8re de le savoir, utilisez les services de monteescalier.net. Notre site est une passerelle entre les possibles acqu\u00e9reurs [&hellip;]","og_url":"https:\/\/www.monteescalier.net\/france\/monte-escalier-la-chevroliere\/","og_site_name":"Monte escalier","article_modified_time":"2017-08-18T14:18:09+00:00","twitter_card":"summary_large_image","twitter_misc":{"Dur\u00e9e de lecture estim\u00e9e":"1 minute"},"schema":{"@context":"https:\/\/schema.org","@graph":[{"@type":"WebPage","@id":"https:\/\/www.monteescalier.net\/france\/monte-escalier-la-chevroliere\/","url":"https:\/\/www.monteescalier.net\/france\/monte-escalier-la-chevroliere\/","name":"Monte escalier Chevroli\u00e8re - Monte escalier","isPartOf":{"@id":"https:\/\/www.monteescalier.net\/france\/#website"},"datePublished":"2013-09-26T10:47:38+00:00","dateModified":"2017-08-18T14:18:09+00:00","breadcrumb":{"@id":"https:\/\/www.monteescalier.net\/france\/monte-escalier-la-chevroliere\/#breadcrumb"},"inLanguage":"fr-FR","potentialAction":[{"@type":"ReadAction","target":["https:\/\/www.monteescalier.net\/france\/monte-escalier-la-chevroliere\/"]}]},{"@type":"BreadcrumbList","@id":"https:\/\/www.monteescalier.net\/france\/monte-escalier-la-chevroliere\/#breadcrumb","itemListElement":[{"@type":"ListItem","position":1,"name":"Accueil","item":"https:\/\/www.monteescalier.net\/france\/"},{"@type":"ListItem","position":2,"name":"Monte escalier Chevroli\u00e8re"}]},{"@type":"WebSite","@id":"https:\/\/www.monteescalier.net\/france\/#website","url":"https:\/\/www.monteescalier.net\/france\/","name":"Monte escalier","description":"","publisher":{"@id":"https:\/\/www.monteescalier.net\/france\/#organization"},"potentialAction":[{"@type":"SearchAction","target":{"@type":"EntryPoint","urlTemplate":"https:\/\/www.monteescalier.net\/france\/?s={search_term_string}"},"query-input":{"@type":"PropertyValueSpecification","valueRequired":true,"valueName":"search_term_string"}}],"inLanguage":"fr-FR"},{"@type":"Organization","@id":"https:\/\/www.monteescalier.net\/france\/#organization","name":"monte-escalier.net","url":"https:\/\/www.monteescalier.net\/france\/","logo":{"@type":"ImageObject","inLanguage":"fr-FR","@id":"https:\/\/www.monteescalier.net\/france\/#\/schema\/logo\/image\/","url":"https:\/\/www.monteescalier.net\/france\/wp-content\/uploads\/2016\/10\/4devis-mont-escalier-500-500.gif","contentUrl":"https:\/\/www.monteescalier.net\/france\/wp-content\/uploads\/2016\/10\/4devis-mont-escalier-500-500.gif","width":500,"height":500,"caption":"monte-escalier.net"},"image":{"@id":"https:\/\/www.monteescalier.net\/france\/#\/schema\/logo\/image\/"}}]}},"_links":{"self":[{"href":"https:\/\/www.monteescalier.net\/france\/wp-json\/wp\/v2\/pages\/2881","targetHints":{"allow":["GET"]}}],"collection":[{"href":"https:\/\/www.monteescalier.net\/france\/wp-json\/wp\/v2\/pages"}],"about":[{"href":"https:\/\/www.monteescalier.net\/france\/wp-json\/wp\/v2\/types\/page"}],"author":[{"embeddable":true,"href":"https:\/\/www.monteescalier.net\/france\/wp-json\/wp\/v2\/users\/1"}],"replies":[{"embeddable":true,"href":"https:\/\/www.monteescalier.net\/france\/wp-json\/wp\/v2\/comments?post=2881"}],"version-history":[{"count":2,"href":"https:\/\/www.monteescalier.net\/france\/wp-json\/wp\/v2\/pages\/2881\/revisions"}],"predecessor-version":[{"id":7853,"href":"https:\/\/www.monteescalier.net\/france\/wp-json\/wp\/v2\/pages\/2881\/revisions\/7853"}],"wp:attachment":[{"href":"https:\/\/www.monteescalier.net\/france\/wp-json\/wp\/v2\/media?parent=2881"}],"curies":[{"name":"wp","href":"https:\/\/api.w.org\/{rel}","templated":true}]}}