{"id":290,"date":"2023-07-23T15:15:36","date_gmt":"2023-07-23T14:15:36","guid":{"rendered":"https:\/\/www.monteescalier.net\/france\/?page_id=290"},"modified":"2024-05-15T16:43:45","modified_gmt":"2024-05-15T15:43:45","slug":"monte-escalier-herault","status":"publish","type":"page","link":"https:\/\/www.monteescalier.net\/france\/monte-escalier-herault\/","title":{"rendered":"Monte escalier H\u00e9rault, Montpellier"},"content":{"rendered":"<div class='content-column one_half'><div style=\"padding-right:19px;\"><h1>O\u00f9 Achetez votre monte escalier dans l&rsquo;H\u00e9rault<\/h1>\n<p><b>Des professionnels \u00e0 c\u00f4t\u00e9 de votre commune :<\/b><br \/>\n<a href=\"https:\/\/www.monteescalier.net\/france\/monte-escalier-montpellier\/\">Le monte escalier \u00e0 Montpellier<\/a><br \/>\n<a href=\"https:\/\/www.monteescalier.net\/france\/monte-escalier-beziers\/\">Le monte escalier \u00e0 B\u00e9ziers<\/a><br \/>\n<a href=\"https:\/\/www.monteescalier.net\/france\/monte-escalier-lodeve\/\">Le monte escalier \u00e0 Lod\u00e8ve<\/a><\/p>\n<p style=\"text-align: justify;\">Besoin d&rsquo;un monte escalier \u00e0 Montpellier, Frontignan, B\u00e9ziers, Agde ou S\u00e8te ? Nous pouvons vous aider. Gr\u00e2ce \u00e0 son r\u00e9seau de partenaires le site monteescalier.net est en mesure de vous mettre en contact direct avec les experts du monte escalier dans le d\u00e9partement de l&rsquo;H\u00e9rault. Un seul formulaire \u00e0 remplir et vous \u00eates aussit\u00f4t recontact\u00e9s par plusieurs professionnels du monte escalier intervenant dans le d\u00e9partement de l&rsquo;H\u00e9rault qui vous proposeront sans engagement un devis totalement gratuit pour la vente et l&rsquo;installation de votre monte escalier.<\/p>\n<p style=\"text-align: justify;\">Notre proposition de services ne se limite pas aux tr\u00e8s grandes villes du d\u00e9partement de l&rsquo;H\u00e9rault: \u00e0 Madeillan, P\u00e9zenas, Saint Jean de V\u00e9das, Mauglio, Villeneuve les Maguelone, Saint G\u00e9ly du Fesc, La Grande Motte, M\u00e8ze et P\u00e9rols, vous pouvez profiter aussi de nos services de devis gratuits pour votre futur monte escalier.<\/p>\n<p style=\"text-align: justify;\">Pas encore convaincu, sollicitez nos partenaires revendeurs sur des documentations gratuites que vous recevrez directement par email ou par la Poste, posez leur vos questions en effectuant une demande de rappel et choisissez au final le prestataire de monte escalier qui r\u00e9pondra le mieux \u00e0 vos besoins.<\/p>\n<p><a class=\"bt_lien\" href=\"https:\/\/www.monteescalier.net\/devis-gratuit.php\"><\/p>\n<div class=\"bouton\">Cliquez ici pour recevoir 4 devis<\/div>\n<p><\/a><br \/>\n&nbsp;<br \/><\/div><\/div><div class='content-column one_half last_column'><a href=\"https:\/\/www.monteescalier.net\/devis-gratuit.php\" target=\"_blank\" rel=\"noopener\"><img loading=\"lazy\" decoding=\"async\" class=\"alignnone size-full img_region\" src=\"https:\/\/www.monteescalier.net\/france\/wp-content\/uploads\/2014\/10\/4devis-monte-escalier-photo-490.png\" alt=\"Herault monte escalier\" width=\"507\" height=\"485\" \/><\/a><br \/>\n<img loading=\"lazy\" decoding=\"async\" class=\"alignnone size-full img_region_2\" src=\"https:\/\/www.monteescalier.net\/france\/wp-content\/uploads\/2013\/07\/herault.jpg\" alt=\"Herault\" width=\"507\" height=\"485\" \/><\/div><div class='clear_column'><\/div><\/p>\n","protected":false},"excerpt":{"rendered":"","protected":false},"author":1,"featured_media":0,"parent":0,"menu_order":0,"comment_status":"open","ping_status":"closed","template":"template1.php","meta":{"_monsterinsights_skip_tracking":false,"_monsterinsights_sitenote_active":false,"_monsterinsights_sitenote_note":"","_monsterinsights_sitenote_category":0,"footnotes":""},"class_list":["post-290","page","type-page","status-publish","hentry"],"yoast_head":"<!-- This site is optimized with the Yoast SEO plugin v26.3 - https:\/\/yoast.com\/wordpress\/plugins\/seo\/ -->\n<title>Monte escalier H\u00e9rault, Montpellier - Monte escalier<\/title>\n<meta name=\"description\" content=\"Monte escalier en H\u00e9rault, Montpellier, B\u00e9ziers, Lod\u00e8ve : Trouvez un professionnel en quelques clics\" \/>\n<meta name=\"robots\" content=\"index, follow, max-snippet:-1, max-image-preview:large, max-video-preview:-1\" \/>\n<link rel=\"canonical\" href=\"https:\/\/www.monteescalier.net\/france\/monte-escalier-herault\/\" \/>\n<meta property=\"og:locale\" content=\"fr_FR\" \/>\n<meta property=\"og:type\" content=\"article\" \/>\n<meta property=\"og:title\" content=\"Monte escalier H\u00e9rault, Montpellier - Monte escalier\" \/>\n<meta property=\"og:description\" content=\"Monte escalier en H\u00e9rault, Montpellier, B\u00e9ziers, Lod\u00e8ve : Trouvez un professionnel en quelques clics\" \/>\n<meta property=\"og:url\" content=\"https:\/\/www.monteescalier.net\/france\/monte-escalier-herault\/\" \/>\n<meta property=\"og:site_name\" content=\"Monte escalier\" \/>\n<meta property=\"article:modified_time\" content=\"2024-05-15T15:43:45+00:00\" \/>\n<meta property=\"og:image\" content=\"https:\/\/www.monteescalier.net\/france\/wp-content\/uploads\/2014\/10\/4devis-monte-escalier-photo-490.png\" \/>\n<meta name=\"twitter:card\" content=\"summary_large_image\" \/>\n<meta name=\"twitter:label1\" content=\"Dur\u00e9e de lecture estim\u00e9e\" \/>\n\t<meta name=\"twitter:data1\" content=\"1 minute\" \/>\n<script type=\"application\/ld+json\" class=\"yoast-schema-graph\">{\"@context\":\"https:\/\/schema.org\",\"@graph\":[{\"@type\":\"WebPage\",\"@id\":\"https:\/\/www.monteescalier.net\/france\/monte-escalier-herault\/\",\"url\":\"https:\/\/www.monteescalier.net\/france\/monte-escalier-herault\/\",\"name\":\"Monte escalier H\u00e9rault, Montpellier - Monte escalier\",\"isPartOf\":{\"@id\":\"https:\/\/www.monteescalier.net\/france\/#website\"},\"primaryImageOfPage\":{\"@id\":\"https:\/\/www.monteescalier.net\/france\/monte-escalier-herault\/#primaryimage\"},\"image\":{\"@id\":\"https:\/\/www.monteescalier.net\/france\/monte-escalier-herault\/#primaryimage\"},\"thumbnailUrl\":\"https:\/\/www.monteescalier.net\/france\/wp-content\/uploads\/2014\/10\/4devis-monte-escalier-photo-490.png\",\"datePublished\":\"2023-07-23T14:15:36+00:00\",\"dateModified\":\"2024-05-15T15:43:45+00:00\",\"description\":\"Monte escalier en H\u00e9rault, Montpellier, B\u00e9ziers, Lod\u00e8ve : Trouvez un professionnel en quelques clics\",\"breadcrumb\":{\"@id\":\"https:\/\/www.monteescalier.net\/france\/monte-escalier-herault\/#breadcrumb\"},\"inLanguage\":\"fr-FR\",\"potentialAction\":[{\"@type\":\"ReadAction\",\"target\":[\"https:\/\/www.monteescalier.net\/france\/monte-escalier-herault\/\"]}]},{\"@type\":\"ImageObject\",\"inLanguage\":\"fr-FR\",\"@id\":\"https:\/\/www.monteescalier.net\/france\/monte-escalier-herault\/#primaryimage\",\"url\":\"https:\/\/www.monteescalier.net\/france\/wp-content\/uploads\/2014\/10\/4devis-monte-escalier-photo-490.png\",\"contentUrl\":\"https:\/\/www.monteescalier.net\/france\/wp-content\/uploads\/2014\/10\/4devis-monte-escalier-photo-490.png\",\"width\":490,\"height\":267},{\"@type\":\"BreadcrumbList\",\"@id\":\"https:\/\/www.monteescalier.net\/france\/monte-escalier-herault\/#breadcrumb\",\"itemListElement\":[{\"@type\":\"ListItem\",\"position\":1,\"name\":\"Accueil\",\"item\":\"https:\/\/www.monteescalier.net\/france\/\"},{\"@type\":\"ListItem\",\"position\":2,\"name\":\"Monte escalier H\u00e9rault, Montpellier\"}]},{\"@type\":\"WebSite\",\"@id\":\"https:\/\/www.monteescalier.net\/france\/#website\",\"url\":\"https:\/\/www.monteescalier.net\/france\/\",\"name\":\"Monte escalier\",\"description\":\"\",\"publisher\":{\"@id\":\"https:\/\/www.monteescalier.net\/france\/#organization\"},\"potentialAction\":[{\"@type\":\"SearchAction\",\"target\":{\"@type\":\"EntryPoint\",\"urlTemplate\":\"https:\/\/www.monteescalier.net\/france\/?s={search_term_string}\"},\"query-input\":{\"@type\":\"PropertyValueSpecification\",\"valueRequired\":true,\"valueName\":\"search_term_string\"}}],\"inLanguage\":\"fr-FR\"},{\"@type\":\"Organization\",\"@id\":\"https:\/\/www.monteescalier.net\/france\/#organization\",\"name\":\"monte-escalier.net\",\"url\":\"https:\/\/www.monteescalier.net\/france\/\",\"logo\":{\"@type\":\"ImageObject\",\"inLanguage\":\"fr-FR\",\"@id\":\"https:\/\/www.monteescalier.net\/france\/#\/schema\/logo\/image\/\",\"url\":\"https:\/\/www.monteescalier.net\/france\/wp-content\/uploads\/2016\/10\/4devis-mont-escalier-500-500.gif\",\"contentUrl\":\"https:\/\/www.monteescalier.net\/france\/wp-content\/uploads\/2016\/10\/4devis-mont-escalier-500-500.gif\",\"width\":500,\"height\":500,\"caption\":\"monte-escalier.net\"},\"image\":{\"@id\":\"https:\/\/www.monteescalier.net\/france\/#\/schema\/logo\/image\/\"}}]}<\/script>\n<!-- \/ Yoast SEO plugin. -->","yoast_head_json":{"title":"Monte escalier H\u00e9rault, Montpellier - Monte escalier","description":"Monte escalier en H\u00e9rault, Montpellier, B\u00e9ziers, Lod\u00e8ve : Trouvez un professionnel en quelques clics","robots":{"index":"index","follow":"follow","max-snippet":"max-snippet:-1","max-image-preview":"max-image-preview:large","max-video-preview":"max-video-preview:-1"},"canonical":"https:\/\/www.monteescalier.net\/france\/monte-escalier-herault\/","og_locale":"fr_FR","og_type":"article","og_title":"Monte escalier H\u00e9rault, Montpellier - Monte escalier","og_description":"Monte escalier en H\u00e9rault, Montpellier, B\u00e9ziers, Lod\u00e8ve : Trouvez un professionnel en quelques clics","og_url":"https:\/\/www.monteescalier.net\/france\/monte-escalier-herault\/","og_site_name":"Monte escalier","article_modified_time":"2024-05-15T15:43:45+00:00","og_image":[{"url":"https:\/\/www.monteescalier.net\/france\/wp-content\/uploads\/2014\/10\/4devis-monte-escalier-photo-490.png","type":"","width":"","height":""}],"twitter_card":"summary_large_image","twitter_misc":{"Dur\u00e9e de lecture estim\u00e9e":"1 minute"},"schema":{"@context":"https:\/\/schema.org","@graph":[{"@type":"WebPage","@id":"https:\/\/www.monteescalier.net\/france\/monte-escalier-herault\/","url":"https:\/\/www.monteescalier.net\/france\/monte-escalier-herault\/","name":"Monte escalier H\u00e9rault, Montpellier - Monte escalier","isPartOf":{"@id":"https:\/\/www.monteescalier.net\/france\/#website"},"primaryImageOfPage":{"@id":"https:\/\/www.monteescalier.net\/france\/monte-escalier-herault\/#primaryimage"},"image":{"@id":"https:\/\/www.monteescalier.net\/france\/monte-escalier-herault\/#primaryimage"},"thumbnailUrl":"https:\/\/www.monteescalier.net\/france\/wp-content\/uploads\/2014\/10\/4devis-monte-escalier-photo-490.png","datePublished":"2023-07-23T14:15:36+00:00","dateModified":"2024-05-15T15:43:45+00:00","description":"Monte escalier en H\u00e9rault, Montpellier, B\u00e9ziers, Lod\u00e8ve : Trouvez un professionnel en quelques clics","breadcrumb":{"@id":"https:\/\/www.monteescalier.net\/france\/monte-escalier-herault\/#breadcrumb"},"inLanguage":"fr-FR","potentialAction":[{"@type":"ReadAction","target":["https:\/\/www.monteescalier.net\/france\/monte-escalier-herault\/"]}]},{"@type":"ImageObject","inLanguage":"fr-FR","@id":"https:\/\/www.monteescalier.net\/france\/monte-escalier-herault\/#primaryimage","url":"https:\/\/www.monteescalier.net\/france\/wp-content\/uploads\/2014\/10\/4devis-monte-escalier-photo-490.png","contentUrl":"https:\/\/www.monteescalier.net\/france\/wp-content\/uploads\/2014\/10\/4devis-monte-escalier-photo-490.png","width":490,"height":267},{"@type":"BreadcrumbList","@id":"https:\/\/www.monteescalier.net\/france\/monte-escalier-herault\/#breadcrumb","itemListElement":[{"@type":"ListItem","position":1,"name":"Accueil","item":"https:\/\/www.monteescalier.net\/france\/"},{"@type":"ListItem","position":2,"name":"Monte escalier H\u00e9rault, Montpellier"}]},{"@type":"WebSite","@id":"https:\/\/www.monteescalier.net\/france\/#website","url":"https:\/\/www.monteescalier.net\/france\/","name":"Monte escalier","description":"","publisher":{"@id":"https:\/\/www.monteescalier.net\/france\/#organization"},"potentialAction":[{"@type":"SearchAction","target":{"@type":"EntryPoint","urlTemplate":"https:\/\/www.monteescalier.net\/france\/?s={search_term_string}"},"query-input":{"@type":"PropertyValueSpecification","valueRequired":true,"valueName":"search_term_string"}}],"inLanguage":"fr-FR"},{"@type":"Organization","@id":"https:\/\/www.monteescalier.net\/france\/#organization","name":"monte-escalier.net","url":"https:\/\/www.monteescalier.net\/france\/","logo":{"@type":"ImageObject","inLanguage":"fr-FR","@id":"https:\/\/www.monteescalier.net\/france\/#\/schema\/logo\/image\/","url":"https:\/\/www.monteescalier.net\/france\/wp-content\/uploads\/2016\/10\/4devis-mont-escalier-500-500.gif","contentUrl":"https:\/\/www.monteescalier.net\/france\/wp-content\/uploads\/2016\/10\/4devis-mont-escalier-500-500.gif","width":500,"height":500,"caption":"monte-escalier.net"},"image":{"@id":"https:\/\/www.monteescalier.net\/france\/#\/schema\/logo\/image\/"}}]}},"_links":{"self":[{"href":"https:\/\/www.monteescalier.net\/france\/wp-json\/wp\/v2\/pages\/290","targetHints":{"allow":["GET"]}}],"collection":[{"href":"https:\/\/www.monteescalier.net\/france\/wp-json\/wp\/v2\/pages"}],"about":[{"href":"https:\/\/www.monteescalier.net\/france\/wp-json\/wp\/v2\/types\/page"}],"author":[{"embeddable":true,"href":"https:\/\/www.monteescalier.net\/france\/wp-json\/wp\/v2\/users\/1"}],"replies":[{"embeddable":true,"href":"https:\/\/www.monteescalier.net\/france\/wp-json\/wp\/v2\/comments?post=290"}],"version-history":[{"count":4,"href":"https:\/\/www.monteescalier.net\/france\/wp-json\/wp\/v2\/pages\/290\/revisions"}],"predecessor-version":[{"id":9088,"href":"https:\/\/www.monteescalier.net\/france\/wp-json\/wp\/v2\/pages\/290\/revisions\/9088"}],"wp:attachment":[{"href":"https:\/\/www.monteescalier.net\/france\/wp-json\/wp\/v2\/media?parent=290"}],"curies":[{"name":"wp","href":"https:\/\/api.w.org\/{rel}","templated":true}]}}