{"id":294,"date":"2024-03-23T15:31:13","date_gmt":"2024-03-23T14:31:13","guid":{"rendered":"https:\/\/www.monteescalier.net\/france\/?page_id=294"},"modified":"2024-05-15T15:54:13","modified_gmt":"2024-05-15T14:54:13","slug":"monte-escalier-aude","status":"publish","type":"page","link":"https:\/\/www.monteescalier.net\/france\/monte-escalier-aude\/","title":{"rendered":"Monte escalier Aude, Monte escalier Carcassonne"},"content":{"rendered":"<div class='content-column one_half'><div style=\"padding-right:19px;\"><h1>Achat d&rsquo; un monte escalier dans l&rsquo;Aude<\/h1>\n<p><b>Ainsi que dans votre ville :<\/b><br \/>\n<a href=\"https:\/\/www.monteescalier.net\/france\/monte-escalier-carcassonne\/\">Acheter un monte escalier \u00e0 Carcassonne<\/a><br \/>\n<a href=\"https:\/\/www.monteescalier.net\/france\/monte-escalier-narbonne\/\">Acheter un monte escalier \u00e0 Narbonne<\/a><br \/>\n<a href=\"https:\/\/www.monteescalier.net\/france\/monte-escalier-limoux\/\">Acheter un monte escalier \u00e0 Limoux<\/a><\/p>\n<p style=\"text-align: justify;\">Vous voulez faire une bonne affaire pour l&rsquo;achat de votre monte escalier dans l&rsquo;Aude, alors faites confiance \u00e0 monteescalier.net. Vous n&rsquo;avez pas grand chose \u00e0 faire, un simple formulaire \u00e0 remplir et vous serez contact\u00e9s au plus vite par la liste des prestataires installateurs de monte escalier que nous avons s\u00e9lectionn\u00e9 dans le d\u00e9partement de l&rsquo;Aude.<\/p>\n<p style=\"text-align: justify;\">Une maison \u00e0 Narbonne, Castelnaudary, Limoux, Carcassonne ou L\u00e9zignan Corbi\u00e8res, nos partenaires vendeurs de monte escalier sont \u00e0 votre disposition pour vous fournir toutes les informations n\u00e9cessaires en terme de prix avec les demandes de devis gratuits, en terme d&rsquo;informations avec les demandes de documentation sur les marques et mod\u00e8les de monte escalier du march\u00e9 ou des informations sp\u00e9cifiques \u00e0 l&rsquo;installation de votre monte escalier avec la demande de rappel.<\/p>\n<p>Vous ne vous achetez pas une voiture sans comparer les prix, alors faites aussi jouer la concurrence sur les monte escalier : on vous obtiens 4 devis tr\u00e8s rapidement. Vous saurez ainsi tr\u00e8s vite si les propositions que l&rsquo;on vous a faites sont ou non conformes aux prix du march\u00e9. Le monte escalier est un achat de n\u00e9cessit\u00e9 mais ce n&rsquo;est pas une raison pour ne pas pas \u00eatre attentif aux prix propos\u00e9s !<\/p>\n<p style=\"text-align: justify;\">Mais nous ne nous arr\u00eatons pas aux seules grandes villes du d\u00e9partement de l&rsquo;Aude : vous pouvez b\u00e9n\u00e9ficiez de plusieurs devis gratuits aussi si vous habitez Pennautier, Villemoustaussou, Bram, Leucate, Gruissan, Sigean, Tr\u00e8bes, Coursan, Fleury, Cuxac-d&rsquo;Aude, Port la Nouvelle, Salles d&rsquo;Aude et Quillan, remplissez, vous aussi, un formulaire de contact et vous pourrez \u00e9galement profiter de notre palette de services gratuits et de notre expertise en mati\u00e8re de monte escalier.<\/p>\n<p>&nbsp;<\/p>\n<div class=\"bouton\" onclick=\"location.href='https:\/\/www.monteescalier.net\/devis-gratuit.php'\">Cliquez ici pour obtenir des devis gratuitement<\/div>\n<p>&nbsp;<\/p><\/div><\/div><div class='content-column one_half last_column'><a href=\"https:\/\/www.monteescalier.net\/devis-gratuit.php\" target=\"_blank\" rel=\"noopener noreferrer\"><img loading=\"lazy\" decoding=\"async\" class=\"alignnone size-full img_region\" src=\"https:\/\/www.monteescalier.net\/france\/wp-content\/uploads\/2014\/10\/4devis-monte-escalier-photo-490.png\" alt=\"monte escalier Aude\" width=\"507\" height=\"485\" \/><\/a><br \/>\n<img loading=\"lazy\" decoding=\"async\" class=\"alignnone size-full img_region_2\" src=\"https:\/\/www.monteescalier.net\/france\/wp-content\/uploads\/2013\/07\/aude.jpg\" alt=\"aude\" width=\"507\" height=\"485\" \/><\/div><div class='clear_column'><\/div><\/p>\n","protected":false},"excerpt":{"rendered":"","protected":false},"author":1,"featured_media":0,"parent":0,"menu_order":0,"comment_status":"open","ping_status":"closed","template":"template2.php","meta":{"_monsterinsights_skip_tracking":false,"_monsterinsights_sitenote_active":false,"_monsterinsights_sitenote_note":"","_monsterinsights_sitenote_category":0,"footnotes":""},"class_list":["post-294","page","type-page","status-publish","hentry"],"yoast_head":"<!-- This site is optimized with the Yoast SEO plugin v26.3 - https:\/\/yoast.com\/wordpress\/plugins\/seo\/ -->\n<title>Monte escalier Aude, Monte escalier Carcassonne - Monte escalier<\/title>\n<meta name=\"description\" content=\"Nos monte escalier dans l&#039;Aude : Carcassonne, Narbonne, Limoux.\" \/>\n<meta name=\"robots\" content=\"index, follow, max-snippet:-1, max-image-preview:large, max-video-preview:-1\" \/>\n<link rel=\"canonical\" href=\"https:\/\/www.monteescalier.net\/france\/monte-escalier-aude\/\" \/>\n<meta property=\"og:locale\" content=\"fr_FR\" \/>\n<meta property=\"og:type\" content=\"article\" \/>\n<meta property=\"og:title\" content=\"Monte escalier Aude, Monte escalier Carcassonne - Monte escalier\" \/>\n<meta property=\"og:description\" content=\"Nos monte escalier dans l&#039;Aude : Carcassonne, Narbonne, Limoux.\" \/>\n<meta property=\"og:url\" content=\"https:\/\/www.monteescalier.net\/france\/monte-escalier-aude\/\" \/>\n<meta property=\"og:site_name\" content=\"Monte escalier\" \/>\n<meta property=\"article:modified_time\" content=\"2024-05-15T14:54:13+00:00\" \/>\n<meta property=\"og:image\" content=\"https:\/\/www.monteescalier.net\/france\/wp-content\/uploads\/2014\/10\/4devis-monte-escalier-photo-490.png\" \/>\n<meta name=\"twitter:card\" content=\"summary_large_image\" \/>\n<meta name=\"twitter:label1\" content=\"Dur\u00e9e de lecture estim\u00e9e\" \/>\n\t<meta name=\"twitter:data1\" content=\"2 minutes\" \/>\n<script type=\"application\/ld+json\" class=\"yoast-schema-graph\">{\"@context\":\"https:\/\/schema.org\",\"@graph\":[{\"@type\":\"WebPage\",\"@id\":\"https:\/\/www.monteescalier.net\/france\/monte-escalier-aude\/\",\"url\":\"https:\/\/www.monteescalier.net\/france\/monte-escalier-aude\/\",\"name\":\"Monte escalier Aude, Monte escalier Carcassonne - Monte escalier\",\"isPartOf\":{\"@id\":\"https:\/\/www.monteescalier.net\/france\/#website\"},\"primaryImageOfPage\":{\"@id\":\"https:\/\/www.monteescalier.net\/france\/monte-escalier-aude\/#primaryimage\"},\"image\":{\"@id\":\"https:\/\/www.monteescalier.net\/france\/monte-escalier-aude\/#primaryimage\"},\"thumbnailUrl\":\"https:\/\/www.monteescalier.net\/france\/wp-content\/uploads\/2014\/10\/4devis-monte-escalier-photo-490.png\",\"datePublished\":\"2024-03-23T14:31:13+00:00\",\"dateModified\":\"2024-05-15T14:54:13+00:00\",\"description\":\"Nos monte escalier dans l'Aude : Carcassonne, Narbonne, Limoux.\",\"breadcrumb\":{\"@id\":\"https:\/\/www.monteescalier.net\/france\/monte-escalier-aude\/#breadcrumb\"},\"inLanguage\":\"fr-FR\",\"potentialAction\":[{\"@type\":\"ReadAction\",\"target\":[\"https:\/\/www.monteescalier.net\/france\/monte-escalier-aude\/\"]}]},{\"@type\":\"ImageObject\",\"inLanguage\":\"fr-FR\",\"@id\":\"https:\/\/www.monteescalier.net\/france\/monte-escalier-aude\/#primaryimage\",\"url\":\"https:\/\/www.monteescalier.net\/france\/wp-content\/uploads\/2014\/10\/4devis-monte-escalier-photo-490.png\",\"contentUrl\":\"https:\/\/www.monteescalier.net\/france\/wp-content\/uploads\/2014\/10\/4devis-monte-escalier-photo-490.png\",\"width\":490,\"height\":267},{\"@type\":\"BreadcrumbList\",\"@id\":\"https:\/\/www.monteescalier.net\/france\/monte-escalier-aude\/#breadcrumb\",\"itemListElement\":[{\"@type\":\"ListItem\",\"position\":1,\"name\":\"Accueil\",\"item\":\"https:\/\/www.monteescalier.net\/france\/\"},{\"@type\":\"ListItem\",\"position\":2,\"name\":\"Monte escalier Aude, Monte escalier Carcassonne\"}]},{\"@type\":\"WebSite\",\"@id\":\"https:\/\/www.monteescalier.net\/france\/#website\",\"url\":\"https:\/\/www.monteescalier.net\/france\/\",\"name\":\"Monte escalier\",\"description\":\"\",\"publisher\":{\"@id\":\"https:\/\/www.monteescalier.net\/france\/#organization\"},\"potentialAction\":[{\"@type\":\"SearchAction\",\"target\":{\"@type\":\"EntryPoint\",\"urlTemplate\":\"https:\/\/www.monteescalier.net\/france\/?s={search_term_string}\"},\"query-input\":{\"@type\":\"PropertyValueSpecification\",\"valueRequired\":true,\"valueName\":\"search_term_string\"}}],\"inLanguage\":\"fr-FR\"},{\"@type\":\"Organization\",\"@id\":\"https:\/\/www.monteescalier.net\/france\/#organization\",\"name\":\"monte-escalier.net\",\"url\":\"https:\/\/www.monteescalier.net\/france\/\",\"logo\":{\"@type\":\"ImageObject\",\"inLanguage\":\"fr-FR\",\"@id\":\"https:\/\/www.monteescalier.net\/france\/#\/schema\/logo\/image\/\",\"url\":\"https:\/\/www.monteescalier.net\/france\/wp-content\/uploads\/2016\/10\/4devis-mont-escalier-500-500.gif\",\"contentUrl\":\"https:\/\/www.monteescalier.net\/france\/wp-content\/uploads\/2016\/10\/4devis-mont-escalier-500-500.gif\",\"width\":500,\"height\":500,\"caption\":\"monte-escalier.net\"},\"image\":{\"@id\":\"https:\/\/www.monteescalier.net\/france\/#\/schema\/logo\/image\/\"}}]}<\/script>\n<!-- \/ Yoast SEO plugin. -->","yoast_head_json":{"title":"Monte escalier Aude, Monte escalier Carcassonne - Monte escalier","description":"Nos monte escalier dans l'Aude : Carcassonne, Narbonne, Limoux.","robots":{"index":"index","follow":"follow","max-snippet":"max-snippet:-1","max-image-preview":"max-image-preview:large","max-video-preview":"max-video-preview:-1"},"canonical":"https:\/\/www.monteescalier.net\/france\/monte-escalier-aude\/","og_locale":"fr_FR","og_type":"article","og_title":"Monte escalier Aude, Monte escalier Carcassonne - Monte escalier","og_description":"Nos monte escalier dans l'Aude : Carcassonne, Narbonne, Limoux.","og_url":"https:\/\/www.monteescalier.net\/france\/monte-escalier-aude\/","og_site_name":"Monte escalier","article_modified_time":"2024-05-15T14:54:13+00:00","og_image":[{"url":"https:\/\/www.monteescalier.net\/france\/wp-content\/uploads\/2014\/10\/4devis-monte-escalier-photo-490.png","type":"","width":"","height":""}],"twitter_card":"summary_large_image","twitter_misc":{"Dur\u00e9e de lecture estim\u00e9e":"2 minutes"},"schema":{"@context":"https:\/\/schema.org","@graph":[{"@type":"WebPage","@id":"https:\/\/www.monteescalier.net\/france\/monte-escalier-aude\/","url":"https:\/\/www.monteescalier.net\/france\/monte-escalier-aude\/","name":"Monte escalier Aude, Monte escalier Carcassonne - Monte escalier","isPartOf":{"@id":"https:\/\/www.monteescalier.net\/france\/#website"},"primaryImageOfPage":{"@id":"https:\/\/www.monteescalier.net\/france\/monte-escalier-aude\/#primaryimage"},"image":{"@id":"https:\/\/www.monteescalier.net\/france\/monte-escalier-aude\/#primaryimage"},"thumbnailUrl":"https:\/\/www.monteescalier.net\/france\/wp-content\/uploads\/2014\/10\/4devis-monte-escalier-photo-490.png","datePublished":"2024-03-23T14:31:13+00:00","dateModified":"2024-05-15T14:54:13+00:00","description":"Nos monte escalier dans l'Aude : Carcassonne, Narbonne, Limoux.","breadcrumb":{"@id":"https:\/\/www.monteescalier.net\/france\/monte-escalier-aude\/#breadcrumb"},"inLanguage":"fr-FR","potentialAction":[{"@type":"ReadAction","target":["https:\/\/www.monteescalier.net\/france\/monte-escalier-aude\/"]}]},{"@type":"ImageObject","inLanguage":"fr-FR","@id":"https:\/\/www.monteescalier.net\/france\/monte-escalier-aude\/#primaryimage","url":"https:\/\/www.monteescalier.net\/france\/wp-content\/uploads\/2014\/10\/4devis-monte-escalier-photo-490.png","contentUrl":"https:\/\/www.monteescalier.net\/france\/wp-content\/uploads\/2014\/10\/4devis-monte-escalier-photo-490.png","width":490,"height":267},{"@type":"BreadcrumbList","@id":"https:\/\/www.monteescalier.net\/france\/monte-escalier-aude\/#breadcrumb","itemListElement":[{"@type":"ListItem","position":1,"name":"Accueil","item":"https:\/\/www.monteescalier.net\/france\/"},{"@type":"ListItem","position":2,"name":"Monte escalier Aude, Monte escalier Carcassonne"}]},{"@type":"WebSite","@id":"https:\/\/www.monteescalier.net\/france\/#website","url":"https:\/\/www.monteescalier.net\/france\/","name":"Monte escalier","description":"","publisher":{"@id":"https:\/\/www.monteescalier.net\/france\/#organization"},"potentialAction":[{"@type":"SearchAction","target":{"@type":"EntryPoint","urlTemplate":"https:\/\/www.monteescalier.net\/france\/?s={search_term_string}"},"query-input":{"@type":"PropertyValueSpecification","valueRequired":true,"valueName":"search_term_string"}}],"inLanguage":"fr-FR"},{"@type":"Organization","@id":"https:\/\/www.monteescalier.net\/france\/#organization","name":"monte-escalier.net","url":"https:\/\/www.monteescalier.net\/france\/","logo":{"@type":"ImageObject","inLanguage":"fr-FR","@id":"https:\/\/www.monteescalier.net\/france\/#\/schema\/logo\/image\/","url":"https:\/\/www.monteescalier.net\/france\/wp-content\/uploads\/2016\/10\/4devis-mont-escalier-500-500.gif","contentUrl":"https:\/\/www.monteescalier.net\/france\/wp-content\/uploads\/2016\/10\/4devis-mont-escalier-500-500.gif","width":500,"height":500,"caption":"monte-escalier.net"},"image":{"@id":"https:\/\/www.monteescalier.net\/france\/#\/schema\/logo\/image\/"}}]}},"_links":{"self":[{"href":"https:\/\/www.monteescalier.net\/france\/wp-json\/wp\/v2\/pages\/294","targetHints":{"allow":["GET"]}}],"collection":[{"href":"https:\/\/www.monteescalier.net\/france\/wp-json\/wp\/v2\/pages"}],"about":[{"href":"https:\/\/www.monteescalier.net\/france\/wp-json\/wp\/v2\/types\/page"}],"author":[{"embeddable":true,"href":"https:\/\/www.monteescalier.net\/france\/wp-json\/wp\/v2\/users\/1"}],"replies":[{"embeddable":true,"href":"https:\/\/www.monteescalier.net\/france\/wp-json\/wp\/v2\/comments?post=294"}],"version-history":[{"count":8,"href":"https:\/\/www.monteescalier.net\/france\/wp-json\/wp\/v2\/pages\/294\/revisions"}],"predecessor-version":[{"id":9063,"href":"https:\/\/www.monteescalier.net\/france\/wp-json\/wp\/v2\/pages\/294\/revisions\/9063"}],"wp:attachment":[{"href":"https:\/\/www.monteescalier.net\/france\/wp-json\/wp\/v2\/media?parent=294"}],"curies":[{"name":"wp","href":"https:\/\/api.w.org\/{rel}","templated":true}]}}